{"id":3713,"date":"2020-01-17T14:56:53","date_gmt":"2020-01-17T12:56:53","guid":{"rendered":"https:\/\/chroniclesofarcadia.com\/taborea-die-entstehung-unserer-welt\/"},"modified":"2020-03-28T17:59:09","modified_gmt":"2020-03-28T17:59:09","slug":"taboreas-geschichte","status":"publish","type":"page","link":"https:\/\/chroniclesofarcadia.com\/de\/taboreas-geschichte\/","title":{"rendered":"Taboreas Geschichte"},"content":{"rendered":"<body>\n<strong>Zauberhafte W\u00fcnsche, gef\u00e4hrliche Ideen<\/strong>: \n\n<p>Der Wunsch nach einer fantastischen Welt lebt in vielen von uns. Als der Gott Ayvenas ihn in einem Buch niederschreibt, erwacht Taborea zum Leben: Wort f\u00fcr Wort entstehen so friedfertige V\u00f6lker und Regionen. Bis Ayvenas ein gef\u00e4hrlicher Gedanke ergreift:<\/p>\n\n<strong>\u201eWas w\u00e4re, wenn mein Buch nicht so friedlich w\u00e4r?\u201c<\/strong>: \n\n<p>Dieser Gedanke ver\u00e4ndert Ayvenas Schreiben \u00fcber Taborea: Weise Menschen werden t\u00f6richt, zarte Elfen brutal und g\u00fctige Zwerge gierig. Selbst einige Elemente, die Ayvenas zum Schutz Taboreas erdachte, verwandeln sich in Drachen und andere Wesen.<\/p>\n\n<p>Ayvenas erkennt seinen Fehler und \u00fcberl\u00e4sst Taborea fortan sich selbst. Er zerfetzt, was er \u00fcber Taborea schrieb, streut das zerrissene Buch \u00fcber das Land \u2013 und beginnt so eine neue Story.<\/p>\n\n<strong>Nagas, D\u00e4monen und Portale<\/strong>: \n\n<div class=\"wp-block-image clearright zoomable\"><figure class=\"alignright size-large\"><img decoding=\"async\" loading=\"lazy\" width=\"384\" height=\"395\" data-src=\"https:\/\/chroniclesofarcadia.com\/wp-content\/uploads\/2020\/01\/fbb0a1b73c.png\" alt=\"\" class=\"image-png wp-image-1318 lazyload\" data-srcset=\"https:\/\/chroniclesofarcadia.com\/wp-content\/uploads\/2020\/01\/fbb0a1b73c.png 384w, https:\/\/chroniclesofarcadia.com\/wp-content\/uploads\/2020\/01\/fbb0a1b73c-292x300.png 292w\" data-sizes=\"(max-width: 384px) 100vw, 384px\" src=\"data:image\/gif;base64,R0lGODlhAQABAAAAACH5BAEKAAEALAAAAAABAAEAAAICTAEAOw==\" style=\"--smush-placeholder-width: 384px; --smush-placeholder-aspect-ratio: 384\/395;\"><noscript><img decoding=\"async\" loading=\"lazy\" width=\"384\" height=\"395\" src=\"https:\/\/chroniclesofarcadia.com\/wp-content\/uploads\/2020\/01\/fbb0a1b73c.png\" alt=\"\" class=\"image-png wp-image-1318\" srcset=\"https:\/\/chroniclesofarcadia.com\/wp-content\/uploads\/2020\/01\/fbb0a1b73c.png 384w, https:\/\/chroniclesofarcadia.com\/wp-content\/uploads\/2020\/01\/fbb0a1b73c-292x300.png 292w\" sizes=\"(max-width: 384px) 100vw, 384px\"><\/noscript><\/figure><\/div>\n\n<p>Nach Ayvenas R\u00fcckzug \u00fcberfallen die Nagas die Menschen und die Elfen. Diese verb\u00fcnden sich und bannen die Schlangenwesen gemeinsam hinter eine magische Barriere. Dazu verwenden sie das Elfenschwert Sichellicht und andere Objekte.<\/p>\n\n<p>Von diesem Sieg befl\u00fcgelt gr\u00fcnden die V\u00f6lker Taboreas die alten K\u00f6nigreiche, um ihr Wissen zu teilen. Die Menschen interessieren dabei vor allem die Runen und Ayvenas zerfetztes Buch.  Denn die Lore besagt: Mit diesen \u201eOrakeln\u201c k\u00f6nne man die Zukunft lenken und Geschichte schreiben.<\/p>\n\n<p>Doch je mehr die Menschen wissen, umso gieriger werden sie: Im Taumel von Magie und Macht verwandeln sich einige in D\u00e4monen und beginnen das gr\u00f6\u00dfte Gemetzel, das Taborea je sah: den \u201eKrieg von Balanzasar\u201c. Vom Krieg ausgemergelt gr\u00fcnden die V\u00f6lker Taboreas eine Allianz. Sie soll Frieden schaffen und die D\u00e4monen in die \u201eGro\u00dfe Verbannung\u201c f\u00fchren: Dazu baut die Allianz die \u201eWelt der Leere\u201c, lockt viele D\u00e4monen hinein \u2013 und versiegelt deren Portale.<\/p>\n\n<strong>Runen, H\u00fcter und Flucht<\/strong>: \n\n<div class=\"wp-block-image clearright zoomable\"><figure class=\"alignright size-large\"><img decoding=\"async\" loading=\"lazy\" width=\"384\" height=\"320\" data-src=\"https:\/\/chroniclesofarcadia.com\/wp-content\/uploads\/2020\/01\/f9895e24e3.png\" alt=\"\" class=\"image-png wp-image-1317 lazyload\" data-srcset=\"https:\/\/chroniclesofarcadia.com\/wp-content\/uploads\/2020\/01\/f9895e24e3.png 384w, https:\/\/chroniclesofarcadia.com\/wp-content\/uploads\/2020\/01\/f9895e24e3-300x250.png 300w\" data-sizes=\"(max-width: 384px) 100vw, 384px\" src=\"data:image\/gif;base64,R0lGODlhAQABAAAAACH5BAEKAAEALAAAAAABAAEAAAICTAEAOw==\" style=\"--smush-placeholder-width: 384px; --smush-placeholder-aspect-ratio: 384\/320;\"><noscript><img decoding=\"async\" loading=\"lazy\" width=\"384\" height=\"320\" src=\"https:\/\/chroniclesofarcadia.com\/wp-content\/uploads\/2020\/01\/f9895e24e3.png\" alt=\"\" class=\"image-png wp-image-1317\" srcset=\"https:\/\/chroniclesofarcadia.com\/wp-content\/uploads\/2020\/01\/f9895e24e3.png 384w, https:\/\/chroniclesofarcadia.com\/wp-content\/uploads\/2020\/01\/f9895e24e3-300x250.png 300w\" sizes=\"(max-width: 384px) 100vw, 384px\"><\/noscript><\/figure><\/div>\n\n<p>Die Allianz siegt! \u2026 auf Kosten vieler Toter, die ihr Wissen mit sich nehmen. Vor allen den Menschen bleibt wenig Macht \u00fcber die Runen. Doch gen\u00fcgt sie, um H\u00fcter aus Stein zu schaffen. Diese sollen das Land vor den letzten D\u00e4monen sch\u00fctzen \u2026<\/p>\n\n<p>Doch wird aus Schutz bald Gefahr: J\u00e4h bedrohen die H\u00fcter nicht nur D\u00e4monen, sondern alle V\u00f6lker Taboreas. Nur die Drachen sind stark genug, gegen sie zu k\u00e4mpfen. Ihr Kampf endet \u00fcberraschend, als die Steuerung der letzten  H\u00fcter versagt.<\/p>\n\n<p>In jenem \u201eZeitalter der Strafe\u201c sind Taboreas V\u00f6lker auf ewiger Flucht. Sie verlieren ihr Wissen, ihre Kultur, doch nicht ihren Mut: Die Menschen verbleiben als Volk der Barbaren oder wagen auf dem Kontinent Kolydia einen Neuanfang. Die Elfen fliehen auf den Kontinent Candara.<\/p>\n\n<strong>Elfen, Fluch und Spaltung<\/strong>: \n\n<div class=\"wp-block-image clearright zoomable\"><figure class=\"alignright size-large\"><img decoding=\"async\" loading=\"lazy\" width=\"384\" height=\"304\" data-src=\"https:\/\/chroniclesofarcadia.com\/wp-content\/uploads\/2020\/01\/16d4b11e58.png\" alt=\"\" class=\"image-png wp-image-1321 lazyload\" data-srcset=\"https:\/\/chroniclesofarcadia.com\/wp-content\/uploads\/2020\/01\/16d4b11e58.png 384w, https:\/\/chroniclesofarcadia.com\/wp-content\/uploads\/2020\/01\/16d4b11e58-300x238.png 300w\" data-sizes=\"(max-width: 384px) 100vw, 384px\" src=\"data:image\/gif;base64,R0lGODlhAQABAAAAACH5BAEKAAEALAAAAAABAAEAAAICTAEAOw==\" style=\"--smush-placeholder-width: 384px; --smush-placeholder-aspect-ratio: 384\/304;\"><noscript><img decoding=\"async\" loading=\"lazy\" width=\"384\" height=\"304\" src=\"https:\/\/chroniclesofarcadia.com\/wp-content\/uploads\/2020\/01\/16d4b11e58.png\" alt=\"\" class=\"image-png wp-image-1321\" srcset=\"https:\/\/chroniclesofarcadia.com\/wp-content\/uploads\/2020\/01\/16d4b11e58.png 384w, https:\/\/chroniclesofarcadia.com\/wp-content\/uploads\/2020\/01\/16d4b11e58-300x238.png 300w\" sizes=\"(max-width: 384px) 100vw, 384px\"><\/noscript><\/figure><\/div>\n\n<p>Die Elfen Candaras entrinnen den H\u00fctern \u2013 jedoch nicht dem \u201eFluch der Elfenzwillinge\u201c. Der  Lore  zu Folge sollen Zwillinge das Volk auf ewig spalten. So geschah es, als die Elfen gegen die D\u00e4monen k\u00e4mpften und geschieht es wiederum:<\/p>\n\n<p>Zur Zeit der gro\u00dfen Verbannung wird ein zweites Zwillingspaar geboren. Um den Fluch endlich zu brechen, schickt K\u00f6nig Palun\u00b4aik den Zwillingssohn, Kentailon , in die Fremde \u2013 und entzweit sein Volk damit erneut: Denn die K\u00f6nigin bringt es nicht \u00fcbers Herz, Kentailon allein zu lassen und geht mit ihm.<\/p>\n\n<strong>Liebe, Entsetzen und Hoffnung<\/strong>: \n\n<p>W\u00e4hrend der \u00e4ltere Bruder Yabis\u00b4an den Thron der Elfen besteigt, bereist Kentailon Candara und gelangt schlie\u00dflich zur magischen Barriere der Nagas.<\/p>\n\n<p>Hier verliebt sich der Zwilling, der sich jetzt Sig\u00b4ayalas nennt, und erlebt die wohl gl\u00fccklichste Zeit seines Lebens \u2013 bis Zyklopen das Land \u00fcberfallen, und das Gl\u00fcck st\u00f6ren. In seiner Verzweiflung rei\u00dft Sig\u00b4ayalas das Elfenschwert \u201eSichellicht\u201c aus der Bannmauer und schl\u00e4gt die Zyklopen in die Flucht.<\/p>\n\n<p>Die Gefahr durch die Zyklopen ist gebannt, doch ist eine gr\u00f6\u00dfere heraufbeschworen: Denn Sig\u00b4ayalas hat zugleich die Nagas befreit. F\u00fcr die Elfen gibt es fortan nur noch eine Hoffnung: die Menschen. Sie sollen die Elfen im Kampf gegen die Nagas erneut unterst\u00fctzen.<\/p>\n\n<figure class=\"wp-block-gallery aligncenter columns-2  verticalcenter wp-block-gallery-1 is-layout-flex\"><ul class=\"blocks-gallery-grid\"><li class=\"blocks-gallery-item\"><figure><img decoding=\"async\" loading=\"lazy\" width=\"384\" height=\"281\" data-src=\"https:\/\/chroniclesofarcadia.com\/wp-content\/uploads\/2020\/01\/97b4ffea6c.png\" alt=\"\" data-id=\"1320\" data-full-url=\"https:\/\/chroniclesofarcadia.com\/wp-content\/uploads\/2020\/01\/97b4ffea6c.png\" data-link=\"https:\/\/chroniclesofarcadia.com\/97b4ffea6c\/\" class=\"image-png wp-image-1320 lazyload\" data-srcset=\"https:\/\/chroniclesofarcadia.com\/wp-content\/uploads\/2020\/01\/97b4ffea6c.png 384w, https:\/\/chroniclesofarcadia.com\/wp-content\/uploads\/2020\/01\/97b4ffea6c-300x220.png 300w\" data-sizes=\"(max-width: 384px) 100vw, 384px\" src=\"data:image\/gif;base64,R0lGODlhAQABAAAAACH5BAEKAAEALAAAAAABAAEAAAICTAEAOw==\" style=\"--smush-placeholder-width: 384px; --smush-placeholder-aspect-ratio: 384\/281;\"><noscript><img decoding=\"async\" loading=\"lazy\" width=\"384\" height=\"281\" src=\"https:\/\/chroniclesofarcadia.com\/wp-content\/uploads\/2020\/01\/97b4ffea6c.png\" alt=\"\" data-id=\"1320\" data-full-url=\"https:\/\/chroniclesofarcadia.com\/wp-content\/uploads\/2020\/01\/97b4ffea6c.png\" data-link=\"https:\/\/chroniclesofarcadia.com\/97b4ffea6c\/\" class=\"image-png wp-image-1320\" srcset=\"https:\/\/chroniclesofarcadia.com\/wp-content\/uploads\/2020\/01\/97b4ffea6c.png 384w, https:\/\/chroniclesofarcadia.com\/wp-content\/uploads\/2020\/01\/97b4ffea6c-300x220.png 300w\" sizes=\"(max-width: 384px) 100vw, 384px\"><\/noscript><\/figure><\/li><li class=\"blocks-gallery-item\"><figure><img decoding=\"async\" loading=\"lazy\" width=\"384\" height=\"342\" data-src=\"https:\/\/chroniclesofarcadia.com\/wp-content\/uploads\/2020\/01\/7278213b5e.png\" alt=\"\" data-id=\"1319\" data-full-url=\"https:\/\/chroniclesofarcadia.com\/wp-content\/uploads\/2020\/01\/7278213b5e.png\" data-link=\"https:\/\/chroniclesofarcadia.com\/7278213b5e\/\" class=\"image-png wp-image-1319 lazyload\" data-srcset=\"https:\/\/chroniclesofarcadia.com\/wp-content\/uploads\/2020\/01\/7278213b5e.png 384w, https:\/\/chroniclesofarcadia.com\/wp-content\/uploads\/2020\/01\/7278213b5e-300x267.png 300w\" data-sizes=\"(max-width: 384px) 100vw, 384px\" src=\"data:image\/gif;base64,R0lGODlhAQABAAAAACH5BAEKAAEALAAAAAABAAEAAAICTAEAOw==\" style=\"--smush-placeholder-width: 384px; --smush-placeholder-aspect-ratio: 384\/342;\"><noscript><img decoding=\"async\" loading=\"lazy\" width=\"384\" height=\"342\" src=\"https:\/\/chroniclesofarcadia.com\/wp-content\/uploads\/2020\/01\/7278213b5e.png\" alt=\"\" data-id=\"1319\" data-full-url=\"https:\/\/chroniclesofarcadia.com\/wp-content\/uploads\/2020\/01\/7278213b5e.png\" data-link=\"https:\/\/chroniclesofarcadia.com\/7278213b5e\/\" class=\"image-png wp-image-1319\" srcset=\"https:\/\/chroniclesofarcadia.com\/wp-content\/uploads\/2020\/01\/7278213b5e.png 384w, https:\/\/chroniclesofarcadia.com\/wp-content\/uploads\/2020\/01\/7278213b5e-300x267.png 300w\" sizes=\"(max-width: 384px) 100vw, 384px\"><\/noscript><\/figure><\/li><\/ul><\/figure>\n\n<strong>Der Zauber der Vergangenheit<\/strong>: \n\n<p>Im Zuge der Bedrohung durch die Nagas, aber auch neuen Reichtums wird bald vergessen, was zuvor geschah. Einzig Organisationen wie das \u201eAuge der Weisheit\u201c interessieren sich f\u00fcr die gesamte Geschichte Taboreas.<\/p>\n\n<p>Das \u201eAuge der Weisheit\u201c findet auf seinen Forschungsreisen in Kolydia r\u00e4tselhafte Spuren: Geheimnisse, die gro\u00dfe Neugier wecken und die Organisation immer weiter zu den Elfen nach Candara lockt. Es ist der Beginn unserer Zeit \u2013 Die Epoche der gro\u00dfen Entdeckungen \u2026<\/p>\n<\/body>","protected":false},"excerpt":{"rendered":"<p>Zauberhafte W\u00fcnsche, gef\u00e4hrliche Ideen: Der Wunsch nach einer fantastischen Welt lebt in vielen von uns. Als der Gott Ayvenas ihn in einem Buch niederschreibt, erwacht Taborea zum Leben: Wort f\u00fcr Wort entstehen so friedfertige V\u00f6lker und Regionen. Bis Ayvenas ein gef\u00e4hrlicher Gedanke ergreift: \u201eWas w\u00e4re, wenn mein Buch nicht so friedlich w\u00e4r?\u201c: Dieser Gedanke ver\u00e4ndert [&hellip;]<\/p>\n","protected":false},"author":1,"featured_media":3486,"parent":0,"menu_order":0,"comment_status":"closed","ping_status":"closed","template":"","meta":{"disable_featured_image_zoom":false},"acf":[],"_links":{"self":[{"href":"https:\/\/chroniclesofarcadia.com\/de\/wp-json\/wp\/v2\/pages\/3713"}],"collection":[{"href":"https:\/\/chroniclesofarcadia.com\/de\/wp-json\/wp\/v2\/pages"}],"about":[{"href":"https:\/\/chroniclesofarcadia.com\/de\/wp-json\/wp\/v2\/types\/page"}],"author":[{"embeddable":true,"href":"https:\/\/chroniclesofarcadia.com\/de\/wp-json\/wp\/v2\/users\/1"}],"replies":[{"embeddable":true,"href":"https:\/\/chroniclesofarcadia.com\/de\/wp-json\/wp\/v2\/comments?post=3713"}],"version-history":[{"count":0,"href":"https:\/\/chroniclesofarcadia.com\/de\/wp-json\/wp\/v2\/pages\/3713\/revisions"}],"wp:featuredmedia":[{"embeddable":true,"href":"https:\/\/chroniclesofarcadia.com\/de\/wp-json\/wp\/v2\/media\/3486"}],"wp:attachment":[{"href":"https:\/\/chroniclesofarcadia.com\/de\/wp-json\/wp\/v2\/media?parent=3713"}],"curies":[{"name":"wp","href":"https:\/\/api.w.org\/{rel}","templated":true}]}}