{"id":4033,"date":"2020-01-17T15:17:00","date_gmt":"2020-01-17T13:17:00","guid":{"rendered":"https:\/\/chroniclesofarcadia.com\/player-vs-player-pvp\/"},"modified":"2020-03-30T20:29:12","modified_gmt":"2020-03-30T20:29:12","slug":"player-vs-player-pvp","status":"publish","type":"page","link":"https:\/\/chroniclesofarcadia.com\/de\/player-vs-player-pvp\/","title":{"rendered":"Spieler gegen Spieler (PvP)"},"content":{"rendered":"<body>\n<p>Du willst spannende PvP-Schlachten? Dann informiere dich hier \u00fcber das abwechslungsreiche PvP System in Runes of Magic.<\/p>\n\n\n\n<!--more-->\n\n\n\n<p>Bestehe packende Gefechte gegen deine Mitspieler (PvP) und erringe dabei Ehrenpunkte. Diese bringen dich auf PvP-Ranglisten &amp; dienen als W\u00e4hrung f\u00fcr Ausr\u00fcstung &amp; andere Items.<\/p>\n\n\n\n<div class=\"wp-block-media-text alignwide has-media-on-the-right is-stacked-on-mobile width-60 zoomable\"><figure class=\"wp-block-media-text__media\"><img decoding=\"async\" loading=\"lazy\" width=\"384\" height=\"525\" data-src=\"https:\/\/chroniclesofarcadia.com\/wp-content\/uploads\/2020\/01\/rammer.png\" alt=\"\" class=\"image-png wp-image-1332 lazyload\" data-srcset=\"https:\/\/chroniclesofarcadia.com\/wp-content\/uploads\/2020\/01\/rammer.png 384w, https:\/\/chroniclesofarcadia.com\/wp-content\/uploads\/2020\/01\/rammer-219x300.png 219w\" data-sizes=\"(max-width: 384px) 100vw, 384px\" src=\"data:image\/gif;base64,R0lGODlhAQABAAAAACH5BAEKAAEALAAAAAABAAEAAAICTAEAOw==\" style=\"--smush-placeholder-width: 384px; --smush-placeholder-aspect-ratio: 384\/525;\"><noscript><img decoding=\"async\" loading=\"lazy\" width=\"384\" height=\"525\" src=\"https:\/\/chroniclesofarcadia.com\/wp-content\/uploads\/2020\/01\/rammer.png\" alt=\"\" class=\"image-png wp-image-1332\" srcset=\"https:\/\/chroniclesofarcadia.com\/wp-content\/uploads\/2020\/01\/rammer.png 384w, https:\/\/chroniclesofarcadia.com\/wp-content\/uploads\/2020\/01\/rammer-219x300.png 219w\" sizes=\"(max-width: 384px) 100vw, 384px\"><\/noscript><\/figure><div class=\"wp-block-media-text__content\">\n<strong>Zonenweites-PvP<\/strong>: \n\n\n\n<p>Wenn w\u00e4hrend deiner Abenteuer durch Taborea der Drang auftritt deine F\u00e4higkeiten zu testen, kannst du gegen Spieler von deinem Server antreten.<\/p>\n\n\n\n<strong>Eine Frage von Leben und Tod<\/strong>: \n\n\n\n<p>Wenn du den PK-Modus (Player Kill) aktivierst, riskierst du Leib und Leben im Kampf gegen andere Spieler. Sobald du Level 15 erreicht hast, besuche Lehman in der Klassenhalle von Varanas um diesen Modus zu erlangen.<\/p>\n\n\n\n<strong>PK Modus l\u00e4sst dich:<\/strong>: \n\n\n\n<ul><li>angreifbar werden<\/li><li>Gegner angreifen, die auch im PK-Modus sind<\/li><\/ul>\n\n\n\n<strong>K\u00e4mpfe f\u00fcr deine Ehre<\/strong>: \n\n\n\n<p>Fordere einen anderen Spieler zu einem Duell heraus oder nimm selbst den Federhandschuh. Ein Duell ist nicht t\u00f6dlich, es endet wenn der Lebensbalken eines Spielers Eins erreicht.<\/p>\n\n\n\n<strong>Gildenkrieg<\/strong>: \n\n\n\n<p>Ziehe gegen eine andere Gilde in den Krieg. Durch die Zahlung eines bestimmten Goldbetrages kann deine Gilde einer feindlichen Gilde jederzeit den Krieg erkl\u00e4ren.<\/p>\n<\/div><\/div>\n\n\n\n<div class=\"wp-block-media-text alignwide has-media-on-the-right is-stacked-on-mobile width-60\"><figure class=\"wp-block-media-text__media\"><a href=\"https:\/\/vimeo.com\/402301594\" target=\"_blank\" rel=\"noopener noreferrer\"><img decoding=\"async\" loading=\"lazy\" width=\"768\" height=\"432\" data-src=\"https:\/\/chroniclesofarcadia.com\/wp-content\/uploads\/2020\/03\/PVP-3.jpg\" alt=\"\" class=\"wp-image-4584 lazyload\" data-srcset=\"https:\/\/chroniclesofarcadia.com\/wp-content\/uploads\/2020\/03\/PVP-3.jpg 300w, https:\/\/chroniclesofarcadia.com\/wp-content\/uploads\/2020\/03\/PVP-3.jpg 500w, https:\/\/chroniclesofarcadia.com\/wp-content\/uploads\/2020\/03\/PVP-3.jpg 768w\" data-sizes=\"(max-width: 768px) 100vw, 768px\" src=\"data:image\/gif;base64,R0lGODlhAQABAAAAACH5BAEKAAEALAAAAAABAAEAAAICTAEAOw==\" style=\"--smush-placeholder-width: 768px; --smush-placeholder-aspect-ratio: 768\/432;\"><noscript><img decoding=\"async\" loading=\"lazy\" width=\"768\" height=\"432\" src=\"https:\/\/chroniclesofarcadia.com\/wp-content\/uploads\/2020\/03\/PVP-3.jpg\" alt=\"\" class=\"wp-image-4584\" srcset=\"https:\/\/chroniclesofarcadia.com\/wp-content\/uploads\/2020\/03\/PVP-3.jpg 300w, https:\/\/chroniclesofarcadia.com\/wp-content\/uploads\/2020\/03\/PVP-3.jpg 500w, https:\/\/chroniclesofarcadia.com\/wp-content\/uploads\/2020\/03\/PVP-3.jpg 768w\" sizes=\"(max-width: 768px) 100vw, 768px\"><\/noscript><\/a><\/figure><div class=\"wp-block-media-text__content\">\n<strong>Serverweites-PvP<\/strong>: \n\n\n\n<p>In Arenen und auf Schlachtfeldern kannst du es mit Spielern des selben Servers aufnehmen. Klicke dazu auf die gekreuzten Schwerter an der Minikarte. Mit der einzigartigen Belagerungskriegsfunktion kannst du feindliche GIldenburgen st\u00fcrmen.<\/p>\n\n\n\n<p>Der Gildenleiter kann sich im  Gildenmen\u00fc [G] \u00fcber \u201cSchlachten\u201d \u2013 \u201cBelagerungskrieg\u201d \u2013 \u201cRegistrieren\u201d daf\u00fcr anmelden.<\/p>\n\n\n\n<strong>PvP-Arenen<\/strong>: \n\n\n\n<p>In PvP-Arenen kannst du drei Arten von K\u00e4mpfen aus\u00fcben:<\/p>\n\n\n\n<ul><li>1 vs. 1<\/li><li>3 vs. 3<\/li><li>6 vs. 6<\/li><\/ul>\n\n\n\n<p>Es gibt niedrig-, mittel- und h\u00f6her stufige Arenen, sodass Arenakandidaten fair aufeinander aufgeteilt werden.<\/p>\n<\/div><\/div>\n\n\n\n<div class=\"wp-block-media-text alignwide has-media-on-the-right is-stacked-on-mobile width-60\"><figure class=\"wp-block-media-text__media\"><a href=\"https:\/\/vimeo.com\/402330126\" target=\"_blank\" rel=\"noopener noreferrer\"><img decoding=\"async\" loading=\"lazy\" width=\"768\" height=\"432\" data-src=\"https:\/\/chroniclesofarcadia.com\/wp-content\/uploads\/2020\/03\/Battlefield.jpg\" alt=\"\" class=\"wp-image-4578 lazyload\" data-srcset=\"https:\/\/chroniclesofarcadia.com\/wp-content\/uploads\/2020\/03\/Battlefield.jpg 300w, https:\/\/chroniclesofarcadia.com\/wp-content\/uploads\/2020\/03\/Battlefield.jpg 500w, https:\/\/chroniclesofarcadia.com\/wp-content\/uploads\/2020\/03\/Battlefield.jpg 768w\" data-sizes=\"(max-width: 768px) 100vw, 768px\" src=\"data:image\/gif;base64,R0lGODlhAQABAAAAACH5BAEKAAEALAAAAAABAAEAAAICTAEAOw==\" style=\"--smush-placeholder-width: 768px; --smush-placeholder-aspect-ratio: 768\/432;\"><noscript><img decoding=\"async\" loading=\"lazy\" width=\"768\" height=\"432\" src=\"https:\/\/chroniclesofarcadia.com\/wp-content\/uploads\/2020\/03\/Battlefield.jpg\" alt=\"\" class=\"wp-image-4578\" srcset=\"https:\/\/chroniclesofarcadia.com\/wp-content\/uploads\/2020\/03\/Battlefield.jpg 300w, https:\/\/chroniclesofarcadia.com\/wp-content\/uploads\/2020\/03\/Battlefield.jpg 500w, https:\/\/chroniclesofarcadia.com\/wp-content\/uploads\/2020\/03\/Battlefield.jpg 768w\" sizes=\"(max-width: 768px) 100vw, 768px\"><\/noscript><\/a><\/figure><div class=\"wp-block-media-text__content\">\n<strong>Schlachtfelder<\/strong>: \n\n\n\n<p>K\u00e4mpfe auf einem bestimmten Schlachtfeld um die Beute des gegnerischen Teams zu erk\u00e4mpfen oder deine eigene zu verteidigen.<\/p>\n\n\n\n<strong>Visdun-Festung (Tower Defense)<\/strong>: \n\n\n\n<p>Modus: 3 vs 3\r\nEntfessle Monsterhorden auf das gegnerische Team, um ihre Festung zu zerst\u00f6ren, und verteidige dich strategisch gegen feindliche Angriffe, indem du T\u00fcrme in verschiedenen Formen und Gr\u00f6\u00dfen baust.<\/p>\n\n\n\n<strong>Tyrefen-Berge (Domination)<\/strong>: \n\n\n\n<p>Modus: 8 vs 8\r\nErobere und verteidige f\u00fcnf feindliche Kristalle. Das erste Team, das 5.000 Punkte erreicht, gewinnt und erh\u00e4lt 100 Ehrenpunkte.<\/p>\n\n\n\n<strong>Karros-Schlucht (Capture the Flag)<\/strong>: \n\n\n\n<p>Modus: 6 vs 6\r\nSchnapp dir die Runen des Feindes. F\u00fcr jede gestohlene Rune erh\u00e4lt Euer Team 500 Punkte. Ihr braucht 3.000, um zu gewinnen.<\/p>\n<\/div><\/div>\n\n\n\n<div class=\"wp-block-media-text alignwide has-media-on-the-right is-stacked-on-mobile width-60\"><figure class=\"wp-block-media-text__media\"><a href=\"https:\/\/vimeo.com\/402330159\" target=\"_blank\" rel=\"noopener noreferrer\"><img decoding=\"async\" loading=\"lazy\" width=\"768\" height=\"432\" data-src=\"https:\/\/chroniclesofarcadia.com\/wp-content\/uploads\/2020\/03\/SW.jpg\" alt=\"\" class=\"wp-image-4570 lazyload\" data-srcset=\"https:\/\/chroniclesofarcadia.com\/wp-content\/uploads\/2020\/03\/SW.jpg 300w, https:\/\/chroniclesofarcadia.com\/wp-content\/uploads\/2020\/03\/SW.jpg 500w, https:\/\/chroniclesofarcadia.com\/wp-content\/uploads\/2020\/03\/SW.jpg 768w\" data-sizes=\"(max-width: 768px) 100vw, 768px\" src=\"data:image\/gif;base64,R0lGODlhAQABAAAAACH5BAEKAAEALAAAAAABAAEAAAICTAEAOw==\" style=\"--smush-placeholder-width: 768px; --smush-placeholder-aspect-ratio: 768\/432;\"><noscript><img decoding=\"async\" loading=\"lazy\" width=\"768\" height=\"432\" src=\"https:\/\/chroniclesofarcadia.com\/wp-content\/uploads\/2020\/03\/SW.jpg\" alt=\"\" class=\"wp-image-4570\" srcset=\"https:\/\/chroniclesofarcadia.com\/wp-content\/uploads\/2020\/03\/SW.jpg 300w, https:\/\/chroniclesofarcadia.com\/wp-content\/uploads\/2020\/03\/SW.jpg 500w, https:\/\/chroniclesofarcadia.com\/wp-content\/uploads\/2020\/03\/SW.jpg 768w\" sizes=\"(max-width: 768px) 100vw, 768px\"><\/noscript><\/a><\/figure><div class=\"wp-block-media-text__content\">\n<strong>Belagerungskriege<\/strong>: \n\n\n\n<p>Mit der einzigartigen Belagerungskriegsfunktion kannst du es mit anderen Gilden aufnehmen. St\u00fcrme auf einem speziellen Schlachtfeld eine feindliche Gildenburg oder verteidige deine eigene.<\/p>\n\n\n\n<strong>Ziele der angreifenden Gilde<\/strong>: \n\n\n\n<ol><li>Erobere Kristallwacht\u00fcrme, um Ressourcen f\u00fcr Katapulte, Rammb\u00f6cke und vieles mehr zu erhalten.<\/li><li>Durchbrich die Tore der feindlichen Gildenburg.<\/li><li>St\u00fcrme den Thronsaal und nimm den Ehrenkristall, um zu gewinnen.<\/li><\/ol>\n<\/div><\/div>\n<\/body>","protected":false},"excerpt":{"rendered":"<p>Du willst spannende PvP-Schlachten? Dann informiere dich hier \u00fcber das abwechslungsreiche PvP System in Runes of Magic.<\/p>\n","protected":false},"author":1,"featured_media":3535,"parent":0,"menu_order":0,"comment_status":"closed","ping_status":"closed","template":"","meta":{"disable_featured_image_zoom":false},"acf":[],"_links":{"self":[{"href":"https:\/\/chroniclesofarcadia.com\/de\/wp-json\/wp\/v2\/pages\/4033"}],"collection":[{"href":"https:\/\/chroniclesofarcadia.com\/de\/wp-json\/wp\/v2\/pages"}],"about":[{"href":"https:\/\/chroniclesofarcadia.com\/de\/wp-json\/wp\/v2\/types\/page"}],"author":[{"embeddable":true,"href":"https:\/\/chroniclesofarcadia.com\/de\/wp-json\/wp\/v2\/users\/1"}],"replies":[{"embeddable":true,"href":"https:\/\/chroniclesofarcadia.com\/de\/wp-json\/wp\/v2\/comments?post=4033"}],"version-history":[{"count":0,"href":"https:\/\/chroniclesofarcadia.com\/de\/wp-json\/wp\/v2\/pages\/4033\/revisions"}],"wp:featuredmedia":[{"embeddable":true,"href":"https:\/\/chroniclesofarcadia.com\/de\/wp-json\/wp\/v2\/media\/3535"}],"wp:attachment":[{"href":"https:\/\/chroniclesofarcadia.com\/de\/wp-json\/wp\/v2\/media?parent=4033"}],"curies":[{"name":"wp","href":"https:\/\/api.w.org\/{rel}","templated":true}]}}