{"id":4097,"date":"2020-01-17T16:37:18","date_gmt":"2020-01-17T14:37:18","guid":{"rendered":"https:\/\/chroniclesofarcadia.com\/chapters\/"},"modified":"2024-08-26T01:04:12","modified_gmt":"2024-08-25T23:04:12","slug":"chapters","status":"publish","type":"page","link":"https:\/\/chroniclesofarcadia.com\/de\/chapters\/","title":{"rendered":"Chapters"},"content":{"rendered":"<body>\n<p>Erfahre alles was, du \u00fcber die Vergangenheit von Chronicles of Arcadia wissen musst.<\/p>\n\n<!--more-->\n\n<div class=\"wp-block-group flex-columns is-layout-flow\"><div class=\"wp-block-group__inner-container\">\n<div class=\"wp-block-group is-layout-flow\"><div class=\"wp-block-group__inner-container\">\n<strong>Chapter I \u2013 Rise of the Demon Lord<\/strong>: \n\n\n\n<p>Eine einst friedliche Welt begibt sich in Gefahr in Flammen aufzugehen. Finde heraus, wie die Geschichte von Chronicles of Arcadia begann.<\/p>\n<\/div><\/div>\n\n\n\n<div class=\"wp-block-group is-layout-flow\"><div class=\"wp-block-group__inner-container\">\n<strong>Chapter II \u2013 The Elven Prophecy<\/strong>: \n\n\n\n<p>Eine uralte Bedrohung brachte die Elfen zur\u00fcck nach Taborea. Finde heraus, was sie tun m\u00fcssen um ihr Reich zu besch\u00fctzen.<\/p>\n<\/div><\/div>\n\n\n\n<div class=\"wp-block-group is-layout-flow\"><div class=\"wp-block-group__inner-container\">\n<strong>Chapter III \u2013 The Elder Kingdoms<\/strong>: \n\n\n\n<p>Grauenvolle Tyrannen bedrohen K\u00f6nig Callaway und seine Untertanen. Entknote ein wirres Netz und gehe den Intrigen auf den Grund.<\/p>\n<\/div><\/div>\n\n\n\n<div class=\"wp-block-group is-layout-flow\"><div class=\"wp-block-group__inner-container\">\n<strong>Chapter IV \u2013 Lands of Despair<\/strong>: \n\n\n\n<p>Ein dunkler Schatten plagt das Land. Entdecke, wer hinter den j\u00fcngsten Ereignissen steckt und durchkreuze ihre d\u00e4monischen Pl\u00e4ne <\/p>\n<\/div><\/div>\n\n\n\n<div class=\"wp-block-group is-layout-flow\"><div class=\"wp-block-group__inner-container\">\n<strong>Chapter V \u2013 Fires of Shadowforge<\/strong>: \n\n\n\n<p>Die Zwerge der Schattenschmiede haben Taborea erreicht. Aufgewacht von ihrem tiefen Schlummer sind sie nun auf der Suche nach ihrem K\u00f6nig.<\/p>\n<\/div><\/div>\n\n\n\n<div class=\"wp-block-group is-layout-flow\"><div class=\"wp-block-group__inner-container\">\n<strong>Chapter VI \u2013 Lights of Paradise<\/strong>: \n\n\n\n<p>Ein friedliches Paradise leidet in der dunkelsten Ecke der Dunkelheit. Zerst\u00f6re die Dunkelheit und finde das Licht von Paradise<\/p>\n<\/div><\/div>\n\n\n\n<div class=\"wp-block-group is-layout-flow\"><div class=\"wp-block-group__inner-container\">\n<strong>Chapter VII \u2013 Cyclop\u2019s Apocalypse<\/strong>: \n\n\n\n<p>Innerhalb von f\u00fcnf Jahren haben die Helden Taboreas das Territorium der Zyklopen zerst\u00f6rt und ihren Anf\u00fchrer Uguda erniedrigt.  W\u00e4hrend wir alle neue Gebiete entdeckten und neue Feinde besiegten, haben die Zyklopen ihre Armee darauf vorbereitet, die Welt zu vernichten.<\/p>\n<\/div><\/div>\n\n\n\n<div class=\"wp-block-group is-layout-flow\"><div class=\"wp-block-group__inner-container\">\n<strong>Chapter VIII \u2013 Chariot of Goddess<\/strong>: \n\n\n\n<p>Vor langer langer Zeit wurden gigantische W\u00e4chtergolems von Menschen erschaffen. Die W\u00e4chter stellten sich gegen ihre Sch\u00f6pfer und zerst\u00f6rten weite Teile des Landes. In diesen verzweifelten Zeiten schlossen sich die EInwohner Taboreas zusammen, \u00fcberwindeten die schrecklichen Tyrannen und verwandelten ihre Hallen in von Lava durchstr\u00f6mte Ruinen.<\/p>\n<\/div><\/div>\n\n\n\n<div class=\"wp-block-group is-layout-flow\"><div class=\"wp-block-group__inner-container\">\n<strong>Chapter IX \u2013 The Return of Pakal<\/strong>: \n\n\n\n<p>Es war einmal in den L\u00e4ndern von Taborea, wo es eine pr\u00e4chtige Stadt namens Tikal gab. W\u00e4hrend eines dunklen Tages attackierten b\u00f6se Tuppen Tikal und besetzten die Stadt vollst\u00e4ndig. Wirst du Pakal und seinen Untertanen dabei helfen, den Schl\u00fcssel f\u00fcr das verschlossene Portal beschaffen und die Prinzessin zu retten?<\/p>\n<\/div><\/div>\n\n\n\n<div class=\"wp-block-group is-layout-flow\"><div class=\"wp-block-group__inner-container\">\n<strong>Chapter X \u2013 Kammer der Elemente<\/strong>: \n\n\n\n<p>Das Leben in Taborea begann nach dem Sturz von Wrakal wieder zu gedeihen. Zum ersten mal seit 500 Jahren gab es Frieden in den K\u00f6nigreichen. Und dann\u2026 schwor Loki die K\u00f6nigreiche mit Asche zu \u00fcberdecken.  Glacis wurde m\u00e4chtiger, w\u00e4hrend er auf seinem Thron sa\u00df und die gr\u00f6\u00dfte Armee der Welt aufbaute.  Au\u00dferdem \u00f6ffnete der Schwarze Kodex einen \u00dcbergang von unserer Welt in ein Reich, das von Astaroth und seinen D\u00e4monen regiert wird.<\/p>\n<\/div><\/div>\n\n\n\n<div class=\"wp-block-group is-layout-flow\"><div class=\"wp-block-group__inner-container\">\n<strong>Chapter XI \u2013 Stories from Talaghan<\/strong>: \n\n\n\n<p>Atlantis felt the urge to expand, settlers stranded on the unexplored lands of Talaghan. While preparing the construction of their just founded land, strange unexplainable events happened. Recently the lands of Talaghan were shrinking. A dark core keeps expanding its darkness, consuming everything to darkness. The expanding of darkness must be stopped to save not just Talaghan, but also the rest of Taborea.<\/p>\n<\/div><\/div>\n<\/div><\/div>\n<\/body>","protected":false},"excerpt":{"rendered":"<p>Erfahre alles was, du \u00fcber die Vergangenheit von Chronicles of Arcadia wissen musst.<\/p>\n","protected":false},"author":1,"featured_media":0,"parent":0,"menu_order":0,"comment_status":"closed","ping_status":"closed","template":"","meta":{"disable_featured_image_zoom":false},"acf":[],"_links":{"self":[{"href":"https:\/\/chroniclesofarcadia.com\/de\/wp-json\/wp\/v2\/pages\/4097"}],"collection":[{"href":"https:\/\/chroniclesofarcadia.com\/de\/wp-json\/wp\/v2\/pages"}],"about":[{"href":"https:\/\/chroniclesofarcadia.com\/de\/wp-json\/wp\/v2\/types\/page"}],"author":[{"embeddable":true,"href":"https:\/\/chroniclesofarcadia.com\/de\/wp-json\/wp\/v2\/users\/1"}],"replies":[{"embeddable":true,"href":"https:\/\/chroniclesofarcadia.com\/de\/wp-json\/wp\/v2\/comments?post=4097"}],"version-history":[{"count":2,"href":"https:\/\/chroniclesofarcadia.com\/de\/wp-json\/wp\/v2\/pages\/4097\/revisions"}],"predecessor-version":[{"id":293217,"href":"https:\/\/chroniclesofarcadia.com\/de\/wp-json\/wp\/v2\/pages\/4097\/revisions\/293217"}],"wp:attachment":[{"href":"https:\/\/chroniclesofarcadia.com\/de\/wp-json\/wp\/v2\/media?parent=4097"}],"curies":[{"name":"wp","href":"https:\/\/api.w.org\/{rel}","templated":true}]}}