{"id":4471,"date":"2020-01-17T12:47:55","date_gmt":"2020-01-17T10:47:55","guid":{"rendered":"https:\/\/chroniclesofarcadia.com\/handwerk\/"},"modified":"2020-03-28T18:40:07","modified_gmt":"2020-03-28T18:40:07","slug":"handwerk","status":"publish","type":"page","link":"https:\/\/chroniclesofarcadia.com\/de\/handwerk\/","title":{"rendered":"Handwerk"},"content":{"rendered":"<body>\n<strong>W\u00e4hle deinen Beruf<\/strong>: \n\n\n\n<p>Suchst etwas Abwechslung neben dem Heldenalltag? Geh\u00f6rt du zu denjenigen, die allem gerne ihren pers\u00f6nlichen Touch geben? Dann gib den Berufen eine Chance.<\/p>\n\n\n\n<!--more-->\n\n\n\n<p>Du kannst alle bekommen, was du brauchst indem du Ressourcen sammelst und daraus spezielle Gegenst\u00e4nde erstellst die deine Arbeit als Held erheblich erleichtern!<\/p>\n\n\n\n<p>Je mehr Zeit du in das Lernen und \u00dcben deines Handwerks investierst, desto mehr Erfahrung wirst du haben und desto besser werden die Fr\u00fcchte deinen Bem\u00fchungen sein!<\/p>\n\n\n\n<div class=\"wp-block-columns image-align-bottom is-layout-flex wp-container-5\">\n<div class=\"wp-block-column is-layout-flow\">\n<strong>Alchemie<\/strong>: \n\n\n\n<div class=\"wp-block-group\"><div class=\"wp-block-group__inner-container is-layout-flow\">\n<div class=\"wp-block-image zoomable\"><figure class=\"alignleft size-large\"><img decoding=\"async\" loading=\"lazy\" width=\"64\" height=\"64\" data-src=\"https:\/\/chroniclesofarcadia.com\/wp-content\/uploads\/2020\/01\/alchemy4.png\" alt=\"\" class=\"image-png wp-image-1286 lazyload\" src=\"data:image\/gif;base64,R0lGODlhAQABAAAAACH5BAEKAAEALAAAAAABAAEAAAICTAEAOw==\" style=\"--smush-placeholder-width: 64px; --smush-placeholder-aspect-ratio: 64\/64;\"><noscript><img decoding=\"async\" loading=\"lazy\" width=\"64\" height=\"64\" src=\"https:\/\/chroniclesofarcadia.com\/wp-content\/uploads\/2020\/01\/alchemy4.png\" alt=\"\" class=\"image-png wp-image-1286\"><\/noscript><\/figure><\/div>\n\n\n\n<p>Die besten Alchemisten verf\u00fcgen \u00fcber umfassende Kenntnisse \u00fcber Kr\u00e4uter und Mineralien, die zusammen mit den entsprechenden Runen zu m\u00e4chtigen Tr\u00e4nken ger\u00fchrt werden, mit denen du deine LP wiederherstellen oder Attribute erh\u00f6hen kannst. Still deinen Wissensdurst und verbessere deine F\u00e4higkeiten sowie die deiner Verb\u00fcndeten!<\/p>\n<\/div><\/div>\n\n\n\n<div class=\"wp-block-image\"><figure class=\"aligncenter size-large\"><img decoding=\"async\" loading=\"lazy\" width=\"523\" height=\"571\" data-src=\"https:\/\/chroniclesofarcadia.com\/wp-content\/uploads\/2020\/01\/alchemy.png\" alt=\"\" class=\"image-png wp-image-1282 lazyload\" data-srcset=\"https:\/\/chroniclesofarcadia.com\/wp-content\/uploads\/2020\/01\/alchemy.png 523w, https:\/\/chroniclesofarcadia.com\/wp-content\/uploads\/2020\/01\/alchemy-275x300.png 275w, https:\/\/chroniclesofarcadia.com\/wp-content\/uploads\/2020\/01\/alchemy-500x546.png 500w\" data-sizes=\"(max-width: 523px) 100vw, 523px\" src=\"data:image\/gif;base64,R0lGODlhAQABAAAAACH5BAEKAAEALAAAAAABAAEAAAICTAEAOw==\" style=\"--smush-placeholder-width: 523px; --smush-placeholder-aspect-ratio: 523\/571;\"><noscript><img decoding=\"async\" loading=\"lazy\" width=\"523\" height=\"571\" src=\"https:\/\/chroniclesofarcadia.com\/wp-content\/uploads\/2020\/01\/alchemy.png\" alt=\"\" class=\"image-png wp-image-1282\" srcset=\"https:\/\/chroniclesofarcadia.com\/wp-content\/uploads\/2020\/01\/alchemy.png 523w, https:\/\/chroniclesofarcadia.com\/wp-content\/uploads\/2020\/01\/alchemy-275x300.png 275w, https:\/\/chroniclesofarcadia.com\/wp-content\/uploads\/2020\/01\/alchemy-500x546.png 500w\" sizes=\"(max-width: 523px) 100vw, 523px\"><\/noscript><\/figure><\/div>\n<\/div>\n\n\n\n<div class=\"wp-block-column is-layout-flow\">\n<strong>R\u00fcstungshandwerk<\/strong>: \n\n\n\n<div class=\"wp-block-group\"><div class=\"wp-block-group__inner-container is-layout-flow\">\n<div class=\"wp-block-image zoomable\"><figure class=\"alignleft size-large\"><img decoding=\"async\" loading=\"lazy\" width=\"64\" height=\"64\" data-src=\"https:\/\/chroniclesofarcadia.com\/wp-content\/uploads\/2020\/01\/armorsmith1.png\" alt=\"\" class=\"image-png wp-image-1288 lazyload\" src=\"data:image\/gif;base64,R0lGODlhAQABAAAAACH5BAEKAAEALAAAAAABAAEAAAICTAEAOw==\" style=\"--smush-placeholder-width: 64px; --smush-placeholder-aspect-ratio: 64\/64;\"><noscript><img decoding=\"async\" loading=\"lazy\" width=\"64\" height=\"64\" src=\"https:\/\/chroniclesofarcadia.com\/wp-content\/uploads\/2020\/01\/armorsmith1.png\" alt=\"\" class=\"image-png wp-image-1288\"><\/noscript><\/figure><\/div>\n\n\n\n<p>Wenn du deine eigenen R\u00fcstungen herstellen m\u00f6chtest, z\u00f6gere nicht und erlerne diesen Beruf. Nutze nat\u00fcrliche Ressourcen wie Kr\u00e4uter und Mineralien um wunderbare Gegenst\u00e4nde mit Boni und Attributen zu kreieren. Gewinne zus\u00e4tzlich endlose Kunden, die diese R\u00fcstungen kaufen m\u00f6chten!<\/p>\n<\/div><\/div>\n\n\n\n<div class=\"wp-block-image\"><figure class=\"aligncenter size-large\"><img decoding=\"async\" loading=\"lazy\" width=\"523\" height=\"571\" data-src=\"https:\/\/chroniclesofarcadia.com\/wp-content\/uploads\/2020\/01\/armorsmith.png\" alt=\"\" class=\"image-png wp-image-1287 lazyload\" data-srcset=\"https:\/\/chroniclesofarcadia.com\/wp-content\/uploads\/2020\/01\/armorsmith.png 523w, https:\/\/chroniclesofarcadia.com\/wp-content\/uploads\/2020\/01\/armorsmith-275x300.png 275w, https:\/\/chroniclesofarcadia.com\/wp-content\/uploads\/2020\/01\/armorsmith-500x546.png 500w\" data-sizes=\"(max-width: 523px) 100vw, 523px\" src=\"data:image\/gif;base64,R0lGODlhAQABAAAAACH5BAEKAAEALAAAAAABAAEAAAICTAEAOw==\" style=\"--smush-placeholder-width: 523px; --smush-placeholder-aspect-ratio: 523\/571;\"><noscript><img decoding=\"async\" loading=\"lazy\" width=\"523\" height=\"571\" src=\"https:\/\/chroniclesofarcadia.com\/wp-content\/uploads\/2020\/01\/armorsmith.png\" alt=\"\" class=\"image-png wp-image-1287\" srcset=\"https:\/\/chroniclesofarcadia.com\/wp-content\/uploads\/2020\/01\/armorsmith.png 523w, https:\/\/chroniclesofarcadia.com\/wp-content\/uploads\/2020\/01\/armorsmith-275x300.png 275w, https:\/\/chroniclesofarcadia.com\/wp-content\/uploads\/2020\/01\/armorsmith-500x546.png 500w\" sizes=\"(max-width: 523px) 100vw, 523px\"><\/noscript><\/figure><\/div>\n<\/div>\n<\/div>\n\n\n\n<div class=\"wp-block-columns image-align-bottom is-layout-flex wp-container-10\">\n<div class=\"wp-block-column is-layout-flow\">\n<strong>Schmieden<\/strong>: \n\n\n\n<div class=\"wp-block-group\"><div class=\"wp-block-group__inner-container is-layout-flow\">\n<div class=\"wp-block-image zoomable\"><figure class=\"alignleft size-large\"><img decoding=\"async\" loading=\"lazy\" width=\"64\" height=\"64\" data-src=\"https:\/\/chroniclesofarcadia.com\/wp-content\/uploads\/2020\/01\/weaponsmith1.png\" alt=\"\" class=\"image-png wp-image-1278 lazyload\" src=\"data:image\/gif;base64,R0lGODlhAQABAAAAACH5BAEKAAEALAAAAAABAAEAAAICTAEAOw==\" style=\"--smush-placeholder-width: 64px; --smush-placeholder-aspect-ratio: 64\/64;\"><noscript><img decoding=\"async\" loading=\"lazy\" width=\"64\" height=\"64\" src=\"https:\/\/chroniclesofarcadia.com\/wp-content\/uploads\/2020\/01\/weaponsmith1.png\" alt=\"\" class=\"image-png wp-image-1278\"><\/noscript><\/figure><\/div>\n\n\n\n<p>Ein Held von Welt muss eine entsprechende Waffe besitzen! Die perfekte Kombination aus Holz und Erzen kann zu m\u00e4chtigen und t\u00f6dlichen Waffen f\u00fchren die jeden Gegner zum Verzweifeln bringen. Verwirkliche deinen Traum und werde einer der besten Schmiede in Taborea! Alles was du brauchst ist ein wenig Fingerspitzengef\u00fchl!<\/p>\n<\/div><\/div>\n\n\n\n<div class=\"wp-block-image\"><figure class=\"aligncenter size-large\"><img decoding=\"async\" loading=\"lazy\" width=\"523\" height=\"571\" data-src=\"https:\/\/chroniclesofarcadia.com\/wp-content\/uploads\/2020\/01\/weaponsmith.png\" alt=\"\" class=\"image-png wp-image-1277 lazyload\" data-srcset=\"https:\/\/chroniclesofarcadia.com\/wp-content\/uploads\/2020\/01\/weaponsmith.png 523w, https:\/\/chroniclesofarcadia.com\/wp-content\/uploads\/2020\/01\/weaponsmith-275x300.png 275w, https:\/\/chroniclesofarcadia.com\/wp-content\/uploads\/2020\/01\/weaponsmith-500x546.png 500w\" data-sizes=\"(max-width: 523px) 100vw, 523px\" src=\"data:image\/gif;base64,R0lGODlhAQABAAAAACH5BAEKAAEALAAAAAABAAEAAAICTAEAOw==\" style=\"--smush-placeholder-width: 523px; --smush-placeholder-aspect-ratio: 523\/571;\"><noscript><img decoding=\"async\" loading=\"lazy\" width=\"523\" height=\"571\" src=\"https:\/\/chroniclesofarcadia.com\/wp-content\/uploads\/2020\/01\/weaponsmith.png\" alt=\"\" class=\"image-png wp-image-1277\" srcset=\"https:\/\/chroniclesofarcadia.com\/wp-content\/uploads\/2020\/01\/weaponsmith.png 523w, https:\/\/chroniclesofarcadia.com\/wp-content\/uploads\/2020\/01\/weaponsmith-275x300.png 275w, https:\/\/chroniclesofarcadia.com\/wp-content\/uploads\/2020\/01\/weaponsmith-500x546.png 500w\" sizes=\"(max-width: 523px) 100vw, 523px\"><\/noscript><\/figure><\/div>\n<\/div>\n\n\n\n<div class=\"wp-block-column is-layout-flow\">\n<strong>Kochen<\/strong>: \n\n\n\n<div class=\"wp-block-group\"><div class=\"wp-block-group__inner-container is-layout-flow\">\n<div class=\"wp-block-image zoomable\"><figure class=\"alignleft size-large\"><img decoding=\"async\" loading=\"lazy\" width=\"64\" height=\"64\" data-src=\"https:\/\/chroniclesofarcadia.com\/wp-content\/uploads\/2020\/01\/cooking1.png\" alt=\"\" class=\"image-png wp-image-1268 lazyload\" src=\"data:image\/gif;base64,R0lGODlhAQABAAAAACH5BAEKAAEALAAAAAABAAEAAAICTAEAOw==\" style=\"--smush-placeholder-width: 64px; --smush-placeholder-aspect-ratio: 64\/64;\"><noscript><img decoding=\"async\" loading=\"lazy\" width=\"64\" height=\"64\" src=\"https:\/\/chroniclesofarcadia.com\/wp-content\/uploads\/2020\/01\/cooking1.png\" alt=\"\" class=\"image-png wp-image-1268\"><\/noscript><\/figure><\/div>\n\n\n\n<p>Bring ein wenig Pepp in das Leben anderer und werde ein gro\u00dfartiger Koch. Kombiniere dazu allerhand Zustand mit Aromen von nat\u00fcrlichen Ressourcen wie Holz und Kr\u00e4utern und kreiere damit wunderbare Speisen und Desserts, die die Attribute von dir und deinen hungrigen K\u00e4ufern verbessern k\u00f6nnen!<\/p>\n<\/div><\/div>\n\n\n\n<div class=\"wp-block-image\"><figure class=\"aligncenter size-large\"><img decoding=\"async\" loading=\"lazy\" width=\"523\" height=\"571\" data-src=\"https:\/\/chroniclesofarcadia.com\/wp-content\/uploads\/2020\/01\/cooking.png\" alt=\"\" class=\"image-png wp-image-1267 lazyload\" data-srcset=\"https:\/\/chroniclesofarcadia.com\/wp-content\/uploads\/2020\/01\/cooking.png 523w, https:\/\/chroniclesofarcadia.com\/wp-content\/uploads\/2020\/01\/cooking-275x300.png 275w, https:\/\/chroniclesofarcadia.com\/wp-content\/uploads\/2020\/01\/cooking-500x546.png 500w\" data-sizes=\"(max-width: 523px) 100vw, 523px\" src=\"data:image\/gif;base64,R0lGODlhAQABAAAAACH5BAEKAAEALAAAAAABAAEAAAICTAEAOw==\" style=\"--smush-placeholder-width: 523px; --smush-placeholder-aspect-ratio: 523\/571;\"><noscript><img decoding=\"async\" loading=\"lazy\" width=\"523\" height=\"571\" src=\"https:\/\/chroniclesofarcadia.com\/wp-content\/uploads\/2020\/01\/cooking.png\" alt=\"\" class=\"image-png wp-image-1267\" srcset=\"https:\/\/chroniclesofarcadia.com\/wp-content\/uploads\/2020\/01\/cooking.png 523w, https:\/\/chroniclesofarcadia.com\/wp-content\/uploads\/2020\/01\/cooking-275x300.png 275w, https:\/\/chroniclesofarcadia.com\/wp-content\/uploads\/2020\/01\/cooking-500x546.png 500w\" sizes=\"(max-width: 523px) 100vw, 523px\"><\/noscript><\/figure><\/div>\n<\/div>\n<\/div>\n\n\n\n<div class=\"wp-block-columns image-align-bottom is-layout-flex wp-container-15\">\n<div class=\"wp-block-column is-layout-flow\">\n<strong>Schneidern<\/strong>: \n\n\n\n<div class=\"wp-block-group\"><div class=\"wp-block-group__inner-container is-layout-flow\">\n<div class=\"wp-block-image zoomable\"><figure class=\"alignleft size-large\"><img decoding=\"async\" loading=\"lazy\" width=\"64\" height=\"64\" data-src=\"https:\/\/chroniclesofarcadia.com\/wp-content\/uploads\/2020\/01\/tailoring3.png\" alt=\"\" class=\"image-png wp-image-1276 lazyload\" src=\"data:image\/gif;base64,R0lGODlhAQABAAAAACH5BAEKAAEALAAAAAABAAEAAAICTAEAOw==\" style=\"--smush-placeholder-width: 64px; --smush-placeholder-aspect-ratio: 64\/64;\"><noscript><img decoding=\"async\" loading=\"lazy\" width=\"64\" height=\"64\" src=\"https:\/\/chroniclesofarcadia.com\/wp-content\/uploads\/2020\/01\/tailoring3.png\" alt=\"\" class=\"image-png wp-image-1276\"><\/noscript><\/figure><\/div>\n\n\n\n<p>N\u00e4h diese Stoffst\u00fccke zusammen und kreiere wundervolle Tuniken, Hosen, Handschuhe sowie alle Arten von Gegenst\u00e4nden mit Boni und Attributen. Nat\u00fcrliche Ressourcen wie Holz und Kr\u00e4uter sind deine besten Freunde um wundersch\u00f6ne Modelle zu erschaffen mit denen du deine Kunden mehr als zufrieden stellen kannst!<\/p>\n<\/div><\/div>\n\n\n\n<div class=\"wp-block-image\"><figure class=\"aligncenter size-large\"><img decoding=\"async\" loading=\"lazy\" width=\"523\" height=\"571\" data-src=\"https:\/\/chroniclesofarcadia.com\/wp-content\/uploads\/2020\/01\/tailoring.png\" alt=\"\" class=\"image-png wp-image-1273 lazyload\" data-srcset=\"https:\/\/chroniclesofarcadia.com\/wp-content\/uploads\/2020\/01\/tailoring.png 523w, https:\/\/chroniclesofarcadia.com\/wp-content\/uploads\/2020\/01\/tailoring-275x300.png 275w, https:\/\/chroniclesofarcadia.com\/wp-content\/uploads\/2020\/01\/tailoring-500x546.png 500w\" data-sizes=\"(max-width: 523px) 100vw, 523px\" src=\"data:image\/gif;base64,R0lGODlhAQABAAAAACH5BAEKAAEALAAAAAABAAEAAAICTAEAOw==\" style=\"--smush-placeholder-width: 523px; --smush-placeholder-aspect-ratio: 523\/571;\"><noscript><img decoding=\"async\" loading=\"lazy\" width=\"523\" height=\"571\" src=\"https:\/\/chroniclesofarcadia.com\/wp-content\/uploads\/2020\/01\/tailoring.png\" alt=\"\" class=\"image-png wp-image-1273\" srcset=\"https:\/\/chroniclesofarcadia.com\/wp-content\/uploads\/2020\/01\/tailoring.png 523w, https:\/\/chroniclesofarcadia.com\/wp-content\/uploads\/2020\/01\/tailoring-275x300.png 275w, https:\/\/chroniclesofarcadia.com\/wp-content\/uploads\/2020\/01\/tailoring-500x546.png 500w\" sizes=\"(max-width: 523px) 100vw, 523px\"><\/noscript><\/figure><\/div>\n<\/div>\n\n\n\n<div class=\"wp-block-column is-layout-flow\">\n<strong>Schreinern<\/strong>: \n\n\n\n<div class=\"wp-block-group\"><div class=\"wp-block-group__inner-container is-layout-flow\">\n<div class=\"wp-block-image zoomable\"><figure class=\"alignleft size-large\"><img decoding=\"async\" loading=\"lazy\" width=\"64\" height=\"64\" data-src=\"https:\/\/chroniclesofarcadia.com\/wp-content\/uploads\/2020\/01\/carpenter1.png\" alt=\"\" class=\"image-png wp-image-1292 lazyload\" src=\"data:image\/gif;base64,R0lGODlhAQABAAAAACH5BAEKAAEALAAAAAABAAEAAAICTAEAOw==\" style=\"--smush-placeholder-width: 64px; --smush-placeholder-aspect-ratio: 64\/64;\"><noscript><img decoding=\"async\" loading=\"lazy\" width=\"64\" height=\"64\" src=\"https:\/\/chroniclesofarcadia.com\/wp-content\/uploads\/2020\/01\/carpenter1.png\" alt=\"\" class=\"image-png wp-image-1292\"><\/noscript><\/figure><\/div>\n\n\n\n<p>Forme Holz und stelle wunderbare Waffen wie zerst\u00f6rerische Armbr\u00fcste sowie Einhand- und Zweihandst\u00e4be her. Werde ein holzverarbeitender Experte und mache deine K\u00e4ufer mit den sch\u00f6nsten und gleichzeitig t\u00f6dlichsten Designs gl\u00fccklich!<\/p>\n<\/div><\/div>\n\n\n\n<div class=\"wp-block-image\"><figure class=\"aligncenter size-large\"><img decoding=\"async\" loading=\"lazy\" width=\"523\" height=\"571\" data-src=\"https:\/\/chroniclesofarcadia.com\/wp-content\/uploads\/2020\/01\/carpenter.png\" alt=\"\" class=\"image-png wp-image-1291 lazyload\" data-srcset=\"https:\/\/chroniclesofarcadia.com\/wp-content\/uploads\/2020\/01\/carpenter.png 523w, https:\/\/chroniclesofarcadia.com\/wp-content\/uploads\/2020\/01\/carpenter-275x300.png 275w, https:\/\/chroniclesofarcadia.com\/wp-content\/uploads\/2020\/01\/carpenter-500x546.png 500w\" data-sizes=\"(max-width: 523px) 100vw, 523px\" src=\"data:image\/gif;base64,R0lGODlhAQABAAAAACH5BAEKAAEALAAAAAABAAEAAAICTAEAOw==\" style=\"--smush-placeholder-width: 523px; --smush-placeholder-aspect-ratio: 523\/571;\"><noscript><img decoding=\"async\" loading=\"lazy\" width=\"523\" height=\"571\" src=\"https:\/\/chroniclesofarcadia.com\/wp-content\/uploads\/2020\/01\/carpenter.png\" alt=\"\" class=\"image-png wp-image-1291\" srcset=\"https:\/\/chroniclesofarcadia.com\/wp-content\/uploads\/2020\/01\/carpenter.png 523w, https:\/\/chroniclesofarcadia.com\/wp-content\/uploads\/2020\/01\/carpenter-275x300.png 275w, https:\/\/chroniclesofarcadia.com\/wp-content\/uploads\/2020\/01\/carpenter-500x546.png 500w\" sizes=\"(max-width: 523px) 100vw, 523px\"><\/noscript><\/figure><\/div>\n<\/div>\n<\/div>\n\n\n\n<div class=\"wp-block-columns image-align-bottom is-layout-flex wp-container-19\">\n<div class=\"wp-block-column is-layout-flow\">\n<strong>Holzf\u00e4llen<\/strong>: \n\n\n\n<p>Viele Abenteurer bereisen die Welt auf der Suche nach nat\u00fcrlichen Ressourcen f\u00fcr ihr Handwerk oder eifrige K\u00e4ufer, aber nur die erfahrensten und weisesten wissen, wie sie die besten Ressourcen erkennen k\u00f6nnen. Lerne Holzf\u00e4llen und verbessere deine F\u00e4higkeiten w\u00e4hrend du um die Welt reist!<\/p>\n\n\n\n<div class=\"wp-block-image\"><figure class=\"aligncenter size-large\"><img decoding=\"async\" loading=\"lazy\" width=\"523\" height=\"571\" data-src=\"https:\/\/chroniclesofarcadia.com\/wp-content\/uploads\/2020\/01\/woodcutter.png\" alt=\"\" class=\"image-png wp-image-1281 lazyload\" data-srcset=\"https:\/\/chroniclesofarcadia.com\/wp-content\/uploads\/2020\/01\/woodcutter.png 523w, https:\/\/chroniclesofarcadia.com\/wp-content\/uploads\/2020\/01\/woodcutter-275x300.png 275w, https:\/\/chroniclesofarcadia.com\/wp-content\/uploads\/2020\/01\/woodcutter-500x546.png 500w\" data-sizes=\"(max-width: 523px) 100vw, 523px\" src=\"data:image\/gif;base64,R0lGODlhAQABAAAAACH5BAEKAAEALAAAAAABAAEAAAICTAEAOw==\" style=\"--smush-placeholder-width: 523px; --smush-placeholder-aspect-ratio: 523\/571;\"><noscript><img decoding=\"async\" loading=\"lazy\" width=\"523\" height=\"571\" src=\"https:\/\/chroniclesofarcadia.com\/wp-content\/uploads\/2020\/01\/woodcutter.png\" alt=\"\" class=\"image-png wp-image-1281\" srcset=\"https:\/\/chroniclesofarcadia.com\/wp-content\/uploads\/2020\/01\/woodcutter.png 523w, https:\/\/chroniclesofarcadia.com\/wp-content\/uploads\/2020\/01\/woodcutter-275x300.png 275w, https:\/\/chroniclesofarcadia.com\/wp-content\/uploads\/2020\/01\/woodcutter-500x546.png 500w\" sizes=\"(max-width: 523px) 100vw, 523px\"><\/noscript><\/figure><\/div>\n<\/div>\n\n\n\n<div class=\"wp-block-column is-layout-flow\">\n<strong>Bergbau<\/strong>: \n\n\n\n<p>Aus dem Berg gewonnen, sind Erze eine begehrte Ressource und werden von den gr\u00f6\u00dften und erfahrensten Handwerkern in ganz Taborea verwendet. Aber nicht jeder besitzt die F\u00e4higkeit diesen Schatz aus den Bergen zu gewinnen und noch weniger wissen diese wie man wertvolle Erze von gew\u00f6hnlichem Kalkstein unterscheidet. Werde ein erstklassiger Bergmann und lerne alle Arten von wertvollen Erzen zu sammeln und zu verfeinern!<\/p>\n\n\n\n<div class=\"wp-block-image\"><figure class=\"aligncenter size-large\"><img decoding=\"async\" loading=\"lazy\" width=\"523\" height=\"571\" data-src=\"https:\/\/chroniclesofarcadia.com\/wp-content\/uploads\/2020\/01\/miner.png\" alt=\"\" class=\"image-png wp-image-1272 lazyload\" data-srcset=\"https:\/\/chroniclesofarcadia.com\/wp-content\/uploads\/2020\/01\/miner.png 523w, https:\/\/chroniclesofarcadia.com\/wp-content\/uploads\/2020\/01\/miner-275x300.png 275w, https:\/\/chroniclesofarcadia.com\/wp-content\/uploads\/2020\/01\/miner-500x546.png 500w\" data-sizes=\"(max-width: 523px) 100vw, 523px\" src=\"data:image\/gif;base64,R0lGODlhAQABAAAAACH5BAEKAAEALAAAAAABAAEAAAICTAEAOw==\" style=\"--smush-placeholder-width: 523px; --smush-placeholder-aspect-ratio: 523\/571;\"><noscript><img decoding=\"async\" loading=\"lazy\" width=\"523\" height=\"571\" src=\"https:\/\/chroniclesofarcadia.com\/wp-content\/uploads\/2020\/01\/miner.png\" alt=\"\" class=\"image-png wp-image-1272\" srcset=\"https:\/\/chroniclesofarcadia.com\/wp-content\/uploads\/2020\/01\/miner.png 523w, https:\/\/chroniclesofarcadia.com\/wp-content\/uploads\/2020\/01\/miner-275x300.png 275w, https:\/\/chroniclesofarcadia.com\/wp-content\/uploads\/2020\/01\/miner-500x546.png 500w\" sizes=\"(max-width: 523px) 100vw, 523px\"><\/noscript><\/figure><\/div>\n<\/div>\n\n\n\n<div class=\"wp-block-column is-layout-flow\">\n<strong>Kr\u00e4uterkunde<\/strong>: \n\n\n\n<p>Es gibt diejenigen, die ihre Nase benutzen, um Blumen zu riechen, und es gibt diejenigen, die einen gro\u00dfen Geruchssinn haben, um alle Arten von wertvollen Kr\u00e4utern zu erkennen, um sie zu verfeinern und sie als Zutaten zu verwenden. Diese werden meistens f\u00fcr kraftvolle Tr\u00e4nke, leckere Nahrungsmittel oder starke R\u00fcstungen genutzt. Wenn du einen von denen bist, der eine gute Nase f\u00fcr Gesch\u00e4fte oder andere Kreationen hast m\u00f6chtest du vielleicht mehr \u00fcber Kr\u00e4uterkunde erfahren!<\/p>\n\n\n\n<div class=\"wp-block-image\"><figure class=\"aligncenter size-large\"><img decoding=\"async\" loading=\"lazy\" width=\"523\" height=\"571\" data-src=\"https:\/\/chroniclesofarcadia.com\/wp-content\/uploads\/2020\/01\/herbalism.png\" alt=\"\" class=\"image-png wp-image-1271 lazyload\" data-srcset=\"https:\/\/chroniclesofarcadia.com\/wp-content\/uploads\/2020\/01\/herbalism.png 523w, https:\/\/chroniclesofarcadia.com\/wp-content\/uploads\/2020\/01\/herbalism-275x300.png 275w, https:\/\/chroniclesofarcadia.com\/wp-content\/uploads\/2020\/01\/herbalism-500x546.png 500w\" data-sizes=\"(max-width: 523px) 100vw, 523px\" src=\"data:image\/gif;base64,R0lGODlhAQABAAAAACH5BAEKAAEALAAAAAABAAEAAAICTAEAOw==\" style=\"--smush-placeholder-width: 523px; --smush-placeholder-aspect-ratio: 523\/571;\"><noscript><img decoding=\"async\" loading=\"lazy\" width=\"523\" height=\"571\" src=\"https:\/\/chroniclesofarcadia.com\/wp-content\/uploads\/2020\/01\/herbalism.png\" alt=\"\" class=\"image-png wp-image-1271\" srcset=\"https:\/\/chroniclesofarcadia.com\/wp-content\/uploads\/2020\/01\/herbalism.png 523w, https:\/\/chroniclesofarcadia.com\/wp-content\/uploads\/2020\/01\/herbalism-275x300.png 275w, https:\/\/chroniclesofarcadia.com\/wp-content\/uploads\/2020\/01\/herbalism-500x546.png 500w\" sizes=\"(max-width: 523px) 100vw, 523px\"><\/noscript><\/figure><\/div>\n<\/div>\n<\/div>\n<\/body>","protected":false},"excerpt":{"rendered":"<p>W\u00e4hle deinen Beruf: Suchst etwas Abwechslung neben dem Heldenalltag? Geh\u00f6rt du zu denjenigen, die allem gerne ihren pers\u00f6nlichen Touch geben? Dann gib den Berufen eine Chance.<\/p>\n","protected":false},"author":1,"featured_media":3479,"parent":0,"menu_order":0,"comment_status":"closed","ping_status":"closed","template":"","meta":{"disable_featured_image_zoom":false},"acf":[],"_links":{"self":[{"href":"https:\/\/chroniclesofarcadia.com\/de\/wp-json\/wp\/v2\/pages\/4471"}],"collection":[{"href":"https:\/\/chroniclesofarcadia.com\/de\/wp-json\/wp\/v2\/pages"}],"about":[{"href":"https:\/\/chroniclesofarcadia.com\/de\/wp-json\/wp\/v2\/types\/page"}],"author":[{"embeddable":true,"href":"https:\/\/chroniclesofarcadia.com\/de\/wp-json\/wp\/v2\/users\/1"}],"replies":[{"embeddable":true,"href":"https:\/\/chroniclesofarcadia.com\/de\/wp-json\/wp\/v2\/comments?post=4471"}],"version-history":[{"count":0,"href":"https:\/\/chroniclesofarcadia.com\/de\/wp-json\/wp\/v2\/pages\/4471\/revisions"}],"wp:featuredmedia":[{"embeddable":true,"href":"https:\/\/chroniclesofarcadia.com\/de\/wp-json\/wp\/v2\/media\/3479"}],"wp:attachment":[{"href":"https:\/\/chroniclesofarcadia.com\/de\/wp-json\/wp\/v2\/media?parent=4471"}],"curies":[{"name":"wp","href":"https:\/\/api.w.org\/{rel}","templated":true}]}}