{"id":7042,"date":"2020-09-19T20:44:11","date_gmt":"2020-09-19T18:44:11","guid":{"rendered":"https:\/\/chroniclesofarcadia.com\/booste-deinen-charakter\/"},"modified":"2023-03-31T13:27:49","modified_gmt":"2023-03-31T11:27:49","slug":"booste-deinen-charakter","status":"publish","type":"page","link":"https:\/\/chroniclesofarcadia.com\/de\/booste-deinen-charakter\/","title":{"rendered":"Booste deinen Charakter"},"content":{"rendered":"<body><div class=\"wp-block-image\">\n<figure class=\"alignright size-large is-resized\"><img class=\"image-png lazyload\" decoding=\"async\" loading=\"lazy\" data-src=\"https:\/\/playernetgames.net\/games\/chroniclesofarcadia\/web\/img\/dualclass.png\" alt=\"\" width=\"300\" height=\"404\" src=\"data:image\/gif;base64,R0lGODlhAQABAAAAACH5BAEKAAEALAAAAAABAAEAAAICTAEAOw==\" style=\"--smush-placeholder-width: 300px; --smush-placeholder-aspect-ratio: 300\/404;\"><noscript><img class=\"image-png\" decoding=\"async\" loading=\"lazy\" src=\"https:\/\/playernetgames.net\/games\/chroniclesofarcadia\/web\/img\/dualclass.png\" alt=\"\" width=\"300\" height=\"404\"><\/noscript><\/figure><\/div>\n<strong>Sofort Level 91<\/strong>: \n\n<p>Du bist ein Neuling und m\u00f6chtest nicht bei null anfangen?\r\nKein Problem!\r\nSuche einfach nach dem F\u00fchrer der Abenteurer, Johnny Dalker, und hole dir deinen Boost auf Level 91 ganz einfach sofort!<\/p>\n\n<strong>New Place for Johnny Dalker<\/strong>: \n\n<p>Fr\u00fcher konntet ihr Johnny Dalker in jedem Startgebiet finden,\r\nwo er euch einen Boost gew\u00e4hrte, aber die Magier vom Auge der Weisheit brauchten seine Hilfe in Varanas, weshalb er jetzt dort auf euch wartet!<\/p>\n\n<strong>Bedingungen<\/strong>: \n\n<p>Du erf\u00fcllst diese Bedingungen, wenn keine Deiner Klassen die Stufe 91 erreicht hat. Das ist alles!<\/p>\n\n<p>Sprich mit Johnny Dalker und er wird Dich zus\u00e4tzlich mit einer Reihe von einzigartigen Waffen und Gegenst\u00e4nden unterst\u00fctzen, die zu Deiner aktuellen Klasse passen. Zus\u00e4tzlich erh\u00f6ht er Dein Level sofort auf 91 und gibt Dir eine ausreichende Menge an TP um Deine F\u00e4higkeiten zu erh\u00f6hen.<\/p>\n\n<p>Du kennst Paradise noch nicht? Nun, da Du wei\u00dft, wie Du Dich f\u00fcr kommende Abenteuer vorzubereiten hast, worauf wartest Du? Dies ist deine Chance ein Held zu werden!<\/p>\n\n<figure class=\"wp-block-image size-large\"><img decoding=\"async\" data-src=\"https:\/\/chroniclesofarcadia.com\/wp-content\/uploads\/2022\/10\/Johnny_Dalker.jpg\" alt=\"\" src=\"data:image\/gif;base64,R0lGODlhAQABAAAAACH5BAEKAAEALAAAAAABAAEAAAICTAEAOw==\" class=\"lazyload\" style=\"--smush-placeholder-width: 1920px; --smush-placeholder-aspect-ratio: 1920\/1017;\"><noscript><img decoding=\"async\" src=\"https:\/\/chroniclesofarcadia.com\/wp-content\/uploads\/2022\/10\/Johnny_Dalker.jpg\" alt=\"\"><\/noscript><\/figure>\n<\/body>","protected":false},"excerpt":{"rendered":"<p>Sofort Level 91: Du bist ein Neuling und m\u00f6chtest nicht bei null anfangen? Kein Problem! Suche einfach nach dem F\u00fchrer der Abenteurer, Johnny Dalker, und hole dir deinen Boost auf Level 91 ganz einfach sofort! New Place for Johnny Dalker: Fr\u00fcher konntet ihr Johnny Dalker in jedem Startgebiet finden, wo er euch einen Boost gew\u00e4hrte, [&hellip;]<\/p>\n","protected":false},"author":1,"featured_media":6073,"parent":0,"menu_order":0,"comment_status":"closed","ping_status":"closed","template":"","meta":{"disable_featured_image_zoom":false},"acf":[],"_links":{"self":[{"href":"https:\/\/chroniclesofarcadia.com\/de\/wp-json\/wp\/v2\/pages\/7042"}],"collection":[{"href":"https:\/\/chroniclesofarcadia.com\/de\/wp-json\/wp\/v2\/pages"}],"about":[{"href":"https:\/\/chroniclesofarcadia.com\/de\/wp-json\/wp\/v2\/types\/page"}],"author":[{"embeddable":true,"href":"https:\/\/chroniclesofarcadia.com\/de\/wp-json\/wp\/v2\/users\/1"}],"replies":[{"embeddable":true,"href":"https:\/\/chroniclesofarcadia.com\/de\/wp-json\/wp\/v2\/comments?post=7042"}],"version-history":[{"count":0,"href":"https:\/\/chroniclesofarcadia.com\/de\/wp-json\/wp\/v2\/pages\/7042\/revisions"}],"wp:featuredmedia":[{"embeddable":true,"href":"https:\/\/chroniclesofarcadia.com\/de\/wp-json\/wp\/v2\/media\/6073"}],"wp:attachment":[{"href":"https:\/\/chroniclesofarcadia.com\/de\/wp-json\/wp\/v2\/media?parent=7042"}],"curies":[{"name":"wp","href":"https:\/\/api.w.org\/{rel}","templated":true}]}}