{"id":3755,"date":"2020-01-17T14:56:53","date_gmt":"2020-01-17T12:56:53","guid":{"rendered":"https:\/\/chroniclesofarcadia.com\/historia-de-taborea\/"},"modified":"2020-03-17T18:57:32","modified_gmt":"2020-03-17T18:57:32","slug":"historia-de-taborea","status":"publish","type":"page","link":"https:\/\/chroniclesofarcadia.com\/es\/historia-de-taborea\/","title":{"rendered":"Historia de Taborea"},"content":{"rendered":"<body>\n<strong>Una imaginaci\u00f3n fantasiosa y siniestra<\/strong>: \n\n\n\n<p>Taborea naci\u00f3 cuando Ayvenas comenz\u00f3 a registrar sus visiones de un mundo extraordinario en un libro. Mientras escrib\u00eda, el dios cre\u00f3 razas pac\u00edficas y tierras id\u00edlicas para que habitaran. Pero, como todos sabemos, una historia feliz es una historia aburrida, por lo que un d\u00eda tuvo un pensamiento que ser\u00eda muy peligroso:<\/p>\n\n\n\n<strong>\u201c\u00bfY si la historia no fuera tan pac\u00edfica?\u201d<\/strong>: \n\n\n\n<p>Este pensamiento insidioso lo consumi\u00f3 tanto que comenz\u00f3 a pintar a Taborea en una paleta de colores m\u00e1s oscuros: los hombres sabios se volvieron tontos, los elfos gentiles desarrollaron tendencias brutales y los enanos gentiles fueron mimados por la codicia. Incluso las disposiciones destinadas a proteger a las criaturas de Taborea fueron torcidas y corrompidas.<\/p>\n\n\n\n<p>Ayvenas reconoci\u00f3 la gravedad de su interferencia en un mundo que ya no estaba bajo su control, por lo que decidi\u00f3 dejar que los taboreanos escribieran su propio final de la historia. Rompi\u00f3 las p\u00e1ginas no escritas en pedazos y las esparci\u00f3 por toda la tierra, y as\u00ed comenz\u00f3 una nueva era.<\/p>\n\n\n\n<strong>Triunfo y el peligro del poder<\/strong>: \n\n\n\n<div class=\"wp-block-image clearright zoomable\"><figure class=\"alignright size-large\"><img decoding=\"async\" loading=\"lazy\" width=\"384\" height=\"395\" data-src=\"https:\/\/chroniclesofarcadia.com\/wp-content\/uploads\/2020\/01\/fbb0a1b73c.png\" alt=\"\" class=\"image-png wp-image-1318 lazyload\" data-srcset=\"https:\/\/chroniclesofarcadia.com\/wp-content\/uploads\/2020\/01\/fbb0a1b73c.png 384w, https:\/\/chroniclesofarcadia.com\/wp-content\/uploads\/2020\/01\/fbb0a1b73c-292x300.png 292w\" data-sizes=\"(max-width: 384px) 100vw, 384px\" src=\"data:image\/gif;base64,R0lGODlhAQABAAAAACH5BAEKAAEALAAAAAABAAEAAAICTAEAOw==\" style=\"--smush-placeholder-width: 384px; --smush-placeholder-aspect-ratio: 384\/395;\"><noscript><img decoding=\"async\" loading=\"lazy\" width=\"384\" height=\"395\" src=\"https:\/\/chroniclesofarcadia.com\/wp-content\/uploads\/2020\/01\/fbb0a1b73c.png\" alt=\"\" class=\"image-png wp-image-1318\" srcset=\"https:\/\/chroniclesofarcadia.com\/wp-content\/uploads\/2020\/01\/fbb0a1b73c.png 384w, https:\/\/chroniclesofarcadia.com\/wp-content\/uploads\/2020\/01\/fbb0a1b73c-292x300.png 292w\" sizes=\"(max-width: 384px) 100vw, 384px\"><\/noscript><\/figure><\/div>\n\n\n\n<p>Despu\u00e9s de la retirada de Ayvenas, Taborea fue asediada por el vicioso Naga. Los humanos y los elfos combinaron fuerzas y, utilizando la espada \u00e9lfica Arclight, entre otras armas, los aliados pudieron defenderse de los asaltantes serpentinos y confinarlos dentro de una barrera m\u00e1gica.<\/p>\n\n\n\n<p>Inspirados por su gran triunfo, los pueblos de Taborea fundaron los antiguos reinos para impartir sus conocimientos a los dem\u00e1s. Los humanos estaban m\u00e1s interesados en las runas y en las piezas dispersas del libro de Ayvenas porque, seg\u00fan la leyenda, estos \u201cor\u00e1culos\u201d podr\u00edan usarse para controlar el futuro y determinar la historia.<\/p>\n\n\n\n<p>Sin embargo, a medida que los humanos aprendieron m\u00e1s, su sed de conocimiento y poder adquiri\u00f3 proporciones peligrosas. Intoxicados por la avaricia y ayudados por la magia arcana, algunos de ellos se transformaron en terribles demonios y comenzaron la mayor masacre en la historia de Taborea, la Guerra de Balanzasar. Una vez m\u00e1s, se necesitaba una alianza para restaurar la paz, lo cual lograron desterrando a muchos demonios al Vac\u00edo que hab\u00edan creado para contenerlos.<\/p>\n\n\n\n<strong>El auge y ca\u00edda de los Guardianes<\/strong>: \n\n\n\n<div class=\"wp-block-image clearright zoomable\"><figure class=\"alignright size-large\"><img decoding=\"async\" loading=\"lazy\" width=\"384\" height=\"320\" data-src=\"https:\/\/chroniclesofarcadia.com\/wp-content\/uploads\/2020\/01\/f9895e24e3.png\" alt=\"\" class=\"image-png wp-image-1317 lazyload\" data-srcset=\"https:\/\/chroniclesofarcadia.com\/wp-content\/uploads\/2020\/01\/f9895e24e3.png 384w, https:\/\/chroniclesofarcadia.com\/wp-content\/uploads\/2020\/01\/f9895e24e3-300x250.png 300w\" data-sizes=\"(max-width: 384px) 100vw, 384px\" src=\"data:image\/gif;base64,R0lGODlhAQABAAAAACH5BAEKAAEALAAAAAABAAEAAAICTAEAOw==\" style=\"--smush-placeholder-width: 384px; --smush-placeholder-aspect-ratio: 384\/320;\"><noscript><img decoding=\"async\" loading=\"lazy\" width=\"384\" height=\"320\" src=\"https:\/\/chroniclesofarcadia.com\/wp-content\/uploads\/2020\/01\/f9895e24e3.png\" alt=\"\" class=\"image-png wp-image-1317\" srcset=\"https:\/\/chroniclesofarcadia.com\/wp-content\/uploads\/2020\/01\/f9895e24e3.png 384w, https:\/\/chroniclesofarcadia.com\/wp-content\/uploads\/2020\/01\/f9895e24e3-300x250.png 300w\" sizes=\"(max-width: 384px) 100vw, 384px\"><\/noscript><\/figure><\/div>\n\n\n\n<p>La alianza prevaleci\u00f3, pero hubo un gran n\u00famero de v\u00edctimas: muchos fueron asesinados, y su conocimiento muri\u00f3 con ellos. Los humanos en particular hab\u00edan perdido la mayor parte de su poder sobre las runas. Pero lo poco que quedaba era suficiente para crear poderosos guardianes que los proteger\u00edan del \u00faltimo de los demonios.<\/p>\n\n\n\n<p>Sin embargo, en poco tiempo, Taborea necesit\u00f3 protecci\u00f3n contra estos protectores. Los guardianes amenazaron no solo a los demonios, sino a todo el mundo en general. Solo los dragones eran lo suficientemente fuertes como para enfrentarlos, pero su batalla termin\u00f3 abruptamente cuando los guardianes de repente se callaron.<\/p>\n\n\n\n<p>En la \u201cEra del Castigo\u201d, los pueblos de Taborea estaban en constante estado de miedo. Perdieron su conocimiento, su cultura \u2026 pero no su coraje. Los humanos que se atrevieron a comenzar de nuevo partieron hacia el continente de Kolydia, mientras que los que se quedaron se convirtieron en una raza de b\u00e1rbaros. Los elfos huyeron al continente de Candara.<\/p>\n\n\n\n<strong>Una raza dividida por una antigua maldici\u00f3n<\/strong>: \n\n\n\n<div class=\"wp-block-image clearright zoomable\"><figure class=\"alignright size-large\"><img decoding=\"async\" loading=\"lazy\" width=\"384\" height=\"304\" data-src=\"https:\/\/chroniclesofarcadia.com\/wp-content\/uploads\/2020\/01\/16d4b11e58.png\" alt=\"\" class=\"image-png wp-image-1321 lazyload\" data-srcset=\"https:\/\/chroniclesofarcadia.com\/wp-content\/uploads\/2020\/01\/16d4b11e58.png 384w, https:\/\/chroniclesofarcadia.com\/wp-content\/uploads\/2020\/01\/16d4b11e58-300x238.png 300w\" data-sizes=\"(max-width: 384px) 100vw, 384px\" src=\"data:image\/gif;base64,R0lGODlhAQABAAAAACH5BAEKAAEALAAAAAABAAEAAAICTAEAOw==\" style=\"--smush-placeholder-width: 384px; --smush-placeholder-aspect-ratio: 384\/304;\"><noscript><img decoding=\"async\" loading=\"lazy\" width=\"384\" height=\"304\" src=\"https:\/\/chroniclesofarcadia.com\/wp-content\/uploads\/2020\/01\/16d4b11e58.png\" alt=\"\" class=\"image-png wp-image-1321\" srcset=\"https:\/\/chroniclesofarcadia.com\/wp-content\/uploads\/2020\/01\/16d4b11e58.png 384w, https:\/\/chroniclesofarcadia.com\/wp-content\/uploads\/2020\/01\/16d4b11e58-300x238.png 300w\" sizes=\"(max-width: 384px) 100vw, 384px\"><\/noscript><\/figure><\/div>\n\n\n\n<p>En Candara, los Elfos pudieron escapar de los guardianes, pero no de la \u201cMaldici\u00f3n de los Elfos Gemelos\u201d. Seg\u00fan una antigua leyenda, un par de gemelos crear\u00edan un gran cisma entre la poblaci\u00f3n \u00e9lfica. Esta profec\u00eda se cumpli\u00f3 una vez cuando los Elfos lucharon contra los demonios \u2026<\/p>\n\n\n\n<p>Y la historia parec\u00eda condenada a repetirse cuando un segundo par de gemelos naci\u00f3 en la familia real. Para finalmente romper la maldici\u00f3n, uno de los gemelos, Kentailon, decidi\u00f3 abandonar su hogar por el bien de su gente. Pero la grieta era inevitable: la reina no pod\u00eda soportar ver a Kentailon irse solo, as\u00ed que sigui\u00f3 a su hijo hacia lo desconocido.<\/p>\n\n\n\n<strong>Las aventuras de Sig\u2019aylas<\/strong>: \n\n\n\n<p>Mientras el hermano mayor, Yabis\u2019an, ascend\u00eda al trono \u00e9lfico, Kentailon recorri\u00f3 el continente, viajando hasta la barrera m\u00e1gica que rodeaba a los Naga.<\/p>\n\n\n\n<p>Fue aqu\u00ed donde el gemelo \u00e9lfico, que ahora se hac\u00eda llamar Sig\u2019aylas, se enamor\u00f3 y encontr\u00f3 la verdadera felicidad, hasta el ataque de los C\u00edclopes, que devast\u00f3 la tierra. En su desesperaci\u00f3n, Sig\u2019aylas arranc\u00f3 la espada \u00e9lfica \u201cArclight\u201d de la barrera y con ella hizo a los c\u00edclopes huir.<\/p>\n\n\n\n<p>Aunque las bestias tuertas hab\u00edan sido derrotadas, se despert\u00f3 un peligro a\u00fan mayor: Sig\u2019aylas hab\u00eda liberado a los Naga. Solo quedaba una esperanza para los Elfos: los Humanos. Entonces, una vez m\u00e1s, estas dos razas libraron una guerra contra las formidables hordas Naga.<\/p>\n\n\n\n<figure class=\"wp-block-gallery aligncenter columns-2  verticalcenter wp-block-gallery-1 is-layout-flex\"><ul class=\"blocks-gallery-grid\"><li class=\"blocks-gallery-item\"><figure><img decoding=\"async\" loading=\"lazy\" width=\"384\" height=\"281\" data-src=\"https:\/\/chroniclesofarcadia.com\/wp-content\/uploads\/2020\/01\/97b4ffea6c.png\" alt=\"\" data-id=\"1320\" data-full-url=\"https:\/\/chroniclesofarcadia.com\/wp-content\/uploads\/2020\/01\/97b4ffea6c.png\" data-link=\"https:\/\/chroniclesofarcadia.com\/97b4ffea6c\/\" class=\"image-png wp-image-1320 lazyload\" data-srcset=\"https:\/\/chroniclesofarcadia.com\/wp-content\/uploads\/2020\/01\/97b4ffea6c.png 384w, https:\/\/chroniclesofarcadia.com\/wp-content\/uploads\/2020\/01\/97b4ffea6c-300x220.png 300w\" data-sizes=\"(max-width: 384px) 100vw, 384px\" src=\"data:image\/gif;base64,R0lGODlhAQABAAAAACH5BAEKAAEALAAAAAABAAEAAAICTAEAOw==\" style=\"--smush-placeholder-width: 384px; --smush-placeholder-aspect-ratio: 384\/281;\"><noscript><img decoding=\"async\" loading=\"lazy\" width=\"384\" height=\"281\" src=\"https:\/\/chroniclesofarcadia.com\/wp-content\/uploads\/2020\/01\/97b4ffea6c.png\" alt=\"\" data-id=\"1320\" data-full-url=\"https:\/\/chroniclesofarcadia.com\/wp-content\/uploads\/2020\/01\/97b4ffea6c.png\" data-link=\"https:\/\/chroniclesofarcadia.com\/97b4ffea6c\/\" class=\"image-png wp-image-1320\" srcset=\"https:\/\/chroniclesofarcadia.com\/wp-content\/uploads\/2020\/01\/97b4ffea6c.png 384w, https:\/\/chroniclesofarcadia.com\/wp-content\/uploads\/2020\/01\/97b4ffea6c-300x220.png 300w\" sizes=\"(max-width: 384px) 100vw, 384px\"><\/noscript><\/figure><\/li><li class=\"blocks-gallery-item\"><figure><img decoding=\"async\" loading=\"lazy\" width=\"384\" height=\"342\" data-src=\"https:\/\/chroniclesofarcadia.com\/wp-content\/uploads\/2020\/01\/7278213b5e.png\" alt=\"\" data-id=\"1319\" data-full-url=\"https:\/\/chroniclesofarcadia.com\/wp-content\/uploads\/2020\/01\/7278213b5e.png\" data-link=\"https:\/\/chroniclesofarcadia.com\/7278213b5e\/\" class=\"image-png wp-image-1319 lazyload\" data-srcset=\"https:\/\/chroniclesofarcadia.com\/wp-content\/uploads\/2020\/01\/7278213b5e.png 384w, https:\/\/chroniclesofarcadia.com\/wp-content\/uploads\/2020\/01\/7278213b5e-300x267.png 300w\" data-sizes=\"(max-width: 384px) 100vw, 384px\" src=\"data:image\/gif;base64,R0lGODlhAQABAAAAACH5BAEKAAEALAAAAAABAAEAAAICTAEAOw==\" style=\"--smush-placeholder-width: 384px; --smush-placeholder-aspect-ratio: 384\/342;\"><noscript><img decoding=\"async\" loading=\"lazy\" width=\"384\" height=\"342\" src=\"https:\/\/chroniclesofarcadia.com\/wp-content\/uploads\/2020\/01\/7278213b5e.png\" alt=\"\" data-id=\"1319\" data-full-url=\"https:\/\/chroniclesofarcadia.com\/wp-content\/uploads\/2020\/01\/7278213b5e.png\" data-link=\"https:\/\/chroniclesofarcadia.com\/7278213b5e\/\" class=\"image-png wp-image-1319\" srcset=\"https:\/\/chroniclesofarcadia.com\/wp-content\/uploads\/2020\/01\/7278213b5e.png 384w, https:\/\/chroniclesofarcadia.com\/wp-content\/uploads\/2020\/01\/7278213b5e-300x267.png 300w\" sizes=\"(max-width: 384px) 100vw, 384px\"><\/noscript><\/figure><\/li><\/ul><\/figure>\n\n\n\n<strong>El encanto del pasado<\/strong>: \n\n\n\n<p>La lucha desgarradora con los Naga, y luego la prosperidad que sigui\u00f3, hicieron que la gente olvidara el pasado. Solo organizaciones como el \u201cOjo de la Sabidur\u00eda\u201d estaban interesadas en profundizar en la historia de Taborea.<\/p>\n\n\n\n<p>Las investigaciones del \u201cOjo de la Sabidur\u00eda\u201d en Kolydia revelaron pruebas intrigantes de secretos que acercaron a la organizaci\u00f3n a los Elfos en Candara. Y eso nos lleva al comienzo de nuestro tiempo: una era de descubrimientos \u2026<\/p>\n<\/body>","protected":false},"excerpt":{"rendered":"<p>Una imaginaci\u00f3n fantasiosa y siniestra: Taborea naci\u00f3 cuando Ayvenas comenz\u00f3 a registrar sus visiones de un mundo extraordinario en un libro. Mientras escrib\u00eda, el dios cre\u00f3 razas pac\u00edficas y tierras id\u00edlicas para que habitaran. Pero, como todos sabemos, una historia feliz es una historia aburrida, por lo que un d\u00eda tuvo un pensamiento que ser\u00eda [&hellip;]<\/p>\n","protected":false},"author":1,"featured_media":3489,"parent":0,"menu_order":0,"comment_status":"closed","ping_status":"closed","template":"","meta":{"disable_featured_image_zoom":false},"acf":[],"_links":{"self":[{"href":"https:\/\/chroniclesofarcadia.com\/es\/wp-json\/wp\/v2\/pages\/3755"}],"collection":[{"href":"https:\/\/chroniclesofarcadia.com\/es\/wp-json\/wp\/v2\/pages"}],"about":[{"href":"https:\/\/chroniclesofarcadia.com\/es\/wp-json\/wp\/v2\/types\/page"}],"author":[{"embeddable":true,"href":"https:\/\/chroniclesofarcadia.com\/es\/wp-json\/wp\/v2\/users\/1"}],"replies":[{"embeddable":true,"href":"https:\/\/chroniclesofarcadia.com\/es\/wp-json\/wp\/v2\/comments?post=3755"}],"version-history":[{"count":0,"href":"https:\/\/chroniclesofarcadia.com\/es\/wp-json\/wp\/v2\/pages\/3755\/revisions"}],"wp:featuredmedia":[{"embeddable":true,"href":"https:\/\/chroniclesofarcadia.com\/es\/wp-json\/wp\/v2\/media\/3489"}],"wp:attachment":[{"href":"https:\/\/chroniclesofarcadia.com\/es\/wp-json\/wp\/v2\/media?parent=3755"}],"curies":[{"name":"wp","href":"https:\/\/api.w.org\/{rel}","templated":true}]}}