{"id":3772,"date":"2020-01-17T15:17:00","date_gmt":"2020-01-17T13:17:00","guid":{"rendered":"https:\/\/chroniclesofarcadia.com\/jugador-contra-jugador\/"},"modified":"2020-03-30T20:29:06","modified_gmt":"2020-03-30T20:29:06","slug":"jugador-contra-jugador","status":"publish","type":"page","link":"https:\/\/chroniclesofarcadia.com\/es\/jugador-contra-jugador\/","title":{"rendered":"Jugador contra jugador"},"content":{"rendered":"<body>\n<p>\u00bfTienes sed de emocionante acci\u00f3n PvP? Entonces sigue leyendo para aprender sobre el completo sistema PvP en Chronicles of Arcadia.<\/p>\n\n\n\n<!--more-->\n\n\n\n<p>Participa en un combate emocionante contra tus compa\u00f1eros de juego (PvP) para ganar puntos de honor. Estos pueden llevarte a la lista de clasificaci\u00f3n PvP y pueden cambiarse por equipos u otros art\u00edculos<\/p>\n\n\n\n<div class=\"wp-block-media-text alignwide has-media-on-the-right is-stacked-on-mobile width-60 zoomable\"><figure class=\"wp-block-media-text__media\"><img decoding=\"async\" loading=\"lazy\" width=\"384\" height=\"525\" data-src=\"https:\/\/chroniclesofarcadia.com\/wp-content\/uploads\/2020\/01\/rammer.png\" alt=\"\" class=\"image-png wp-image-1332 lazyload\" data-srcset=\"https:\/\/chroniclesofarcadia.com\/wp-content\/uploads\/2020\/01\/rammer.png 384w, https:\/\/chroniclesofarcadia.com\/wp-content\/uploads\/2020\/01\/rammer-219x300.png 219w\" data-sizes=\"(max-width: 384px) 100vw, 384px\" src=\"data:image\/gif;base64,R0lGODlhAQABAAAAACH5BAEKAAEALAAAAAABAAEAAAICTAEAOw==\" style=\"--smush-placeholder-width: 384px; --smush-placeholder-aspect-ratio: 384\/525;\"><noscript><img decoding=\"async\" loading=\"lazy\" width=\"384\" height=\"525\" src=\"https:\/\/chroniclesofarcadia.com\/wp-content\/uploads\/2020\/01\/rammer.png\" alt=\"\" class=\"image-png wp-image-1332\" srcset=\"https:\/\/chroniclesofarcadia.com\/wp-content\/uploads\/2020\/01\/rammer.png 384w, https:\/\/chroniclesofarcadia.com\/wp-content\/uploads\/2020\/01\/rammer-219x300.png 219w\" sizes=\"(max-width: 384px) 100vw, 384px\"><\/noscript><\/figure><div class=\"wp-block-media-text__content\">\n<strong>Zona PvP<\/strong>: \n\n\n\n<p>Si la necesidad de probar tu destreza te golpea durante tus aventuras a trav\u00e9s de Taborea, entonces enfr\u00e9ntate a los jugadores en tu servidor.<\/p>\n\n\n\n<strong>Una cuesti\u00f3n de vida y muerte<\/strong>: \n\n\n\n<p>Cuando ingresas al modo PK  arriesgas la vida y la integridad f\u00edsica en combate contra otros jugadores. Una vez que alcances el nivel 15, visita a Lehman en el Sal\u00f3n de Clases de Varanas para obtener esta habilidad.<\/p>\n\n\n\n<strong>El modo PK te permite:<\/strong>: \n\n\n\n<ul><li>ser atacado<\/li><li>atacar oponentes que est\u00e1n en modo PK<\/li><\/ul>\n\n\n\n<strong>Luchar por tu Honor<\/strong>: \n\n\n\n<p>Desaf\u00eda a otro jugador a un duelo o ponte un guante en la cara. Los duelos no son mortales, un duelo termina cuando la barra de salud de uno de los duellistas llega a uno.<\/p>\n\n\n\n<strong>Reto de Gremio<\/strong>: \n\n\n\n<p>Ve a la guerra contra otro gremio. Al pagar una cierta cantidad de oro, tu gremio puede declarar la guerra a un gremio enemigo en cualquier momento.<\/p>\n<\/div><\/div>\n\n\n\n<div class=\"wp-block-media-text alignwide has-media-on-the-right is-stacked-on-mobile width-60\"><figure class=\"wp-block-media-text__media\"><a href=\"https:\/\/vimeo.com\/402301594\" target=\"_blank\" rel=\"noopener noreferrer\"><img decoding=\"async\" loading=\"lazy\" width=\"768\" height=\"432\" data-src=\"https:\/\/chroniclesofarcadia.com\/wp-content\/uploads\/2020\/03\/PVP-3.jpg\" alt=\"\" class=\"wp-image-4584 lazyload\" data-srcset=\"https:\/\/chroniclesofarcadia.com\/wp-content\/uploads\/2020\/03\/PVP-3.jpg 300w, https:\/\/chroniclesofarcadia.com\/wp-content\/uploads\/2020\/03\/PVP-3.jpg 500w, https:\/\/chroniclesofarcadia.com\/wp-content\/uploads\/2020\/03\/PVP-3.jpg 768w\" data-sizes=\"(max-width: 768px) 100vw, 768px\" src=\"data:image\/gif;base64,R0lGODlhAQABAAAAACH5BAEKAAEALAAAAAABAAEAAAICTAEAOw==\" style=\"--smush-placeholder-width: 768px; --smush-placeholder-aspect-ratio: 768\/432;\"><noscript><img decoding=\"async\" loading=\"lazy\" width=\"768\" height=\"432\" src=\"https:\/\/chroniclesofarcadia.com\/wp-content\/uploads\/2020\/03\/PVP-3.jpg\" alt=\"\" class=\"wp-image-4584\" srcset=\"https:\/\/chroniclesofarcadia.com\/wp-content\/uploads\/2020\/03\/PVP-3.jpg 300w, https:\/\/chroniclesofarcadia.com\/wp-content\/uploads\/2020\/03\/PVP-3.jpg 500w, https:\/\/chroniclesofarcadia.com\/wp-content\/uploads\/2020\/03\/PVP-3.jpg 768w\" sizes=\"(max-width: 768px) 100vw, 768px\"><\/noscript><\/a><\/figure><div class=\"wp-block-media-text__content\">\n<strong>Servidor PvP<\/strong>: \n\n\n\n<p>En arenas y en campos de batalla, puedes enfrentarte a otros jugadores. Para hacerlo, haz clic en las espadas en el Minimapa. La caracter\u00edstica \u00fanica de guerra de asedio te permite asaltar castillos de gremios enemigos.<\/p>\n\n\n\n<p>El l\u00edder del gremio puede registrar para una guerra de asedio a trav\u00e9s del men\u00fa del gremio [G]: \u201cBatallas\u201d -&gt; \u201cGuerra de asedio\u201d -&gt; \u201cRegistrar\u201d<\/p>\n\n\n\n<strong>PvP Arenas<\/strong>: \n\n\n\n<p>En arenas PvP, puedes participar en tres tipos de combate:<\/p>\n\n\n\n<ul><li>1 contra 1<\/li><li>3 contra 3<\/li><li>6 contra 6<\/li><\/ul>\n\n\n\n<p>Hay arenas de nivel bajo, medio y alto para que los participantes de la batalla puedan ser bastante compatibles.<\/p>\n<\/div><\/div>\n\n\n\n<div class=\"wp-block-media-text alignwide has-media-on-the-right is-stacked-on-mobile width-60\"><figure class=\"wp-block-media-text__media\"><a href=\"https:\/\/vimeo.com\/402330126\" target=\"_blank\" rel=\"noopener noreferrer\"><img decoding=\"async\" loading=\"lazy\" width=\"768\" height=\"432\" data-src=\"https:\/\/chroniclesofarcadia.com\/wp-content\/uploads\/2020\/03\/Battlefield.jpg\" alt=\"\" class=\"wp-image-4578 lazyload\" data-srcset=\"https:\/\/chroniclesofarcadia.com\/wp-content\/uploads\/2020\/03\/Battlefield.jpg 300w, https:\/\/chroniclesofarcadia.com\/wp-content\/uploads\/2020\/03\/Battlefield.jpg 500w, https:\/\/chroniclesofarcadia.com\/wp-content\/uploads\/2020\/03\/Battlefield.jpg 768w\" data-sizes=\"(max-width: 768px) 100vw, 768px\" src=\"data:image\/gif;base64,R0lGODlhAQABAAAAACH5BAEKAAEALAAAAAABAAEAAAICTAEAOw==\" style=\"--smush-placeholder-width: 768px; --smush-placeholder-aspect-ratio: 768\/432;\"><noscript><img decoding=\"async\" loading=\"lazy\" width=\"768\" height=\"432\" src=\"https:\/\/chroniclesofarcadia.com\/wp-content\/uploads\/2020\/03\/Battlefield.jpg\" alt=\"\" class=\"wp-image-4578\" srcset=\"https:\/\/chroniclesofarcadia.com\/wp-content\/uploads\/2020\/03\/Battlefield.jpg 300w, https:\/\/chroniclesofarcadia.com\/wp-content\/uploads\/2020\/03\/Battlefield.jpg 500w, https:\/\/chroniclesofarcadia.com\/wp-content\/uploads\/2020\/03\/Battlefield.jpg 768w\" sizes=\"(max-width: 768px) 100vw, 768px\"><\/noscript><\/a><\/figure><div class=\"wp-block-media-text__content\">\n<strong>Campos de batalla<\/strong>: \n\n\n\n<p>En un campo de batalla designado, lucha para apoderarte del bot\u00edn del equipo contrario y defender el tuyo.<\/p>\n\n\n\n<strong>Fortaleza Visdun (defensa de la torre)<\/strong>: \n\n\n\n<p>Modo: 3 contra 3\r\nDesata hordas de monstruos sobre el equipo contrario para destruir su fortaleza y defi\u00e9ndete estrat\u00e9gicamente contra el ataque enemigo construyendo torres de varias formas y tama\u00f1os.<\/p>\n\n\n\n<strong>Cordillera de Tyrefen (dominaci\u00f3n)<\/strong>: \n\n\n\n<p>Modo: 8 contra 8\r\nConquista y defiende cinco cristales enemigos. El primer equipo en alcanzar 5,000 puntos gana y recibe 100 Puntos de Honor.<\/p>\n\n\n\n<strong>Ca\u00f1\u00f3n de carros (captura la bandera)<\/strong>: \n\n\n\n<p>Modo: 6 contra 6\r\nAtrapa las runas del enemigo. Por cada runa robada, tu equipo recibe 500 puntos. Necesitas 3.000 para ganar.<\/p>\n<\/div><\/div>\n\n\n\n<div class=\"wp-block-media-text alignwide has-media-on-the-right is-stacked-on-mobile width-60\"><figure class=\"wp-block-media-text__media\"><a href=\"https:\/\/vimeo.com\/402330159\" target=\"_blank\" rel=\"noopener noreferrer\"><img decoding=\"async\" loading=\"lazy\" width=\"768\" height=\"432\" data-src=\"https:\/\/chroniclesofarcadia.com\/wp-content\/uploads\/2020\/03\/SW.jpg\" alt=\"\" class=\"wp-image-4570 lazyload\" data-srcset=\"https:\/\/chroniclesofarcadia.com\/wp-content\/uploads\/2020\/03\/SW.jpg 300w, https:\/\/chroniclesofarcadia.com\/wp-content\/uploads\/2020\/03\/SW.jpg 500w, https:\/\/chroniclesofarcadia.com\/wp-content\/uploads\/2020\/03\/SW.jpg 768w\" data-sizes=\"(max-width: 768px) 100vw, 768px\" src=\"data:image\/gif;base64,R0lGODlhAQABAAAAACH5BAEKAAEALAAAAAABAAEAAAICTAEAOw==\" style=\"--smush-placeholder-width: 768px; --smush-placeholder-aspect-ratio: 768\/432;\"><noscript><img decoding=\"async\" loading=\"lazy\" width=\"768\" height=\"432\" src=\"https:\/\/chroniclesofarcadia.com\/wp-content\/uploads\/2020\/03\/SW.jpg\" alt=\"\" class=\"wp-image-4570\" srcset=\"https:\/\/chroniclesofarcadia.com\/wp-content\/uploads\/2020\/03\/SW.jpg 300w, https:\/\/chroniclesofarcadia.com\/wp-content\/uploads\/2020\/03\/SW.jpg 500w, https:\/\/chroniclesofarcadia.com\/wp-content\/uploads\/2020\/03\/SW.jpg 768w\" sizes=\"(max-width: 768px) 100vw, 768px\"><\/noscript><\/a><\/figure><div class=\"wp-block-media-text__content\">\n<strong>Guerra de Sitio<\/strong>: \n\n\n\n<p>La caracter\u00edstica \u00fanica de guerra de asedio te permite enfrentarte a gremios. En un campo de batalla especial, asalta un castillo del gremio enemigo o defiende el tuyo.<\/p>\n\n\n\n<strong>Objetivos del gremio atacante<\/strong>: \n\n\n\n<ol><li>Conquista las Torres de la Guardia de Cristal de Honor para recibir recursos para crear catapultas, arietes y mucho m\u00e1s.<\/li><li>Rompe las puertas del castillo del gremio enemigo.<\/li><li>Asalta la sala del trono y toma el Cristal de Honor para ganar.<\/li><\/ol>\n<\/div><\/div>\n<\/body>","protected":false},"excerpt":{"rendered":"<p>\u00bfTienes sed de emocionante acci\u00f3n PvP? Entonces sigue leyendo para aprender sobre el completo sistema PvP en Chronicles of Arcadia.<\/p>\n","protected":false},"author":1,"featured_media":3538,"parent":0,"menu_order":0,"comment_status":"closed","ping_status":"closed","template":"","meta":{"disable_featured_image_zoom":false},"acf":[],"_links":{"self":[{"href":"https:\/\/chroniclesofarcadia.com\/es\/wp-json\/wp\/v2\/pages\/3772"}],"collection":[{"href":"https:\/\/chroniclesofarcadia.com\/es\/wp-json\/wp\/v2\/pages"}],"about":[{"href":"https:\/\/chroniclesofarcadia.com\/es\/wp-json\/wp\/v2\/types\/page"}],"author":[{"embeddable":true,"href":"https:\/\/chroniclesofarcadia.com\/es\/wp-json\/wp\/v2\/users\/1"}],"replies":[{"embeddable":true,"href":"https:\/\/chroniclesofarcadia.com\/es\/wp-json\/wp\/v2\/comments?post=3772"}],"version-history":[{"count":0,"href":"https:\/\/chroniclesofarcadia.com\/es\/wp-json\/wp\/v2\/pages\/3772\/revisions"}],"wp:featuredmedia":[{"embeddable":true,"href":"https:\/\/chroniclesofarcadia.com\/es\/wp-json\/wp\/v2\/media\/3538"}],"wp:attachment":[{"href":"https:\/\/chroniclesofarcadia.com\/es\/wp-json\/wp\/v2\/media?parent=3772"}],"curies":[{"name":"wp","href":"https:\/\/api.w.org\/{rel}","templated":true}]}}