{"id":4342,"date":"2020-01-17T12:47:55","date_gmt":"2020-01-17T10:47:55","guid":{"rendered":"https:\/\/chroniclesofarcadia.com\/artesanias\/"},"modified":"2020-03-29T02:04:08","modified_gmt":"2020-03-29T02:04:08","slug":"artesanias","status":"publish","type":"page","link":"https:\/\/chroniclesofarcadia.com\/es\/artesanias\/","title":{"rendered":"Artesan\u00edas"},"content":{"rendered":"<body>\n<strong>Elige tus profesi\u00f3n<\/strong>: \n\n\n\n<p> \u00bfEst\u00e1s buscando algo distinto a ser un h\u00e9roe? \u00bferes de los que le gusta dar un toque personal a todo? Entonces prueba suerte con las profesiones<\/p>\n\n\n\n<!--more-->\n\n\n\n<p>Todo lo que necesitas puedes obtenerlo recolectando recursos con los que crear \u00edtems especiales para hacer m\u00e1s f\u00e1ciles tus haza\u00f1as como h\u00e9roe!<\/p>\n\n\n\n<p> Cuanto m\u00e1s tiempo inviertas en aprender y practicar tu artesan\u00eda m\u00e1s experiencia tendr\u00e1s y los frutos de tu esfuerzo ser\u00e1n cada vez mejores!<\/p>\n\n\n\n<div class=\"wp-block-columns image-align-bottom is-layout-flex wp-container-5\">\n<div class=\"wp-block-column is-layout-flow\">\n<strong><strong>Alquimia<\/strong><\/strong>: \n\n\n\n<div class=\"wp-block-group\"><div class=\"wp-block-group__inner-container is-layout-flow\">\n<div class=\"wp-block-image zoomable\"><figure class=\"alignleft size-large\"><img decoding=\"async\" loading=\"lazy\" width=\"64\" height=\"64\" data-src=\"https:\/\/chroniclesofarcadia.com\/wp-content\/uploads\/2020\/01\/alchemy4.png\" alt=\"\" class=\"image-png wp-image-1286 lazyload\" src=\"data:image\/gif;base64,R0lGODlhAQABAAAAACH5BAEKAAEALAAAAAABAAEAAAICTAEAOw==\" style=\"--smush-placeholder-width: 64px; --smush-placeholder-aspect-ratio: 64\/64;\"><noscript><img decoding=\"async\" loading=\"lazy\" width=\"64\" height=\"64\" src=\"https:\/\/chroniclesofarcadia.com\/wp-content\/uploads\/2020\/01\/alchemy4.png\" alt=\"\" class=\"image-png wp-image-1286\"><\/noscript><\/figure><\/div>\n\n\n\n<p>Los mejores alquimistas tienen un amplio conocimiento de las hierbas y minerales que, combinados con las runas adecuadas, dan como resultado potentes pociones capaces de restaurar tu HP o mejorar tus atributos. \u00a1Estudia esta profesi\u00f3n y apaga tu sed de conocimiento para mejorar tus habilidades y las de tus aliados!<\/p>\n<\/div><\/div>\n\n\n\n<div class=\"wp-block-image\"><figure class=\"aligncenter size-large\"><img decoding=\"async\" loading=\"lazy\" width=\"523\" height=\"571\" data-src=\"https:\/\/chroniclesofarcadia.com\/wp-content\/uploads\/2020\/01\/alchemy.png\" alt=\"\" class=\"image-png wp-image-1282 lazyload\" data-srcset=\"https:\/\/chroniclesofarcadia.com\/wp-content\/uploads\/2020\/01\/alchemy.png 523w, https:\/\/chroniclesofarcadia.com\/wp-content\/uploads\/2020\/01\/alchemy-275x300.png 275w, https:\/\/chroniclesofarcadia.com\/wp-content\/uploads\/2020\/01\/alchemy-500x546.png 500w\" data-sizes=\"(max-width: 523px) 100vw, 523px\" src=\"data:image\/gif;base64,R0lGODlhAQABAAAAACH5BAEKAAEALAAAAAABAAEAAAICTAEAOw==\" style=\"--smush-placeholder-width: 523px; --smush-placeholder-aspect-ratio: 523\/571;\"><noscript><img decoding=\"async\" loading=\"lazy\" width=\"523\" height=\"571\" src=\"https:\/\/chroniclesofarcadia.com\/wp-content\/uploads\/2020\/01\/alchemy.png\" alt=\"\" class=\"image-png wp-image-1282\" srcset=\"https:\/\/chroniclesofarcadia.com\/wp-content\/uploads\/2020\/01\/alchemy.png 523w, https:\/\/chroniclesofarcadia.com\/wp-content\/uploads\/2020\/01\/alchemy-275x300.png 275w, https:\/\/chroniclesofarcadia.com\/wp-content\/uploads\/2020\/01\/alchemy-500x546.png 500w\" sizes=\"(max-width: 523px) 100vw, 523px\"><\/noscript><\/figure><\/div>\n<\/div>\n\n\n\n<div class=\"wp-block-column is-layout-flow\">\n<strong>Fabricaci\u00f3n de armaduras<\/strong>: \n\n\n\n<div class=\"wp-block-group\"><div class=\"wp-block-group__inner-container is-layout-flow\">\n<div class=\"wp-block-image zoomable\"><figure class=\"alignleft size-large\"><img decoding=\"async\" loading=\"lazy\" width=\"64\" height=\"64\" data-src=\"https:\/\/chroniclesofarcadia.com\/wp-content\/uploads\/2020\/01\/armorsmith1.png\" alt=\"\" class=\"image-png wp-image-1288 lazyload\" src=\"data:image\/gif;base64,R0lGODlhAQABAAAAACH5BAEKAAEALAAAAAABAAEAAAICTAEAOw==\" style=\"--smush-placeholder-width: 64px; --smush-placeholder-aspect-ratio: 64\/64;\"><noscript><img decoding=\"async\" loading=\"lazy\" width=\"64\" height=\"64\" src=\"https:\/\/chroniclesofarcadia.com\/wp-content\/uploads\/2020\/01\/armorsmith1.png\" alt=\"\" class=\"image-png wp-image-1288\"><\/noscript><\/figure><\/div>\n\n\n\n<p>Si lo que te gusta es hacer tus propios modelos de armadura, no dudes en estudiar esta artesan\u00eda. \u00a1Utiliza recursos naturales como hierbas y minerales y crea art\u00edculos maravillosos con bonificaciones y atributos que te har\u00e1n ganar un sinf\u00edn de clientes que quieran comprarlos!<\/p>\n<\/div><\/div>\n\n\n\n<div class=\"wp-block-image\"><figure class=\"aligncenter size-large\"><img decoding=\"async\" loading=\"lazy\" width=\"523\" height=\"571\" data-src=\"https:\/\/chroniclesofarcadia.com\/wp-content\/uploads\/2020\/01\/armorsmith.png\" alt=\"\" class=\"image-png wp-image-1287 lazyload\" data-srcset=\"https:\/\/chroniclesofarcadia.com\/wp-content\/uploads\/2020\/01\/armorsmith.png 523w, https:\/\/chroniclesofarcadia.com\/wp-content\/uploads\/2020\/01\/armorsmith-275x300.png 275w, https:\/\/chroniclesofarcadia.com\/wp-content\/uploads\/2020\/01\/armorsmith-500x546.png 500w\" data-sizes=\"(max-width: 523px) 100vw, 523px\" src=\"data:image\/gif;base64,R0lGODlhAQABAAAAACH5BAEKAAEALAAAAAABAAEAAAICTAEAOw==\" style=\"--smush-placeholder-width: 523px; --smush-placeholder-aspect-ratio: 523\/571;\"><noscript><img decoding=\"async\" loading=\"lazy\" width=\"523\" height=\"571\" src=\"https:\/\/chroniclesofarcadia.com\/wp-content\/uploads\/2020\/01\/armorsmith.png\" alt=\"\" class=\"image-png wp-image-1287\" srcset=\"https:\/\/chroniclesofarcadia.com\/wp-content\/uploads\/2020\/01\/armorsmith.png 523w, https:\/\/chroniclesofarcadia.com\/wp-content\/uploads\/2020\/01\/armorsmith-275x300.png 275w, https:\/\/chroniclesofarcadia.com\/wp-content\/uploads\/2020\/01\/armorsmith-500x546.png 500w\" sizes=\"(max-width: 523px) 100vw, 523px\"><\/noscript><\/figure><\/div>\n<\/div>\n<\/div>\n\n\n\n<div class=\"wp-block-columns image-align-bottom is-layout-flex wp-container-10\">\n<div class=\"wp-block-column is-layout-flow\">\n<strong><strong>Herrer\u00eda<\/strong><\/strong>: \n\n\n\n<div class=\"wp-block-group\"><div class=\"wp-block-group__inner-container is-layout-flow\">\n<div class=\"wp-block-image zoomable\"><figure class=\"alignleft size-large\"><img decoding=\"async\" loading=\"lazy\" width=\"64\" height=\"64\" data-src=\"https:\/\/chroniclesofarcadia.com\/wp-content\/uploads\/2020\/01\/weaponsmith1.png\" alt=\"\" class=\"image-png wp-image-1278 lazyload\" src=\"data:image\/gif;base64,R0lGODlhAQABAAAAACH5BAEKAAEALAAAAAABAAEAAAICTAEAOw==\" style=\"--smush-placeholder-width: 64px; --smush-placeholder-aspect-ratio: 64\/64;\"><noscript><img decoding=\"async\" loading=\"lazy\" width=\"64\" height=\"64\" src=\"https:\/\/chroniclesofarcadia.com\/wp-content\/uploads\/2020\/01\/weaponsmith1.png\" alt=\"\" class=\"image-png wp-image-1278\"><\/noscript><\/figure><\/div>\n\n\n\n<p>\u00a1Un h\u00e9roe que se respeta debe tener un arma en consecuencia! Una combinaci\u00f3n perfecta de madera y minerales puede resultar en un arma mortal y poderosa que har\u00eda suspirar a cualquier guerrero. \u00a1Haz realidad tu sue\u00f1o y convi\u00e9rtete en el mejor herrero en Taborea! \u00a1todo lo que necesitas est\u00e1 a tu alcance!<\/p>\n<\/div><\/div>\n\n\n\n<div class=\"wp-block-image\"><figure class=\"aligncenter size-large\"><img decoding=\"async\" loading=\"lazy\" width=\"523\" height=\"571\" data-src=\"https:\/\/chroniclesofarcadia.com\/wp-content\/uploads\/2020\/01\/weaponsmith.png\" alt=\"\" class=\"image-png wp-image-1277 lazyload\" data-srcset=\"https:\/\/chroniclesofarcadia.com\/wp-content\/uploads\/2020\/01\/weaponsmith.png 523w, https:\/\/chroniclesofarcadia.com\/wp-content\/uploads\/2020\/01\/weaponsmith-275x300.png 275w, https:\/\/chroniclesofarcadia.com\/wp-content\/uploads\/2020\/01\/weaponsmith-500x546.png 500w\" data-sizes=\"(max-width: 523px) 100vw, 523px\" src=\"data:image\/gif;base64,R0lGODlhAQABAAAAACH5BAEKAAEALAAAAAABAAEAAAICTAEAOw==\" style=\"--smush-placeholder-width: 523px; --smush-placeholder-aspect-ratio: 523\/571;\"><noscript><img decoding=\"async\" loading=\"lazy\" width=\"523\" height=\"571\" src=\"https:\/\/chroniclesofarcadia.com\/wp-content\/uploads\/2020\/01\/weaponsmith.png\" alt=\"\" class=\"image-png wp-image-1277\" srcset=\"https:\/\/chroniclesofarcadia.com\/wp-content\/uploads\/2020\/01\/weaponsmith.png 523w, https:\/\/chroniclesofarcadia.com\/wp-content\/uploads\/2020\/01\/weaponsmith-275x300.png 275w, https:\/\/chroniclesofarcadia.com\/wp-content\/uploads\/2020\/01\/weaponsmith-500x546.png 500w\" sizes=\"(max-width: 523px) 100vw, 523px\"><\/noscript><\/figure><\/div>\n<\/div>\n\n\n\n<div class=\"wp-block-column is-layout-flow\">\n<strong><strong>Cocina<\/strong><\/strong>: \n\n\n\n<div class=\"wp-block-group\"><div class=\"wp-block-group__inner-container is-layout-flow\">\n<div class=\"wp-block-image zoomable\"><figure class=\"alignleft size-large\"><img decoding=\"async\" loading=\"lazy\" width=\"64\" height=\"64\" data-src=\"https:\/\/chroniclesofarcadia.com\/wp-content\/uploads\/2020\/01\/cooking1.png\" alt=\"\" class=\"image-png wp-image-1268 lazyload\" src=\"data:image\/gif;base64,R0lGODlhAQABAAAAACH5BAEKAAEALAAAAAABAAEAAAICTAEAOw==\" style=\"--smush-placeholder-width: 64px; --smush-placeholder-aspect-ratio: 64\/64;\"><noscript><img decoding=\"async\" loading=\"lazy\" width=\"64\" height=\"64\" src=\"https:\/\/chroniclesofarcadia.com\/wp-content\/uploads\/2020\/01\/cooking1.png\" alt=\"\" class=\"image-png wp-image-1268\"><\/noscript><\/figure><\/div>\n\n\n\n<p>Dale sabor a la vida y convi\u00e9rtete en un gran cocinero, combina todo tipo de ingredientes y sabores junto con recursos naturales, como maderas y hierba, crea maravillosos men\u00fas y postres capaces de aumentar tus atributos y los de tus hambrientos compradores.<\/p>\n<\/div><\/div>\n\n\n\n<div class=\"wp-block-image\"><figure class=\"aligncenter size-large\"><img decoding=\"async\" loading=\"lazy\" width=\"523\" height=\"571\" data-src=\"https:\/\/chroniclesofarcadia.com\/wp-content\/uploads\/2020\/01\/cooking.png\" alt=\"\" class=\"image-png wp-image-1267 lazyload\" data-srcset=\"https:\/\/chroniclesofarcadia.com\/wp-content\/uploads\/2020\/01\/cooking.png 523w, https:\/\/chroniclesofarcadia.com\/wp-content\/uploads\/2020\/01\/cooking-275x300.png 275w, https:\/\/chroniclesofarcadia.com\/wp-content\/uploads\/2020\/01\/cooking-500x546.png 500w\" data-sizes=\"(max-width: 523px) 100vw, 523px\" src=\"data:image\/gif;base64,R0lGODlhAQABAAAAACH5BAEKAAEALAAAAAABAAEAAAICTAEAOw==\" style=\"--smush-placeholder-width: 523px; --smush-placeholder-aspect-ratio: 523\/571;\"><noscript><img decoding=\"async\" loading=\"lazy\" width=\"523\" height=\"571\" src=\"https:\/\/chroniclesofarcadia.com\/wp-content\/uploads\/2020\/01\/cooking.png\" alt=\"\" class=\"image-png wp-image-1267\" srcset=\"https:\/\/chroniclesofarcadia.com\/wp-content\/uploads\/2020\/01\/cooking.png 523w, https:\/\/chroniclesofarcadia.com\/wp-content\/uploads\/2020\/01\/cooking-275x300.png 275w, https:\/\/chroniclesofarcadia.com\/wp-content\/uploads\/2020\/01\/cooking-500x546.png 500w\" sizes=\"(max-width: 523px) 100vw, 523px\"><\/noscript><\/figure><\/div>\n<\/div>\n<\/div>\n\n\n\n<div class=\"wp-block-columns image-align-bottom is-layout-flex wp-container-15\">\n<div class=\"wp-block-column is-layout-flow\">\n<strong><strong>Sastrer\u00eda<\/strong><\/strong>: \n\n\n\n<div class=\"wp-block-group\"><div class=\"wp-block-group__inner-container is-layout-flow\">\n<div class=\"wp-block-image zoomable\"><figure class=\"alignleft size-large\"><img decoding=\"async\" loading=\"lazy\" width=\"64\" height=\"64\" data-src=\"https:\/\/chroniclesofarcadia.com\/wp-content\/uploads\/2020\/01\/tailoring3.png\" alt=\"\" class=\"image-png wp-image-1276 lazyload\" src=\"data:image\/gif;base64,R0lGODlhAQABAAAAACH5BAEKAAEALAAAAAABAAEAAAICTAEAOw==\" style=\"--smush-placeholder-width: 64px; --smush-placeholder-aspect-ratio: 64\/64;\"><noscript><img decoding=\"async\" loading=\"lazy\" width=\"64\" height=\"64\" src=\"https:\/\/chroniclesofarcadia.com\/wp-content\/uploads\/2020\/01\/tailoring3.png\" alt=\"\" class=\"image-png wp-image-1276\"><\/noscript><\/figure><\/div>\n\n\n\n<p>Cose esos restos de tela y crea maravillosas t\u00fanicas, pantalones, guantes y todo tipo de art\u00edculos con bonificaciones y atributos, \u00a1los recursos naturales como la madera o hierba son tus mejores aliados para crear modelos maravillosos con los que dejar a tus clientes m\u00e1s que satisfechos!<\/p>\n<\/div><\/div>\n\n\n\n<div class=\"wp-block-image\"><figure class=\"aligncenter size-large\"><img decoding=\"async\" loading=\"lazy\" width=\"523\" height=\"571\" data-src=\"https:\/\/chroniclesofarcadia.com\/wp-content\/uploads\/2020\/01\/tailoring.png\" alt=\"\" class=\"image-png wp-image-1273 lazyload\" data-srcset=\"https:\/\/chroniclesofarcadia.com\/wp-content\/uploads\/2020\/01\/tailoring.png 523w, https:\/\/chroniclesofarcadia.com\/wp-content\/uploads\/2020\/01\/tailoring-275x300.png 275w, https:\/\/chroniclesofarcadia.com\/wp-content\/uploads\/2020\/01\/tailoring-500x546.png 500w\" data-sizes=\"(max-width: 523px) 100vw, 523px\" src=\"data:image\/gif;base64,R0lGODlhAQABAAAAACH5BAEKAAEALAAAAAABAAEAAAICTAEAOw==\" style=\"--smush-placeholder-width: 523px; --smush-placeholder-aspect-ratio: 523\/571;\"><noscript><img decoding=\"async\" loading=\"lazy\" width=\"523\" height=\"571\" src=\"https:\/\/chroniclesofarcadia.com\/wp-content\/uploads\/2020\/01\/tailoring.png\" alt=\"\" class=\"image-png wp-image-1273\" srcset=\"https:\/\/chroniclesofarcadia.com\/wp-content\/uploads\/2020\/01\/tailoring.png 523w, https:\/\/chroniclesofarcadia.com\/wp-content\/uploads\/2020\/01\/tailoring-275x300.png 275w, https:\/\/chroniclesofarcadia.com\/wp-content\/uploads\/2020\/01\/tailoring-500x546.png 500w\" sizes=\"(max-width: 523px) 100vw, 523px\"><\/noscript><\/figure><\/div>\n<\/div>\n\n\n\n<div class=\"wp-block-column is-layout-flow\">\n<strong><strong>Carpinter\u00eda<\/strong><\/strong>: \n\n\n\n<div class=\"wp-block-group\"><div class=\"wp-block-group__inner-container is-layout-flow\">\n<div class=\"wp-block-image zoomable\"><figure class=\"alignleft size-large\"><img decoding=\"async\" loading=\"lazy\" width=\"64\" height=\"64\" data-src=\"https:\/\/chroniclesofarcadia.com\/wp-content\/uploads\/2020\/01\/carpenter1.png\" alt=\"\" class=\"image-png wp-image-1292 lazyload\" src=\"data:image\/gif;base64,R0lGODlhAQABAAAAACH5BAEKAAEALAAAAAABAAEAAAICTAEAOw==\" style=\"--smush-placeholder-width: 64px; --smush-placeholder-aspect-ratio: 64\/64;\"><noscript><img decoding=\"async\" loading=\"lazy\" width=\"64\" height=\"64\" src=\"https:\/\/chroniclesofarcadia.com\/wp-content\/uploads\/2020\/01\/carpenter1.png\" alt=\"\" class=\"image-png wp-image-1292\"><\/noscript><\/figure><\/div>\n\n\n\n<p>Dale forma a la madera y fabrica armas maravillosas, como ballestas y arcos destructivos o varitas m\u00e1gicas y bastones, \u00a1convi\u00e9rtete en un experto en carpinter\u00eda y haz felices a tus compradores con tus dise\u00f1os m\u00e1s hermosos a la par que letales!<\/p>\n<\/div><\/div>\n\n\n\n<div class=\"wp-block-image\"><figure class=\"aligncenter size-large\"><img decoding=\"async\" loading=\"lazy\" width=\"523\" height=\"571\" data-src=\"https:\/\/chroniclesofarcadia.com\/wp-content\/uploads\/2020\/01\/carpenter.png\" alt=\"\" class=\"image-png wp-image-1291 lazyload\" data-srcset=\"https:\/\/chroniclesofarcadia.com\/wp-content\/uploads\/2020\/01\/carpenter.png 523w, https:\/\/chroniclesofarcadia.com\/wp-content\/uploads\/2020\/01\/carpenter-275x300.png 275w, https:\/\/chroniclesofarcadia.com\/wp-content\/uploads\/2020\/01\/carpenter-500x546.png 500w\" data-sizes=\"(max-width: 523px) 100vw, 523px\" src=\"data:image\/gif;base64,R0lGODlhAQABAAAAACH5BAEKAAEALAAAAAABAAEAAAICTAEAOw==\" style=\"--smush-placeholder-width: 523px; --smush-placeholder-aspect-ratio: 523\/571;\"><noscript><img decoding=\"async\" loading=\"lazy\" width=\"523\" height=\"571\" src=\"https:\/\/chroniclesofarcadia.com\/wp-content\/uploads\/2020\/01\/carpenter.png\" alt=\"\" class=\"image-png wp-image-1291\" srcset=\"https:\/\/chroniclesofarcadia.com\/wp-content\/uploads\/2020\/01\/carpenter.png 523w, https:\/\/chroniclesofarcadia.com\/wp-content\/uploads\/2020\/01\/carpenter-275x300.png 275w, https:\/\/chroniclesofarcadia.com\/wp-content\/uploads\/2020\/01\/carpenter-500x546.png 500w\" sizes=\"(max-width: 523px) 100vw, 523px\"><\/noscript><\/figure><\/div>\n<\/div>\n<\/div>\n\n\n\n<div class=\"wp-block-columns image-align-bottom is-layout-flex wp-container-19\">\n<div class=\"wp-block-column is-layout-flow\">\n<strong><strong>Tala de \u00e1rboles<\/strong><\/strong>: \n\n\n\n<p>Muchos aventureros viajan por el mundo en busca de recursos naturales para sus artesan\u00edas o compradores ansiosos, pero solo los m\u00e1s h\u00e1biles y sabios saben c\u00f3mo reconocer los mejores recursos. \u00a1Aprende m\u00e1s sobre la extracci\u00f3n de madera y aumenta tus habilidades y nivel mientras viajas por el mundo!<\/p>\n\n\n\n<div class=\"wp-block-image\"><figure class=\"aligncenter size-large\"><img decoding=\"async\" loading=\"lazy\" width=\"523\" height=\"571\" data-src=\"https:\/\/chroniclesofarcadia.com\/wp-content\/uploads\/2020\/01\/woodcutter.png\" alt=\"\" class=\"image-png wp-image-1281 lazyload\" data-srcset=\"https:\/\/chroniclesofarcadia.com\/wp-content\/uploads\/2020\/01\/woodcutter.png 523w, https:\/\/chroniclesofarcadia.com\/wp-content\/uploads\/2020\/01\/woodcutter-275x300.png 275w, https:\/\/chroniclesofarcadia.com\/wp-content\/uploads\/2020\/01\/woodcutter-500x546.png 500w\" data-sizes=\"(max-width: 523px) 100vw, 523px\" src=\"data:image\/gif;base64,R0lGODlhAQABAAAAACH5BAEKAAEALAAAAAABAAEAAAICTAEAOw==\" style=\"--smush-placeholder-width: 523px; --smush-placeholder-aspect-ratio: 523\/571;\"><noscript><img decoding=\"async\" loading=\"lazy\" width=\"523\" height=\"571\" src=\"https:\/\/chroniclesofarcadia.com\/wp-content\/uploads\/2020\/01\/woodcutter.png\" alt=\"\" class=\"image-png wp-image-1281\" srcset=\"https:\/\/chroniclesofarcadia.com\/wp-content\/uploads\/2020\/01\/woodcutter.png 523w, https:\/\/chroniclesofarcadia.com\/wp-content\/uploads\/2020\/01\/woodcutter-275x300.png 275w, https:\/\/chroniclesofarcadia.com\/wp-content\/uploads\/2020\/01\/woodcutter-500x546.png 500w\" sizes=\"(max-width: 523px) 100vw, 523px\"><\/noscript><\/figure><\/div>\n<\/div>\n\n\n\n<div class=\"wp-block-column is-layout-flow\">\n<strong><strong>Miner\u00eda<\/strong><\/strong>: \n\n\n\n<p>Extra\u00eddos de la monta\u00f1a, los minerales son un recurso codiciado y utilizados por los mejores artesanos expertos de Taborea, pero no todas las personas tienen la capacidad suficiente para extraer este tesoro de la monta\u00f1a e incluso para saber c\u00f3mo diferenciarlo de una piedra caliza com\u00fan. Convi\u00e9rtete en un minero de clase y aprende a extraer y refinar todo tipo de minerales preciosos.<\/p>\n\n\n\n<div class=\"wp-block-image\"><figure class=\"aligncenter size-large\"><img decoding=\"async\" loading=\"lazy\" width=\"523\" height=\"571\" data-src=\"https:\/\/chroniclesofarcadia.com\/wp-content\/uploads\/2020\/01\/miner.png\" alt=\"\" class=\"image-png wp-image-1272 lazyload\" data-srcset=\"https:\/\/chroniclesofarcadia.com\/wp-content\/uploads\/2020\/01\/miner.png 523w, https:\/\/chroniclesofarcadia.com\/wp-content\/uploads\/2020\/01\/miner-275x300.png 275w, https:\/\/chroniclesofarcadia.com\/wp-content\/uploads\/2020\/01\/miner-500x546.png 500w\" data-sizes=\"(max-width: 523px) 100vw, 523px\" src=\"data:image\/gif;base64,R0lGODlhAQABAAAAACH5BAEKAAEALAAAAAABAAEAAAICTAEAOw==\" style=\"--smush-placeholder-width: 523px; --smush-placeholder-aspect-ratio: 523\/571;\"><noscript><img decoding=\"async\" loading=\"lazy\" width=\"523\" height=\"571\" src=\"https:\/\/chroniclesofarcadia.com\/wp-content\/uploads\/2020\/01\/miner.png\" alt=\"\" class=\"image-png wp-image-1272\" srcset=\"https:\/\/chroniclesofarcadia.com\/wp-content\/uploads\/2020\/01\/miner.png 523w, https:\/\/chroniclesofarcadia.com\/wp-content\/uploads\/2020\/01\/miner-275x300.png 275w, https:\/\/chroniclesofarcadia.com\/wp-content\/uploads\/2020\/01\/miner-500x546.png 500w\" sizes=\"(max-width: 523px) 100vw, 523px\"><\/noscript><\/figure><\/div>\n<\/div>\n\n\n\n<div class=\"wp-block-column is-layout-flow\">\n<strong><strong>Herbalismo<\/strong><\/strong>: \n\n\n\n<p>Hay quienes usan sus narices para oler flores y hay quienes tienen un gran sentido del olfato para reconocer todo tipo de hierbas valiosas para refinar y usarlas como ingredientes para crear pociones poderosas, comidas sabrosas o armaduras. Si eres uno de los que tiene una buena nariz para creaciones o negocios, \u00a1quiz\u00e1s quieras aprender m\u00e1s sobre herbalismo!<\/p>\n\n\n\n<div class=\"wp-block-image\"><figure class=\"aligncenter size-large\"><img decoding=\"async\" loading=\"lazy\" width=\"523\" height=\"571\" data-src=\"https:\/\/chroniclesofarcadia.com\/wp-content\/uploads\/2020\/01\/herbalism.png\" alt=\"\" class=\"image-png wp-image-1271 lazyload\" data-srcset=\"https:\/\/chroniclesofarcadia.com\/wp-content\/uploads\/2020\/01\/herbalism.png 523w, https:\/\/chroniclesofarcadia.com\/wp-content\/uploads\/2020\/01\/herbalism-275x300.png 275w, https:\/\/chroniclesofarcadia.com\/wp-content\/uploads\/2020\/01\/herbalism-500x546.png 500w\" data-sizes=\"(max-width: 523px) 100vw, 523px\" src=\"data:image\/gif;base64,R0lGODlhAQABAAAAACH5BAEKAAEALAAAAAABAAEAAAICTAEAOw==\" style=\"--smush-placeholder-width: 523px; --smush-placeholder-aspect-ratio: 523\/571;\"><noscript><img decoding=\"async\" loading=\"lazy\" width=\"523\" height=\"571\" src=\"https:\/\/chroniclesofarcadia.com\/wp-content\/uploads\/2020\/01\/herbalism.png\" alt=\"\" class=\"image-png wp-image-1271\" srcset=\"https:\/\/chroniclesofarcadia.com\/wp-content\/uploads\/2020\/01\/herbalism.png 523w, https:\/\/chroniclesofarcadia.com\/wp-content\/uploads\/2020\/01\/herbalism-275x300.png 275w, https:\/\/chroniclesofarcadia.com\/wp-content\/uploads\/2020\/01\/herbalism-500x546.png 500w\" sizes=\"(max-width: 523px) 100vw, 523px\"><\/noscript><\/figure><\/div>\n<\/div>\n<\/div>\n<\/body>","protected":false},"excerpt":{"rendered":"<p>Elige tus profesi\u00f3n: \u00bfEst\u00e1s buscando algo distinto a ser un h\u00e9roe? \u00bferes de los que le gusta dar un toque personal a todo? Entonces prueba suerte con las profesiones<\/p>\n","protected":false},"author":1,"featured_media":3482,"parent":0,"menu_order":0,"comment_status":"closed","ping_status":"closed","template":"","meta":{"disable_featured_image_zoom":false},"acf":[],"_links":{"self":[{"href":"https:\/\/chroniclesofarcadia.com\/es\/wp-json\/wp\/v2\/pages\/4342"}],"collection":[{"href":"https:\/\/chroniclesofarcadia.com\/es\/wp-json\/wp\/v2\/pages"}],"about":[{"href":"https:\/\/chroniclesofarcadia.com\/es\/wp-json\/wp\/v2\/types\/page"}],"author":[{"embeddable":true,"href":"https:\/\/chroniclesofarcadia.com\/es\/wp-json\/wp\/v2\/users\/1"}],"replies":[{"embeddable":true,"href":"https:\/\/chroniclesofarcadia.com\/es\/wp-json\/wp\/v2\/comments?post=4342"}],"version-history":[{"count":0,"href":"https:\/\/chroniclesofarcadia.com\/es\/wp-json\/wp\/v2\/pages\/4342\/revisions"}],"wp:featuredmedia":[{"embeddable":true,"href":"https:\/\/chroniclesofarcadia.com\/es\/wp-json\/wp\/v2\/media\/3482"}],"wp:attachment":[{"href":"https:\/\/chroniclesofarcadia.com\/es\/wp-json\/wp\/v2\/media?parent=4342"}],"curies":[{"name":"wp","href":"https:\/\/api.w.org\/{rel}","templated":true}]}}