{"id":4426,"date":"2020-01-17T16:37:18","date_gmt":"2020-01-17T14:37:18","guid":{"rendered":"https:\/\/chroniclesofarcadia.com\/capitulos-de-juegos\/"},"modified":"2024-08-26T01:04:20","modified_gmt":"2024-08-25T23:04:20","slug":"capitulos-de-juegos","status":"publish","type":"page","link":"https:\/\/chroniclesofarcadia.com\/es\/capitulos-de-juegos\/","title":{"rendered":"Cap\u00edtulos de juegos"},"content":{"rendered":"<body>\n<p>Aprende todo lo que necesitas saber sobre el pasado de Chronicles of Arcadia.<\/p>\n\n<!--more-->\n\n<div class=\"wp-block-group flex-columns is-layout-flow\"><div class=\"wp-block-group__inner-container\">\n<div class=\"wp-block-group is-layout-flow\"><div class=\"wp-block-group__inner-container\">\n<strong>Cap\u00edtulo I \u2013 Levantamiento del Pr\u00edncipe Demonio<\/strong>: \n\n\n\n<p>Una vez pac\u00edfica corre el riesgo de incendiarse. Descubre c\u00f3mo comenz\u00f3 la historia de Chronicles of Arcadia.<\/p>\n<\/div><\/div>\n\n\n\n<div class=\"wp-block-group is-layout-flow\"><div class=\"wp-block-group__inner-container\">\n<strong>Cap\u00edtulo II \u2013 La Profec\u00eda \u00c9lfica<\/strong>: \n\n\n\n<p>Una antigua amenaza ha tra\u00eddo a los Elfos de vuelta a Taborea. Descubre lo que deben enfrentar para proteger su imperio.<\/p>\n<\/div><\/div>\n\n\n\n<div class=\"wp-block-group is-layout-flow\"><div class=\"wp-block-group__inner-container\">\n<strong>Cap\u00edtulo III \u2013 Los Reinos Antiguos<\/strong>: \n\n\n\n<p>Tiranos crueles amenazan al rey Callaway y sus s\u00fabditos. Desentra\u00f1a una red enredada y llega al fondo de la intriga.<\/p>\n<\/div><\/div>\n\n\n\n<div class=\"wp-block-group is-layout-flow\"><div class=\"wp-block-group__inner-container\">\n<strong>Cap\u00edtulo IV \u2013 Tierra de la Desgracia<\/strong>: \n\n\n\n<p>Una sombra oscura plaga la tierra. Descubre qui\u00e9n est\u00e1 detr\u00e1s de los acontecimientos recientes y pon fin a sus planes demon\u00edacos.<\/p>\n<\/div><\/div>\n\n\n\n<div class=\"wp-block-group is-layout-flow\"><div class=\"wp-block-group__inner-container\">\n<strong>Chapter V \u2013 Las tierras abrasadas de Rorazan<\/strong>: \n\n\n\n<p>Los enanos forjasombra llegaron a Taborea. Despertados de su profundo sue\u00f1o, ahora est\u00e1n buscando a su Rey.<\/p>\n<\/div><\/div>\n\n\n\n<div class=\"wp-block-group is-layout-flow\"><div class=\"wp-block-group__inner-container\">\n<strong>Cap\u00edtulo VI \u2013 Luces del Para\u00edso<\/strong>: \n\n\n\n<p>Un para\u00edso pac\u00edfico sufre desde el rinc\u00f3n m\u00e1s oscuro de la oscuridad. Derrota a la oscuridad y encuentra la luz del para\u00edso.<\/p>\n<\/div><\/div>\n\n\n\n<div class=\"wp-block-group is-layout-flow\"><div class=\"wp-block-group__inner-container\">\n<strong>Cap\u00edtulo VII \u2013 Apocalipsis C\u00edclope<\/strong>: \n\n\n\n<p>Hace cinco a\u00f1os, los h\u00e9roes de Taborea destruyeron el territorio C\u00edclope y humillaron a su l\u00edder Ugada. Mientras todos descubr\u00edamos nuevas \u00e1reas y derrot\u00e1bamos a nuevos enemigos, los c\u00edclopes hab\u00edan preparado su ej\u00e9rcito para destruir el mundo.<\/p>\n<\/div><\/div>\n\n\n\n<div class=\"wp-block-group is-layout-flow\"><div class=\"wp-block-group__inner-container\">\n<strong>Cap\u00edtulo VIII \u2013 Carro de Diosa<\/strong>: \n\n\n\n<p>Hace mucho tiempo, los golems guardianes gigantes fueron creados por el hombre, los guardianes se volvieron contra ellos y destruyeron gran parte de la tierra. Los taboreanos se unieron en aquellos tiempos desesperados y lograron vencer a esos terribles tiranos y convirtieron los pasillos en ruinas que fluyen lava.<\/p>\n<\/div><\/div>\n\n\n\n<div class=\"wp-block-group is-layout-flow\"><div class=\"wp-block-group__inner-container\">\n<strong>Cap\u00edtulo IX \u2013 El regreso de Pakal<\/strong>: \n\n\n\n<p>\u00c9rase una vez en las tierras de Taborea, hab\u00eda una magn\u00edfica ciudad llamada Tikal. Un d\u00eda oscuro, grupos malvados atacaron a Tikal y lo ocuparon por completo. \u00bfAyudar\u00e1s a Pakal y sus s\u00fabditos a obtener la llave del portal cerrado y rescatar a la princesa?<\/p>\n<\/div><\/div>\n\n\n\n<div class=\"wp-block-group is-layout-flow\"><div class=\"wp-block-group__inner-container\">\n<strong>Cap\u00edtulo X \u2013 C\u00e1mara de los Elementos<\/strong>: \n\n\n\n<p>La vida en Taborea hab\u00eda florecido despu\u00e9s de la ca\u00edda de Wrakal. Por primera vez en 500 a\u00f1os, los reinos estaban en paz. Y luego \u2026 Loki prometi\u00f3 convertir los reinos en cenizas. Glacis se hizo m\u00e1s poderoso, mientras se sentaba en su trono forjado de hielo y constru\u00eda el ej\u00e9rcito m\u00e1s grande del mundo. Adem\u00e1s, el C\u00f3dice Negro abri\u00f3 un pasaje de nuestro mundo a un reino gobernado por Astaroth y sus demonios.<\/p>\n<\/div><\/div>\n\n\n\n<div class=\"wp-block-group is-layout-flow\"><div class=\"wp-block-group__inner-container\">\n<strong>Chapter XI \u2013 Stories from Talaghan<\/strong>: \n\n\n\n<p>Atlantis felt the urge to expand, settlers stranded on the unexplored lands of Talaghan. While preparing the construction of their just founded land, strange unexplainable events happened. Recently the lands of Talaghan were shrinking. A dark core keeps expanding its darkness, consuming everything to darkness. The expanding of darkness must be stopped to save not just Talaghan, but also the rest of Taborea.<\/p>\n<\/div><\/div>\n<\/div><\/div>\n<\/body>","protected":false},"excerpt":{"rendered":"<p>Aprende todo lo que necesitas saber sobre el pasado de Chronicles of Arcadia.<\/p>\n","protected":false},"author":1,"featured_media":0,"parent":0,"menu_order":0,"comment_status":"closed","ping_status":"closed","template":"","meta":{"disable_featured_image_zoom":false},"acf":[],"_links":{"self":[{"href":"https:\/\/chroniclesofarcadia.com\/es\/wp-json\/wp\/v2\/pages\/4426"}],"collection":[{"href":"https:\/\/chroniclesofarcadia.com\/es\/wp-json\/wp\/v2\/pages"}],"about":[{"href":"https:\/\/chroniclesofarcadia.com\/es\/wp-json\/wp\/v2\/types\/page"}],"author":[{"embeddable":true,"href":"https:\/\/chroniclesofarcadia.com\/es\/wp-json\/wp\/v2\/users\/1"}],"replies":[{"embeddable":true,"href":"https:\/\/chroniclesofarcadia.com\/es\/wp-json\/wp\/v2\/comments?post=4426"}],"version-history":[{"count":2,"href":"https:\/\/chroniclesofarcadia.com\/es\/wp-json\/wp\/v2\/pages\/4426\/revisions"}],"predecessor-version":[{"id":293222,"href":"https:\/\/chroniclesofarcadia.com\/es\/wp-json\/wp\/v2\/pages\/4426\/revisions\/293222"}],"wp:attachment":[{"href":"https:\/\/chroniclesofarcadia.com\/es\/wp-json\/wp\/v2\/media?parent=4426"}],"curies":[{"name":"wp","href":"https:\/\/api.w.org\/{rel}","templated":true}]}}