{"id":7033,"date":"2020-09-19T20:44:11","date_gmt":"2020-09-19T18:44:11","guid":{"rendered":"https:\/\/chroniclesofarcadia.com\/dale-un-impulso-a-tu-personaje\/"},"modified":"2023-03-31T13:24:09","modified_gmt":"2023-03-31T11:24:09","slug":"dale-un-impulso-a-tu-personaje","status":"publish","type":"page","link":"https:\/\/chroniclesofarcadia.com\/es\/dale-un-impulso-a-tu-personaje\/","title":{"rendered":"Dale un impulso a tu personaje"},"content":{"rendered":"<body><div class=\"wp-block-image\">\n<figure class=\"alignright size-large is-resized\"><img class=\"image-png lazyload\" decoding=\"async\" loading=\"lazy\" data-src=\"https:\/\/playernetgames.net\/games\/chroniclesofarcadia\/web\/img\/dualclass.png\" alt=\"\" width=\"300\" height=\"404\" src=\"data:image\/gif;base64,R0lGODlhAQABAAAAACH5BAEKAAEALAAAAAABAAEAAAICTAEAOw==\" style=\"--smush-placeholder-width: 300px; --smush-placeholder-aspect-ratio: 300\/404;\"><noscript><img class=\"image-png\" decoding=\"async\" loading=\"lazy\" src=\"https:\/\/playernetgames.net\/games\/chroniclesofarcadia\/web\/img\/dualclass.png\" alt=\"\" width=\"300\" height=\"404\"><\/noscript><\/figure><\/div>\n<strong>Nivel 91 instant\u00e1neo<\/strong>: \n\n<p>\u00bfEres un reci\u00e9n llegado y no quieres empezar de cero?\r\n\u00a1No hay problema!\r\n\u00a1Busca al Gu\u00eda de Aventureros, Johnny Dalker y obt\u00e9n tu impulso a nivel 91 al instante as\u00ed de f\u00e1cil!<\/p>\n\n<strong>Nuevo lugar para Johnny Dalker<\/strong>: \n\n<p>Antes pod\u00edas encontrar a Johnny Dalker en cada zona de inicio para darte un impulso, pero los Magos del Ojo de la Sabidur\u00eda necesitaban su ayuda en Varanas, \u00a1por eso lo encontrar\u00e1s esper\u00e1ndote all\u00ed ahora!<\/p>\n\n<strong>Condiciones<\/strong>: \n\n<p>Re\u00fanes las condiciones cuando tu personaje no tiene ninguna clase a nivel 91 todav\u00eda. \u00a1Eso es todo!<\/p>\n\n<p>Habla con Johnny Dalker y \u00e9l te impulsar\u00e1 con un set de objetos y arma \u00fanicas que coinciden con tu actual clase.\r\nAdem\u00e1s \u00e9l te aumentar\u00e1 a nivel 91 instant\u00e1neamente y te dar\u00e1 una buena cantidad de PT para subir de nivel tus habilidades.<\/p>\n\n<p>\u00bfNo conoces Paradise todav\u00eda? Ahora que sabes c\u00f3mo prepararte para comenzar la aventura, \u00bfa qu\u00e9 esperas para convertirte en un h\u00e9roe? \u00a1Esta es tu oportunidad!<\/p>\n\n<figure class=\"wp-block-image size-large\"><img decoding=\"async\" data-src=\"https:\/\/chroniclesofarcadia.com\/wp-content\/uploads\/2022\/10\/Johnny_Dalker.jpg\" alt=\"\" src=\"data:image\/gif;base64,R0lGODlhAQABAAAAACH5BAEKAAEALAAAAAABAAEAAAICTAEAOw==\" class=\"lazyload\" style=\"--smush-placeholder-width: 1920px; --smush-placeholder-aspect-ratio: 1920\/1017;\"><noscript><img decoding=\"async\" src=\"https:\/\/chroniclesofarcadia.com\/wp-content\/uploads\/2022\/10\/Johnny_Dalker.jpg\" alt=\"\"><\/noscript><\/figure>\n<\/body>","protected":false},"excerpt":{"rendered":"<p>Nivel 91 instant\u00e1neo: \u00bfEres un reci\u00e9n llegado y no quieres empezar de cero? \u00a1No hay problema! \u00a1Busca al Gu\u00eda de Aventureros, Johnny Dalker y obt\u00e9n tu impulso a nivel 91 al instante as\u00ed de f\u00e1cil! Nuevo lugar para Johnny Dalker: Antes pod\u00edas encontrar a Johnny Dalker en cada zona de inicio para darte un impulso, [&hellip;]<\/p>\n","protected":false},"author":1,"featured_media":6076,"parent":0,"menu_order":0,"comment_status":"closed","ping_status":"closed","template":"","meta":{"disable_featured_image_zoom":false},"acf":[],"_links":{"self":[{"href":"https:\/\/chroniclesofarcadia.com\/es\/wp-json\/wp\/v2\/pages\/7033"}],"collection":[{"href":"https:\/\/chroniclesofarcadia.com\/es\/wp-json\/wp\/v2\/pages"}],"about":[{"href":"https:\/\/chroniclesofarcadia.com\/es\/wp-json\/wp\/v2\/types\/page"}],"author":[{"embeddable":true,"href":"https:\/\/chroniclesofarcadia.com\/es\/wp-json\/wp\/v2\/users\/1"}],"replies":[{"embeddable":true,"href":"https:\/\/chroniclesofarcadia.com\/es\/wp-json\/wp\/v2\/comments?post=7033"}],"version-history":[{"count":0,"href":"https:\/\/chroniclesofarcadia.com\/es\/wp-json\/wp\/v2\/pages\/7033\/revisions"}],"wp:featuredmedia":[{"embeddable":true,"href":"https:\/\/chroniclesofarcadia.com\/es\/wp-json\/wp\/v2\/media\/6076"}],"wp:attachment":[{"href":"https:\/\/chroniclesofarcadia.com\/es\/wp-json\/wp\/v2\/media?parent=7033"}],"curies":[{"name":"wp","href":"https:\/\/api.w.org\/{rel}","templated":true}]}}