{"id":4741,"date":"2020-01-17T12:47:55","date_gmt":"2020-01-17T10:47:55","guid":{"rendered":"https:\/\/chroniclesofarcadia.com\/artisanat\/"},"modified":"2020-04-02T02:09:01","modified_gmt":"2020-04-02T00:09:01","slug":"artisanat","status":"publish","type":"page","link":"https:\/\/chroniclesofarcadia.com\/fr\/artisanat\/","title":{"rendered":"Artisanat"},"content":{"rendered":"<body>\n<strong>Choisissez votre profession<\/strong>: \n\n\n\n<p>Cherchez-vous quelque chose de diff\u00e9rent d\u2019\u00eatre un h\u00e9ros? \u00cates-vous l\u2019un de ceux qui aime donner sa touche personnelle \u00e0 tout? Alors donnez une chance aux professionnels.<\/p>\n\n\n\n<!--more-->\n\n\n\n<p>Vous pouvez obtenir tout ce dont vous avez besoin en recueillant des ressources et en les utilisant pour cr\u00e9er des articles sp\u00e9ciaux qui rend votre travail en tant que h\u00e9ros beaucoup plus facile!<\/p>\n\n\n\n<p>Plus vous investissez de temps dans l\u2019apprentissage et la pratique de vos m\u00e9tiers, plus vous aurez d\u2019exp\u00e9rience et les fruits de vos efforts seront meilleurs et meilleurs!<\/p>\n\n\n\n<div class=\"wp-block-columns image-align-bottom is-layout-flex wp-container-5\">\n<div class=\"wp-block-column is-layout-flow\">\n<strong>Alchimie<\/strong>: \n\n\n\n<div class=\"wp-block-group\"><div class=\"wp-block-group__inner-container is-layout-flow\">\n<div class=\"wp-block-image zoomable\"><figure class=\"alignleft size-large\"><img decoding=\"async\" loading=\"lazy\" width=\"64\" height=\"64\" data-src=\"https:\/\/chroniclesofarcadia.com\/wp-content\/uploads\/2020\/01\/alchemy4.png\" alt=\"\" class=\"image-png wp-image-1286 lazyload\" src=\"data:image\/gif;base64,R0lGODlhAQABAAAAACH5BAEKAAEALAAAAAABAAEAAAICTAEAOw==\" style=\"--smush-placeholder-width: 64px; --smush-placeholder-aspect-ratio: 64\/64;\"><noscript><img decoding=\"async\" loading=\"lazy\" width=\"64\" height=\"64\" src=\"https:\/\/chroniclesofarcadia.com\/wp-content\/uploads\/2020\/01\/alchemy4.png\" alt=\"\" class=\"image-png wp-image-1286\"><\/noscript><\/figure><\/div>\n\n\n\n<p>Les meilleurs alchimistes ont une connaissance approfondie des herbes et des min\u00e9raux qui, combin\u00e9s avec les runes pertinentes, entra\u00eenent des potions puissantes capables de restaurer vos PV ou d\u2019am\u00e9liorer vos attributs! \u00c9tudiez cette profession et \u00e9tanchez votre soif de connaissance en am\u00e9liorant vos comp\u00e9tences et celles de vos alli\u00e9s!<\/p>\n<\/div><\/div>\n\n\n\n<div class=\"wp-block-image\"><figure class=\"aligncenter size-large\"><img decoding=\"async\" loading=\"lazy\" width=\"523\" height=\"571\" data-src=\"https:\/\/chroniclesofarcadia.com\/wp-content\/uploads\/2020\/01\/alchemy.png\" alt=\"\" class=\"image-png wp-image-1282 lazyload\" data-srcset=\"https:\/\/chroniclesofarcadia.com\/wp-content\/uploads\/2020\/01\/alchemy.png 523w, https:\/\/chroniclesofarcadia.com\/wp-content\/uploads\/2020\/01\/alchemy-275x300.png 275w, https:\/\/chroniclesofarcadia.com\/wp-content\/uploads\/2020\/01\/alchemy-500x546.png 500w\" data-sizes=\"(max-width: 523px) 100vw, 523px\" src=\"data:image\/gif;base64,R0lGODlhAQABAAAAACH5BAEKAAEALAAAAAABAAEAAAICTAEAOw==\" style=\"--smush-placeholder-width: 523px; --smush-placeholder-aspect-ratio: 523\/571;\"><noscript><img decoding=\"async\" loading=\"lazy\" width=\"523\" height=\"571\" src=\"https:\/\/chroniclesofarcadia.com\/wp-content\/uploads\/2020\/01\/alchemy.png\" alt=\"\" class=\"image-png wp-image-1282\" srcset=\"https:\/\/chroniclesofarcadia.com\/wp-content\/uploads\/2020\/01\/alchemy.png 523w, https:\/\/chroniclesofarcadia.com\/wp-content\/uploads\/2020\/01\/alchemy-275x300.png 275w, https:\/\/chroniclesofarcadia.com\/wp-content\/uploads\/2020\/01\/alchemy-500x546.png 500w\" sizes=\"(max-width: 523px) 100vw, 523px\"><\/noscript><\/figure><\/div>\n<\/div>\n\n\n\n<div class=\"wp-block-column is-layout-flow\">\n<strong>Fabrication d\u2019armure<\/strong>: \n\n\n\n<div class=\"wp-block-group\"><div class=\"wp-block-group__inner-container is-layout-flow\">\n<div class=\"wp-block-image zoomable\"><figure class=\"alignleft size-large\"><img decoding=\"async\" loading=\"lazy\" width=\"64\" height=\"64\" data-src=\"https:\/\/chroniclesofarcadia.com\/wp-content\/uploads\/2020\/01\/armorsmith1.png\" alt=\"\" class=\"image-png wp-image-1288 lazyload\" src=\"data:image\/gif;base64,R0lGODlhAQABAAAAACH5BAEKAAEALAAAAAABAAEAAAICTAEAOw==\" style=\"--smush-placeholder-width: 64px; --smush-placeholder-aspect-ratio: 64\/64;\"><noscript><img decoding=\"async\" loading=\"lazy\" width=\"64\" height=\"64\" src=\"https:\/\/chroniclesofarcadia.com\/wp-content\/uploads\/2020\/01\/armorsmith1.png\" alt=\"\" class=\"image-png wp-image-1288\"><\/noscript><\/figure><\/div>\n\n\n\n<p>Si ce que vous aimez est de faire vos propres mod\u00e8les d\u2019armure, n\u2019h\u00e9sitez pas \u00e0 \u00e9tudier cette profession. Utilisez des ressources naturelles comme les herbes et les min\u00e9raux et cr\u00e9ez des articles merveilleux avec des bonus et des attributs qui vous feront gagner des clients sans fin qui veulent les acheter!<\/p>\n<\/div><\/div>\n\n\n\n<div class=\"wp-block-image\"><figure class=\"aligncenter size-large\"><img decoding=\"async\" loading=\"lazy\" width=\"523\" height=\"571\" data-src=\"https:\/\/chroniclesofarcadia.com\/wp-content\/uploads\/2020\/01\/armorsmith.png\" alt=\"\" class=\"image-png wp-image-1287 lazyload\" data-srcset=\"https:\/\/chroniclesofarcadia.com\/wp-content\/uploads\/2020\/01\/armorsmith.png 523w, https:\/\/chroniclesofarcadia.com\/wp-content\/uploads\/2020\/01\/armorsmith-275x300.png 275w, https:\/\/chroniclesofarcadia.com\/wp-content\/uploads\/2020\/01\/armorsmith-500x546.png 500w\" data-sizes=\"(max-width: 523px) 100vw, 523px\" src=\"data:image\/gif;base64,R0lGODlhAQABAAAAACH5BAEKAAEALAAAAAABAAEAAAICTAEAOw==\" style=\"--smush-placeholder-width: 523px; --smush-placeholder-aspect-ratio: 523\/571;\"><noscript><img decoding=\"async\" loading=\"lazy\" width=\"523\" height=\"571\" src=\"https:\/\/chroniclesofarcadia.com\/wp-content\/uploads\/2020\/01\/armorsmith.png\" alt=\"\" class=\"image-png wp-image-1287\" srcset=\"https:\/\/chroniclesofarcadia.com\/wp-content\/uploads\/2020\/01\/armorsmith.png 523w, https:\/\/chroniclesofarcadia.com\/wp-content\/uploads\/2020\/01\/armorsmith-275x300.png 275w, https:\/\/chroniclesofarcadia.com\/wp-content\/uploads\/2020\/01\/armorsmith-500x546.png 500w\" sizes=\"(max-width: 523px) 100vw, 523px\"><\/noscript><\/figure><\/div>\n<\/div>\n<\/div>\n\n\n\n<div class=\"wp-block-columns image-align-bottom is-layout-flex wp-container-10\">\n<div class=\"wp-block-column is-layout-flow\">\n<strong>Forge<\/strong>: \n\n\n\n<div class=\"wp-block-group\"><div class=\"wp-block-group__inner-container is-layout-flow\">\n<div class=\"wp-block-image zoomable\"><figure class=\"alignleft size-large\"><img decoding=\"async\" loading=\"lazy\" width=\"64\" height=\"64\" data-src=\"https:\/\/chroniclesofarcadia.com\/wp-content\/uploads\/2020\/01\/weaponsmith1.png\" alt=\"\" class=\"image-png wp-image-1278 lazyload\" src=\"data:image\/gif;base64,R0lGODlhAQABAAAAACH5BAEKAAEALAAAAAABAAEAAAICTAEAOw==\" style=\"--smush-placeholder-width: 64px; --smush-placeholder-aspect-ratio: 64\/64;\"><noscript><img decoding=\"async\" loading=\"lazy\" width=\"64\" height=\"64\" src=\"https:\/\/chroniclesofarcadia.com\/wp-content\/uploads\/2020\/01\/weaponsmith1.png\" alt=\"\" class=\"image-png wp-image-1278\"><\/noscript><\/figure><\/div>\n\n\n\n<p>Un h\u00e9ros qui se respecte doit avoir une arme en cons\u00e9quence ! Une combinaison parfaite de bois et de min\u00e9raux peut entra\u00eener une arme mortelle et puissante qui ferait soupirer n\u2019importe quel guerrier. R\u00e9alisez votre r\u00eave et devenez le meilleur armurier de Taborea ! Tout ce dont vous avez besoin est \u00e0 port\u00e9e de main !<\/p>\n<\/div><\/div>\n\n\n\n<div class=\"wp-block-image\"><figure class=\"aligncenter size-large\"><img decoding=\"async\" loading=\"lazy\" width=\"523\" height=\"571\" data-src=\"https:\/\/chroniclesofarcadia.com\/wp-content\/uploads\/2020\/01\/weaponsmith.png\" alt=\"\" class=\"image-png wp-image-1277 lazyload\" data-srcset=\"https:\/\/chroniclesofarcadia.com\/wp-content\/uploads\/2020\/01\/weaponsmith.png 523w, https:\/\/chroniclesofarcadia.com\/wp-content\/uploads\/2020\/01\/weaponsmith-275x300.png 275w, https:\/\/chroniclesofarcadia.com\/wp-content\/uploads\/2020\/01\/weaponsmith-500x546.png 500w\" data-sizes=\"(max-width: 523px) 100vw, 523px\" src=\"data:image\/gif;base64,R0lGODlhAQABAAAAACH5BAEKAAEALAAAAAABAAEAAAICTAEAOw==\" style=\"--smush-placeholder-width: 523px; --smush-placeholder-aspect-ratio: 523\/571;\"><noscript><img decoding=\"async\" loading=\"lazy\" width=\"523\" height=\"571\" src=\"https:\/\/chroniclesofarcadia.com\/wp-content\/uploads\/2020\/01\/weaponsmith.png\" alt=\"\" class=\"image-png wp-image-1277\" srcset=\"https:\/\/chroniclesofarcadia.com\/wp-content\/uploads\/2020\/01\/weaponsmith.png 523w, https:\/\/chroniclesofarcadia.com\/wp-content\/uploads\/2020\/01\/weaponsmith-275x300.png 275w, https:\/\/chroniclesofarcadia.com\/wp-content\/uploads\/2020\/01\/weaponsmith-500x546.png 500w\" sizes=\"(max-width: 523px) 100vw, 523px\"><\/noscript><\/figure><\/div>\n<\/div>\n\n\n\n<div class=\"wp-block-column is-layout-flow\">\n<strong>Cuisine<\/strong>: \n\n\n\n<div class=\"wp-block-group\"><div class=\"wp-block-group__inner-container is-layout-flow\">\n<div class=\"wp-block-image zoomable\"><figure class=\"alignleft size-large\"><img decoding=\"async\" loading=\"lazy\" width=\"64\" height=\"64\" data-src=\"https:\/\/chroniclesofarcadia.com\/wp-content\/uploads\/2020\/01\/cooking1.png\" alt=\"\" class=\"image-png wp-image-1268 lazyload\" src=\"data:image\/gif;base64,R0lGODlhAQABAAAAACH5BAEKAAEALAAAAAABAAEAAAICTAEAOw==\" style=\"--smush-placeholder-width: 64px; --smush-placeholder-aspect-ratio: 64\/64;\"><noscript><img decoding=\"async\" loading=\"lazy\" width=\"64\" height=\"64\" src=\"https:\/\/chroniclesofarcadia.com\/wp-content\/uploads\/2020\/01\/cooking1.png\" alt=\"\" class=\"image-png wp-image-1268\"><\/noscript><\/figure><\/div>\n\n\n\n<p>Pimenter la vie et devenir un grand chef, combinant toutes sortes d\u2019ingr\u00e9dients et de saveurs ainsi que des ressources naturelles telles que les bois et les herbes et de cr\u00e9er de merveilleux aliments et desserts capables d\u2019augmenter les v\u00f4tres et vos acheteurs affam\u00e9s attributs!<\/p>\n<\/div><\/div>\n\n\n\n<div class=\"wp-block-image\"><figure class=\"aligncenter size-large\"><img decoding=\"async\" loading=\"lazy\" width=\"523\" height=\"571\" data-src=\"https:\/\/chroniclesofarcadia.com\/wp-content\/uploads\/2020\/01\/cooking.png\" alt=\"\" class=\"image-png wp-image-1267 lazyload\" data-srcset=\"https:\/\/chroniclesofarcadia.com\/wp-content\/uploads\/2020\/01\/cooking.png 523w, https:\/\/chroniclesofarcadia.com\/wp-content\/uploads\/2020\/01\/cooking-275x300.png 275w, https:\/\/chroniclesofarcadia.com\/wp-content\/uploads\/2020\/01\/cooking-500x546.png 500w\" data-sizes=\"(max-width: 523px) 100vw, 523px\" src=\"data:image\/gif;base64,R0lGODlhAQABAAAAACH5BAEKAAEALAAAAAABAAEAAAICTAEAOw==\" style=\"--smush-placeholder-width: 523px; --smush-placeholder-aspect-ratio: 523\/571;\"><noscript><img decoding=\"async\" loading=\"lazy\" width=\"523\" height=\"571\" src=\"https:\/\/chroniclesofarcadia.com\/wp-content\/uploads\/2020\/01\/cooking.png\" alt=\"\" class=\"image-png wp-image-1267\" srcset=\"https:\/\/chroniclesofarcadia.com\/wp-content\/uploads\/2020\/01\/cooking.png 523w, https:\/\/chroniclesofarcadia.com\/wp-content\/uploads\/2020\/01\/cooking-275x300.png 275w, https:\/\/chroniclesofarcadia.com\/wp-content\/uploads\/2020\/01\/cooking-500x546.png 500w\" sizes=\"(max-width: 523px) 100vw, 523px\"><\/noscript><\/figure><\/div>\n<\/div>\n<\/div>\n\n\n\n<div class=\"wp-block-columns image-align-bottom is-layout-flex wp-container-15\">\n<div class=\"wp-block-column is-layout-flow\">\n<strong>Couture<\/strong>: \n\n\n\n<div class=\"wp-block-group\"><div class=\"wp-block-group__inner-container is-layout-flow\">\n<div class=\"wp-block-image zoomable\"><figure class=\"alignleft size-large\"><img decoding=\"async\" loading=\"lazy\" width=\"64\" height=\"64\" data-src=\"https:\/\/chroniclesofarcadia.com\/wp-content\/uploads\/2020\/01\/tailoring3.png\" alt=\"\" class=\"image-png wp-image-1276 lazyload\" src=\"data:image\/gif;base64,R0lGODlhAQABAAAAACH5BAEKAAEALAAAAAABAAEAAAICTAEAOw==\" style=\"--smush-placeholder-width: 64px; --smush-placeholder-aspect-ratio: 64\/64;\"><noscript><img decoding=\"async\" loading=\"lazy\" width=\"64\" height=\"64\" src=\"https:\/\/chroniclesofarcadia.com\/wp-content\/uploads\/2020\/01\/tailoring3.png\" alt=\"\" class=\"image-png wp-image-1276\"><\/noscript><\/figure><\/div>\n\n\n\n<p>Coudre ces morceaux de tissu et cr\u00e9er de magnifiques tuniques, pantalons, gants et toutes sortes d\u2019articles avec des bonus et des attributs. Les ressources naturelles telles que le bois ou l\u2019herbe sont vos meilleurs alli\u00e9s pour cr\u00e9er des mod\u00e8les merveilleux avec lesquels laisser vos clients plus que satisfaits!<\/p>\n<\/div><\/div>\n\n\n\n<div class=\"wp-block-image\"><figure class=\"aligncenter size-large\"><img decoding=\"async\" loading=\"lazy\" width=\"523\" height=\"571\" data-src=\"https:\/\/chroniclesofarcadia.com\/wp-content\/uploads\/2020\/01\/tailoring.png\" alt=\"\" class=\"image-png wp-image-1273 lazyload\" data-srcset=\"https:\/\/chroniclesofarcadia.com\/wp-content\/uploads\/2020\/01\/tailoring.png 523w, https:\/\/chroniclesofarcadia.com\/wp-content\/uploads\/2020\/01\/tailoring-275x300.png 275w, https:\/\/chroniclesofarcadia.com\/wp-content\/uploads\/2020\/01\/tailoring-500x546.png 500w\" data-sizes=\"(max-width: 523px) 100vw, 523px\" src=\"data:image\/gif;base64,R0lGODlhAQABAAAAACH5BAEKAAEALAAAAAABAAEAAAICTAEAOw==\" style=\"--smush-placeholder-width: 523px; --smush-placeholder-aspect-ratio: 523\/571;\"><noscript><img decoding=\"async\" loading=\"lazy\" width=\"523\" height=\"571\" src=\"https:\/\/chroniclesofarcadia.com\/wp-content\/uploads\/2020\/01\/tailoring.png\" alt=\"\" class=\"image-png wp-image-1273\" srcset=\"https:\/\/chroniclesofarcadia.com\/wp-content\/uploads\/2020\/01\/tailoring.png 523w, https:\/\/chroniclesofarcadia.com\/wp-content\/uploads\/2020\/01\/tailoring-275x300.png 275w, https:\/\/chroniclesofarcadia.com\/wp-content\/uploads\/2020\/01\/tailoring-500x546.png 500w\" sizes=\"(max-width: 523px) 100vw, 523px\"><\/noscript><\/figure><\/div>\n<\/div>\n\n\n\n<div class=\"wp-block-column is-layout-flow\">\n<strong>\u00c9benisterie<\/strong>: \n\n\n\n<div class=\"wp-block-group\"><div class=\"wp-block-group__inner-container is-layout-flow\">\n<div class=\"wp-block-image zoomable\"><figure class=\"alignleft size-large\"><img decoding=\"async\" loading=\"lazy\" width=\"64\" height=\"64\" data-src=\"https:\/\/chroniclesofarcadia.com\/wp-content\/uploads\/2020\/01\/carpenter1.png\" alt=\"\" class=\"image-png wp-image-1292 lazyload\" src=\"data:image\/gif;base64,R0lGODlhAQABAAAAACH5BAEKAAEALAAAAAABAAEAAAICTAEAOw==\" style=\"--smush-placeholder-width: 64px; --smush-placeholder-aspect-ratio: 64\/64;\"><noscript><img decoding=\"async\" loading=\"lazy\" width=\"64\" height=\"64\" src=\"https:\/\/chroniclesofarcadia.com\/wp-content\/uploads\/2020\/01\/carpenter1.png\" alt=\"\" class=\"image-png wp-image-1292\"><\/noscript><\/figure><\/div>\n\n\n\n<p>Fa\u00e7onnez le bois et fabriquez de merveilleuses armes comme des arbal\u00e8tes et des arcs destructeurs ou des baguettes magiques et des b\u00e2tons, devenez un expert du travail du bois et faites plaisir \u00e0 vos acheteurs avec vos plus beaux dessins et mortels!<\/p>\n<\/div><\/div>\n\n\n\n<div class=\"wp-block-image\"><figure class=\"aligncenter size-large\"><img decoding=\"async\" loading=\"lazy\" width=\"523\" height=\"571\" data-src=\"https:\/\/chroniclesofarcadia.com\/wp-content\/uploads\/2020\/01\/carpenter.png\" alt=\"\" class=\"image-png wp-image-1291 lazyload\" data-srcset=\"https:\/\/chroniclesofarcadia.com\/wp-content\/uploads\/2020\/01\/carpenter.png 523w, https:\/\/chroniclesofarcadia.com\/wp-content\/uploads\/2020\/01\/carpenter-275x300.png 275w, https:\/\/chroniclesofarcadia.com\/wp-content\/uploads\/2020\/01\/carpenter-500x546.png 500w\" data-sizes=\"(max-width: 523px) 100vw, 523px\" src=\"data:image\/gif;base64,R0lGODlhAQABAAAAACH5BAEKAAEALAAAAAABAAEAAAICTAEAOw==\" style=\"--smush-placeholder-width: 523px; --smush-placeholder-aspect-ratio: 523\/571;\"><noscript><img decoding=\"async\" loading=\"lazy\" width=\"523\" height=\"571\" src=\"https:\/\/chroniclesofarcadia.com\/wp-content\/uploads\/2020\/01\/carpenter.png\" alt=\"\" class=\"image-png wp-image-1291\" srcset=\"https:\/\/chroniclesofarcadia.com\/wp-content\/uploads\/2020\/01\/carpenter.png 523w, https:\/\/chroniclesofarcadia.com\/wp-content\/uploads\/2020\/01\/carpenter-275x300.png 275w, https:\/\/chroniclesofarcadia.com\/wp-content\/uploads\/2020\/01\/carpenter-500x546.png 500w\" sizes=\"(max-width: 523px) 100vw, 523px\"><\/noscript><\/figure><\/div>\n<\/div>\n<\/div>\n\n\n\n<div class=\"wp-block-columns image-align-bottom is-layout-flex wp-container-19\">\n<div class=\"wp-block-column is-layout-flow\">\n<strong>B\u00fbcheronnage<\/strong>: \n\n\n\n<p>Beaucoup d\u2019aventuriers voyagent dans le monde \u00e0 la recherche de ressources naturelles pour leur artisanat ou acheteurs avides, mais seuls les plus habiles et sages savent reconna\u00eetre les meilleures ressources. Apprenez \u00e0 couper le bois et augmentez vos comp\u00e9tences et votre niveau pendant que vous voyagez \u00e0 travers le monde!<\/p>\n\n\n\n<div class=\"wp-block-image\"><figure class=\"aligncenter size-large\"><img decoding=\"async\" loading=\"lazy\" width=\"523\" height=\"571\" data-src=\"https:\/\/chroniclesofarcadia.com\/wp-content\/uploads\/2020\/01\/woodcutter.png\" alt=\"\" class=\"image-png wp-image-1281 lazyload\" data-srcset=\"https:\/\/chroniclesofarcadia.com\/wp-content\/uploads\/2020\/01\/woodcutter.png 523w, https:\/\/chroniclesofarcadia.com\/wp-content\/uploads\/2020\/01\/woodcutter-275x300.png 275w, https:\/\/chroniclesofarcadia.com\/wp-content\/uploads\/2020\/01\/woodcutter-500x546.png 500w\" data-sizes=\"(max-width: 523px) 100vw, 523px\" src=\"data:image\/gif;base64,R0lGODlhAQABAAAAACH5BAEKAAEALAAAAAABAAEAAAICTAEAOw==\" style=\"--smush-placeholder-width: 523px; --smush-placeholder-aspect-ratio: 523\/571;\"><noscript><img decoding=\"async\" loading=\"lazy\" width=\"523\" height=\"571\" src=\"https:\/\/chroniclesofarcadia.com\/wp-content\/uploads\/2020\/01\/woodcutter.png\" alt=\"\" class=\"image-png wp-image-1281\" srcset=\"https:\/\/chroniclesofarcadia.com\/wp-content\/uploads\/2020\/01\/woodcutter.png 523w, https:\/\/chroniclesofarcadia.com\/wp-content\/uploads\/2020\/01\/woodcutter-275x300.png 275w, https:\/\/chroniclesofarcadia.com\/wp-content\/uploads\/2020\/01\/woodcutter-500x546.png 500w\" sizes=\"(max-width: 523px) 100vw, 523px\"><\/noscript><\/figure><\/div>\n<\/div>\n\n\n\n<div class=\"wp-block-column is-layout-flow\">\n<strong>Minage<\/strong>: \n\n\n\n<p>Extraits de la montagne, les min\u00e9raux sont une ressource convoit\u00e9e et utilis\u00e9s par les plus grands artisans de Taborea, mais tous n\u2019ont pas la capacit\u00e9 d\u2019extraire ce tr\u00e9sor de la montagne et encore moins de savoir le diff\u00e9rencier d\u2019un calcaire commun. Devenez un mineur de haut niveau et apprenez \u00e0 collecter et raffiner toutes sortes de min\u00e9raux pr\u00e9cieux!<\/p>\n\n\n\n<div class=\"wp-block-image\"><figure class=\"aligncenter size-large\"><img decoding=\"async\" loading=\"lazy\" width=\"523\" height=\"571\" data-src=\"https:\/\/chroniclesofarcadia.com\/wp-content\/uploads\/2020\/01\/miner.png\" alt=\"\" class=\"image-png wp-image-1272 lazyload\" data-srcset=\"https:\/\/chroniclesofarcadia.com\/wp-content\/uploads\/2020\/01\/miner.png 523w, https:\/\/chroniclesofarcadia.com\/wp-content\/uploads\/2020\/01\/miner-275x300.png 275w, https:\/\/chroniclesofarcadia.com\/wp-content\/uploads\/2020\/01\/miner-500x546.png 500w\" data-sizes=\"(max-width: 523px) 100vw, 523px\" src=\"data:image\/gif;base64,R0lGODlhAQABAAAAACH5BAEKAAEALAAAAAABAAEAAAICTAEAOw==\" style=\"--smush-placeholder-width: 523px; --smush-placeholder-aspect-ratio: 523\/571;\"><noscript><img decoding=\"async\" loading=\"lazy\" width=\"523\" height=\"571\" src=\"https:\/\/chroniclesofarcadia.com\/wp-content\/uploads\/2020\/01\/miner.png\" alt=\"\" class=\"image-png wp-image-1272\" srcset=\"https:\/\/chroniclesofarcadia.com\/wp-content\/uploads\/2020\/01\/miner.png 523w, https:\/\/chroniclesofarcadia.com\/wp-content\/uploads\/2020\/01\/miner-275x300.png 275w, https:\/\/chroniclesofarcadia.com\/wp-content\/uploads\/2020\/01\/miner-500x546.png 500w\" sizes=\"(max-width: 523px) 100vw, 523px\"><\/noscript><\/figure><\/div>\n<\/div>\n\n\n\n<div class=\"wp-block-column is-layout-flow\">\n<strong>Herboristerie<\/strong>: \n\n\n\n<p>Il y a ceux qui utilisent leur nez pour sentir les fleurs et il y a ceux qui ont un grand sens de l\u2019odorat pour reconna\u00eetre toutes sortes d\u2019herbes pr\u00e9cieuses pour les raffiner et les utiliser comme ingr\u00e9dients pour cr\u00e9er des potions puissantes, des aliments savoureux ou des armures. Si vous \u00eates l\u2019un de ceux qui ont un bon nez pour les cr\u00e9ations ou les affaires, vous voudrez peut-\u00eatre en apprendre davantage sur l\u2019herboristerie!<\/p>\n\n\n\n<div class=\"wp-block-image\"><figure class=\"aligncenter size-large\"><img decoding=\"async\" loading=\"lazy\" width=\"523\" height=\"571\" data-src=\"https:\/\/chroniclesofarcadia.com\/wp-content\/uploads\/2020\/01\/herbalism.png\" alt=\"\" class=\"image-png wp-image-1271 lazyload\" data-srcset=\"https:\/\/chroniclesofarcadia.com\/wp-content\/uploads\/2020\/01\/herbalism.png 523w, https:\/\/chroniclesofarcadia.com\/wp-content\/uploads\/2020\/01\/herbalism-275x300.png 275w, https:\/\/chroniclesofarcadia.com\/wp-content\/uploads\/2020\/01\/herbalism-500x546.png 500w\" data-sizes=\"(max-width: 523px) 100vw, 523px\" src=\"data:image\/gif;base64,R0lGODlhAQABAAAAACH5BAEKAAEALAAAAAABAAEAAAICTAEAOw==\" style=\"--smush-placeholder-width: 523px; --smush-placeholder-aspect-ratio: 523\/571;\"><noscript><img decoding=\"async\" loading=\"lazy\" width=\"523\" height=\"571\" src=\"https:\/\/chroniclesofarcadia.com\/wp-content\/uploads\/2020\/01\/herbalism.png\" alt=\"\" class=\"image-png wp-image-1271\" srcset=\"https:\/\/chroniclesofarcadia.com\/wp-content\/uploads\/2020\/01\/herbalism.png 523w, https:\/\/chroniclesofarcadia.com\/wp-content\/uploads\/2020\/01\/herbalism-275x300.png 275w, https:\/\/chroniclesofarcadia.com\/wp-content\/uploads\/2020\/01\/herbalism-500x546.png 500w\" sizes=\"(max-width: 523px) 100vw, 523px\"><\/noscript><\/figure><\/div>\n<\/div>\n<\/div>\n<\/body>","protected":false},"excerpt":{"rendered":"<p>Choisissez votre profession: Cherchez-vous quelque chose de diff\u00e9rent d\u2019\u00eatre un h\u00e9ros? \u00cates-vous l\u2019un de ceux qui aime donner sa touche personnelle \u00e0 tout? Alors donnez une chance aux professionnels.<\/p>\n","protected":false},"author":1,"featured_media":3478,"parent":0,"menu_order":0,"comment_status":"closed","ping_status":"closed","template":"","meta":{"disable_featured_image_zoom":false},"acf":[],"_links":{"self":[{"href":"https:\/\/chroniclesofarcadia.com\/fr\/wp-json\/wp\/v2\/pages\/4741"}],"collection":[{"href":"https:\/\/chroniclesofarcadia.com\/fr\/wp-json\/wp\/v2\/pages"}],"about":[{"href":"https:\/\/chroniclesofarcadia.com\/fr\/wp-json\/wp\/v2\/types\/page"}],"author":[{"embeddable":true,"href":"https:\/\/chroniclesofarcadia.com\/fr\/wp-json\/wp\/v2\/users\/1"}],"replies":[{"embeddable":true,"href":"https:\/\/chroniclesofarcadia.com\/fr\/wp-json\/wp\/v2\/comments?post=4741"}],"version-history":[{"count":0,"href":"https:\/\/chroniclesofarcadia.com\/fr\/wp-json\/wp\/v2\/pages\/4741\/revisions"}],"wp:featuredmedia":[{"embeddable":true,"href":"https:\/\/chroniclesofarcadia.com\/fr\/wp-json\/wp\/v2\/media\/3478"}],"wp:attachment":[{"href":"https:\/\/chroniclesofarcadia.com\/fr\/wp-json\/wp\/v2\/media?parent=4741"}],"curies":[{"name":"wp","href":"https:\/\/api.w.org\/{rel}","templated":true}]}}