{"id":5264,"date":"2019-12-17T17:06:13","date_gmt":"2019-12-17T15:06:13","guid":{"rendered":"https:\/\/chroniclesofarcadia.com\/telechargements\/"},"modified":"2024-08-26T00:59:11","modified_gmt":"2024-08-25T22:59:11","slug":"telechargements","status":"publish","type":"page","link":"https:\/\/chroniclesofarcadia.com\/fr\/telechargements\/","title":{"rendered":"T\u00e9l\u00e9chargements"},"content":{"rendered":"<body>\n<p>Acc\u00e9dez au client du jeu, aux mises \u00e0 jour manuelles et aux t\u00e9l\u00e9chargements des extensions pour les Chroniques d\u2019Arcadia.<\/p>\n\n<!--more-->\n\n<div class=\"wp-block-group align-center downloads-margin-top is-layout-flow\"><div class=\"wp-block-group__inner-container\">\r\n<a class=\"btn  btn-lg btn-primary \" href=\"https:\/\/playernetgames.net\/download\" target=\"_blank\"><span class=\"fa fa-gamepad\"><\/span> Client du Jeu <\/a>\n\n\r\n<a class=\"btn  btn-lg btn-primary \" href=\"https:\/\/www.curseforge.com\/chronicles-of-arcadia\/addons\" target=\"_blank\"><span class=\"fa fa-puzzle-piece\"><\/span> Extensions <\/a>\n\n\r\n<a class=\"btn  btn-lg btn-primary \" href=\"https:\/\/playernetgames.net\/download\" target=\"_blank\"><span class=\"fa fa-cog\"><\/span> Mises \u00e0 jour Manuelles <\/a><\/div><\/div>\n\n<strong>Configuration Requise<\/strong>: \n\n<figure class=\"wp-block-table is-style-stripes downloads\"><table><thead><tr><th>Cat\u00e9gorie<\/th><th>Minimum<\/th><th>Recommand\u00e9e<\/th><\/tr><\/thead><tbody><tr><td>Processeur<\/td><td>Intel Core i3 2,5 Ghz<\/td><td>Intel Core i7 3,0 GHz ou \u00e9quivalent<\/td><\/tr><tr><td>M\u00e9moire Vive<\/td><td>4 GB<\/td><td>8 GB<\/td><\/tr><tr><td>Carte Graphique<\/td><td>DirectX 9.0c compatible avec 512 Mo de RAM et prise en charge de Pixel Shader 2.0 (ou sup\u00e9rieur)<\/td><td>NVIDIA GTX 750 Ti, 2048 MB RAM<\/td><\/tr><tr><td>Espace Disque Dur<\/td><td>22 GB<\/td><td>22 GB<\/td><\/tr><tr><td>Syst\u00e8me d\u2019Exploitation<\/td><td>Windows 7 (64-bit)<\/td><td>Windows 10 (64-bit)<\/td><\/tr><tr><td>Autre<\/td><td>Connexion Internet haut d\u00e9bit, Clavier et Souris<\/td><td>Connexion Internet haut d\u00e9bit, Clavier et Souris<\/td><\/tr><\/tbody><\/table><\/figure>\n<\/body>","protected":false},"excerpt":{"rendered":"<p>Acc\u00e9dez au client du jeu, aux mises \u00e0 jour manuelles et aux t\u00e9l\u00e9chargements des extensions pour les Chroniques d\u2019Arcadia.<\/p>\n","protected":false},"author":1,"featured_media":0,"parent":0,"menu_order":0,"comment_status":"closed","ping_status":"closed","template":"","meta":{"disable_featured_image_zoom":false},"acf":[],"_links":{"self":[{"href":"https:\/\/chroniclesofarcadia.com\/fr\/wp-json\/wp\/v2\/pages\/5264"}],"collection":[{"href":"https:\/\/chroniclesofarcadia.com\/fr\/wp-json\/wp\/v2\/pages"}],"about":[{"href":"https:\/\/chroniclesofarcadia.com\/fr\/wp-json\/wp\/v2\/types\/page"}],"author":[{"embeddable":true,"href":"https:\/\/chroniclesofarcadia.com\/fr\/wp-json\/wp\/v2\/users\/1"}],"replies":[{"embeddable":true,"href":"https:\/\/chroniclesofarcadia.com\/fr\/wp-json\/wp\/v2\/comments?post=5264"}],"version-history":[{"count":2,"href":"https:\/\/chroniclesofarcadia.com\/fr\/wp-json\/wp\/v2\/pages\/5264\/revisions"}],"predecessor-version":[{"id":293194,"href":"https:\/\/chroniclesofarcadia.com\/fr\/wp-json\/wp\/v2\/pages\/5264\/revisions\/293194"}],"wp:attachment":[{"href":"https:\/\/chroniclesofarcadia.com\/fr\/wp-json\/wp\/v2\/media?parent=5264"}],"curies":[{"name":"wp","href":"https:\/\/api.w.org\/{rel}","templated":true}]}}