{"id":5266,"date":"2020-01-17T16:37:18","date_gmt":"2020-01-17T14:37:18","guid":{"rendered":"https:\/\/chroniclesofarcadia.com\/chapitres\/"},"modified":"2024-08-26T01:04:04","modified_gmt":"2024-08-25T23:04:04","slug":"chapitres","status":"publish","type":"page","link":"https:\/\/chroniclesofarcadia.com\/fr\/chapitres\/","title":{"rendered":"Chapitres"},"content":{"rendered":"<body>\n<p>Apprenez tout ce que vous devez savoir sur le pass\u00e9 des Chroniques d\u2019Arcadia.<\/p>\n\n<!--more-->\n\n<div class=\"wp-block-group flex-columns is-layout-flow\"><div class=\"wp-block-group__inner-container\">\n<div class=\"wp-block-group is-layout-flow\"><div class=\"wp-block-group__inner-container\">\n<strong>Chapitre I \u2013 L\u2019ascension du Seigneur D\u00e9mon<\/strong>: \n\n\n\n<p>Une fois paisible risque de s\u2019enflammer. D\u00e9couvrez comment l\u2019histoire des Chroniques d\u2019Arcadia ont commenc\u00e9.<\/p>\n<\/div><\/div>\n\n\n\n<div class=\"wp-block-group is-layout-flow\"><div class=\"wp-block-group__inner-container\">\n<strong>Chapitre II \u2013 La Proph\u00e9tie des Elfes<\/strong>: \n\n\n\n<p>Une ancienne menace a ramen\u00e9 les Elfes \u00e0 Taborea. D\u00e9couvrez \u00e0 quoi ils doivent faire face pour prot\u00e9ger leur empire.<\/p>\n<\/div><\/div>\n\n\n\n<div class=\"wp-block-group is-layout-flow\"><div class=\"wp-block-group__inner-container\">\n<strong>Chapitre III \u2013 Les Royaumes Antiques<\/strong>: \n\n\n\n<p>Des tyrans cruels menacent le roi Callaway et ses sujets. Trouvez le fin mot de l\u2019histoire et allez au fond de l\u2019intrigue.<\/p>\n<\/div><\/div>\n\n\n\n<div class=\"wp-block-group is-layout-flow\"><div class=\"wp-block-group__inner-container\">\n<strong>Chapitre IV \u2013 Les Terres de la D\u00e9solation<\/strong>: \n\n\n\n<p>Une ombre sombre tourmente la terre. D\u00e9couvrez qui est derri\u00e8re les \u00e9v\u00e9nements r\u00e9cents et mettez un terme \u00e0 leurs plans d\u00e9moniaques.<\/p>\n<\/div><\/div>\n\n\n\n<div class=\"wp-block-group is-layout-flow\"><div class=\"wp-block-group__inner-container\">\n<strong>Chapitre V \u2013 Les feux d\u2019Ombreforge<\/strong>: \n\n\n\n<p>Les nains Ombreforge sont arriv\u00e9s \u00e0 Taborea. R\u00e9veill\u00e9s de leur profond sommeil, ils cherchent maintenant leur roi.<\/p>\n<\/div><\/div>\n\n\n\n<div class=\"wp-block-group is-layout-flow\"><div class=\"wp-block-group__inner-container\">\n<strong>Chapitre VI \u2013 Les Lumi\u00e8res du Paradis<\/strong>: \n\n\n\n<p>Un paradis paisible souffre du coin le plus sombre de l\u2019obscurit\u00e9. Battez les t\u00e9n\u00e8bres et trouvez la lumi\u00e8re du paradis.<\/p>\n<\/div><\/div>\n\n\n\n<div class=\"wp-block-group is-layout-flow\"><div class=\"wp-block-group__inner-container\">\n<strong>Chapitre VII \u2013 l\u2019Apocalypse des Cyclopes<\/strong>: \n\n\n\n<p>Il y a cinq ans, les h\u00e9ros de Taborea ont d\u00e9truit le territoire des Cyclopes et humili\u00e9 leur chef Ugada. Pendant que nous d\u00e9couvrions tous de nouvelles zones et que nous battions de nouveaux ennemis, les Cyclopes avaient pr\u00e9par\u00e9 leur arm\u00e9e \u00e0 d\u00e9truire le monde.<\/p>\n<\/div><\/div>\n\n\n\n<div class=\"wp-block-group is-layout-flow\"><div class=\"wp-block-group__inner-container\">\n<strong>Chapitre VIII \u2013 Le Char de la d\u00e9esse<\/strong>: \n\n\n\n<p>Il y a longtemps, des golems gardiens g\u00e9ants ont \u00e9t\u00e9 cr\u00e9\u00e9s par l\u2019homme, les gardiens se sont retourn\u00e9s contre eux et ont d\u00e9truit une grande partie du territoire. Les Tabor\u00e9ens se sont regroup\u00e9s en ces temps d\u00e9sesp\u00e9r\u00e9s et ont r\u00e9ussi \u00e0 vaincre ces terribles tyrans et \u00e0 transformer les couloirs en ruines coulant de lave.<\/p>\n<\/div><\/div>\n\n\n\n<div class=\"wp-block-group is-layout-flow\"><div class=\"wp-block-group__inner-container\">\n<strong>Chapitre IX \u2013 Le Retour de Pakal<\/strong>: \n\n\n\n<p>Il \u00e9tait une fois dans les terres de Taborea, il y avait une magnifique ville appel\u00e9e <i>Tikal<\/i>. Un jour sombre, des troupes mal\u00e9fiques ont attaqu\u00e9 Tikal et l\u2019ont occup\u00e9 compl\u00e8tement. Allez-vous aider Pakal et ses sujets \u00e0 obtenir la cl\u00e9 du portail ferm\u00e9 et \u00e0 sauver la princesse?<\/p>\n<\/div><\/div>\n\n\n\n<div class=\"wp-block-group is-layout-flow\"><div class=\"wp-block-group__inner-container\">\n<strong>Chapitre X \u2013 Chambre des El\u00e9ments<\/strong>: \n\n\n\n<p>La vie \u00e0 Taborea avait prosp\u00e9r\u00e9 apr\u00e8s la chute de Wrakal. Pour la premi\u00e8re fois en 500 ans, les Royaumes \u00e9taient en paix. Et puis \u2026 Loki a jur\u00e9 de transformer les Royaumes en cendres. Glacis est devenu plus puissant, alors qu\u2019il \u00e9tait assis sur son tr\u00f4ne forg\u00e9 sur la glace et a construit la plus grande arm\u00e9e du monde. De plus, le Codex Noir a ouvert un passage de notre monde vers un royaume dirig\u00e9 par Astaroth et ses d\u00e9mons.<\/p>\n<\/div><\/div>\n\n\n\n<div class=\"wp-block-group is-layout-flow\"><div class=\"wp-block-group__inner-container\">\n<strong>Chapter XI \u2013 Stories from Talaghan<\/strong>: \n\n\n\n<p>Atlantis felt the urge to expand, settlers stranded on the unexplored lands of Talaghan. While preparing the construction of their just founded land, strange unexplainable events happened. Recently the lands of Talaghan were shrinking. A dark core keeps expanding its darkness, consuming everything to darkness. The expanding of darkness must be stopped to save not just Talaghan, but also the rest of Taborea.<\/p>\n<\/div><\/div>\n<\/div><\/div>\n<\/body>","protected":false},"excerpt":{"rendered":"<p>Apprenez tout ce que vous devez savoir sur le pass\u00e9 des Chroniques d\u2019Arcadia.<\/p>\n","protected":false},"author":1,"featured_media":0,"parent":0,"menu_order":0,"comment_status":"closed","ping_status":"closed","template":"","meta":{"disable_featured_image_zoom":false},"acf":[],"_links":{"self":[{"href":"https:\/\/chroniclesofarcadia.com\/fr\/wp-json\/wp\/v2\/pages\/5266"}],"collection":[{"href":"https:\/\/chroniclesofarcadia.com\/fr\/wp-json\/wp\/v2\/pages"}],"about":[{"href":"https:\/\/chroniclesofarcadia.com\/fr\/wp-json\/wp\/v2\/types\/page"}],"author":[{"embeddable":true,"href":"https:\/\/chroniclesofarcadia.com\/fr\/wp-json\/wp\/v2\/users\/1"}],"replies":[{"embeddable":true,"href":"https:\/\/chroniclesofarcadia.com\/fr\/wp-json\/wp\/v2\/comments?post=5266"}],"version-history":[{"count":2,"href":"https:\/\/chroniclesofarcadia.com\/fr\/wp-json\/wp\/v2\/pages\/5266\/revisions"}],"predecessor-version":[{"id":293215,"href":"https:\/\/chroniclesofarcadia.com\/fr\/wp-json\/wp\/v2\/pages\/5266\/revisions\/293215"}],"wp:attachment":[{"href":"https:\/\/chroniclesofarcadia.com\/fr\/wp-json\/wp\/v2\/media?parent=5266"}],"curies":[{"name":"wp","href":"https:\/\/api.w.org\/{rel}","templated":true}]}}