{"id":5268,"date":"2020-01-17T14:56:53","date_gmt":"2020-01-17T12:56:53","guid":{"rendered":"https:\/\/chroniclesofarcadia.com\/lhistoire-de-taborea\/"},"modified":"2020-04-02T02:08:02","modified_gmt":"2020-04-02T00:08:02","slug":"lhistoire-de-taborea","status":"publish","type":"page","link":"https:\/\/chroniclesofarcadia.com\/fr\/lhistoire-de-taborea\/","title":{"rendered":"L&#8217;histoire de Tabor\u00e9a"},"content":{"rendered":"<body>\n<strong>Une Imagination Fantaisiste et Sinistre<\/strong>: \n\n\n\n<p>Taborea est n\u00e9 quand Ayvenas a commenc\u00e9 \u00e0 enregistrer ses visions d\u2019un monde extraordinaire dans un livre. Comme il l\u2019a \u00e9crit, dieu a cr\u00e9\u00e9 des races pacifiques et des terres idylliques pour qu\u2019ils puissent y habiter. Mais, comme nous le savons tous, une histoire heureuse est une histoire ennuyeuse, alors un jour, il a eu une pens\u00e9e qui s\u2019av\u00e9rerait tr\u00e8s dangereuse:<\/p>\n\n\n\n<strong>\u201cEt si l\u2019histoire n\u2019\u00e9tait pas si paisible?\u201d<\/strong>: \n\n\n\n<p>Cette pens\u00e9e insidieuse le consuma tellement qu\u2019il commen\u00e7a \u00e0 peindre Taborea dans une palette de couleurs plus sombres: les Sages devinrent fous, les doux elfes d\u00e9velopp\u00e8rent des tendances brutales et les nains gracieux furent gagn\u00e9s par la cupidit\u00e9. M\u00eame les dispositions destin\u00e9es \u00e0 prot\u00e9ger les cr\u00e9atures de Taborea \u00e9taient tordues et corrompues.<\/p>\n\n\n\n<p>Ayvenas a reconnu la gravit\u00e9 de son ing\u00e9rence dans un monde qui n\u2019\u00e9tait plus sous son contr\u00f4le, alors il a d\u00e9cid\u00e9 de laisser les Tabor\u00e9ens \u00e9crire leur propre fin \u00e0 l\u2019histoire. Il a d\u00e9chir\u00e9 en morceaux les pages non \u00e9crites et les a dispers\u00e9s \u00e0 travers le pays \u2013 et a ainsi commenc\u00e9 une nouvelle \u00e8re.<\/p>\n\n\n\n<strong>Le Triomphe et le Danger du Pouvoir<\/strong>: \n\n\n\n<div class=\"wp-block-image clearright zoomable\"><figure class=\"alignright size-large\"><img decoding=\"async\" loading=\"lazy\" width=\"384\" height=\"395\" data-src=\"https:\/\/chroniclesofarcadia.com\/wp-content\/uploads\/2020\/01\/fbb0a1b73c.png\" alt=\"\" class=\"image-png wp-image-1318 lazyload\" data-srcset=\"https:\/\/chroniclesofarcadia.com\/wp-content\/uploads\/2020\/01\/fbb0a1b73c.png 384w, https:\/\/chroniclesofarcadia.com\/wp-content\/uploads\/2020\/01\/fbb0a1b73c-292x300.png 292w\" data-sizes=\"(max-width: 384px) 100vw, 384px\" src=\"data:image\/gif;base64,R0lGODlhAQABAAAAACH5BAEKAAEALAAAAAABAAEAAAICTAEAOw==\" style=\"--smush-placeholder-width: 384px; --smush-placeholder-aspect-ratio: 384\/395;\"><noscript><img decoding=\"async\" loading=\"lazy\" width=\"384\" height=\"395\" src=\"https:\/\/chroniclesofarcadia.com\/wp-content\/uploads\/2020\/01\/fbb0a1b73c.png\" alt=\"\" class=\"image-png wp-image-1318\" srcset=\"https:\/\/chroniclesofarcadia.com\/wp-content\/uploads\/2020\/01\/fbb0a1b73c.png 384w, https:\/\/chroniclesofarcadia.com\/wp-content\/uploads\/2020\/01\/fbb0a1b73c-292x300.png 292w\" sizes=\"(max-width: 384px) 100vw, 384px\"><\/noscript><\/figure><\/div>\n\n\n\n<p>Apr\u00e8s le retrait d\u2019Ayvenas, Taborea a \u00e9t\u00e9 assi\u00e9g\u00e9e par les vicieux Nagas. Les Humains et les Elfes ont combin\u00e9 leurs forces et, en utilisant l\u2019\u00e9p\u00e9e elfique Arclight, entre autres armes, les alli\u00e9s ont pu repousser les assaillants serpents et les confiner dans une barri\u00e8re magique.<\/p>\n\n\n\n<p>Inspir\u00e9s par leur grand triomphe, les peuples de Taborea ont fond\u00e9 les anciens royaumes afin de transmettre leurs connaissances aux autres. Les Humains \u00e9taient plus int\u00e9ress\u00e9s par les runes et par les morceaux \u00e9pars du livre d\u2019Ayvenas parce que, selon la l\u00e9gende, ces \u00aboracles\u00bb pourraient \u00eatre utilis\u00e9s pour contr\u00f4ler l\u2019avenir et d\u00e9terminer l\u2019histoire.<\/p>\n\n\n\n<p>Cependant, \u00e0 mesure que les humains apprenaient davantage, leur soif de connaissances et de pouvoir prenait des proportions dangereuses. Enivr\u00e9s par la cupidit\u00e9 et aid\u00e9s par la magie des arcanes, certains d\u2019entre eux se sont transform\u00e9s en terribles d\u00e9mons et ont commenc\u00e9 le plus grand massacre de l\u2019histoire de Taborea, la guerre de Balanzasar. Une fois de plus, une alliance \u00e9tait n\u00e9cessaire pour r\u00e9tablir la paix, ce qu\u2019ils ont accompli en bannissant de nombreux d\u00e9mons dans le Vide qu\u2019ils avaient cr\u00e9\u00e9 pour les contenir.<\/p>\n\n\n\n<strong>L\u2019Ascension et la Chute des Gardiens<\/strong>: \n\n\n\n<div class=\"wp-block-image clearright zoomable\"><figure class=\"alignright size-large\"><img decoding=\"async\" loading=\"lazy\" width=\"384\" height=\"320\" data-src=\"https:\/\/chroniclesofarcadia.com\/wp-content\/uploads\/2020\/01\/f9895e24e3.png\" alt=\"\" class=\"image-png wp-image-1317 lazyload\" data-srcset=\"https:\/\/chroniclesofarcadia.com\/wp-content\/uploads\/2020\/01\/f9895e24e3.png 384w, https:\/\/chroniclesofarcadia.com\/wp-content\/uploads\/2020\/01\/f9895e24e3-300x250.png 300w\" data-sizes=\"(max-width: 384px) 100vw, 384px\" src=\"data:image\/gif;base64,R0lGODlhAQABAAAAACH5BAEKAAEALAAAAAABAAEAAAICTAEAOw==\" style=\"--smush-placeholder-width: 384px; --smush-placeholder-aspect-ratio: 384\/320;\"><noscript><img decoding=\"async\" loading=\"lazy\" width=\"384\" height=\"320\" src=\"https:\/\/chroniclesofarcadia.com\/wp-content\/uploads\/2020\/01\/f9895e24e3.png\" alt=\"\" class=\"image-png wp-image-1317\" srcset=\"https:\/\/chroniclesofarcadia.com\/wp-content\/uploads\/2020\/01\/f9895e24e3.png 384w, https:\/\/chroniclesofarcadia.com\/wp-content\/uploads\/2020\/01\/f9895e24e3-300x250.png 300w\" sizes=\"(max-width: 384px) 100vw, 384px\"><\/noscript><\/figure><\/div>\n\n\n\n<p>L\u2019alliance a pr\u00e9valu, mais il y a eu un lourd tribut: beaucoup ont \u00e9t\u00e9 tu\u00e9s et leurs connaissances sont mortes avec eux. Les humains en particulier avaient perdu la plupart de leur pouvoir sur les runes. Mais le peu qui restait \u00e9tait suffisant pour cr\u00e9er de puissants gardiens qui les prot\u00e9geraient du dernier des d\u00e9mons.<\/p>\n\n\n\n<p>Avant longtemps, bien que Taborea avait besoin d\u2019une protection contre ces protecteurs. Les gardiens ont menac\u00e9 non seulement les d\u00e9mons, mais le monde entier dans son ensemble. Seuls les dragons \u00e9taient suffisamment forts pour leur faire face, mais leur bataille se termina brusquement lorsque les gardiens se turent soudainement.<\/p>\n\n\n\n<p>\u00c0 \u00abl\u2019Ere de la Punition\u00bb, les peuples de Taborea \u00e9taient constamment dans un \u00e9tat de peur. Ils ont perdu leurs connaissances, leur culture\u2026 mais pas leur courage. Les humains qui ont os\u00e9 choisir un nouveau d\u00e9part sont partis pour le continent de Kolydia, tandis que ceux qui sont rest\u00e9s ont \u00e9t\u00e9 endurcis en une race de barbares. Les Elfes ont fui vers le continent de Candara.<\/p>\n\n\n\n<strong>Une Race Divis\u00e9e par une Ancienne Mal\u00e9diction<\/strong>: \n\n\n\n<div class=\"wp-block-image clearright zoomable\"><figure class=\"alignright size-large\"><img decoding=\"async\" loading=\"lazy\" width=\"384\" height=\"304\" data-src=\"https:\/\/chroniclesofarcadia.com\/wp-content\/uploads\/2020\/01\/16d4b11e58.png\" alt=\"\" class=\"image-png wp-image-1321 lazyload\" data-srcset=\"https:\/\/chroniclesofarcadia.com\/wp-content\/uploads\/2020\/01\/16d4b11e58.png 384w, https:\/\/chroniclesofarcadia.com\/wp-content\/uploads\/2020\/01\/16d4b11e58-300x238.png 300w\" data-sizes=\"(max-width: 384px) 100vw, 384px\" src=\"data:image\/gif;base64,R0lGODlhAQABAAAAACH5BAEKAAEALAAAAAABAAEAAAICTAEAOw==\" style=\"--smush-placeholder-width: 384px; --smush-placeholder-aspect-ratio: 384\/304;\"><noscript><img decoding=\"async\" loading=\"lazy\" width=\"384\" height=\"304\" src=\"https:\/\/chroniclesofarcadia.com\/wp-content\/uploads\/2020\/01\/16d4b11e58.png\" alt=\"\" class=\"image-png wp-image-1321\" srcset=\"https:\/\/chroniclesofarcadia.com\/wp-content\/uploads\/2020\/01\/16d4b11e58.png 384w, https:\/\/chroniclesofarcadia.com\/wp-content\/uploads\/2020\/01\/16d4b11e58-300x238.png 300w\" sizes=\"(max-width: 384px) 100vw, 384px\"><\/noscript><\/figure><\/div>\n\n\n\n<p>\u00c0 Candara, les elfes ont pu \u00e9chapper aux gardiens \u2013 mais pas \u00e0 la \u00abMal\u00e9diction des Jumeaux Elfes\u00bb. Selon une ancienne l\u00e9gende, une paire de jumeaux cr\u00e9erait un grand schisme parmi les elfes. Cette proph\u00e9tie s\u2019est produite une fois lorsque les Elfes se sont battus contre les d\u00e9mons\u2026<\/p>\n\n\n\n<p>Et l\u2019histoire semblait vou\u00e9e \u00e0 se r\u00e9p\u00e9ter quand une deuxi\u00e8me paire de jumeaux est n\u00e9e dans la famille royale. Afin de finalement briser la mal\u00e9diction, l\u2019un des jumeaux, Kentailon, a d\u00e9cid\u00e9 de quitter son foyer pour le bien de son peuple. Mais la faille \u00e9tait in\u00e9vitable: la reine ne pouvait pas supporter de voir Kentailon partir seul, alors elle a suivi son fils dans l\u2019inconnu.<\/p>\n\n\n\n<strong>Les Aventures de Sig\u2019aylas<\/strong>: \n\n\n\n<p>Tandis que le fr\u00e8re a\u00een\u00e9, Yabis\u2019an, montait sur le tr\u00f4ne elfe, Kentailon parcourait le continent, voyageant jusqu\u2019\u00e0 la barri\u00e8re magique entourant les Nagas.<\/p>\n\n\n\n<p>C\u2019\u00e9tait ici que le jumeau elfe, qui s\u2019appelle maintenant Sig\u2019aylas, est tomb\u00e9 amoureux et a trouv\u00e9 le vrai bonheur \u2013 jusqu\u2019\u00e0 l\u2019attaque des Cyclopes, qui a d\u00e9vast\u00e9 le pays. En d\u00e9sespoir de cause, Sig\u2019aylas arracha l\u2019\u00e9p\u00e9e elfique \u00abArclight\u00bb de la barri\u00e8re et avec elle f\u00eet fuir les Cyclopes.<\/p>\n\n\n\n<p>Bien que les b\u00eates borgnes aient \u00e9t\u00e9 vaincues, un danger encore plus grand s\u2019est r\u00e9veill\u00e9: Sig\u2019aylas avait lib\u00e9r\u00e9 les Nagas. Il n\u2019y avait qu\u2019un seul espoir pour les Elfes: les Humains. Alors encore une fois, ces deux races ont fait la guerre aux redoutables hordes Nagas.<\/p>\n\n\n\n<figure class=\"wp-block-gallery aligncenter columns-2  verticalcenter wp-block-gallery-1 is-layout-flex\"><ul class=\"blocks-gallery-grid\"><li class=\"blocks-gallery-item\"><figure><img decoding=\"async\" loading=\"lazy\" width=\"384\" height=\"281\" data-src=\"https:\/\/chroniclesofarcadia.com\/wp-content\/uploads\/2020\/01\/97b4ffea6c.png\" alt=\"\" data-id=\"1320\" data-full-url=\"https:\/\/chroniclesofarcadia.com\/wp-content\/uploads\/2020\/01\/97b4ffea6c.png\" data-link=\"https:\/\/chroniclesofarcadia.com\/97b4ffea6c\/\" class=\"image-png wp-image-1320 lazyload\" data-srcset=\"https:\/\/chroniclesofarcadia.com\/wp-content\/uploads\/2020\/01\/97b4ffea6c.png 384w, https:\/\/chroniclesofarcadia.com\/wp-content\/uploads\/2020\/01\/97b4ffea6c-300x220.png 300w\" data-sizes=\"(max-width: 384px) 100vw, 384px\" src=\"data:image\/gif;base64,R0lGODlhAQABAAAAACH5BAEKAAEALAAAAAABAAEAAAICTAEAOw==\" style=\"--smush-placeholder-width: 384px; --smush-placeholder-aspect-ratio: 384\/281;\"><noscript><img decoding=\"async\" loading=\"lazy\" width=\"384\" height=\"281\" src=\"https:\/\/chroniclesofarcadia.com\/wp-content\/uploads\/2020\/01\/97b4ffea6c.png\" alt=\"\" data-id=\"1320\" data-full-url=\"https:\/\/chroniclesofarcadia.com\/wp-content\/uploads\/2020\/01\/97b4ffea6c.png\" data-link=\"https:\/\/chroniclesofarcadia.com\/97b4ffea6c\/\" class=\"image-png wp-image-1320\" srcset=\"https:\/\/chroniclesofarcadia.com\/wp-content\/uploads\/2020\/01\/97b4ffea6c.png 384w, https:\/\/chroniclesofarcadia.com\/wp-content\/uploads\/2020\/01\/97b4ffea6c-300x220.png 300w\" sizes=\"(max-width: 384px) 100vw, 384px\"><\/noscript><\/figure><\/li><li class=\"blocks-gallery-item\"><figure><img decoding=\"async\" loading=\"lazy\" width=\"384\" height=\"342\" data-src=\"https:\/\/chroniclesofarcadia.com\/wp-content\/uploads\/2020\/01\/7278213b5e.png\" alt=\"\" data-id=\"1319\" data-full-url=\"https:\/\/chroniclesofarcadia.com\/wp-content\/uploads\/2020\/01\/7278213b5e.png\" data-link=\"https:\/\/chroniclesofarcadia.com\/7278213b5e\/\" class=\"image-png wp-image-1319 lazyload\" data-srcset=\"https:\/\/chroniclesofarcadia.com\/wp-content\/uploads\/2020\/01\/7278213b5e.png 384w, https:\/\/chroniclesofarcadia.com\/wp-content\/uploads\/2020\/01\/7278213b5e-300x267.png 300w\" data-sizes=\"(max-width: 384px) 100vw, 384px\" src=\"data:image\/gif;base64,R0lGODlhAQABAAAAACH5BAEKAAEALAAAAAABAAEAAAICTAEAOw==\" style=\"--smush-placeholder-width: 384px; --smush-placeholder-aspect-ratio: 384\/342;\"><noscript><img decoding=\"async\" loading=\"lazy\" width=\"384\" height=\"342\" src=\"https:\/\/chroniclesofarcadia.com\/wp-content\/uploads\/2020\/01\/7278213b5e.png\" alt=\"\" data-id=\"1319\" data-full-url=\"https:\/\/chroniclesofarcadia.com\/wp-content\/uploads\/2020\/01\/7278213b5e.png\" data-link=\"https:\/\/chroniclesofarcadia.com\/7278213b5e\/\" class=\"image-png wp-image-1319\" srcset=\"https:\/\/chroniclesofarcadia.com\/wp-content\/uploads\/2020\/01\/7278213b5e.png 384w, https:\/\/chroniclesofarcadia.com\/wp-content\/uploads\/2020\/01\/7278213b5e-300x267.png 300w\" sizes=\"(max-width: 384px) 100vw, 384px\"><\/noscript><\/figure><\/li><\/ul><\/figure>\n\n\n\n<strong>L\u2019attrait du Pass\u00e9<\/strong>: \n\n\n\n<p>La lutte acharn\u00e9e avec les Naga, puis la prosp\u00e9rit\u00e9 qui s\u2019en est suivie, ont fait oublier le pass\u00e9. Seules des organisations telles que \u00abl\u2019\u0152il de la Sagesse\u00bb \u00e9taient int\u00e9ress\u00e9es \u00e0 approfondir l\u2019histoire de Taborea.<\/p>\n\n\n\n<p>Les enqu\u00eates sur \u00abl\u2019\u0153il de la Sagesse\u00bb \u00e0 Kolydia ont r\u00e9v\u00e9l\u00e9 des preuves intrigantes de secrets qui ont rapproch\u00e9 l\u2019organisation des Elfes de Candara. Et cela nous am\u00e8ne au d\u00e9but de notre temps \u2013 un \u00e2ge de d\u00e9couverte\u2026<\/p>\n<\/body>","protected":false},"excerpt":{"rendered":"<p>Une Imagination Fantaisiste et Sinistre: Taborea est n\u00e9 quand Ayvenas a commenc\u00e9 \u00e0 enregistrer ses visions d\u2019un monde extraordinaire dans un livre. Comme il l\u2019a \u00e9crit, dieu a cr\u00e9\u00e9 des races pacifiques et des terres idylliques pour qu\u2019ils puissent y habiter. Mais, comme nous le savons tous, une histoire heureuse est une histoire ennuyeuse, alors [&hellip;]<\/p>\n","protected":false},"author":1,"featured_media":3485,"parent":0,"menu_order":0,"comment_status":"closed","ping_status":"closed","template":"","meta":{"disable_featured_image_zoom":false},"acf":[],"_links":{"self":[{"href":"https:\/\/chroniclesofarcadia.com\/fr\/wp-json\/wp\/v2\/pages\/5268"}],"collection":[{"href":"https:\/\/chroniclesofarcadia.com\/fr\/wp-json\/wp\/v2\/pages"}],"about":[{"href":"https:\/\/chroniclesofarcadia.com\/fr\/wp-json\/wp\/v2\/types\/page"}],"author":[{"embeddable":true,"href":"https:\/\/chroniclesofarcadia.com\/fr\/wp-json\/wp\/v2\/users\/1"}],"replies":[{"embeddable":true,"href":"https:\/\/chroniclesofarcadia.com\/fr\/wp-json\/wp\/v2\/comments?post=5268"}],"version-history":[{"count":0,"href":"https:\/\/chroniclesofarcadia.com\/fr\/wp-json\/wp\/v2\/pages\/5268\/revisions"}],"wp:featuredmedia":[{"embeddable":true,"href":"https:\/\/chroniclesofarcadia.com\/fr\/wp-json\/wp\/v2\/media\/3485"}],"wp:attachment":[{"href":"https:\/\/chroniclesofarcadia.com\/fr\/wp-json\/wp\/v2\/media?parent=5268"}],"curies":[{"name":"wp","href":"https:\/\/api.w.org\/{rel}","templated":true}]}}