{"id":5275,"date":"2020-01-17T15:17:00","date_gmt":"2020-01-17T13:17:00","guid":{"rendered":"https:\/\/chroniclesofarcadia.com\/joueur-contre-joueur\/"},"modified":"2020-04-02T02:09:23","modified_gmt":"2020-04-02T00:09:23","slug":"joueur-contre-joueur","status":"publish","type":"page","link":"https:\/\/chroniclesofarcadia.com\/fr\/joueur-contre-joueur\/","title":{"rendered":"Joueur contre Joueur"},"content":{"rendered":"<body>\n<p>Vous avez soif d\u2019action JcJ passionnante? Donc, lisez la suite pour en savoir plus sur le syst\u00e8me JcJ dans les Chroniques d\u2019Arcadia.<\/p>\n\n\n\n<!--more-->\n\n\n\n<p>Engagez-vous dans un combat passionnant contre les autres joueurs (JcJ) pour gagner des Points d\u2019Honneur. Ceux-ci peuvent vous permettre d\u2019\u00eatre dans classement JcJP et peuvent \u00eatre \u00e9chang\u00e9s contre de l\u2019\u00e9quipement ou d\u2019autres objets.<\/p>\n\n\n\n<div class=\"wp-block-media-text alignwide has-media-on-the-right is-stacked-on-mobile width-60 zoomable\"><figure class=\"wp-block-media-text__media\"><img decoding=\"async\" loading=\"lazy\" width=\"384\" height=\"525\" data-src=\"https:\/\/chroniclesofarcadia.com\/wp-content\/uploads\/2020\/01\/rammer.png\" alt=\"\" class=\"image-png wp-image-1332 lazyload\" data-srcset=\"https:\/\/chroniclesofarcadia.com\/wp-content\/uploads\/2020\/01\/rammer.png 384w, https:\/\/chroniclesofarcadia.com\/wp-content\/uploads\/2020\/01\/rammer-219x300.png 219w\" data-sizes=\"(max-width: 384px) 100vw, 384px\" src=\"data:image\/gif;base64,R0lGODlhAQABAAAAACH5BAEKAAEALAAAAAABAAEAAAICTAEAOw==\" style=\"--smush-placeholder-width: 384px; --smush-placeholder-aspect-ratio: 384\/525;\"><noscript><img decoding=\"async\" loading=\"lazy\" width=\"384\" height=\"525\" src=\"https:\/\/chroniclesofarcadia.com\/wp-content\/uploads\/2020\/01\/rammer.png\" alt=\"\" class=\"image-png wp-image-1332\" srcset=\"https:\/\/chroniclesofarcadia.com\/wp-content\/uploads\/2020\/01\/rammer.png 384w, https:\/\/chroniclesofarcadia.com\/wp-content\/uploads\/2020\/01\/rammer-219x300.png 219w\" sizes=\"(max-width: 384px) 100vw, 384px\"><\/noscript><\/figure><div class=\"wp-block-media-text__content\">\n<strong>Zone JcJ<\/strong>: \n\n\n\n<p>Si l\u2019envie de tester vos prouesses venait \u00e0 vous frapper lors de vos aventures \u00e0 travers Taborea, affrontez les joueurs sur votre serveur.<\/p>\n\n\n\n<strong>Une question de Vie ou de Mort<\/strong>: \n\n\n\n<p>Lorsque vous entrez en mode PK (mise \u00e0 mort du joueur), vous risquez votre vie au combat contre d\u2019autres joueurs. Une fois que vous avez atteint le niveau 15, allez voir Lehman dans le Hall des Classes \u00e0 Varanas pour acqu\u00e9rir cette Comp\u00e9tence.<\/p>\n\n\n\n<strong>Le mode PK vous permet:<\/strong>: \n\n\n\n<ul><li>est attaqu\u00e9<\/li><li>attaquer des adversaires en mode PK<\/li><\/ul>\n\n\n\n<strong>Battez-vous pour Votre Honneur<\/strong>: \n\n\n\n<p>D\u00e9fiez un autre joueur en duel ou ramassez vous-m\u00eame un gant qui vous a \u00e9t\u00e9 jett\u00e9. Le duel n\u2019est pas mortel, un duel se termine lorsque la barre de sant\u00e9 de l\u2019un des duellistes atteint un.<\/p>\n\n\n\n<strong>D\u00e9claration de Guerre<\/strong>: \n\n\n\n<p>Partez en guerre contre une autre guilde. En payant une certaine quantit\u00e9 d\u2019or, votre guilde peut d\u00e9clarer la guerre \u00e0 une guilde ennemie \u00e0 tout moment.<\/p>\n<\/div><\/div>\n\n\n\n<div class=\"wp-block-media-text alignwide has-media-on-the-right is-stacked-on-mobile width-60\"><figure class=\"wp-block-media-text__media\"><a href=\"https:\/\/vimeo.com\/402301594\" target=\"_blank\" rel=\"noopener noreferrer\"><img decoding=\"async\" loading=\"lazy\" width=\"768\" height=\"432\" data-src=\"https:\/\/chroniclesofarcadia.com\/wp-content\/uploads\/2020\/03\/PVP-3.jpg\" alt=\"\" class=\"wp-image-4584 lazyload\" data-srcset=\"https:\/\/chroniclesofarcadia.com\/wp-content\/uploads\/2020\/03\/PVP-3.jpg 300w, https:\/\/chroniclesofarcadia.com\/wp-content\/uploads\/2020\/03\/PVP-3.jpg 500w, https:\/\/chroniclesofarcadia.com\/wp-content\/uploads\/2020\/03\/PVP-3.jpg 768w\" data-sizes=\"(max-width: 768px) 100vw, 768px\" src=\"data:image\/gif;base64,R0lGODlhAQABAAAAACH5BAEKAAEALAAAAAABAAEAAAICTAEAOw==\" style=\"--smush-placeholder-width: 768px; --smush-placeholder-aspect-ratio: 768\/432;\"><noscript><img decoding=\"async\" loading=\"lazy\" width=\"768\" height=\"432\" src=\"https:\/\/chroniclesofarcadia.com\/wp-content\/uploads\/2020\/03\/PVP-3.jpg\" alt=\"\" class=\"wp-image-4584\" srcset=\"https:\/\/chroniclesofarcadia.com\/wp-content\/uploads\/2020\/03\/PVP-3.jpg 300w, https:\/\/chroniclesofarcadia.com\/wp-content\/uploads\/2020\/03\/PVP-3.jpg 500w, https:\/\/chroniclesofarcadia.com\/wp-content\/uploads\/2020\/03\/PVP-3.jpg 768w\" sizes=\"(max-width: 768px) 100vw, 768px\"><\/noscript><\/a><\/figure><div class=\"wp-block-media-text__content\">\n<strong>Serveur JcJ<\/strong>: \n\n\n\n<p>Dans les ar\u00e8nes et sur les champs de bataille, vous pouvez affronter des joueurs de v\u00f4tre serveur et d\u2019autres serveurs. Pour ce faire, cliquez sur les \u00e9p\u00e9es sur la mini-carte. La fonction guerre de si\u00e8ge vous permet de prendre d\u2019assaut les ch\u00e2teaux de guilde ennemis.<\/p>\n\n\n\n<p>Le chef de guilde peut inscrire \u00e0 une guerre de si\u00e8ge via le menu de guilde [G]: \u201cBatailles\u201d -&gt; \u201cGuerre de si\u00e8ge\u201d -&gt; \u201cS\u2019enregistrer\u201d<\/p>\n\n\n\n<strong>Ar\u00e8nes JcJ<\/strong>: \n\n\n\n<p>Dans les ar\u00e8nes JcJ, vous pouvez vous engager dans trois types de combat:<\/p>\n\n\n\n<ul><li>1 contre 1<\/li><li>3 contre 3<\/li><li>6 contre 6<\/li><\/ul>\n\n\n\n<p>Il y a des ar\u00e8nes de niveau bas, moyen et haut afin que les candidats au combat puissent \u00eatre assez bien assortis.<\/p>\n<\/div><\/div>\n\n\n\n<div class=\"wp-block-media-text alignwide has-media-on-the-right is-stacked-on-mobile width-60\"><figure class=\"wp-block-media-text__media\"><a href=\"https:\/\/vimeo.com\/402330126\" target=\"_blank\" rel=\"noopener noreferrer\"><img decoding=\"async\" loading=\"lazy\" width=\"768\" height=\"432\" data-src=\"https:\/\/chroniclesofarcadia.com\/wp-content\/uploads\/2020\/03\/Battlefield.jpg\" alt=\"\" class=\"wp-image-4578 lazyload\" data-srcset=\"https:\/\/chroniclesofarcadia.com\/wp-content\/uploads\/2020\/03\/Battlefield.jpg 300w, https:\/\/chroniclesofarcadia.com\/wp-content\/uploads\/2020\/03\/Battlefield.jpg 500w, https:\/\/chroniclesofarcadia.com\/wp-content\/uploads\/2020\/03\/Battlefield.jpg 768w\" data-sizes=\"(max-width: 768px) 100vw, 768px\" src=\"data:image\/gif;base64,R0lGODlhAQABAAAAACH5BAEKAAEALAAAAAABAAEAAAICTAEAOw==\" style=\"--smush-placeholder-width: 768px; --smush-placeholder-aspect-ratio: 768\/432;\"><noscript><img decoding=\"async\" loading=\"lazy\" width=\"768\" height=\"432\" src=\"https:\/\/chroniclesofarcadia.com\/wp-content\/uploads\/2020\/03\/Battlefield.jpg\" alt=\"\" class=\"wp-image-4578\" srcset=\"https:\/\/chroniclesofarcadia.com\/wp-content\/uploads\/2020\/03\/Battlefield.jpg 300w, https:\/\/chroniclesofarcadia.com\/wp-content\/uploads\/2020\/03\/Battlefield.jpg 500w, https:\/\/chroniclesofarcadia.com\/wp-content\/uploads\/2020\/03\/Battlefield.jpg 768w\" sizes=\"(max-width: 768px) 100vw, 768px\"><\/noscript><\/a><\/figure><div class=\"wp-block-media-text__content\">\n<strong>Champs de bataille<\/strong>: \n\n\n\n<p>Sur un champ de bataille d\u00e9sign\u00e9, combattez pour saisir le butin de l\u2019\u00e9quipe adverse et d\u00e9fendre le v\u00f4tre.<\/p>\n\n\n\n<strong>Forteresse de Visdun (Tour de d\u00e9fense)<\/strong>: \n\n\n\n<p>Mode: 3 contre 3<br>D\u00e9cha\u00eenez des hordes de monstres sur l\u2019\u00e9quipe adverse pour d\u00e9truire leur forteresse et d\u00e9fendre strat\u00e9giquement contre l\u2019assaut ennemi en construisant des tours de diff\u00e9rentes formes et tailles.<\/p>\n\n\n\n<strong>Cordill\u00e8re de Tyrefen (Domination)<\/strong>: \n\n\n\n<p>Mode: 8 contre 8<br>Conqu\u00e9rir et d\u00e9fendre cinq cristaux ennemis. La premi\u00e8re \u00e9quipe \u00e0 atteindre 5 000 points gagne et re\u00e7oit 100 points d\u2019honneur.<\/p>\n\n\n\n<strong>Canyon de Karros (Capturer le drapeau)<\/strong>: \n\n\n\n<p>Mode: 6 contre 6<br>Attrapez les runes ennemies. Pour chaque rune vol\u00e9e, votre \u00e9quipe re\u00e7oit 500 points. Vous en avez besoin de 3000 pour gagner.<\/p>\n<\/div><\/div>\n\n\n\n<div class=\"wp-block-media-text alignwide has-media-on-the-right is-stacked-on-mobile width-60\"><figure class=\"wp-block-media-text__media\"><a href=\"https:\/\/vimeo.com\/402330159\" target=\"_blank\" rel=\"noopener noreferrer\"><img decoding=\"async\" loading=\"lazy\" width=\"768\" height=\"432\" data-src=\"https:\/\/chroniclesofarcadia.com\/wp-content\/uploads\/2020\/03\/SW.jpg\" alt=\"\" class=\"wp-image-4570 lazyload\" data-srcset=\"https:\/\/chroniclesofarcadia.com\/wp-content\/uploads\/2020\/03\/SW.jpg 300w, https:\/\/chroniclesofarcadia.com\/wp-content\/uploads\/2020\/03\/SW.jpg 500w, https:\/\/chroniclesofarcadia.com\/wp-content\/uploads\/2020\/03\/SW.jpg 768w\" data-sizes=\"(max-width: 768px) 100vw, 768px\" src=\"data:image\/gif;base64,R0lGODlhAQABAAAAACH5BAEKAAEALAAAAAABAAEAAAICTAEAOw==\" style=\"--smush-placeholder-width: 768px; --smush-placeholder-aspect-ratio: 768\/432;\"><noscript><img decoding=\"async\" loading=\"lazy\" width=\"768\" height=\"432\" src=\"https:\/\/chroniclesofarcadia.com\/wp-content\/uploads\/2020\/03\/SW.jpg\" alt=\"\" class=\"wp-image-4570\" srcset=\"https:\/\/chroniclesofarcadia.com\/wp-content\/uploads\/2020\/03\/SW.jpg 300w, https:\/\/chroniclesofarcadia.com\/wp-content\/uploads\/2020\/03\/SW.jpg 500w, https:\/\/chroniclesofarcadia.com\/wp-content\/uploads\/2020\/03\/SW.jpg 768w\" sizes=\"(max-width: 768px) 100vw, 768px\"><\/noscript><\/a><\/figure><div class=\"wp-block-media-text__content\">\n<strong>Guerre de Guildes<\/strong>: \n\n\n\n<p>La guerre de Guildes vous permet d\u2019affronter les autres guildes. Sur un champ de bataille sp\u00e9cial, prenez d\u2019assaut le ch\u00e2teau de guilde ennemi ou d\u00e9fendez le v\u00f4tre.<\/p>\n\n\n\n<strong>Objectifs de la Guilde Attaquante<\/strong>: \n\n\n\n<ol><li>Conqu\u00e9rir les Tours de Garde pour recevoir des ressources afin de cr\u00e9er des catapultes, des b\u00e9liers et bien plus encore.<\/li><li>D\u00e9truisez les portes du ch\u00e2teau de guilde ennemi.<\/li><li>Prenez d\u2019assaut la salle du tr\u00f4ne et emparez-vous du Cristal d\u2019Honneur pour gagner.<\/li><\/ol>\n<\/div><\/div>\n<\/body>","protected":false},"excerpt":{"rendered":"<p>Vous avez soif d\u2019action JcJ passionnante? Donc, lisez la suite pour en savoir plus sur le syst\u00e8me JcJ dans les Chroniques d\u2019Arcadia.<\/p>\n","protected":false},"author":1,"featured_media":3534,"parent":0,"menu_order":0,"comment_status":"closed","ping_status":"closed","template":"","meta":{"disable_featured_image_zoom":false},"acf":[],"_links":{"self":[{"href":"https:\/\/chroniclesofarcadia.com\/fr\/wp-json\/wp\/v2\/pages\/5275"}],"collection":[{"href":"https:\/\/chroniclesofarcadia.com\/fr\/wp-json\/wp\/v2\/pages"}],"about":[{"href":"https:\/\/chroniclesofarcadia.com\/fr\/wp-json\/wp\/v2\/types\/page"}],"author":[{"embeddable":true,"href":"https:\/\/chroniclesofarcadia.com\/fr\/wp-json\/wp\/v2\/users\/1"}],"replies":[{"embeddable":true,"href":"https:\/\/chroniclesofarcadia.com\/fr\/wp-json\/wp\/v2\/comments?post=5275"}],"version-history":[{"count":0,"href":"https:\/\/chroniclesofarcadia.com\/fr\/wp-json\/wp\/v2\/pages\/5275\/revisions"}],"wp:featuredmedia":[{"embeddable":true,"href":"https:\/\/chroniclesofarcadia.com\/fr\/wp-json\/wp\/v2\/media\/3534"}],"wp:attachment":[{"href":"https:\/\/chroniclesofarcadia.com\/fr\/wp-json\/wp\/v2\/media?parent=5275"}],"curies":[{"name":"wp","href":"https:\/\/api.w.org\/{rel}","templated":true}]}}