{"id":5278,"date":"2019-12-18T13:19:21","date_gmt":"2019-12-18T11:19:21","guid":{"rendered":"https:\/\/chroniclesofarcadia.com\/fonctionnalites\/"},"modified":"2024-09-18T17:04:59","modified_gmt":"2024-09-18T15:04:59","slug":"fonctionnalites","status":"publish","type":"page","link":"https:\/\/chroniclesofarcadia.com\/fr\/fonctionnalites\/","title":{"rendered":"Fonctionnalit\u00e9s"},"content":{"rendered":"<body>\n<strong>Pour les nouveaux joueurs<\/strong>: \n\n<p class=\"has-text-align-center\">D\u00e9couvrez ce que Chronicles of Arcadia peut vous offrir et plongez dans un monde unique o\u00f9 vous pouvez profiter d\u2019aventures passionnantes aux c\u00f4t\u00e9s d\u2019une communaut\u00e9 grandissante de joueurs..<\/p>\n\n<div class=\"wp-block-media-text alignwide is-stacked-on-mobile is-vertically-aligned-center zoomable\"><figure class=\"wp-block-media-text__media\"><img decoding=\"async\" loading=\"lazy\" width=\"500\" height=\"154\" data-src=\"https:\/\/chroniclesofarcadia.com\/wp-content\/uploads\/2020\/09\/arcadia_logo_2018-tiny.png\" alt=\"\" class=\"image-png wp-image-6638 size-full lazyload\" data-srcset=\"https:\/\/chroniclesofarcadia.com\/wp-content\/uploads\/2020\/09\/arcadia_logo_2018-tiny.png 500w, https:\/\/chroniclesofarcadia.com\/wp-content\/uploads\/2020\/09\/arcadia_logo_2018-tiny-300x92.png 300w\" data-sizes=\"(max-width: 500px) 100vw, 500px\" src=\"data:image\/gif;base64,R0lGODlhAQABAAAAACH5BAEKAAEALAAAAAABAAEAAAICTAEAOw==\" style=\"--smush-placeholder-width: 500px; --smush-placeholder-aspect-ratio: 500\/154;\"><noscript><img decoding=\"async\" loading=\"lazy\" width=\"500\" height=\"154\" src=\"https:\/\/chroniclesofarcadia.com\/wp-content\/uploads\/2020\/09\/arcadia_logo_2018-tiny.png\" alt=\"\" class=\"image-png wp-image-6638 size-full\" srcset=\"https:\/\/chroniclesofarcadia.com\/wp-content\/uploads\/2020\/09\/arcadia_logo_2018-tiny.png 500w, https:\/\/chroniclesofarcadia.com\/wp-content\/uploads\/2020\/09\/arcadia_logo_2018-tiny-300x92.png 300w\" sizes=\"(max-width: 500px) 100vw, 500px\"><\/noscript><\/figure><div class=\"wp-block-media-text__content\">\n<strong>Les Chroniques d\u2019Arcadia<\/strong>: \n\n\n\n<ul>\n<li><a href=\"https:\/\/playernetgames.net\/Inscrivez-vousr\" target=\"_blank\" rel=\"noreferrer noopener\">Register<\/a>, <a href=\"https:\/\/playernetgames.net\/download\" target=\"_blank\" rel=\"noreferrer noopener\">t\u00e9l\u00e9chargez<\/a> et jouez gratuitement.<\/li>\n\n\n\n<li>\u00c9quipe de support rapide et efficace.<\/li>\n\n\n\n<li>Des GM diligents pour aider \u00e0 r\u00e9soudre les doutes<\/li>\n\n\n\n<li>Plus de 9 000 qu\u00eates et missions excitantes.<\/li>\n\n\n\n<li>Mises \u00e0 jour de contenu gratuites et maintenance r\u00e9guli\u00e8re.<\/li>\n\n\n\n<li>Communaut\u00e9 \u00e9tendue pour l\u2019interaction et le divertissement.<\/li>\n\n\n\n<li>Histoire passionnante qui vous captivera d\u00e8s le d\u00e9but.<\/li>\n<\/ul>\n<\/div><\/div>\n\n<div class=\"wp-block-media-text alignwide has-media-on-the-right is-stacked-on-mobile is-vertically-aligned-center\"><div class=\"wp-block-media-text__content\">\n<strong>Am\u00e9lioration du personnage<\/strong>: \n\n\n\n<ul>\n<li>Trois races au choix.<\/li>\n\n\n\n<li>Ensembles d\u2019armure avec des bonus int\u00e9gr\u00e9s.<\/li>\n\n\n\n<li>Onze classes diff\u00e9rentes \u00e0 choisir.<\/li>\n\n\n\n<li>Syst\u00e8me de plantation avanc\u00e9 pour les passionn\u00e9s de jardinage.<\/li>\n\n\n\n<li>Garde-robe avanc\u00e9e et de nombreux skins pour la personnalisation.<\/li>\n\n\n\n<li>Syst\u00e8me de double classe avec des comp\u00e9tences et des comp\u00e9tences d\u2019\u00e9lite personnalisables.<\/li>\n\n\n\n<li>Maison personnalisable et gouvernantes priv\u00e9es avec des capacit\u00e9s sp\u00e9ciales.<\/li>\n\n\n\n<li>Syst\u00e8me de relations et de mariage avec une zone sp\u00e9ciale pour acc\u00e9l\u00e9rer le niveau des relations.<\/li>\n<\/ul>\n<\/div><figure class=\"wp-block-media-text__media\"><img decoding=\"async\" loading=\"lazy\" width=\"500\" height=\"258\" data-src=\"https:\/\/chroniclesofarcadia.com\/wp-content\/uploads\/2020\/09\/Dual_class.jpg\" alt=\"\" class=\"wp-image-6647 size-full lazyload\" data-srcset=\"https:\/\/chroniclesofarcadia.com\/wp-content\/uploads\/2020\/09\/Dual_class.jpg 500w, https:\/\/chroniclesofarcadia.com\/wp-content\/uploads\/2020\/09\/Dual_class-300x155.jpg 300w\" data-sizes=\"(max-width: 500px) 100vw, 500px\" src=\"data:image\/gif;base64,R0lGODlhAQABAAAAACH5BAEKAAEALAAAAAABAAEAAAICTAEAOw==\" style=\"--smush-placeholder-width: 500px; --smush-placeholder-aspect-ratio: 500\/258;\"><noscript><img decoding=\"async\" loading=\"lazy\" width=\"500\" height=\"258\" src=\"https:\/\/chroniclesofarcadia.com\/wp-content\/uploads\/2020\/09\/Dual_class.jpg\" alt=\"\" class=\"wp-image-6647 size-full\" srcset=\"https:\/\/chroniclesofarcadia.com\/wp-content\/uploads\/2020\/09\/Dual_class.jpg 500w, https:\/\/chroniclesofarcadia.com\/wp-content\/uploads\/2020\/09\/Dual_class-300x155.jpg 300w\" sizes=\"(max-width: 500px) 100vw, 500px\"><\/noscript><\/figure><\/div>\n\n<div class=\"wp-block-media-text alignwide is-stacked-on-mobile is-vertically-aligned-center zoomable\"><figure class=\"wp-block-media-text__media\"><img decoding=\"async\" loading=\"lazy\" width=\"500\" height=\"258\" data-src=\"https:\/\/chroniclesofarcadia.com\/wp-content\/uploads\/2023\/07\/Easy-Start-e1690285249441.png\" alt=\"\" class=\"image-png wp-image-291021 size-full lazyload\" data-srcset=\"https:\/\/chroniclesofarcadia.com\/wp-content\/uploads\/2023\/07\/Easy-Start-e1690285249441.png 500w, https:\/\/chroniclesofarcadia.com\/wp-content\/uploads\/2023\/07\/Easy-Start-e1690285249441-300x155.png 300w\" data-sizes=\"(max-width: 500px) 100vw, 500px\" src=\"data:image\/gif;base64,R0lGODlhAQABAAAAACH5BAEKAAEALAAAAAABAAEAAAICTAEAOw==\" style=\"--smush-placeholder-width: 500px; --smush-placeholder-aspect-ratio: 500\/258;\"><noscript><img decoding=\"async\" loading=\"lazy\" width=\"500\" height=\"258\" src=\"https:\/\/chroniclesofarcadia.com\/wp-content\/uploads\/2023\/07\/Easy-Start-e1690285249441.png\" alt=\"\" class=\"image-png wp-image-291021 size-full\" srcset=\"https:\/\/chroniclesofarcadia.com\/wp-content\/uploads\/2023\/07\/Easy-Start-e1690285249441.png 500w, https:\/\/chroniclesofarcadia.com\/wp-content\/uploads\/2023\/07\/Easy-Start-e1690285249441-300x155.png 300w\" sizes=\"(max-width: 500px) 100vw, 500px\"><\/noscript><\/figure><div class=\"wp-block-media-text__content\">\n<strong>D\u00e9but facile<\/strong>: \n\n\n\n<ul>\n<li>Nouveaux popups de tutoriel.<\/li>\n\n\n\n<li>Animal de compagnie pour les d\u00e9butants jusqu\u2019au niveau 100.<\/li>\n\n\n\n<li>Tutoriel pour les premiers pas et les qu\u00eates.<\/li>\n\n\n\n<li>R\u00e9gions de d\u00e9part attractives pour chaque race.<\/li>\n\n\n\n<li><a href=\"https:\/\/chroniclesofarcadia.com\/fr\/boostez-votre-personnage\/\" data-type=\"URL\" data-id=\"https:\/\/chroniclesofarcadia.com\/boost-your-character\/\">Optional 91 level boost for one class with equipment.<\/a><\/li>\n\n\n\n<li>Contr\u00f4le de personnage personnalisable avec souris et\/ou touches.<\/li>\n\n\n\n<li>Carte de jeu et syst\u00e8me de radar pour localiser les ressources et les PNJ.<\/li>\n\n\n\n<li>Interface utilisateur personnalisable pour des addons et une configuration personnalis\u00e9s.<\/li>\n<\/ul>\n<\/div><\/div>\n\n<div class=\"wp-block-media-text alignwide has-media-on-the-right is-stacked-on-mobile is-vertically-aligned-center zoomable\"><div class=\"wp-block-media-text__content\">\n<strong>Succ\u00e8s et activit\u00e9s<\/strong>: \n\n\n\n<ul>\n<li>Un compendium de monstres \u00e9tendu.<\/li>\n\n\n\n<li>Classements en jeu et sur le web que vous pouvez dominer.<\/li>\n\n\n\n<li>Qu\u00eates quotidiennes et mini-jeux dans les zones et dans les guildes.<\/li>\n\n\n\n<li>Ch\u00e2teaux de guilde personnalisables et am\u00e9liorables avec diff\u00e9rents styles au choix.<\/li>\n\n\n\n<li>\u00c9v\u00e9nements en jeu et sur le forum ainsi que des festivals pour profiter et obtenir des r\u00e9compenses sp\u00e9ciales.<\/li>\n\n\n\n<li>Syst\u00e8mes d\u2019animaux de compagnie \u00e9tendus qui vous faciliteront la vie et vous suivront dans vos aventures.<\/li>\n<\/ul>\n<\/div><figure class=\"wp-block-media-text__media\"><img decoding=\"async\" loading=\"lazy\" width=\"500\" height=\"258\" data-src=\"https:\/\/chroniclesofarcadia.com\/wp-content\/uploads\/2020\/09\/Game-Features-light-2.jpg\" alt=\"\" class=\"wp-image-6671 size-full lazyload\" data-srcset=\"https:\/\/chroniclesofarcadia.com\/wp-content\/uploads\/2020\/09\/Game-Features-light-2.jpg 500w, https:\/\/chroniclesofarcadia.com\/wp-content\/uploads\/2020\/09\/Game-Features-light-2-300x155.jpg 300w\" data-sizes=\"(max-width: 500px) 100vw, 500px\" src=\"data:image\/gif;base64,R0lGODlhAQABAAAAACH5BAEKAAEALAAAAAABAAEAAAICTAEAOw==\" style=\"--smush-placeholder-width: 500px; --smush-placeholder-aspect-ratio: 500\/258;\"><noscript><img decoding=\"async\" loading=\"lazy\" width=\"500\" height=\"258\" src=\"https:\/\/chroniclesofarcadia.com\/wp-content\/uploads\/2020\/09\/Game-Features-light-2.jpg\" alt=\"\" class=\"wp-image-6671 size-full\" srcset=\"https:\/\/chroniclesofarcadia.com\/wp-content\/uploads\/2020\/09\/Game-Features-light-2.jpg 500w, https:\/\/chroniclesofarcadia.com\/wp-content\/uploads\/2020\/09\/Game-Features-light-2-300x155.jpg 300w\" sizes=\"(max-width: 500px) 100vw, 500px\"><\/noscript><\/figure><\/div>\n\n<div class=\"wp-block-media-text alignwide is-stacked-on-mobile is-vertically-aligned-center zoomable\"><figure class=\"wp-block-media-text__media\"><img decoding=\"async\" loading=\"lazy\" width=\"500\" height=\"258\" data-src=\"https:\/\/chroniclesofarcadia.com\/wp-content\/uploads\/2023\/07\/A-world-without-comparison-e1690285273278.png\" alt=\"\" class=\"image-png wp-image-291013 size-full lazyload\" data-srcset=\"https:\/\/chroniclesofarcadia.com\/wp-content\/uploads\/2023\/07\/A-world-without-comparison-e1690285273278.png 500w, https:\/\/chroniclesofarcadia.com\/wp-content\/uploads\/2023\/07\/A-world-without-comparison-e1690285273278-300x155.png 300w\" data-sizes=\"(max-width: 500px) 100vw, 500px\" src=\"data:image\/gif;base64,R0lGODlhAQABAAAAACH5BAEKAAEALAAAAAABAAEAAAICTAEAOw==\" style=\"--smush-placeholder-width: 500px; --smush-placeholder-aspect-ratio: 500\/258;\"><noscript><img decoding=\"async\" loading=\"lazy\" width=\"500\" height=\"258\" src=\"https:\/\/chroniclesofarcadia.com\/wp-content\/uploads\/2023\/07\/A-world-without-comparison-e1690285273278.png\" alt=\"\" class=\"image-png wp-image-291013 size-full\" srcset=\"https:\/\/chroniclesofarcadia.com\/wp-content\/uploads\/2023\/07\/A-world-without-comparison-e1690285273278.png 500w, https:\/\/chroniclesofarcadia.com\/wp-content\/uploads\/2023\/07\/A-world-without-comparison-e1690285273278-300x155.png 300w\" sizes=\"(max-width: 500px) 100vw, 500px\"><\/noscript><\/figure><div class=\"wp-block-media-text__content\">\n<strong>Un monde sans comparaison<\/strong>: \n\n\n\n<ul>\n<li>Maison des ench\u00e8res pour les affaires.<\/li>\n\n\n\n<li>Syst\u00e8me de messagerie en jeu pour la communication.<\/li>\n\n\n\n<li>Transmuteur Arcane pour forger votre puissance.<\/li>\n\n\n\n<li>Transport rapide en utilisant des portails et un livre de transport.<\/li>\n\n\n\n<li>Instances de groupe impressionnantes et raids avec des niveaux de difficult\u00e9 variables et des rencontres publiques.<\/li>\n<\/ul>\n<\/div><\/div>\n\n<div class=\"wp-block-media-text alignwide has-media-on-the-right is-stacked-on-mobile is-vertically-aligned-center\"><div class=\"wp-block-media-text__content\">\n<strong>Batailles JcJ passionnantes<\/strong>: \n\n\n\n<ul>\n<li>Duel, mode PK et \u00e9v\u00e9nements PvP.<\/li>\n\n\n\n<li>Diverses activit\u00e9s telles que \u201cCapture the Flag\u201d.<\/li>\n\n\n\n<li>Batailles PvP contre d\u2019autres joueurs pour s\u2019amuser !<\/li>\n\n\n\n<li>Champs de bataille avec diff\u00e9rents nombres de participants.<\/li>\n\n\n\n<li>Guerres de si\u00e8ge avec des armes de si\u00e8ge puissantes et des r\u00e9compenses.<\/li>\n<\/ul>\n<\/div><figure class=\"wp-block-media-text__media\"><img decoding=\"async\" loading=\"lazy\" width=\"500\" height=\"258\" data-src=\"https:\/\/chroniclesofarcadia.com\/wp-content\/uploads\/2020\/09\/PVP-2.jpg\" alt=\"\" class=\"wp-image-6687 size-full lazyload\" data-srcset=\"https:\/\/chroniclesofarcadia.com\/wp-content\/uploads\/2020\/09\/PVP-2.jpg 500w, https:\/\/chroniclesofarcadia.com\/wp-content\/uploads\/2020\/09\/PVP-2-300x155.jpg 300w\" data-sizes=\"(max-width: 500px) 100vw, 500px\" src=\"data:image\/gif;base64,R0lGODlhAQABAAAAACH5BAEKAAEALAAAAAABAAEAAAICTAEAOw==\" style=\"--smush-placeholder-width: 500px; --smush-placeholder-aspect-ratio: 500\/258;\"><noscript><img decoding=\"async\" loading=\"lazy\" width=\"500\" height=\"258\" src=\"https:\/\/chroniclesofarcadia.com\/wp-content\/uploads\/2020\/09\/PVP-2.jpg\" alt=\"\" class=\"wp-image-6687 size-full\" srcset=\"https:\/\/chroniclesofarcadia.com\/wp-content\/uploads\/2020\/09\/PVP-2.jpg 500w, https:\/\/chroniclesofarcadia.com\/wp-content\/uploads\/2020\/09\/PVP-2-300x155.jpg 300w\" sizes=\"(max-width: 500px) 100vw, 500px\"><\/noscript><\/figure><\/div>\n\n<p class=\"has-text-align-center\">Rejoignez les Chroniques d\u2019Arcadia d\u00e9s maintenant et commencez \u00e0 profiter d\u2019un monde plein de fantaisie et d\u2019aventures incomparables!<\/p>\n\n<hr class=\"wp-block-separator has-alpha-channel-opacity\">\n\n<strong>Pour les joueurs de retour<\/strong>: \n<style type=\"text\/css\">\r\n       .errordiv { padding:10px; margin:10px; border: 1px solid #555555;color: #000000;background-color: #f8f8f8; width:500px; }#advanced_iframe {visibility:visible;opacity:1;vertical-align:top;}.ai-info-bottom-iframe { position: fixed; z-index: 10000; bottom:0; left: 0; margin: 0px; text-align: center; width: 100%; background-color: #ff9999; padding-left: 5px;padding-bottom: 5px; border-top: 1px solid #aaa } a.ai-bold {font-weight: bold;}#ai-layer-div-advanced_iframe p {height:100%;margin:0;padding:0}<\/style><script type=\"text\/javascript\">var ai_iframe_width_advanced_iframe = 0;var ai_iframe_height_advanced_iframe = 0;function aiReceiveMessageadvanced_iframe(event) {  aiProcessMessage(event,\"advanced_iframe\", \"true\");}if (window.addEventListener) {  window.addEventListener(\"message\", aiReceiveMessageadvanced_iframe);} else if (el.attachEvent)  {  el.attachEvent(\"message\", aiReceiveMessageadvanced_iframe);}var aiIsIe8=false;var aiOnloadScrollTop=\"true\";var aiShowDebug=false;\r\n\t\tif (typeof aiReadyCallbacks === 'undefined') {\r\n\t\t\tvar aiReadyCallbacks = [];  \r\n\t\t} else if (!(aiReadyCallbacks instanceof Array)) {\r\n\t\t\tvar aiReadyCallbacks = [];\r\n\t\t}    function aiShowIframeId(id_iframe) { jQuery(\"#\"+id_iframe).css(\"visibility\", \"visible\");    }    function aiResizeIframeHeight(height) { aiResizeIframeHeight(height,advanced_iframe); }    function aiResizeIframeHeightId(height,width,id) {aiResizeIframeHeightById(id,height);}<\/script><iframe id=\"advanced_iframe\" name=\"advanced_iframe\" src=\"https:\/\/open.codecks.io\/chroniclesofarcadia\" width=\"100%\" height=\"600\" frameborder=\"0\" allowtransparency=\"true\" loading=\"lazy\" style=\";width:100%;height:600px;\"><\/iframe><script type=\"text\/javascript\">var ifrm_advanced_iframe = document.getElementById(\"advanced_iframe\");var hiddenTabsDoneadvanced_iframe = false;\r\nfunction resizeCallbackadvanced_iframe() {}<\/script><script type=\"text\/javascript\"><\/script><\/body>","protected":false},"excerpt":{"rendered":"<p>Chronicles of Arcadia is a fantasy MMORPG with Taborea world full of unique content never met anywhere else.<\/p>\n","protected":false},"author":1,"featured_media":3541,"parent":0,"menu_order":0,"comment_status":"closed","ping_status":"closed","template":"","meta":{"disable_featured_image_zoom":false},"acf":[],"_links":{"self":[{"href":"https:\/\/chroniclesofarcadia.com\/fr\/wp-json\/wp\/v2\/pages\/5278"}],"collection":[{"href":"https:\/\/chroniclesofarcadia.com\/fr\/wp-json\/wp\/v2\/pages"}],"about":[{"href":"https:\/\/chroniclesofarcadia.com\/fr\/wp-json\/wp\/v2\/types\/page"}],"author":[{"embeddable":true,"href":"https:\/\/chroniclesofarcadia.com\/fr\/wp-json\/wp\/v2\/users\/1"}],"replies":[{"embeddable":true,"href":"https:\/\/chroniclesofarcadia.com\/fr\/wp-json\/wp\/v2\/comments?post=5278"}],"version-history":[{"count":8,"href":"https:\/\/chroniclesofarcadia.com\/fr\/wp-json\/wp\/v2\/pages\/5278\/revisions"}],"predecessor-version":[{"id":293466,"href":"https:\/\/chroniclesofarcadia.com\/fr\/wp-json\/wp\/v2\/pages\/5278\/revisions\/293466"}],"wp:featuredmedia":[{"embeddable":true,"href":"https:\/\/chroniclesofarcadia.com\/fr\/wp-json\/wp\/v2\/media\/3541"}],"wp:attachment":[{"href":"https:\/\/chroniclesofarcadia.com\/fr\/wp-json\/wp\/v2\/media?parent=5278"}],"curies":[{"name":"wp","href":"https:\/\/api.w.org\/{rel}","templated":true}]}}