{"id":7736,"date":"2020-09-19T20:44:11","date_gmt":"2020-09-19T18:44:11","guid":{"rendered":"https:\/\/chroniclesofarcadia.com\/boostez-votre-personnage\/"},"modified":"2023-03-31T13:29:18","modified_gmt":"2023-03-31T11:29:18","slug":"boostez-votre-personnage","status":"publish","type":"page","link":"https:\/\/chroniclesofarcadia.com\/fr\/boostez-votre-personnage\/","title":{"rendered":"Boostez votre personnage"},"content":{"rendered":"<body><div class=\"wp-block-image\">\n<figure class=\"alignright size-large is-resized\"><img class=\"image-png lazyload\" decoding=\"async\" loading=\"lazy\" data-src=\"https:\/\/playernetgames.net\/games\/chroniclesofarcadia\/web\/img\/dualclass.png\" alt=\"\" width=\"300\" height=\"404\" src=\"data:image\/gif;base64,R0lGODlhAQABAAAAACH5BAEKAAEALAAAAAABAAEAAAICTAEAOw==\" style=\"--smush-placeholder-width: 300px; --smush-placeholder-aspect-ratio: 300\/404;\"><noscript><img class=\"image-png\" decoding=\"async\" loading=\"lazy\" src=\"https:\/\/playernetgames.net\/games\/chroniclesofarcadia\/web\/img\/dualclass.png\" alt=\"\" width=\"300\" height=\"404\"><\/noscript><\/figure><\/div>\n<strong>Niveau 91 instantan\u00e9<\/strong>: \n\n<p>Vous \u00eates un nouvel arrivant et vous ne voulez pas recommencer de z\u00e9ro?\r\n\r\nPas de probl\u00e8me!\r\n\r\nCherchez le guide de l\u2019aventurier, Johnny Dalker et obtenez votre niveau 91 instantan\u00e9ment!<\/p>\n\n<strong>Un nouveau lieu pour Johnny Dalker<\/strong>: \n\n<p>Auparavant, vous pouviez trouver Johnny Dalker dans chaque zone de d\u00e9part pour vous donner un coup de pouce, mais les Mages de l\u2019\u0152il de la Sagesse avaient besoin de son aide \u00e0 Varanas, c\u2019est pourquoi vous le trouverez l\u00e0-bas maintenant!<\/p>\n\n<strong>Conditions<\/strong>: \n\n<p>Vous remplissez les conditions quand votre personnage n\u2019a pas encore de classe niveau 91. c\u2019est tout!<\/p>\n\n<p>Parlez \u00e0 Johnny Dalker et il vous am\u00e9liorera avec un certain ensemble d\u2019\u00e9quipement et des armes uniques correspondant \u00e0 votre classe.\r\n\r\nAdditionnellemnt il augmentera votre niveau au 91 instantan\u00e9ment et vous donnera un bon montant de point de talent afin d\u2019am\u00e9lior\u00e9 vos comp\u00e9tences.<\/p>\n\n<p>Vous ne connaissez pas encore Paradise? Maintenant que vous connaissez comment d\u00e9buter votre aventure, qu\u2019attendez vous pour devenir un h\u00e9ros? C\u2019est votre chance!\r\n<\/p>\n\n<figure class=\"wp-block-image size-large\"><img decoding=\"async\" data-src=\"https:\/\/chroniclesofarcadia.com\/wp-content\/uploads\/2022\/10\/Johnny_Dalker.jpg\" alt=\"\" src=\"data:image\/gif;base64,R0lGODlhAQABAAAAACH5BAEKAAEALAAAAAABAAEAAAICTAEAOw==\" class=\"lazyload\" style=\"--smush-placeholder-width: 1920px; --smush-placeholder-aspect-ratio: 1920\/1017;\"><noscript><img decoding=\"async\" src=\"https:\/\/chroniclesofarcadia.com\/wp-content\/uploads\/2022\/10\/Johnny_Dalker.jpg\" alt=\"\"><\/noscript><\/figure>\n<\/body>","protected":false},"excerpt":{"rendered":"<p>Niveau 91 instantan\u00e9: Vous \u00eates un nouvel arrivant et vous ne voulez pas recommencer de z\u00e9ro? Pas de probl\u00e8me! Cherchez le guide de l\u2019aventurier, Johnny Dalker et obtenez votre niveau 91 instantan\u00e9ment! Un nouveau lieu pour Johnny Dalker: Auparavant, vous pouviez trouver Johnny Dalker dans chaque zone de d\u00e9part pour vous donner un coup de [&hellip;]<\/p>\n","protected":false},"author":1,"featured_media":0,"parent":0,"menu_order":0,"comment_status":"closed","ping_status":"closed","template":"","meta":{"disable_featured_image_zoom":false},"acf":[],"_links":{"self":[{"href":"https:\/\/chroniclesofarcadia.com\/fr\/wp-json\/wp\/v2\/pages\/7736"}],"collection":[{"href":"https:\/\/chroniclesofarcadia.com\/fr\/wp-json\/wp\/v2\/pages"}],"about":[{"href":"https:\/\/chroniclesofarcadia.com\/fr\/wp-json\/wp\/v2\/types\/page"}],"author":[{"embeddable":true,"href":"https:\/\/chroniclesofarcadia.com\/fr\/wp-json\/wp\/v2\/users\/1"}],"replies":[{"embeddable":true,"href":"https:\/\/chroniclesofarcadia.com\/fr\/wp-json\/wp\/v2\/comments?post=7736"}],"version-history":[{"count":0,"href":"https:\/\/chroniclesofarcadia.com\/fr\/wp-json\/wp\/v2\/pages\/7736\/revisions"}],"wp:attachment":[{"href":"https:\/\/chroniclesofarcadia.com\/fr\/wp-json\/wp\/v2\/media?parent=7736"}],"curies":[{"name":"wp","href":"https:\/\/api.w.org\/{rel}","templated":true}]}}