{"id":3660,"date":"2020-01-17T16:37:18","date_gmt":"2020-01-17T14:37:18","guid":{"rendered":"https:\/\/chroniclesofarcadia.com\/rozdzialy-gry\/"},"modified":"2024-08-26T01:04:17","modified_gmt":"2024-08-25T23:04:17","slug":"rozdzialy-gry","status":"publish","type":"page","link":"https:\/\/chroniclesofarcadia.com\/pl\/rozdzialy-gry\/","title":{"rendered":"Rozdzia\u0142y gry"},"content":{"rendered":"<body>\n<p>Dowiedz si\u0119 wszystkiego, co musisz wiedzie\u0107 o przesz\u0142o\u015bci Chronicles of Arcadia.<\/p>\n\n<!--more-->\n\n<div class=\"wp-block-group flex-columns is-layout-flow\"><div class=\"wp-block-group__inner-container\">\n<div class=\"wp-block-group is-layout-flow\"><div class=\"wp-block-group__inner-container\">\n<strong>Rozdzia\u0142 I \u2013 Powstanie W\u0142adcy Demon\u00f3w<\/strong>: \n\n\n\n<p>Kiedy\u015b pok\u00f3j zosta\u0142 zagro\u017cony przez p\u0142omienie. Dowiedz si\u0119, jak rozpocz\u0119\u0142a si\u0119 historia Chronicles of Arcadia.<\/p>\n<\/div><\/div>\n\n\n\n<div class=\"wp-block-group is-layout-flow\"><div class=\"wp-block-group__inner-container\">\n<strong>Rozdzia\u0142 II \u2013 Proroctwo Elf\u00f3w<\/strong>: \n\n\n\n<p>Staro\u017cytne zagro\u017cenie sprowadzi\u0142o Elfy z powrotem do Taborei. Dowiedz si\u0119, z czym musz\u0105 si\u0119 zmierzy\u0107, aby chroni\u0107 swoje imperium.<\/p>\n<\/div><\/div>\n\n\n\n<div class=\"wp-block-group is-layout-flow\"><div class=\"wp-block-group__inner-container\">\n<strong>Rozdzia\u0142 III \u2013 Staro\u017cytne Kr\u00f3lestwa<\/strong>: \n\n\n\n<p>Okrutni tyrani zagra\u017caj\u0105 kr\u00f3lowi Callawayowi i jego poddanym. Rozwik\u0142aj spl\u0105tan\u0105 sie\u0107 i dotrzyj do sedna intrygi.<\/p>\n<\/div><\/div>\n\n\n\n<div class=\"wp-block-group is-layout-flow\"><div class=\"wp-block-group__inner-container\">\n<strong>Rozdzia\u0142 IV \u2013 Krainy Rozpaczy<\/strong>: \n\n\n\n<p>Cie\u0144 plaga ziemi\u0119. Odkryj, kto stoi za ostatnimi wydarzeniami, i przerwij ich demoniczne plany.<\/p>\n<\/div><\/div>\n\n\n\n<div class=\"wp-block-group is-layout-flow\"><div class=\"wp-block-group__inner-container\">\n<strong>Rozdzia\u0142 V \u2013 Ognie Ku\u017ani Cienia<\/strong>: \n\n\n\n<p>Krasnoludy Ku\u017ani Cienia przyby\u0142y do \u200b\u200bTaborei. Przebudzeni z g\u0142\u0119bokiego snu szukaj\u0105 teraz swojego Kr\u00f3la.<\/p>\n<\/div><\/div>\n\n\n\n<div class=\"wp-block-group is-layout-flow\"><div class=\"wp-block-group__inner-container\">\n<strong>Rozdzia\u0142 VI \u2013 \u015awiat\u0142o\u015b\u0107 Raju<\/strong>: \n\n\n\n<p>Spokojny Raj cierpi z powodu najciemniejszego zak\u0105tka ciemno\u015bci. Pokonaj ciemno\u015b\u0107 i znajd\u017a \u015bwiat\u0142o Raju.<\/p>\n<\/div><\/div>\n\n\n\n<div class=\"wp-block-group is-layout-flow\"><div class=\"wp-block-group__inner-container\">\n<strong>Rozdzia\u0142 VII \u2013 Apokalipsa Cyklop\u00f3w<\/strong>: \n\n\n\n<p>Pi\u0119\u0107 lat temu bohaterowie Taborei zniszczyli terytorium Cyklop\u00f3w i upokorzyli swojego przyw\u00f3dc\u0119 Ugad\u0119. Podczas gdy wszyscy odkrywali nowe obszary i pokonywali nowych wrog\u00f3w, Cyklopi przygotowali swoj\u0105 armi\u0119 do zniszczenia \u015bwiata.<\/p>\n<\/div><\/div>\n\n\n\n<div class=\"wp-block-group is-layout-flow\"><div class=\"wp-block-group__inner-container\">\n<strong>Rozdzia\u0142 VIII \u2013 Rydwan Bogini<\/strong>: \n\n\n\n<p>W dawnych czasach ludzie stworzyli gigantyczne golemy stra\u017cnicze, lecz stra\u017cnicy zwr\u00f3cili si\u0119 przeciwko nim i zniszczyli znaczn\u0105 cz\u0119\u015b\u0107 ziemi. Taborejczycy zebrali si\u0119 w tych desperackich czasach, zdo\u0142ali pokona\u0107 straszliwych tyran\u00f3w i zamienili aule w ruiny p\u0142yn\u0105ce law\u0105.<\/p>\n<\/div><\/div>\n\n\n\n<div class=\"wp-block-group is-layout-flow\"><div class=\"wp-block-group__inner-container\">\n<strong>Rozdzia\u0142 IX \u2013 Powr\u00f3t Pakala<\/strong>: \n\n\n\n<p>Pewnego razu na ziemiach Taborei istnia\u0142o wspania\u0142e miasto o nazwie <em>Tikal<\/em>. Kt\u00f3rego\u015b dnia ciemne trupy zaatakowa\u0142y Tikal i ca\u0142kowicie go zaj\u0119\u0142y. Pomo\u017cesz Pakalowi i jego poddanym uzyska\u0107 klucz do zamkni\u0119tego portalu i uratowa\u0107 ksi\u0119\u017cniczk\u0119?<\/p>\n<\/div><\/div>\n\n\n\n<div class=\"wp-block-group is-layout-flow\"><div class=\"wp-block-group__inner-container\">\n<strong>Rozdzia\u0142 X \u2013 Komnata Element\u00f3w<\/strong>: \n\n\n\n<p>\u017bycie w Taborei rozkwit\u0142o po upadku Wrakal. Po raz pierwszy od 500 lat Kr\u00f3lestwa \u017cy\u0142y w pokoju. A potem\u2026 Loki poprzysi\u0105g\u0142 obr\u00f3ci\u0107 Kr\u00f3lestwa w popi\u00f3\u0142. Glacis sta\u0142 si\u0119 pot\u0119\u017cniejszy, gdy usiad\u0142 na swym lodowym tronie i zbudowa\u0142 najwi\u0119ksz\u0105 armi\u0119 na \u015bwiecie. Co wi\u0119cej, Czarny Kodeks otworzy\u0142 przej\u015bcie z naszego \u015bwiata do kr\u00f3lestwa rz\u0105dzonego przez Astarotha i jego demony.<\/p>\n<\/div><\/div>\n\n\n\n<div class=\"wp-block-group is-layout-flow\"><div class=\"wp-block-group__inner-container\">\n<strong>Chapter XI \u2013 Stories from Talaghan<\/strong>: \n\n\n\n<p>Atlantis felt the urge to expand, settlers stranded on the unexplored lands of Talaghan. While preparing the construction of their just founded land, strange unexplainable events happened. Recently the lands of Talaghan were shrinking. A dark core keeps expanding its darkness, consuming everything to darkness. The expanding of darkness must be stopped to save not just Talaghan, but also the rest of Taborea.<\/p>\n<\/div><\/div>\n<\/div><\/div>\n<\/body>","protected":false},"excerpt":{"rendered":"<p>Dowiedz si\u0119 wszystkiego, co musisz wiedzie\u0107 o przesz\u0142o\u015bci Chronicles of Arcadia.<\/p>\n","protected":false},"author":1,"featured_media":0,"parent":0,"menu_order":0,"comment_status":"closed","ping_status":"closed","template":"","meta":{"disable_featured_image_zoom":false},"acf":[],"_links":{"self":[{"href":"https:\/\/chroniclesofarcadia.com\/pl\/wp-json\/wp\/v2\/pages\/3660"}],"collection":[{"href":"https:\/\/chroniclesofarcadia.com\/pl\/wp-json\/wp\/v2\/pages"}],"about":[{"href":"https:\/\/chroniclesofarcadia.com\/pl\/wp-json\/wp\/v2\/types\/page"}],"author":[{"embeddable":true,"href":"https:\/\/chroniclesofarcadia.com\/pl\/wp-json\/wp\/v2\/users\/1"}],"replies":[{"embeddable":true,"href":"https:\/\/chroniclesofarcadia.com\/pl\/wp-json\/wp\/v2\/comments?post=3660"}],"version-history":[{"count":2,"href":"https:\/\/chroniclesofarcadia.com\/pl\/wp-json\/wp\/v2\/pages\/3660\/revisions"}],"predecessor-version":[{"id":293219,"href":"https:\/\/chroniclesofarcadia.com\/pl\/wp-json\/wp\/v2\/pages\/3660\/revisions\/293219"}],"wp:attachment":[{"href":"https:\/\/chroniclesofarcadia.com\/pl\/wp-json\/wp\/v2\/media?parent=3660"}],"curies":[{"name":"wp","href":"https:\/\/api.w.org\/{rel}","templated":true}]}}