{"id":3662,"date":"2020-01-17T14:56:53","date_gmt":"2020-01-17T12:56:53","guid":{"rendered":"https:\/\/chroniclesofarcadia.com\/historia-taborei\/"},"modified":"2020-03-16T21:13:02","modified_gmt":"2020-03-16T21:13:02","slug":"historia-taborei","status":"publish","type":"page","link":"https:\/\/chroniclesofarcadia.com\/pl\/historia-taborei\/","title":{"rendered":"Historia Taborei"},"content":{"rendered":"<body>\n<strong>Czarodziejskie \u017cyczenia, niebezpieczne idee<\/strong>: \n\n\n\n<p>Taborea budzi si\u0119 do \u017cycia, kiedy Ayvenas spisuje pomys\u0142y na temat nowego \u015bwiata w swojej ksi\u0119dze. S\u0142owo za s\u0142owem, pi\u00f3ro boga opisuje pokojowe rasy oraz sielskie krajobrazy. Nagle pojawia si\u0119 u niego niebezpieczna my\u015bl:<\/p>\n\n\n\n<strong>\u201eCo sta\u0142oby si\u0119, je\u017celi nie wszystko by\u0142oby takie pokojowe i idealne?\u201c<\/strong>: \n\n\n\n<p>Ta idea zmienia jego spos\u00f3b pisania o Taborei. Ludzie staj\u0105 si\u0119 nierozwa\u017cni, spokojne dot\u0105d Elfy brutalne, a dobroduszne Krasnoludy chciwe. Nawet niekt\u00f3re z \u017cywio\u0142\u00f3w, kt\u00f3re mia\u0142y chroni\u0107 \u015bwiat, wymykaj\u0105 si\u0119 spod kontroli.<\/p>\n\n\n\n<p>Ayvenas szybko rozpoznaje sw\u00f3j z\u0142y wp\u0142yw na Tabore\u0119 i pozostawia j\u0105 sam\u0105 sobie. Niszczy swoj\u0105 ksi\u0119g\u0119, rozrzucaj\u0105c jej cz\u0119\u015bci po wielu krainach i rozpoczyna now\u0105 opowie\u015b\u0107.<\/p>\n\n\n\n<strong>Nagi, demony, portale<\/strong>: \n\n\n\n<div class=\"wp-block-image clearright zoomable\"><figure class=\"alignright size-large\"><img decoding=\"async\" loading=\"lazy\" width=\"384\" height=\"395\" data-src=\"https:\/\/chroniclesofarcadia.com\/wp-content\/uploads\/2020\/01\/fbb0a1b73c.png\" alt=\"\" class=\"image-png wp-image-1318 lazyload\" data-srcset=\"https:\/\/chroniclesofarcadia.com\/wp-content\/uploads\/2020\/01\/fbb0a1b73c.png 384w, https:\/\/chroniclesofarcadia.com\/wp-content\/uploads\/2020\/01\/fbb0a1b73c-292x300.png 292w\" data-sizes=\"(max-width: 384px) 100vw, 384px\" src=\"data:image\/gif;base64,R0lGODlhAQABAAAAACH5BAEKAAEALAAAAAABAAEAAAICTAEAOw==\" style=\"--smush-placeholder-width: 384px; --smush-placeholder-aspect-ratio: 384\/395;\"><noscript><img decoding=\"async\" loading=\"lazy\" width=\"384\" height=\"395\" src=\"https:\/\/chroniclesofarcadia.com\/wp-content\/uploads\/2020\/01\/fbb0a1b73c.png\" alt=\"\" class=\"image-png wp-image-1318\" srcset=\"https:\/\/chroniclesofarcadia.com\/wp-content\/uploads\/2020\/01\/fbb0a1b73c.png 384w, https:\/\/chroniclesofarcadia.com\/wp-content\/uploads\/2020\/01\/fbb0a1b73c-292x300.png 292w\" sizes=\"(max-width: 384px) 100vw, 384px\"><\/noscript><\/figure><\/div>\n\n\n\n<p>Po wycofaniu si\u0119 Ayvenasa, Taborea zostaj\u0119 napadni\u0119ta przez Nagi. Ludzie i Elfy sprzymierzaj\u0105 si\u0119, a nast\u0119pnie odpieraj\u0105 \u017cmijowatych naje\u017ad\u017ac\u00f3w i zamykaj\u0105 ich za magiczn\u0105 barier\u0105. Korzystaj\u0105 w tym celu z legendarnych artefakt\u00f3w, takich jak elfi miecz \u015awietlisty B\u0142ysk.<\/p>\n\n\n\n<p>Uniesione zwyci\u0119stwem, rasy Taborei zak\u0142adaj\u0105 Pradawne Kr\u00f3lestwa, kt\u00f3re maj\u0105 sprzyja\u0107 wymianie wiedzy i technologii. Ludzie s\u0105 przede wszystkim zainteresowani szcz\u0105tkami ksi\u0119gi Ayvenasa. Przepowiednia m\u00f3wi, \u017ce mo\u017cna dzi\u0119ki nim kierowa\u0107 przysz\u0142o\u015bci\u0105 i wp\u0142ywa\u0107 na histori\u0119.<\/p>\n\n\n\n<p>Z czasem Ludzie staj\u0105 si\u0119 coraz bardziej chciwi. U\u017cywaj\u0105c pradawnych zakl\u0119\u0107 i mocy, niekt\u00f3rzy przemieniaj\u0105 si\u0119 w Demony, rozpoczynaj\u0105c straszliw\u0105 Wojn\u0119 Balanzasara. Aby zako\u0144czy\u0107 cierpienia tysi\u0119cy, rasy Taborei formuj\u0105 Sojusz, pod kt\u00f3rego sztandarem pot\u0119\u017cne armie przep\u0119dzaj\u0105 Demony do \u015bwiata pustki.<\/p>\n\n\n\n<strong>Runy, Stra\u017cnicy, ucieczka<\/strong>: \n\n\n\n<div class=\"wp-block-image clearright zoomable\"><figure class=\"alignright size-large\"><img decoding=\"async\" loading=\"lazy\" width=\"384\" height=\"320\" data-src=\"https:\/\/chroniclesofarcadia.com\/wp-content\/uploads\/2020\/01\/f9895e24e3.png\" alt=\"\" class=\"image-png wp-image-1317 lazyload\" data-srcset=\"https:\/\/chroniclesofarcadia.com\/wp-content\/uploads\/2020\/01\/f9895e24e3.png 384w, https:\/\/chroniclesofarcadia.com\/wp-content\/uploads\/2020\/01\/f9895e24e3-300x250.png 300w\" data-sizes=\"(max-width: 384px) 100vw, 384px\" src=\"data:image\/gif;base64,R0lGODlhAQABAAAAACH5BAEKAAEALAAAAAABAAEAAAICTAEAOw==\" style=\"--smush-placeholder-width: 384px; --smush-placeholder-aspect-ratio: 384\/320;\"><noscript><img decoding=\"async\" loading=\"lazy\" width=\"384\" height=\"320\" src=\"https:\/\/chroniclesofarcadia.com\/wp-content\/uploads\/2020\/01\/f9895e24e3.png\" alt=\"\" class=\"image-png wp-image-1317\" srcset=\"https:\/\/chroniclesofarcadia.com\/wp-content\/uploads\/2020\/01\/f9895e24e3.png 384w, https:\/\/chroniclesofarcadia.com\/wp-content\/uploads\/2020\/01\/f9895e24e3-300x250.png 300w\" sizes=\"(max-width: 384px) 100vw, 384px\"><\/noscript><\/figure><\/div>\n\n\n\n<p>Sojusz zwyci\u0119\u017ca! Kosztem jednak wielu poleg\u0142ych, kt\u00f3rzy zabieraj\u0105 ze sob\u0105 do grob\u00f3w bezcenn\u0105 wiedz\u0119. Szczeg\u00f3lnie Ludziom pozostaje niewiele mocy i kontroli nad runami. Wystarczy jej jednak na stworzenie pot\u0119\u017cnych Stra\u017cnik\u00f3w, kt\u00f3rzy chroni\u0105 ich przed niedobitkami armii Demon\u00f3w.<\/p>\n\n\n\n<p>Wkr\u00f3tce jednak to co mia\u0142o chroni\u0107, staje si\u0119 niebezpiecze\u0144stwem. Stra\u017cnicy atakuj\u0105 nie tylko Demony, ale wszystkich pozosta\u0142ych mieszka\u0144c\u00f3w Taborei. Tylko Smoki s\u0105 na tyle silne, aby nawi\u0105za\u0107 z nimi walk\u0119. Wojna ko\u0144czy si\u0119 niespodziewanym \u201ewy\u0142\u0105czeniem\u201d Stra\u017cnik\u00f3w.<\/p>\n\n\n\n<p>Podczas tego mrocznego stulecia, rasy Taborei znajduj\u0105 si\u0119 w stanie ci\u0105g\u0142ej ucieczki. Upada ich kultura, przepada zdobyta wiedza. Jedyne co pozostaje to ich niez\u0142omna odwaga. Ludzie, jako plemiona barbarzy\u0144c\u00f3w, szukaj\u0105 nowego domu na kontynencie Kolydii, Elfy przesiedlaj\u0105 si\u0119 na kontynent Candary.<\/p>\n\n\n\n<strong>Elfy, kl\u0105twa i podzia\u0142<\/strong>: \n\n\n\n<div class=\"wp-block-image clearright zoomable\"><figure class=\"alignright size-large\"><img decoding=\"async\" loading=\"lazy\" width=\"384\" height=\"304\" data-src=\"https:\/\/chroniclesofarcadia.com\/wp-content\/uploads\/2020\/01\/16d4b11e58.png\" alt=\"\" class=\"image-png wp-image-1321 lazyload\" data-srcset=\"https:\/\/chroniclesofarcadia.com\/wp-content\/uploads\/2020\/01\/16d4b11e58.png 384w, https:\/\/chroniclesofarcadia.com\/wp-content\/uploads\/2020\/01\/16d4b11e58-300x238.png 300w\" data-sizes=\"(max-width: 384px) 100vw, 384px\" src=\"data:image\/gif;base64,R0lGODlhAQABAAAAACH5BAEKAAEALAAAAAABAAEAAAICTAEAOw==\" style=\"--smush-placeholder-width: 384px; --smush-placeholder-aspect-ratio: 384\/304;\"><noscript><img decoding=\"async\" loading=\"lazy\" width=\"384\" height=\"304\" src=\"https:\/\/chroniclesofarcadia.com\/wp-content\/uploads\/2020\/01\/16d4b11e58.png\" alt=\"\" class=\"image-png wp-image-1321\" srcset=\"https:\/\/chroniclesofarcadia.com\/wp-content\/uploads\/2020\/01\/16d4b11e58.png 384w, https:\/\/chroniclesofarcadia.com\/wp-content\/uploads\/2020\/01\/16d4b11e58-300x238.png 300w\" sizes=\"(max-width: 384px) 100vw, 384px\"><\/noscript><\/figure><\/div>\n\n\n\n<p>Elfy Candary zbiegaj\u0105 Stra\u017cnikom, ale nie odwiecznej \u201eKl\u0105twie Elfich Bli\u017ani\u0105t\u201d. Zgodnie z przepowiedni\u0105, bli\u017ani\u0119ta maj\u0105 podzieli\u0107 lud na zawsze, tak jak sta\u0142o si\u0119 to w czasie wojny z Demonami.<\/p>\n\n\n\n<p>Rodzi si\u0119 kolejna kr\u00f3lewska para bli\u017ani\u0105t. Aby z\u0142ama\u0107 kl\u0105tw\u0119, jeden z bli\u017aniak\u00f3w \u2013 Kentalion, odchodzi w nieznane. Kr\u00f3lowa nie mo\u017ce go jednak opu\u015bci\u0107 i udaje si\u0119 w jego \u015blady, pozostawiaj\u0105c elfi lud.<\/p>\n\n\n\n<strong>Mi\u0142o\u015b\u0107, groza, nadzieja<\/strong>: \n\n\n\n<p>Podczas kiedy starszy z braci \u2013 Yabis\u2019an, zasiada na tronie Elf\u00f3w, Kentalion przemierza Candar\u0119 i dociera do magicznej bariery Nag.<\/p>\n\n\n\n<p>Tam zakochuje si\u0119 i przyjmuje imi\u0119 Sig\u2019aylas. \u017byje w wielkim szcz\u0119\u015bciu, a\u017c do najazdu Cyklop\u00f3w, kt\u00f3re pl\u0105druj\u0105 i niszcz\u0105 odnalezione przez niego ziemie. W szale, Sig\u2019aylas dobywa \u015awietlistego B\u0142ysku i rozbija armi\u0119 Cyklop\u00f3w\u2026<\/p>\n\n\n\n<p>Niebezpiecze\u0144stwo ze strony Cyklop\u00f3w zostaje wyeliminowane, ale u\u017cywaj\u0105c \u015awietlistego B\u0142ysku, Sig\u2019aylas uwalnia Nagi. Elfom pozostaje ju\u017c tylko jeden ratunek \u2013 Ludzie. Tylko oni mog\u0105 pom\u00f3c w kolejnej wojnie z Nagami.<\/p>\n\n\n\n<figure class=\"wp-block-gallery aligncenter columns-2  verticalcenter wp-block-gallery-1 is-layout-flex\"><ul class=\"blocks-gallery-grid\"><li class=\"blocks-gallery-item\"><figure><img decoding=\"async\" loading=\"lazy\" width=\"384\" height=\"281\" data-src=\"https:\/\/chroniclesofarcadia.com\/wp-content\/uploads\/2020\/01\/97b4ffea6c.png\" alt=\"\" data-id=\"1320\" data-full-url=\"https:\/\/chroniclesofarcadia.com\/wp-content\/uploads\/2020\/01\/97b4ffea6c.png\" data-link=\"https:\/\/chroniclesofarcadia.com\/97b4ffea6c\/\" class=\"image-png wp-image-1320 lazyload\" data-srcset=\"https:\/\/chroniclesofarcadia.com\/wp-content\/uploads\/2020\/01\/97b4ffea6c.png 384w, https:\/\/chroniclesofarcadia.com\/wp-content\/uploads\/2020\/01\/97b4ffea6c-300x220.png 300w\" data-sizes=\"(max-width: 384px) 100vw, 384px\" src=\"data:image\/gif;base64,R0lGODlhAQABAAAAACH5BAEKAAEALAAAAAABAAEAAAICTAEAOw==\" style=\"--smush-placeholder-width: 384px; --smush-placeholder-aspect-ratio: 384\/281;\"><noscript><img decoding=\"async\" loading=\"lazy\" width=\"384\" height=\"281\" src=\"https:\/\/chroniclesofarcadia.com\/wp-content\/uploads\/2020\/01\/97b4ffea6c.png\" alt=\"\" data-id=\"1320\" data-full-url=\"https:\/\/chroniclesofarcadia.com\/wp-content\/uploads\/2020\/01\/97b4ffea6c.png\" data-link=\"https:\/\/chroniclesofarcadia.com\/97b4ffea6c\/\" class=\"image-png wp-image-1320\" srcset=\"https:\/\/chroniclesofarcadia.com\/wp-content\/uploads\/2020\/01\/97b4ffea6c.png 384w, https:\/\/chroniclesofarcadia.com\/wp-content\/uploads\/2020\/01\/97b4ffea6c-300x220.png 300w\" sizes=\"(max-width: 384px) 100vw, 384px\"><\/noscript><\/figure><\/li><li class=\"blocks-gallery-item\"><figure><img decoding=\"async\" loading=\"lazy\" width=\"384\" height=\"342\" data-src=\"https:\/\/chroniclesofarcadia.com\/wp-content\/uploads\/2020\/01\/7278213b5e.png\" alt=\"\" data-id=\"1319\" data-full-url=\"https:\/\/chroniclesofarcadia.com\/wp-content\/uploads\/2020\/01\/7278213b5e.png\" data-link=\"https:\/\/chroniclesofarcadia.com\/7278213b5e\/\" class=\"image-png wp-image-1319 lazyload\" data-srcset=\"https:\/\/chroniclesofarcadia.com\/wp-content\/uploads\/2020\/01\/7278213b5e.png 384w, https:\/\/chroniclesofarcadia.com\/wp-content\/uploads\/2020\/01\/7278213b5e-300x267.png 300w\" data-sizes=\"(max-width: 384px) 100vw, 384px\" src=\"data:image\/gif;base64,R0lGODlhAQABAAAAACH5BAEKAAEALAAAAAABAAEAAAICTAEAOw==\" style=\"--smush-placeholder-width: 384px; --smush-placeholder-aspect-ratio: 384\/342;\"><noscript><img decoding=\"async\" loading=\"lazy\" width=\"384\" height=\"342\" src=\"https:\/\/chroniclesofarcadia.com\/wp-content\/uploads\/2020\/01\/7278213b5e.png\" alt=\"\" data-id=\"1319\" data-full-url=\"https:\/\/chroniclesofarcadia.com\/wp-content\/uploads\/2020\/01\/7278213b5e.png\" data-link=\"https:\/\/chroniclesofarcadia.com\/7278213b5e\/\" class=\"image-png wp-image-1319\" srcset=\"https:\/\/chroniclesofarcadia.com\/wp-content\/uploads\/2020\/01\/7278213b5e.png 384w, https:\/\/chroniclesofarcadia.com\/wp-content\/uploads\/2020\/01\/7278213b5e-300x267.png 300w\" sizes=\"(max-width: 384px) 100vw, 384px\"><\/noscript><\/figure><\/li><\/ul><\/figure>\n\n\n\n<strong>Czary przesz\u0142o\u015bci<\/strong>: \n\n\n\n<p>W obliczu zagro\u017cenia ze strony Nag, ale tak\u017ce czasu wzgl\u0119dnego dobrobytu i bogactwa, przesz\u0142o\u015b\u0107 szybko ulatuje w zapomnienie. Jedynie organizacja o nazwie Oko M\u0105dro\u015bci zainteresowana jest histori\u0105 Taborei.<\/p>\n\n\n\n<p>Podczas swoich podr\u00f3\u017cy badawczych po Kolydii, Oko M\u0105dro\u015bci odkrywa zagadkowe \u015blady: tajemnice, kt\u00f3re wzbudzaj\u0105 wielk\u0105 ciekawo\u015b\u0107 i prowadz\u0105 do Elf\u00f3w z Candary. Oto pocz\u0105tek naszych czas\u00f3w \u2013 epoki wielkich odkry\u0107.<\/p>\n<\/body>","protected":false},"excerpt":{"rendered":"<p>Czarodziejskie \u017cyczenia, niebezpieczne idee: Taborea budzi si\u0119 do \u017cycia, kiedy Ayvenas spisuje pomys\u0142y na temat nowego \u015bwiata w swojej ksi\u0119dze. S\u0142owo za s\u0142owem, pi\u00f3ro boga opisuje pokojowe rasy oraz sielskie krajobrazy. Nagle pojawia si\u0119 u niego niebezpieczna my\u015bl: \u201eCo sta\u0142oby si\u0119, je\u017celi nie wszystko by\u0142oby takie pokojowe i idealne?\u201c: Ta idea zmienia jego spos\u00f3b pisania [&hellip;]<\/p>\n","protected":false},"author":1,"featured_media":3487,"parent":0,"menu_order":0,"comment_status":"closed","ping_status":"closed","template":"","meta":{"disable_featured_image_zoom":false},"acf":[],"_links":{"self":[{"href":"https:\/\/chroniclesofarcadia.com\/pl\/wp-json\/wp\/v2\/pages\/3662"}],"collection":[{"href":"https:\/\/chroniclesofarcadia.com\/pl\/wp-json\/wp\/v2\/pages"}],"about":[{"href":"https:\/\/chroniclesofarcadia.com\/pl\/wp-json\/wp\/v2\/types\/page"}],"author":[{"embeddable":true,"href":"https:\/\/chroniclesofarcadia.com\/pl\/wp-json\/wp\/v2\/users\/1"}],"replies":[{"embeddable":true,"href":"https:\/\/chroniclesofarcadia.com\/pl\/wp-json\/wp\/v2\/comments?post=3662"}],"version-history":[{"count":0,"href":"https:\/\/chroniclesofarcadia.com\/pl\/wp-json\/wp\/v2\/pages\/3662\/revisions"}],"wp:featuredmedia":[{"embeddable":true,"href":"https:\/\/chroniclesofarcadia.com\/pl\/wp-json\/wp\/v2\/media\/3487"}],"wp:attachment":[{"href":"https:\/\/chroniclesofarcadia.com\/pl\/wp-json\/wp\/v2\/media?parent=3662"}],"curies":[{"name":"wp","href":"https:\/\/api.w.org\/{rel}","templated":true}]}}