{"id":3719,"date":"2020-01-17T15:17:00","date_gmt":"2020-01-17T13:17:00","guid":{"rendered":"https:\/\/chroniclesofarcadia.com\/gracz-konta-gracz-pvp\/"},"modified":"2022-10-20T23:07:38","modified_gmt":"2022-10-20T21:07:38","slug":"pvp","status":"publish","type":"page","link":"https:\/\/chroniclesofarcadia.com\/pl\/pvp\/","title":{"rendered":"Gracz kontra Gracz (PvP)"},"content":{"rendered":"<body>\n<p>Spragniony ekscytuj\u0105cej akcji PvP? Czytaj dalej, aby dowiedzie\u0107 si\u0119 o rozbudowanym systemie Gracz kontra Gracz w Chronicles of Arcadia.<\/p>\n\n<!--more-->\n\n<p>We\u017a udzia\u0142 w ekscytuj\u0105cej walce z innymi graczami (PvP), aby zdoby\u0107 punkty honoru. Dzi\u0119ki temu mo\u017cesz znale\u017a\u0107 si\u0119 na li\u015bcie rankingowej PvP i mo\u017cesz wymieni\u0107 je na ekwipunek lub inne przedmioty.<\/p>\n\n<div class=\"wp-block-media-text alignwide has-media-on-the-right is-stacked-on-mobile width-60 zoomable\"><figure class=\"wp-block-media-text__media\"><img decoding=\"async\" loading=\"lazy\" width=\"384\" height=\"525\" data-src=\"https:\/\/chroniclesofarcadia.com\/wp-content\/uploads\/2020\/01\/rammer.png\" alt=\"\" class=\"image-png wp-image-2712 lazyload\" data-srcset=\"https:\/\/chroniclesofarcadia.com\/wp-content\/uploads\/2020\/01\/rammer.png 384w, https:\/\/chroniclesofarcadia.com\/wp-content\/uploads\/2020\/01\/rammer-219x300.png 219w\" data-sizes=\"(max-width: 384px) 100vw, 384px\" src=\"data:image\/gif;base64,R0lGODlhAQABAAAAACH5BAEKAAEALAAAAAABAAEAAAICTAEAOw==\" style=\"--smush-placeholder-width: 384px; --smush-placeholder-aspect-ratio: 384\/525;\"><noscript><img decoding=\"async\" loading=\"lazy\" width=\"384\" height=\"525\" src=\"https:\/\/chroniclesofarcadia.com\/wp-content\/uploads\/2020\/01\/rammer.png\" alt=\"\" class=\"image-png wp-image-2712\" srcset=\"https:\/\/chroniclesofarcadia.com\/wp-content\/uploads\/2020\/01\/rammer.png 384w, https:\/\/chroniclesofarcadia.com\/wp-content\/uploads\/2020\/01\/rammer-219x300.png 219w\" sizes=\"(max-width: 384px) 100vw, 384px\"><\/noscript><\/figure><div class=\"wp-block-media-text__content\">\n<strong>Strefowe PvP<\/strong>: \n\n\n\n<p>Je\u015bli podczas wypraw w Taborei pojawi si\u0119 potrzeba sprawdzenia swojej sprawno\u015bci, walcz przeciwko graczom na swoim serwerze.<\/p>\n\n\n\n<strong>Sprawa \u017cycia i \u015bmierci<\/strong>: \n\n\n\n<p>Po wej\u015bciu w tryb PK (zabicie gracza) ryzykujesz \u017cycie i ko\u0144czyny w walce z innymi graczami. Gdy osi\u0105gniesz poziom 15, odwied\u017a Lehmana w sali klas Varanas, aby zdoby\u0107 t\u0119 umiej\u0119tno\u015b\u0107.<\/p>\n\n\n\n<strong>Tryb PK umo\u017cliwia:<\/strong>: \n\n\n\n<ul><li>zosta\u0107 zaatakowanym<\/li><li>atakowanie przeciwnik\u00f3w, kt\u00f3rzy s\u0105 w trybie PK<\/li><\/ul>\n\n\n\n<strong>Walcz o sw\u00f3j honor<\/strong>: \n\n\n\n<p>Rzu\u0107 innym graczom wyzwanie na pojedynek lub samemu podejmij r\u0119kawic\u0119. Pojedynek nie jest \u015bmiertelny, pojedynek ko\u0144czy si\u0119, gdy pasek zdrowia jednego z pojedynk\u00f3w osi\u0105gnie jeden.<\/p>\n\n\n\n<strong>Wyzwanie Gildii<\/strong>: \n\n\n\n<p>Id\u017a na wojn\u0119 z inn\u0105 gildi\u0105. P\u0142ac\u0105c okre\u015blon\u0105 ilo\u015b\u0107 z\u0142ota, Twoja gildia mo\u017ce wypowiedzie\u0107 wojn\u0119 wrogiej gildii w dowolnym momencie.<\/p>\n<\/div><\/div>\n\n<div class=\"wp-block-media-text alignwide has-media-on-the-right is-stacked-on-mobile width-60\"><figure class=\"wp-block-media-text__media\"><a href=\"https:\/\/vimeo.com\/402301594\" target=\"_blank\" rel=\"noopener noreferrer\"><img decoding=\"async\" loading=\"lazy\" width=\"768\" height=\"432\" data-src=\"https:\/\/chroniclesofarcadia.com\/wp-content\/uploads\/2020\/03\/PVP-3.jpg\" alt=\"\" class=\"wp-image-4586 lazyload\" data-srcset=\"https:\/\/chroniclesofarcadia.com\/wp-content\/uploads\/2020\/03\/PVP-3.jpg 300w, https:\/\/chroniclesofarcadia.com\/wp-content\/uploads\/2020\/03\/PVP-3.jpg 500w, https:\/\/chroniclesofarcadia.com\/wp-content\/uploads\/2020\/03\/PVP-3.jpg 768w\" data-sizes=\"(max-width: 768px) 100vw, 768px\" src=\"data:image\/gif;base64,R0lGODlhAQABAAAAACH5BAEKAAEALAAAAAABAAEAAAICTAEAOw==\" style=\"--smush-placeholder-width: 768px; --smush-placeholder-aspect-ratio: 768\/432;\"><noscript><img decoding=\"async\" loading=\"lazy\" width=\"768\" height=\"432\" src=\"https:\/\/chroniclesofarcadia.com\/wp-content\/uploads\/2020\/03\/PVP-3.jpg\" alt=\"\" class=\"wp-image-4586\" srcset=\"https:\/\/chroniclesofarcadia.com\/wp-content\/uploads\/2020\/03\/PVP-3.jpg 300w, https:\/\/chroniclesofarcadia.com\/wp-content\/uploads\/2020\/03\/PVP-3.jpg 500w, https:\/\/chroniclesofarcadia.com\/wp-content\/uploads\/2020\/03\/PVP-3.jpg 768w\" sizes=\"(max-width: 768px) 100vw, 768px\"><\/noscript><\/a><\/figure><div class=\"wp-block-media-text__content\">\n<strong>Serwerowe PvP<\/strong>: \n\n\n\n<p>Na arenach i polach bitew mo\u017cesz walczy\u0107 z graczami z tego samego i innych serwer\u00f3w. Aby to zrobi\u0107, kliknij miecze na minimapie. Unikalna funkcja wojny obl\u0119\u017cniczej pozwala szturmowa\u0107 zamki gildii wroga.<\/p>\n\n\n\n<p>Lider gildii mo\u017ce zarejestrowa\u0107 si\u0119 na wojn\u0119 obl\u0119\u017cnicz\u0105 za po\u015brednictwem menu gildii [G]: \u201eBitwy\u201d -&gt; \u201eWojna Obl\u0119\u017cnicza\u201d -&gt; \u201eZarejestruj si\u0119\u201d<\/p>\n\n\n\n<strong>Areny PvP<\/strong>: \n\n\n\n<p>Na arenach PvP mo\u017cesz bra\u0107 udzia\u0142 w trzech rodzajach walki:<\/p>\n\n\n\n<ul><li>1 na 1<\/li><li>3 na 3<\/li><li>6 na 6<\/li><\/ul>\n\n\n\n<p>Istniej\u0105 areny nisko-, \u015brednio- i wysoko-poziomowe, dzi\u0119ki czemu uczestnicy walki mog\u0105 by\u0107 odpowiednio dobrani.<\/p>\n<\/div><\/div>\n\n<div class=\"wp-block-media-text alignwide has-media-on-the-right is-stacked-on-mobile width-60\"><figure class=\"wp-block-media-text__media\"><a href=\"https:\/\/vimeo.com\/402330126\" target=\"_blank\" rel=\"noopener noreferrer\"><img decoding=\"async\" loading=\"lazy\" width=\"768\" height=\"432\" data-src=\"https:\/\/chroniclesofarcadia.com\/wp-content\/uploads\/2020\/03\/Battlefield.jpg\" alt=\"\" class=\"wp-image-4580 lazyload\" data-srcset=\"https:\/\/chroniclesofarcadia.com\/wp-content\/uploads\/2020\/03\/Battlefield.jpg 300w, https:\/\/chroniclesofarcadia.com\/wp-content\/uploads\/2020\/03\/Battlefield.jpg 500w, https:\/\/chroniclesofarcadia.com\/wp-content\/uploads\/2020\/03\/Battlefield.jpg 768w\" data-sizes=\"(max-width: 768px) 100vw, 768px\" src=\"data:image\/gif;base64,R0lGODlhAQABAAAAACH5BAEKAAEALAAAAAABAAEAAAICTAEAOw==\" style=\"--smush-placeholder-width: 768px; --smush-placeholder-aspect-ratio: 768\/432;\"><noscript><img decoding=\"async\" loading=\"lazy\" width=\"768\" height=\"432\" src=\"https:\/\/chroniclesofarcadia.com\/wp-content\/uploads\/2020\/03\/Battlefield.jpg\" alt=\"\" class=\"wp-image-4580\" srcset=\"https:\/\/chroniclesofarcadia.com\/wp-content\/uploads\/2020\/03\/Battlefield.jpg 300w, https:\/\/chroniclesofarcadia.com\/wp-content\/uploads\/2020\/03\/Battlefield.jpg 500w, https:\/\/chroniclesofarcadia.com\/wp-content\/uploads\/2020\/03\/Battlefield.jpg 768w\" sizes=\"(max-width: 768px) 100vw, 768px\"><\/noscript><\/a><\/figure><div class=\"wp-block-media-text__content\">\n<strong>Pola bitwy<\/strong>: \n\n\n\n<p>Na wyznaczonym polu bitwy walcz, aby przej\u0105\u0107 \u0142upy dru\u017cyny przeciwnej i bro\u0144 w\u0142asnych.<\/p>\n\n\n\n<strong>Forteca Visdun (Obrona wie\u017cy)<\/strong>: \n\n\n\n<p>Tryb: 3 na 3<br>Uwolnij hordy potwor\u00f3w na przeciwn\u0105 dru\u017cyn\u0119, aby zniszczy\u0107 ich fortec\u0119 i strategicznie bro\u0144 si\u0119 przed atakiem wroga, buduj\u0105c wie\u017ce o r\u00f3\u017cnych kszta\u0142tach i rozmiarach.<\/p>\n\n\n\n<strong>\u0141a\u0144cuch G\u00f3rski Tyrefen (Dominacja)<\/strong>: \n\n\n\n<p>Tryb: 8 na 8<br>Podbij i bro\u0144 pi\u0119ciu kryszta\u0142\u00f3w. Pierwsza dru\u017cyna, kt\u00f3ra osi\u0105gnie 5000 punkt\u00f3w, wygrywa i otrzymuje 100 Punkt\u00f3w Honoru.<\/p>\n\n\n\n<strong>Kanion Karros (Zdob\u0105d\u017a flag\u0119)<\/strong>: \n\n\n\n<p>Tryb: 6 na 6<br>Zdob\u0105d\u017a runy wroga. Za ka\u017cd\u0105 skradzion\u0105 run\u0119 twoja dru\u017cyna otrzymuje 500 punkt\u00f3w. Potrzebujesz 3000, aby wygra\u0107.<\/p>\n<\/div><\/div>\n\n<div class=\"wp-block-media-text alignwide has-media-on-the-right is-stacked-on-mobile width-60\"><figure class=\"wp-block-media-text__media\"><a href=\"https:\/\/vimeo.com\/402330159\" target=\"_blank\" rel=\"noopener noreferrer\"><img decoding=\"async\" loading=\"lazy\" width=\"768\" height=\"432\" data-src=\"https:\/\/chroniclesofarcadia.com\/wp-content\/uploads\/2020\/03\/SW.jpg\" alt=\"\" class=\"wp-image-4572 lazyload\" data-srcset=\"https:\/\/chroniclesofarcadia.com\/wp-content\/uploads\/2020\/03\/SW.jpg 300w, https:\/\/chroniclesofarcadia.com\/wp-content\/uploads\/2020\/03\/SW.jpg 500w, https:\/\/chroniclesofarcadia.com\/wp-content\/uploads\/2020\/03\/SW.jpg 768w\" data-sizes=\"(max-width: 768px) 100vw, 768px\" src=\"data:image\/gif;base64,R0lGODlhAQABAAAAACH5BAEKAAEALAAAAAABAAEAAAICTAEAOw==\" style=\"--smush-placeholder-width: 768px; --smush-placeholder-aspect-ratio: 768\/432;\"><noscript><img decoding=\"async\" loading=\"lazy\" width=\"768\" height=\"432\" src=\"https:\/\/chroniclesofarcadia.com\/wp-content\/uploads\/2020\/03\/SW.jpg\" alt=\"\" class=\"wp-image-4572\" srcset=\"https:\/\/chroniclesofarcadia.com\/wp-content\/uploads\/2020\/03\/SW.jpg 300w, https:\/\/chroniclesofarcadia.com\/wp-content\/uploads\/2020\/03\/SW.jpg 500w, https:\/\/chroniclesofarcadia.com\/wp-content\/uploads\/2020\/03\/SW.jpg 768w\" sizes=\"(max-width: 768px) 100vw, 768px\"><\/noscript><\/a><\/figure><div class=\"wp-block-media-text__content\">\n<strong>Wojny Obl\u0119\u017cnicze<\/strong>: \n\n\n\n<p>Unikalna funkcja wojny obl\u0119\u017cniczej pozwala ci walczy\u0107 z gildiami. Na specjalnym polu bitwy zaatakuj zamek wrogiej gildii lub bro\u0144 w\u0142asnego.<\/p>\n\n\n\n<strong>Cele gildii atakuj\u0105cej<\/strong>: \n\n\n\n<ol><li>Podbij Wie\u017ce Stra\u017cnicze Kryszta\u0142u Honoru, aby otrzyma\u0107 zasoby do stworzenia katapult, taran\u00f3w i wiele wi\u0119cej.<\/li><li>Prze\u0142am bram\u0119 zamku wrogiej gildii.<\/li><li>Zaatakuj sal\u0119 tronow\u0105 i zdob\u0105d\u017a Kryszta\u0142 Honoru, aby wygra\u0107.<\/li><\/ol>\n<\/div><\/div>\n<\/body>","protected":false},"excerpt":{"rendered":"<p>Spragniony ekscytuj\u0105cej akcji PvP? Czytaj dalej, aby dowiedzie\u0107 si\u0119 o rozbudowanym systemie Gracz kontra Gracz w Chronicles of Arcadia.<\/p>\n","protected":false},"author":1,"featured_media":3536,"parent":0,"menu_order":0,"comment_status":"closed","ping_status":"closed","template":"","meta":{"disable_featured_image_zoom":false},"acf":[],"_links":{"self":[{"href":"https:\/\/chroniclesofarcadia.com\/pl\/wp-json\/wp\/v2\/pages\/3719"}],"collection":[{"href":"https:\/\/chroniclesofarcadia.com\/pl\/wp-json\/wp\/v2\/pages"}],"about":[{"href":"https:\/\/chroniclesofarcadia.com\/pl\/wp-json\/wp\/v2\/types\/page"}],"author":[{"embeddable":true,"href":"https:\/\/chroniclesofarcadia.com\/pl\/wp-json\/wp\/v2\/users\/1"}],"replies":[{"embeddable":true,"href":"https:\/\/chroniclesofarcadia.com\/pl\/wp-json\/wp\/v2\/comments?post=3719"}],"version-history":[{"count":0,"href":"https:\/\/chroniclesofarcadia.com\/pl\/wp-json\/wp\/v2\/pages\/3719\/revisions"}],"wp:featuredmedia":[{"embeddable":true,"href":"https:\/\/chroniclesofarcadia.com\/pl\/wp-json\/wp\/v2\/media\/3536"}],"wp:attachment":[{"href":"https:\/\/chroniclesofarcadia.com\/pl\/wp-json\/wp\/v2\/media?parent=3719"}],"curies":[{"name":"wp","href":"https:\/\/api.w.org\/{rel}","templated":true}]}}