{"id":4331,"date":"2020-01-17T12:47:55","date_gmt":"2020-01-17T10:47:55","guid":{"rendered":"https:\/\/chroniclesofarcadia.com\/rzemioslo\/"},"modified":"2020-03-27T14:21:41","modified_gmt":"2020-03-27T14:21:41","slug":"rzemioslo","status":"publish","type":"page","link":"https:\/\/chroniclesofarcadia.com\/pl\/rzemioslo\/","title":{"rendered":"Rzemios\u0142o"},"content":{"rendered":"<body>\n<strong>Wybierz sw\u00f3j zaw\u00f3d<\/strong>: \n\n\n\n<p>Szukasz czego\u015b innego ni\u017c bycie bohaterem? Czy nale\u017cysz do tych, kt\u00f3rzy lubi\u0105 nadawa\u0107 osobisty charakter wszystkiemu? Daj szans\u0119 rzemios\u0142u.<\/p>\n\n\n\n<!--more-->\n\n\n\n<p>Mo\u017cesz zdoby\u0107 wszystko, czego potrzebujesz, zbieraj\u0105c zasoby i wykorzystuj\u0105c je do tworzenia specjalnych przedmiot\u00f3w, kt\u00f3re znacznie u\u0142atwi\u0105 Ci prac\u0119 jako bohater!<\/p>\n\n\n\n<p>Im wi\u0119cej czasu zainwestujesz w nauk\u0119 i \u0107wiczenie rzemios\u0142a, tym wi\u0119cej b\u0119dziesz mia\u0142 do\u015bwiadczenia, a owoce twojego wysi\u0142ku b\u0119d\u0105 coraz lepsze!<\/p>\n\n\n\n<div class=\"wp-block-columns image-align-bottom is-layout-flex wp-container-5\">\n<div class=\"wp-block-column is-layout-flow\">\n<strong>Alchemia<\/strong>: \n\n\n\n<div class=\"wp-block-group\"><div class=\"wp-block-group__inner-container is-layout-flow\">\n<div class=\"wp-block-image zoomable\"><figure class=\"alignleft size-large\"><img decoding=\"async\" loading=\"lazy\" width=\"64\" height=\"64\" data-src=\"https:\/\/chroniclesofarcadia.com\/wp-content\/uploads\/2020\/01\/alchemy4.png\" alt=\"\" class=\"image-png wp-image-1286 lazyload\" src=\"data:image\/gif;base64,R0lGODlhAQABAAAAACH5BAEKAAEALAAAAAABAAEAAAICTAEAOw==\" style=\"--smush-placeholder-width: 64px; --smush-placeholder-aspect-ratio: 64\/64;\"><noscript><img decoding=\"async\" loading=\"lazy\" width=\"64\" height=\"64\" src=\"https:\/\/chroniclesofarcadia.com\/wp-content\/uploads\/2020\/01\/alchemy4.png\" alt=\"\" class=\"image-png wp-image-1286\"><\/noscript><\/figure><\/div>\n\n\n\n<p>Najlepsi alchemicy maj\u0105 rozleg\u0142\u0105 wiedz\u0119 o zio\u0142ach i minera\u0142ach, kt\u00f3re w po\u0142\u0105czeniu z odpowiednimi runami daj\u0105 pot\u0119\u017cne mikstury zdolne do przywracania twoich P\u017b lub ulepszania atrybut\u00f3w! Studiuj ten zaw\u00f3d i zaspokajaj pragnienie wiedzy, podnosz\u0105c umiej\u0119tno\u015bci swoje i sojusznik\u00f3w!<\/p>\n<\/div><\/div>\n\n\n\n<div class=\"wp-block-image\"><figure class=\"aligncenter size-large\"><img decoding=\"async\" loading=\"lazy\" width=\"523\" height=\"571\" data-src=\"https:\/\/chroniclesofarcadia.com\/wp-content\/uploads\/2020\/01\/alchemy.png\" alt=\"\" class=\"image-png wp-image-1282 lazyload\" data-srcset=\"https:\/\/chroniclesofarcadia.com\/wp-content\/uploads\/2020\/01\/alchemy.png 523w, https:\/\/chroniclesofarcadia.com\/wp-content\/uploads\/2020\/01\/alchemy-275x300.png 275w, https:\/\/chroniclesofarcadia.com\/wp-content\/uploads\/2020\/01\/alchemy-500x546.png 500w\" data-sizes=\"(max-width: 523px) 100vw, 523px\" src=\"data:image\/gif;base64,R0lGODlhAQABAAAAACH5BAEKAAEALAAAAAABAAEAAAICTAEAOw==\" style=\"--smush-placeholder-width: 523px; --smush-placeholder-aspect-ratio: 523\/571;\"><noscript><img decoding=\"async\" loading=\"lazy\" width=\"523\" height=\"571\" src=\"https:\/\/chroniclesofarcadia.com\/wp-content\/uploads\/2020\/01\/alchemy.png\" alt=\"\" class=\"image-png wp-image-1282\" srcset=\"https:\/\/chroniclesofarcadia.com\/wp-content\/uploads\/2020\/01\/alchemy.png 523w, https:\/\/chroniclesofarcadia.com\/wp-content\/uploads\/2020\/01\/alchemy-275x300.png 275w, https:\/\/chroniclesofarcadia.com\/wp-content\/uploads\/2020\/01\/alchemy-500x546.png 500w\" sizes=\"(max-width: 523px) 100vw, 523px\"><\/noscript><\/figure><\/div>\n<\/div>\n\n\n\n<div class=\"wp-block-column is-layout-flow\">\n<strong>P\u0142atnerstwo<\/strong>: \n\n\n\n<div class=\"wp-block-group\"><div class=\"wp-block-group__inner-container is-layout-flow\">\n<div class=\"wp-block-image zoomable\"><figure class=\"alignleft size-large\"><img decoding=\"async\" loading=\"lazy\" width=\"64\" height=\"64\" data-src=\"https:\/\/chroniclesofarcadia.com\/wp-content\/uploads\/2020\/01\/armorsmith1.png\" alt=\"\" class=\"image-png wp-image-1288 lazyload\" src=\"data:image\/gif;base64,R0lGODlhAQABAAAAACH5BAEKAAEALAAAAAABAAEAAAICTAEAOw==\" style=\"--smush-placeholder-width: 64px; --smush-placeholder-aspect-ratio: 64\/64;\"><noscript><img decoding=\"async\" loading=\"lazy\" width=\"64\" height=\"64\" src=\"https:\/\/chroniclesofarcadia.com\/wp-content\/uploads\/2020\/01\/armorsmith1.png\" alt=\"\" class=\"image-png wp-image-1288\"><\/noscript><\/figure><\/div>\n\n\n\n<p>Je\u015bli lubisz tworzy\u0107 w\u0142asne modele zbroi, nie wahaj si\u0119 studiowa\u0107 tego zawodu. U\u017cywaj zasob\u00f3w naturalnych, takich jak zio\u0142a i minera\u0142y, i tw\u00f3rz wspania\u0142e przedmioty z bonusami i atrybutami, kt\u00f3re przynios\u0105 Ci nieko\u0144cz\u0105c\u0105 si\u0119 liczb\u0119 klient\u00f3w chc\u0105cych je kupi\u0107!<\/p>\n<\/div><\/div>\n\n\n\n<div class=\"wp-block-image\"><figure class=\"aligncenter size-large\"><img decoding=\"async\" loading=\"lazy\" width=\"523\" height=\"571\" data-src=\"https:\/\/chroniclesofarcadia.com\/wp-content\/uploads\/2020\/01\/armorsmith.png\" alt=\"\" class=\"image-png wp-image-1287 lazyload\" data-srcset=\"https:\/\/chroniclesofarcadia.com\/wp-content\/uploads\/2020\/01\/armorsmith.png 523w, https:\/\/chroniclesofarcadia.com\/wp-content\/uploads\/2020\/01\/armorsmith-275x300.png 275w, https:\/\/chroniclesofarcadia.com\/wp-content\/uploads\/2020\/01\/armorsmith-500x546.png 500w\" data-sizes=\"(max-width: 523px) 100vw, 523px\" src=\"data:image\/gif;base64,R0lGODlhAQABAAAAACH5BAEKAAEALAAAAAABAAEAAAICTAEAOw==\" style=\"--smush-placeholder-width: 523px; --smush-placeholder-aspect-ratio: 523\/571;\"><noscript><img decoding=\"async\" loading=\"lazy\" width=\"523\" height=\"571\" src=\"https:\/\/chroniclesofarcadia.com\/wp-content\/uploads\/2020\/01\/armorsmith.png\" alt=\"\" class=\"image-png wp-image-1287\" srcset=\"https:\/\/chroniclesofarcadia.com\/wp-content\/uploads\/2020\/01\/armorsmith.png 523w, https:\/\/chroniclesofarcadia.com\/wp-content\/uploads\/2020\/01\/armorsmith-275x300.png 275w, https:\/\/chroniclesofarcadia.com\/wp-content\/uploads\/2020\/01\/armorsmith-500x546.png 500w\" sizes=\"(max-width: 523px) 100vw, 523px\"><\/noscript><\/figure><\/div>\n<\/div>\n<\/div>\n\n\n\n<div class=\"wp-block-columns image-align-bottom is-layout-flex wp-container-10\">\n<div class=\"wp-block-column is-layout-flow\">\n<strong>Kowalstwo<\/strong>: \n\n\n\n<div class=\"wp-block-group\"><div class=\"wp-block-group__inner-container is-layout-flow\">\n<div class=\"wp-block-image zoomable\"><figure class=\"alignleft size-large\"><img decoding=\"async\" loading=\"lazy\" width=\"64\" height=\"64\" data-src=\"https:\/\/chroniclesofarcadia.com\/wp-content\/uploads\/2020\/01\/weaponsmith1.png\" alt=\"\" class=\"image-png wp-image-1278 lazyload\" src=\"data:image\/gif;base64,R0lGODlhAQABAAAAACH5BAEKAAEALAAAAAABAAEAAAICTAEAOw==\" style=\"--smush-placeholder-width: 64px; --smush-placeholder-aspect-ratio: 64\/64;\"><noscript><img decoding=\"async\" loading=\"lazy\" width=\"64\" height=\"64\" src=\"https:\/\/chroniclesofarcadia.com\/wp-content\/uploads\/2020\/01\/weaponsmith1.png\" alt=\"\" class=\"image-png wp-image-1278\"><\/noscript><\/figure><\/div>\n\n\n\n<p>Szanuj\u0105cy si\u0119 bohater musi mie\u0107 odpowiedni\u0105 bro\u0144! Idealne po\u0142\u0105czenie drewna i minera\u0142\u00f3w mo\u017ce doprowadzi\u0107 do \u015bmierciono\u015bnej i pot\u0119\u017cnej broni, kt\u00f3ra sprawi, \u017ce ka\u017cdy wojownik westchnie. Spe\u0142nij swoje marzenie i zosta\u0144 najlepszym kowalem broni w Taborei! Wszystko, czego potrzebujesz, jest na wyci\u0105gni\u0119cie r\u0119ki!<\/p>\n<\/div><\/div>\n\n\n\n<div class=\"wp-block-image\"><figure class=\"aligncenter size-large\"><img decoding=\"async\" loading=\"lazy\" width=\"523\" height=\"571\" data-src=\"https:\/\/chroniclesofarcadia.com\/wp-content\/uploads\/2020\/01\/weaponsmith.png\" alt=\"\" class=\"image-png wp-image-1277 lazyload\" data-srcset=\"https:\/\/chroniclesofarcadia.com\/wp-content\/uploads\/2020\/01\/weaponsmith.png 523w, https:\/\/chroniclesofarcadia.com\/wp-content\/uploads\/2020\/01\/weaponsmith-275x300.png 275w, https:\/\/chroniclesofarcadia.com\/wp-content\/uploads\/2020\/01\/weaponsmith-500x546.png 500w\" data-sizes=\"(max-width: 523px) 100vw, 523px\" src=\"data:image\/gif;base64,R0lGODlhAQABAAAAACH5BAEKAAEALAAAAAABAAEAAAICTAEAOw==\" style=\"--smush-placeholder-width: 523px; --smush-placeholder-aspect-ratio: 523\/571;\"><noscript><img decoding=\"async\" loading=\"lazy\" width=\"523\" height=\"571\" src=\"https:\/\/chroniclesofarcadia.com\/wp-content\/uploads\/2020\/01\/weaponsmith.png\" alt=\"\" class=\"image-png wp-image-1277\" srcset=\"https:\/\/chroniclesofarcadia.com\/wp-content\/uploads\/2020\/01\/weaponsmith.png 523w, https:\/\/chroniclesofarcadia.com\/wp-content\/uploads\/2020\/01\/weaponsmith-275x300.png 275w, https:\/\/chroniclesofarcadia.com\/wp-content\/uploads\/2020\/01\/weaponsmith-500x546.png 500w\" sizes=\"(max-width: 523px) 100vw, 523px\"><\/noscript><\/figure><\/div>\n<\/div>\n\n\n\n<div class=\"wp-block-column is-layout-flow\">\n<strong>Gotowanie<\/strong>: \n\n\n\n<div class=\"wp-block-group\"><div class=\"wp-block-group__inner-container is-layout-flow\">\n<div class=\"wp-block-image zoomable\"><figure class=\"alignleft size-large\"><img decoding=\"async\" loading=\"lazy\" width=\"64\" height=\"64\" data-src=\"https:\/\/chroniclesofarcadia.com\/wp-content\/uploads\/2020\/01\/cooking1.png\" alt=\"\" class=\"image-png wp-image-1268 lazyload\" src=\"data:image\/gif;base64,R0lGODlhAQABAAAAACH5BAEKAAEALAAAAAABAAEAAAICTAEAOw==\" style=\"--smush-placeholder-width: 64px; --smush-placeholder-aspect-ratio: 64\/64;\"><noscript><img decoding=\"async\" loading=\"lazy\" width=\"64\" height=\"64\" src=\"https:\/\/chroniclesofarcadia.com\/wp-content\/uploads\/2020\/01\/cooking1.png\" alt=\"\" class=\"image-png wp-image-1268\"><\/noscript><\/figure><\/div>\n\n\n\n<p>Urozmaicaj \u017cycie i zosta\u0144 wspania\u0142ym szefem kuchni, \u0142\u0105cz\u0105c wszystkie rodzaje sk\u0142adnik\u00f3w i smak\u00f3w wraz z zasobami naturalnymi, takimi jak drewno i zio\u0142a oraz tworz\u0105c wspania\u0142e potrawy i desery, kt\u00f3re mog\u0105 zwi\u0119kszy\u0107 atrybuty twoje i g\u0142odnych kupuj\u0105cych!<\/p>\n<\/div><\/div>\n\n\n\n<div class=\"wp-block-image\"><figure class=\"aligncenter size-large\"><img decoding=\"async\" loading=\"lazy\" width=\"523\" height=\"571\" data-src=\"https:\/\/chroniclesofarcadia.com\/wp-content\/uploads\/2020\/01\/cooking.png\" alt=\"\" class=\"image-png wp-image-1267 lazyload\" data-srcset=\"https:\/\/chroniclesofarcadia.com\/wp-content\/uploads\/2020\/01\/cooking.png 523w, https:\/\/chroniclesofarcadia.com\/wp-content\/uploads\/2020\/01\/cooking-275x300.png 275w, https:\/\/chroniclesofarcadia.com\/wp-content\/uploads\/2020\/01\/cooking-500x546.png 500w\" data-sizes=\"(max-width: 523px) 100vw, 523px\" src=\"data:image\/gif;base64,R0lGODlhAQABAAAAACH5BAEKAAEALAAAAAABAAEAAAICTAEAOw==\" style=\"--smush-placeholder-width: 523px; --smush-placeholder-aspect-ratio: 523\/571;\"><noscript><img decoding=\"async\" loading=\"lazy\" width=\"523\" height=\"571\" src=\"https:\/\/chroniclesofarcadia.com\/wp-content\/uploads\/2020\/01\/cooking.png\" alt=\"\" class=\"image-png wp-image-1267\" srcset=\"https:\/\/chroniclesofarcadia.com\/wp-content\/uploads\/2020\/01\/cooking.png 523w, https:\/\/chroniclesofarcadia.com\/wp-content\/uploads\/2020\/01\/cooking-275x300.png 275w, https:\/\/chroniclesofarcadia.com\/wp-content\/uploads\/2020\/01\/cooking-500x546.png 500w\" sizes=\"(max-width: 523px) 100vw, 523px\"><\/noscript><\/figure><\/div>\n<\/div>\n<\/div>\n\n\n\n<div class=\"wp-block-columns image-align-bottom is-layout-flex wp-container-15\">\n<div class=\"wp-block-column is-layout-flow\">\n<strong>Krawiectwo<\/strong>: \n\n\n\n<div class=\"wp-block-group\"><div class=\"wp-block-group__inner-container is-layout-flow\">\n<div class=\"wp-block-image zoomable\"><figure class=\"alignleft size-large\"><img decoding=\"async\" loading=\"lazy\" width=\"64\" height=\"64\" data-src=\"https:\/\/chroniclesofarcadia.com\/wp-content\/uploads\/2020\/01\/tailoring3.png\" alt=\"\" class=\"image-png wp-image-1276 lazyload\" src=\"data:image\/gif;base64,R0lGODlhAQABAAAAACH5BAEKAAEALAAAAAABAAEAAAICTAEAOw==\" style=\"--smush-placeholder-width: 64px; --smush-placeholder-aspect-ratio: 64\/64;\"><noscript><img decoding=\"async\" loading=\"lazy\" width=\"64\" height=\"64\" src=\"https:\/\/chroniclesofarcadia.com\/wp-content\/uploads\/2020\/01\/tailoring3.png\" alt=\"\" class=\"image-png wp-image-1276\"><\/noscript><\/figure><\/div>\n\n\n\n<p>Zszywaj kawa\u0142ki materia\u0142u i tw\u00f3rz wspania\u0142e tuniki, spodnie, r\u0119kawiczki i wszelkiego rodzaju przedmioty z bonusami i atrybutami. Naturalne zasoby, takie jak drewno lub trawa, s\u0105 najlepszymi sprzymierze\u0144cami w tworzeniu wspania\u0142ych modeli, dzi\u0119ki kt\u00f3rym klienci b\u0119d\u0105 bardziej ni\u017c zadowoleni!<\/p>\n<\/div><\/div>\n\n\n\n<div class=\"wp-block-image\"><figure class=\"aligncenter size-large\"><img decoding=\"async\" loading=\"lazy\" width=\"523\" height=\"571\" data-src=\"https:\/\/chroniclesofarcadia.com\/wp-content\/uploads\/2020\/01\/tailoring.png\" alt=\"\" class=\"image-png wp-image-1273 lazyload\" data-srcset=\"https:\/\/chroniclesofarcadia.com\/wp-content\/uploads\/2020\/01\/tailoring.png 523w, https:\/\/chroniclesofarcadia.com\/wp-content\/uploads\/2020\/01\/tailoring-275x300.png 275w, https:\/\/chroniclesofarcadia.com\/wp-content\/uploads\/2020\/01\/tailoring-500x546.png 500w\" data-sizes=\"(max-width: 523px) 100vw, 523px\" src=\"data:image\/gif;base64,R0lGODlhAQABAAAAACH5BAEKAAEALAAAAAABAAEAAAICTAEAOw==\" style=\"--smush-placeholder-width: 523px; --smush-placeholder-aspect-ratio: 523\/571;\"><noscript><img decoding=\"async\" loading=\"lazy\" width=\"523\" height=\"571\" src=\"https:\/\/chroniclesofarcadia.com\/wp-content\/uploads\/2020\/01\/tailoring.png\" alt=\"\" class=\"image-png wp-image-1273\" srcset=\"https:\/\/chroniclesofarcadia.com\/wp-content\/uploads\/2020\/01\/tailoring.png 523w, https:\/\/chroniclesofarcadia.com\/wp-content\/uploads\/2020\/01\/tailoring-275x300.png 275w, https:\/\/chroniclesofarcadia.com\/wp-content\/uploads\/2020\/01\/tailoring-500x546.png 500w\" sizes=\"(max-width: 523px) 100vw, 523px\"><\/noscript><\/figure><\/div>\n<\/div>\n\n\n\n<div class=\"wp-block-column is-layout-flow\">\n<strong>Stolarstwo<\/strong>: \n\n\n\n<div class=\"wp-block-group\"><div class=\"wp-block-group__inner-container is-layout-flow\">\n<div class=\"wp-block-image zoomable\"><figure class=\"alignleft size-large\"><img decoding=\"async\" loading=\"lazy\" width=\"64\" height=\"64\" data-src=\"https:\/\/chroniclesofarcadia.com\/wp-content\/uploads\/2020\/01\/carpenter1.png\" alt=\"\" class=\"image-png wp-image-1292 lazyload\" src=\"data:image\/gif;base64,R0lGODlhAQABAAAAACH5BAEKAAEALAAAAAABAAEAAAICTAEAOw==\" style=\"--smush-placeholder-width: 64px; --smush-placeholder-aspect-ratio: 64\/64;\"><noscript><img decoding=\"async\" loading=\"lazy\" width=\"64\" height=\"64\" src=\"https:\/\/chroniclesofarcadia.com\/wp-content\/uploads\/2020\/01\/carpenter1.png\" alt=\"\" class=\"image-png wp-image-1292\"><\/noscript><\/figure><\/div>\n\n\n\n<p>Kszta\u0142tuj drewno i tw\u00f3rz wspania\u0142e bronie, takie jak niszcz\u0105ce kusze i \u0142uki lub magiczne r\u00f3\u017cd\u017cki i laski, zosta\u0144 ekspertem w obr\u00f3bce drewna i spraw, aby kupuj\u0105cy byli zadowoleni z twoich najpi\u0119kniejszych i najbardziej \u015bmierciono\u015bnych projekt\u00f3w!<\/p>\n<\/div><\/div>\n\n\n\n<div class=\"wp-block-image\"><figure class=\"aligncenter size-large\"><img decoding=\"async\" loading=\"lazy\" width=\"523\" height=\"571\" data-src=\"https:\/\/chroniclesofarcadia.com\/wp-content\/uploads\/2020\/01\/carpenter.png\" alt=\"\" class=\"image-png wp-image-1291 lazyload\" data-srcset=\"https:\/\/chroniclesofarcadia.com\/wp-content\/uploads\/2020\/01\/carpenter.png 523w, https:\/\/chroniclesofarcadia.com\/wp-content\/uploads\/2020\/01\/carpenter-275x300.png 275w, https:\/\/chroniclesofarcadia.com\/wp-content\/uploads\/2020\/01\/carpenter-500x546.png 500w\" data-sizes=\"(max-width: 523px) 100vw, 523px\" src=\"data:image\/gif;base64,R0lGODlhAQABAAAAACH5BAEKAAEALAAAAAABAAEAAAICTAEAOw==\" style=\"--smush-placeholder-width: 523px; --smush-placeholder-aspect-ratio: 523\/571;\"><noscript><img decoding=\"async\" loading=\"lazy\" width=\"523\" height=\"571\" src=\"https:\/\/chroniclesofarcadia.com\/wp-content\/uploads\/2020\/01\/carpenter.png\" alt=\"\" class=\"image-png wp-image-1291\" srcset=\"https:\/\/chroniclesofarcadia.com\/wp-content\/uploads\/2020\/01\/carpenter.png 523w, https:\/\/chroniclesofarcadia.com\/wp-content\/uploads\/2020\/01\/carpenter-275x300.png 275w, https:\/\/chroniclesofarcadia.com\/wp-content\/uploads\/2020\/01\/carpenter-500x546.png 500w\" sizes=\"(max-width: 523px) 100vw, 523px\"><\/noscript><\/figure><\/div>\n<\/div>\n<\/div>\n\n\n\n<div class=\"wp-block-columns image-align-bottom is-layout-flex wp-container-19\">\n<div class=\"wp-block-column is-layout-flow\">\n<strong>Drwalnictwo<\/strong>: \n\n\n\n<p>Wielu poszukiwaczy przyg\u00f3d podr\u00f3\u017cuje po \u015bwiecie w poszukiwaniu zasob\u00f3w naturalnych dla swoich rzemie\u015blniczych zawod\u00f3w lub ch\u0119tnych nabywc\u00f3w, ale tylko najbardziej wykwalifikowani i m\u0105drzy wiedz\u0105, jak rozpozna\u0107 najlepsze zasoby. Naucz si\u0119 drwalnictwa i podnie\u015b swoje umiej\u0119tno\u015bci oraz poziom podczas podr\u00f3\u017cy dooko\u0142a \u015bwiata!<\/p>\n\n\n\n<div class=\"wp-block-image\"><figure class=\"aligncenter size-large\"><img decoding=\"async\" loading=\"lazy\" width=\"523\" height=\"571\" data-src=\"https:\/\/chroniclesofarcadia.com\/wp-content\/uploads\/2020\/01\/woodcutter.png\" alt=\"\" class=\"image-png wp-image-1281 lazyload\" data-srcset=\"https:\/\/chroniclesofarcadia.com\/wp-content\/uploads\/2020\/01\/woodcutter.png 523w, https:\/\/chroniclesofarcadia.com\/wp-content\/uploads\/2020\/01\/woodcutter-275x300.png 275w, https:\/\/chroniclesofarcadia.com\/wp-content\/uploads\/2020\/01\/woodcutter-500x546.png 500w\" data-sizes=\"(max-width: 523px) 100vw, 523px\" src=\"data:image\/gif;base64,R0lGODlhAQABAAAAACH5BAEKAAEALAAAAAABAAEAAAICTAEAOw==\" style=\"--smush-placeholder-width: 523px; --smush-placeholder-aspect-ratio: 523\/571;\"><noscript><img decoding=\"async\" loading=\"lazy\" width=\"523\" height=\"571\" src=\"https:\/\/chroniclesofarcadia.com\/wp-content\/uploads\/2020\/01\/woodcutter.png\" alt=\"\" class=\"image-png wp-image-1281\" srcset=\"https:\/\/chroniclesofarcadia.com\/wp-content\/uploads\/2020\/01\/woodcutter.png 523w, https:\/\/chroniclesofarcadia.com\/wp-content\/uploads\/2020\/01\/woodcutter-275x300.png 275w, https:\/\/chroniclesofarcadia.com\/wp-content\/uploads\/2020\/01\/woodcutter-500x546.png 500w\" sizes=\"(max-width: 523px) 100vw, 523px\"><\/noscript><\/figure><\/div>\n<\/div>\n\n\n\n<div class=\"wp-block-column is-layout-flow\">\n<strong>G\u00f3rnictwo<\/strong>: \n\n\n\n<p>Wydobywane z g\u00f3ry minera\u0142y s\u0105 po\u017c\u0105danym surowcem i s\u0105 wykorzystywane przez najwi\u0119kszych rzemie\u015blniczych ekspert\u00f3w w Taborei, ale nie wszyscy ludzie maj\u0105 wystarczaj\u0105c\u0105 zdolno\u015b\u0107 wydobywania tych skarb\u00f3w z g\u00f3r, a jeszcze mniej wie, jak odr\u00f3\u017cni\u0107 je od zwyk\u0142ego wapienia. Zosta\u0144 wysokiej klasy g\u00f3rnikiem i naucz si\u0119 zbiera\u0107 i udoskonala\u0107 wszelkiego rodzaju cenne minera\u0142y!<\/p>\n\n\n\n<div class=\"wp-block-image\"><figure class=\"aligncenter size-large\"><img decoding=\"async\" loading=\"lazy\" width=\"523\" height=\"571\" data-src=\"https:\/\/chroniclesofarcadia.com\/wp-content\/uploads\/2020\/01\/miner.png\" alt=\"\" class=\"image-png wp-image-1272 lazyload\" data-srcset=\"https:\/\/chroniclesofarcadia.com\/wp-content\/uploads\/2020\/01\/miner.png 523w, https:\/\/chroniclesofarcadia.com\/wp-content\/uploads\/2020\/01\/miner-275x300.png 275w, https:\/\/chroniclesofarcadia.com\/wp-content\/uploads\/2020\/01\/miner-500x546.png 500w\" data-sizes=\"(max-width: 523px) 100vw, 523px\" src=\"data:image\/gif;base64,R0lGODlhAQABAAAAACH5BAEKAAEALAAAAAABAAEAAAICTAEAOw==\" style=\"--smush-placeholder-width: 523px; --smush-placeholder-aspect-ratio: 523\/571;\"><noscript><img decoding=\"async\" loading=\"lazy\" width=\"523\" height=\"571\" src=\"https:\/\/chroniclesofarcadia.com\/wp-content\/uploads\/2020\/01\/miner.png\" alt=\"\" class=\"image-png wp-image-1272\" srcset=\"https:\/\/chroniclesofarcadia.com\/wp-content\/uploads\/2020\/01\/miner.png 523w, https:\/\/chroniclesofarcadia.com\/wp-content\/uploads\/2020\/01\/miner-275x300.png 275w, https:\/\/chroniclesofarcadia.com\/wp-content\/uploads\/2020\/01\/miner-500x546.png 500w\" sizes=\"(max-width: 523px) 100vw, 523px\"><\/noscript><\/figure><\/div>\n<\/div>\n\n\n\n<div class=\"wp-block-column is-layout-flow\">\n<strong>Zielarstwo<\/strong>: \n\n\n\n<p>S\u0105 tacy, kt\u00f3rzy u\u017cywaj\u0105 nosa do w\u0105chania kwiat\u00f3w, i s\u0105 tacy, kt\u00f3rzy maj\u0105 doskona\u0142y zmys\u0142 w\u0119chu, aby rozpozna\u0107 wszelkiego rodzaju cenne zio\u0142a, aby je udoskonali\u0107 i wykorzysta\u0107 jako sk\u0142adniki do tworzenia mocnych mikstur, smacznych potraw lub zbroi. Je\u015bli jeste\u015b jednym z tych, kt\u00f3rzy maj\u0105 dobry nos do kreacji lub biznesu, mo\u017cesz dowiedzie\u0107 si\u0119 wi\u0119cej o zielarstwie!<\/p>\n\n\n\n<div class=\"wp-block-image\"><figure class=\"aligncenter size-large\"><img decoding=\"async\" loading=\"lazy\" width=\"523\" height=\"571\" data-src=\"https:\/\/chroniclesofarcadia.com\/wp-content\/uploads\/2020\/01\/herbalism.png\" alt=\"\" class=\"image-png wp-image-1271 lazyload\" data-srcset=\"https:\/\/chroniclesofarcadia.com\/wp-content\/uploads\/2020\/01\/herbalism.png 523w, https:\/\/chroniclesofarcadia.com\/wp-content\/uploads\/2020\/01\/herbalism-275x300.png 275w, https:\/\/chroniclesofarcadia.com\/wp-content\/uploads\/2020\/01\/herbalism-500x546.png 500w\" data-sizes=\"(max-width: 523px) 100vw, 523px\" src=\"data:image\/gif;base64,R0lGODlhAQABAAAAACH5BAEKAAEALAAAAAABAAEAAAICTAEAOw==\" style=\"--smush-placeholder-width: 523px; --smush-placeholder-aspect-ratio: 523\/571;\"><noscript><img decoding=\"async\" loading=\"lazy\" width=\"523\" height=\"571\" src=\"https:\/\/chroniclesofarcadia.com\/wp-content\/uploads\/2020\/01\/herbalism.png\" alt=\"\" class=\"image-png wp-image-1271\" srcset=\"https:\/\/chroniclesofarcadia.com\/wp-content\/uploads\/2020\/01\/herbalism.png 523w, https:\/\/chroniclesofarcadia.com\/wp-content\/uploads\/2020\/01\/herbalism-275x300.png 275w, https:\/\/chroniclesofarcadia.com\/wp-content\/uploads\/2020\/01\/herbalism-500x546.png 500w\" sizes=\"(max-width: 523px) 100vw, 523px\"><\/noscript><\/figure><\/div>\n<\/div>\n<\/div>\n<\/body>","protected":false},"excerpt":{"rendered":"<p>Wybierz sw\u00f3j zaw\u00f3d: Szukasz czego\u015b innego ni\u017c bycie bohaterem? Czy nale\u017cysz do tych, kt\u00f3rzy lubi\u0105 nadawa\u0107 osobisty charakter wszystkiemu? Daj szans\u0119 rzemios\u0142u.<\/p>\n","protected":false},"author":1,"featured_media":3480,"parent":0,"menu_order":0,"comment_status":"closed","ping_status":"closed","template":"","meta":{"disable_featured_image_zoom":false},"acf":[],"_links":{"self":[{"href":"https:\/\/chroniclesofarcadia.com\/pl\/wp-json\/wp\/v2\/pages\/4331"}],"collection":[{"href":"https:\/\/chroniclesofarcadia.com\/pl\/wp-json\/wp\/v2\/pages"}],"about":[{"href":"https:\/\/chroniclesofarcadia.com\/pl\/wp-json\/wp\/v2\/types\/page"}],"author":[{"embeddable":true,"href":"https:\/\/chroniclesofarcadia.com\/pl\/wp-json\/wp\/v2\/users\/1"}],"replies":[{"embeddable":true,"href":"https:\/\/chroniclesofarcadia.com\/pl\/wp-json\/wp\/v2\/comments?post=4331"}],"version-history":[{"count":0,"href":"https:\/\/chroniclesofarcadia.com\/pl\/wp-json\/wp\/v2\/pages\/4331\/revisions"}],"wp:featuredmedia":[{"embeddable":true,"href":"https:\/\/chroniclesofarcadia.com\/pl\/wp-json\/wp\/v2\/media\/3480"}],"wp:attachment":[{"href":"https:\/\/chroniclesofarcadia.com\/pl\/wp-json\/wp\/v2\/media?parent=4331"}],"curies":[{"name":"wp","href":"https:\/\/api.w.org\/{rel}","templated":true}]}}