{"id":4404,"date":"2019-12-18T13:19:21","date_gmt":"2019-12-18T11:19:21","guid":{"rendered":"https:\/\/chroniclesofarcadia.com\/cechy-gry\/"},"modified":"2024-09-18T17:05:41","modified_gmt":"2024-09-18T15:05:41","slug":"cechy-gry","status":"publish","type":"page","link":"https:\/\/chroniclesofarcadia.com\/pl\/cechy-gry\/","title":{"rendered":"Cechy gry"},"content":{"rendered":"<body>\n<strong>Dla nowych graczy<\/strong>: \n\n<p class=\"has-text-align-center\">Discover what Chronicles of Arcadia can offer you and immerse yourself in a world like no other, where you can enjoy exciting adventures alongside a growing community of players.<\/p>\n\n<div class=\"wp-block-media-text alignwide is-stacked-on-mobile is-vertically-aligned-center zoomable\"><figure class=\"wp-block-media-text__media\"><img decoding=\"async\" loading=\"lazy\" width=\"500\" height=\"154\" data-src=\"https:\/\/chroniclesofarcadia.com\/wp-content\/uploads\/2020\/09\/arcadia_logo_2018-tiny.png\" alt=\"\" class=\"image-png wp-image-6638 size-full lazyload\" data-srcset=\"https:\/\/chroniclesofarcadia.com\/wp-content\/uploads\/2020\/09\/arcadia_logo_2018-tiny.png 500w, https:\/\/chroniclesofarcadia.com\/wp-content\/uploads\/2020\/09\/arcadia_logo_2018-tiny-300x92.png 300w\" data-sizes=\"(max-width: 500px) 100vw, 500px\" src=\"data:image\/gif;base64,R0lGODlhAQABAAAAACH5BAEKAAEALAAAAAABAAEAAAICTAEAOw==\" style=\"--smush-placeholder-width: 500px; --smush-placeholder-aspect-ratio: 500\/154;\"><noscript><img decoding=\"async\" loading=\"lazy\" width=\"500\" height=\"154\" src=\"https:\/\/chroniclesofarcadia.com\/wp-content\/uploads\/2020\/09\/arcadia_logo_2018-tiny.png\" alt=\"\" class=\"image-png wp-image-6638 size-full\" srcset=\"https:\/\/chroniclesofarcadia.com\/wp-content\/uploads\/2020\/09\/arcadia_logo_2018-tiny.png 500w, https:\/\/chroniclesofarcadia.com\/wp-content\/uploads\/2020\/09\/arcadia_logo_2018-tiny-300x92.png 300w\" sizes=\"(max-width: 500px) 100vw, 500px\"><\/noscript><\/figure><div class=\"wp-block-media-text__content\">\n<strong>Chronicles of Arcadia<\/strong>: \n\n\n\n<ul>\n<li><a href=\"https:\/\/playernetgames.net\/register\" target=\"_blank\" rel=\"noreferrer noopener\">Register<\/a>, <a href=\"https:\/\/playernetgames.net\/download\" target=\"_blank\" rel=\"noreferrer noopener\">download<\/a> and play for free.<\/li>\n\n\n\n<li>Quick and effective support team.<\/li>\n\n\n\n<li>Diligent GMs to help solve doubts.<\/li>\n\n\n\n<li>Over 9,000 exciting quests and missions.<\/li>\n\n\n\n<li>Free content updates and regular maintenance.<\/li>\n\n\n\n<li>Extended community for interaction and enjoyment.<\/li>\n\n\n\n<li>Exciting story that will catch you from the beginning.<\/li>\n<\/ul>\n<\/div><\/div>\n\n<div class=\"wp-block-media-text alignwide has-media-on-the-right is-stacked-on-mobile is-vertically-aligned-center\"><div class=\"wp-block-media-text__content\">\n<strong>Rozw\u00f3j postaci<\/strong>: \n\n\n\n<ul>\n<li>Three races to choose from.<\/li>\n\n\n\n<li>Armor sets with built-in bonuses.<\/li>\n\n\n\n<li>Eleven different classes to choose from.<\/li>\n\n\n\n<li>Advanced planting system for gardening enthusiasts.<\/li>\n\n\n\n<li>Advanced wardrobe and lots of skins for personalization.<\/li>\n\n\n\n<li>Dual-class system with customizable skills and elite skills.<\/li>\n\n\n\n<li>Customizable house and private housekeepers with special abilities.<\/li>\n\n\n\n<li>Relationship and marriage system with special zone to level relationships quicker.<\/li>\n<\/ul>\n<\/div><figure class=\"wp-block-media-text__media\"><img decoding=\"async\" loading=\"lazy\" width=\"500\" height=\"258\" data-src=\"https:\/\/chroniclesofarcadia.com\/wp-content\/uploads\/2020\/09\/Dual_class.jpg\" alt=\"\" class=\"wp-image-6647 size-full lazyload\" data-srcset=\"https:\/\/chroniclesofarcadia.com\/wp-content\/uploads\/2020\/09\/Dual_class.jpg 500w, https:\/\/chroniclesofarcadia.com\/wp-content\/uploads\/2020\/09\/Dual_class-300x155.jpg 300w\" data-sizes=\"(max-width: 500px) 100vw, 500px\" src=\"data:image\/gif;base64,R0lGODlhAQABAAAAACH5BAEKAAEALAAAAAABAAEAAAICTAEAOw==\" style=\"--smush-placeholder-width: 500px; --smush-placeholder-aspect-ratio: 500\/258;\"><noscript><img decoding=\"async\" loading=\"lazy\" width=\"500\" height=\"258\" src=\"https:\/\/chroniclesofarcadia.com\/wp-content\/uploads\/2020\/09\/Dual_class.jpg\" alt=\"\" class=\"wp-image-6647 size-full\" srcset=\"https:\/\/chroniclesofarcadia.com\/wp-content\/uploads\/2020\/09\/Dual_class.jpg 500w, https:\/\/chroniclesofarcadia.com\/wp-content\/uploads\/2020\/09\/Dual_class-300x155.jpg 300w\" sizes=\"(max-width: 500px) 100vw, 500px\"><\/noscript><\/figure><\/div>\n\n<div class=\"wp-block-media-text alignwide is-stacked-on-mobile is-vertically-aligned-center zoomable\"><figure class=\"wp-block-media-text__media\"><img decoding=\"async\" loading=\"lazy\" width=\"500\" height=\"258\" data-src=\"https:\/\/chroniclesofarcadia.com\/wp-content\/uploads\/2023\/07\/Easy-Start-e1690285249441.png\" alt=\"\" class=\"image-png wp-image-291021 size-full lazyload\" data-srcset=\"https:\/\/chroniclesofarcadia.com\/wp-content\/uploads\/2023\/07\/Easy-Start-e1690285249441.png 500w, https:\/\/chroniclesofarcadia.com\/wp-content\/uploads\/2023\/07\/Easy-Start-e1690285249441-300x155.png 300w\" data-sizes=\"(max-width: 500px) 100vw, 500px\" src=\"data:image\/gif;base64,R0lGODlhAQABAAAAACH5BAEKAAEALAAAAAABAAEAAAICTAEAOw==\" style=\"--smush-placeholder-width: 500px; --smush-placeholder-aspect-ratio: 500\/258;\"><noscript><img decoding=\"async\" loading=\"lazy\" width=\"500\" height=\"258\" src=\"https:\/\/chroniclesofarcadia.com\/wp-content\/uploads\/2023\/07\/Easy-Start-e1690285249441.png\" alt=\"\" class=\"image-png wp-image-291021 size-full\" srcset=\"https:\/\/chroniclesofarcadia.com\/wp-content\/uploads\/2023\/07\/Easy-Start-e1690285249441.png 500w, https:\/\/chroniclesofarcadia.com\/wp-content\/uploads\/2023\/07\/Easy-Start-e1690285249441-300x155.png 300w\" sizes=\"(max-width: 500px) 100vw, 500px\"><\/noscript><\/figure><div class=\"wp-block-media-text__content\">\n<strong>\u0141atwy start<\/strong>: \n\n\n\n<ul>\n<li>New tutorial popups<\/li>\n\n\n\n<li>Pet for beginners until level 100<\/li>\n\n\n\n<li>Tutorial for first steps and quests.<\/li>\n\n\n\n<li>Attractive starting regions for each race.<\/li>\n\n\n\n<li><a href=\"https:\/\/chroniclesofarcadia.com\/pl\/boost-your-character\/\" data-type=\"URL\" data-id=\"https:\/\/chroniclesofarcadia.com\/boost-your-character\/\">Opcjonalne wzmocnienie do 91 poziomu dla jednej klasy wraz z wyposa\u017ceniem.<\/a><\/li>\n\n\n\n<li>Customizable character control with mouse and\/or keys.<\/li>\n\n\n\n<li>Game map and radar system to locate resources and NPCs.<\/li>\n\n\n\n<li>Customizable user interface for custom addons and configuration.<\/li>\n<\/ul>\n<\/div><\/div>\n\n<div class=\"wp-block-media-text alignwide has-media-on-the-right is-stacked-on-mobile is-vertically-aligned-center zoomable\"><div class=\"wp-block-media-text__content\">\n<strong>Osi\u0105gni\u0119cia i aktywno\u015bci<\/strong>: \n\n\n\n<ul>\n<li>Extensive monsters compendium. <\/li>\n\n\n\n<li>In-game and web rankings you can rule. <\/li>\n\n\n\n<li>Daily quests and mini-games on zones and in guilds. <\/li>\n\n\n\n<li>Customizable, upgradeable guild castles with different styles to choose from. <\/li>\n\n\n\n<li>In-game and forum events as well as festivals to enjoy and get special rewards. <\/li>\n\n\n\n<li>Extensive pet systems that will make your life easier and follow you on your adventures.<\/li>\n<\/ul>\n<\/div><figure class=\"wp-block-media-text__media\"><img decoding=\"async\" loading=\"lazy\" width=\"500\" height=\"258\" data-src=\"https:\/\/chroniclesofarcadia.com\/wp-content\/uploads\/2020\/09\/Game-Features-light-2.jpg\" alt=\"\" class=\"wp-image-6671 size-full lazyload\" data-srcset=\"https:\/\/chroniclesofarcadia.com\/wp-content\/uploads\/2020\/09\/Game-Features-light-2.jpg 500w, https:\/\/chroniclesofarcadia.com\/wp-content\/uploads\/2020\/09\/Game-Features-light-2-300x155.jpg 300w\" data-sizes=\"(max-width: 500px) 100vw, 500px\" src=\"data:image\/gif;base64,R0lGODlhAQABAAAAACH5BAEKAAEALAAAAAABAAEAAAICTAEAOw==\" style=\"--smush-placeholder-width: 500px; --smush-placeholder-aspect-ratio: 500\/258;\"><noscript><img decoding=\"async\" loading=\"lazy\" width=\"500\" height=\"258\" src=\"https:\/\/chroniclesofarcadia.com\/wp-content\/uploads\/2020\/09\/Game-Features-light-2.jpg\" alt=\"\" class=\"wp-image-6671 size-full\" srcset=\"https:\/\/chroniclesofarcadia.com\/wp-content\/uploads\/2020\/09\/Game-Features-light-2.jpg 500w, https:\/\/chroniclesofarcadia.com\/wp-content\/uploads\/2020\/09\/Game-Features-light-2-300x155.jpg 300w\" sizes=\"(max-width: 500px) 100vw, 500px\"><\/noscript><\/figure><\/div>\n\n<div class=\"wp-block-media-text alignwide is-stacked-on-mobile is-vertically-aligned-center zoomable\"><figure class=\"wp-block-media-text__media\"><img decoding=\"async\" loading=\"lazy\" width=\"500\" height=\"258\" data-src=\"https:\/\/chroniclesofarcadia.com\/wp-content\/uploads\/2023\/07\/A-world-without-comparison-e1690285273278.png\" alt=\"\" class=\"image-png wp-image-291013 size-full lazyload\" data-srcset=\"https:\/\/chroniclesofarcadia.com\/wp-content\/uploads\/2023\/07\/A-world-without-comparison-e1690285273278.png 500w, https:\/\/chroniclesofarcadia.com\/wp-content\/uploads\/2023\/07\/A-world-without-comparison-e1690285273278-300x155.png 300w\" data-sizes=\"(max-width: 500px) 100vw, 500px\" src=\"data:image\/gif;base64,R0lGODlhAQABAAAAACH5BAEKAAEALAAAAAABAAEAAAICTAEAOw==\" style=\"--smush-placeholder-width: 500px; --smush-placeholder-aspect-ratio: 500\/258;\"><noscript><img decoding=\"async\" loading=\"lazy\" width=\"500\" height=\"258\" src=\"https:\/\/chroniclesofarcadia.com\/wp-content\/uploads\/2023\/07\/A-world-without-comparison-e1690285273278.png\" alt=\"\" class=\"image-png wp-image-291013 size-full\" srcset=\"https:\/\/chroniclesofarcadia.com\/wp-content\/uploads\/2023\/07\/A-world-without-comparison-e1690285273278.png 500w, https:\/\/chroniclesofarcadia.com\/wp-content\/uploads\/2023\/07\/A-world-without-comparison-e1690285273278-300x155.png 300w\" sizes=\"(max-width: 500px) 100vw, 500px\"><\/noscript><\/figure><div class=\"wp-block-media-text__content\">\n<strong>\u015awiat bez por\u00f3wnania<\/strong>: \n\n\n\n<ul>\n<li>Auction House for business.<\/li>\n\n\n\n<li>In-game mail system for communication.<\/li>\n\n\n\n<li>Arcane Transmutor for forging your power.<\/li>\n\n\n\n<li>Fast transport using portals and transport book.<\/li>\n\n\n\n<li>Impressive group instances and raids with varying difficulty levels and public encounters.<\/li>\n<\/ul>\n<\/div><\/div>\n\n<div class=\"wp-block-media-text alignwide has-media-on-the-right is-stacked-on-mobile is-vertically-aligned-center\"><div class=\"wp-block-media-text__content\">\n<strong>Ekscytuj\u0105ce bitwy PvP<\/strong>: \n\n\n\n<ul>\n<li>Duels, PK mode and PvP Events.<\/li>\n\n\n\n<li>Various activities such as \u201cCapture the Flag\u201d.<\/li>\n\n\n\n<li>PvP battles against other players to have fun!<\/li>\n\n\n\n<li>Battlegrounds with different numbers of participants.<\/li>\n\n\n\n<li>Siege Wars with powerful siege weapons and rewards.<\/li>\n<\/ul>\n<\/div><figure class=\"wp-block-media-text__media\"><img decoding=\"async\" loading=\"lazy\" width=\"500\" height=\"258\" data-src=\"https:\/\/chroniclesofarcadia.com\/wp-content\/uploads\/2020\/09\/PVP-2.jpg\" alt=\"\" class=\"wp-image-6687 size-full lazyload\" data-srcset=\"https:\/\/chroniclesofarcadia.com\/wp-content\/uploads\/2020\/09\/PVP-2.jpg 500w, https:\/\/chroniclesofarcadia.com\/wp-content\/uploads\/2020\/09\/PVP-2-300x155.jpg 300w\" data-sizes=\"(max-width: 500px) 100vw, 500px\" src=\"data:image\/gif;base64,R0lGODlhAQABAAAAACH5BAEKAAEALAAAAAABAAEAAAICTAEAOw==\" style=\"--smush-placeholder-width: 500px; --smush-placeholder-aspect-ratio: 500\/258;\"><noscript><img decoding=\"async\" loading=\"lazy\" width=\"500\" height=\"258\" src=\"https:\/\/chroniclesofarcadia.com\/wp-content\/uploads\/2020\/09\/PVP-2.jpg\" alt=\"\" class=\"wp-image-6687 size-full\" srcset=\"https:\/\/chroniclesofarcadia.com\/wp-content\/uploads\/2020\/09\/PVP-2.jpg 500w, https:\/\/chroniclesofarcadia.com\/wp-content\/uploads\/2020\/09\/PVP-2-300x155.jpg 300w\" sizes=\"(max-width: 500px) 100vw, 500px\"><\/noscript><\/figure><\/div>\n\n<p class=\"has-text-align-center\">Do\u0142\u0105cz do Chronicles of Arcadia i zacznij cieszy\u0107 si\u0119 \u015bwiatem pe\u0142nym fantazji i niezr\u00f3wnanych przyg\u00f3d!<\/p>\n\n<hr class=\"wp-block-separator has-alpha-channel-opacity\">\n\n<strong>Dla powracaj\u0105cych graczy<\/strong>: \n<style type=\"text\/css\">\r\n       .errordiv { padding:10px; margin:10px; border: 1px solid #555555;color: #000000;background-color: #f8f8f8; width:500px; }#advanced_iframe {visibility:visible;opacity:1;vertical-align:top;}.ai-info-bottom-iframe { position: fixed; z-index: 10000; bottom:0; left: 0; margin: 0px; text-align: center; width: 100%; background-color: #ff9999; padding-left: 5px;padding-bottom: 5px; border-top: 1px solid #aaa } a.ai-bold {font-weight: bold;}#ai-layer-div-advanced_iframe p {height:100%;margin:0;padding:0}<\/style><script type=\"text\/javascript\">var ai_iframe_width_advanced_iframe = 0;var ai_iframe_height_advanced_iframe = 0;function aiReceiveMessageadvanced_iframe(event) {  aiProcessMessage(event,\"advanced_iframe\", \"true\");}if (window.addEventListener) {  window.addEventListener(\"message\", aiReceiveMessageadvanced_iframe);} else if (el.attachEvent)  {  el.attachEvent(\"message\", aiReceiveMessageadvanced_iframe);}var aiIsIe8=false;var aiOnloadScrollTop=\"true\";var aiShowDebug=false;\r\n\t\tif (typeof aiReadyCallbacks === 'undefined') {\r\n\t\t\tvar aiReadyCallbacks = [];  \r\n\t\t} else if (!(aiReadyCallbacks instanceof Array)) {\r\n\t\t\tvar aiReadyCallbacks = [];\r\n\t\t}    function aiShowIframeId(id_iframe) { jQuery(\"#\"+id_iframe).css(\"visibility\", \"visible\");    }    function aiResizeIframeHeight(height) { aiResizeIframeHeight(height,advanced_iframe); }    function aiResizeIframeHeightId(height,width,id) {aiResizeIframeHeightById(id,height);}<\/script><iframe id=\"advanced_iframe\" name=\"advanced_iframe\" src=\"https:\/\/open.codecks.io\/chroniclesofarcadia\" width=\"100%\" height=\"600\" frameborder=\"0\" allowtransparency=\"true\" loading=\"lazy\" style=\";width:100%;height:600px;\"><\/iframe><script type=\"text\/javascript\">var ifrm_advanced_iframe = document.getElementById(\"advanced_iframe\");var hiddenTabsDoneadvanced_iframe = false;\r\nfunction resizeCallbackadvanced_iframe() {}<\/script><script type=\"text\/javascript\"><\/script><\/body>","protected":false},"excerpt":{"rendered":"<p>Chronicles of Arcadia is a fantasy MMORPG with Taborea world full of unique content never met anywhere else.<\/p>\n","protected":false},"author":1,"featured_media":3543,"parent":0,"menu_order":0,"comment_status":"closed","ping_status":"closed","template":"","meta":{"disable_featured_image_zoom":false},"acf":[],"_links":{"self":[{"href":"https:\/\/chroniclesofarcadia.com\/pl\/wp-json\/wp\/v2\/pages\/4404"}],"collection":[{"href":"https:\/\/chroniclesofarcadia.com\/pl\/wp-json\/wp\/v2\/pages"}],"about":[{"href":"https:\/\/chroniclesofarcadia.com\/pl\/wp-json\/wp\/v2\/types\/page"}],"author":[{"embeddable":true,"href":"https:\/\/chroniclesofarcadia.com\/pl\/wp-json\/wp\/v2\/users\/1"}],"replies":[{"embeddable":true,"href":"https:\/\/chroniclesofarcadia.com\/pl\/wp-json\/wp\/v2\/comments?post=4404"}],"version-history":[{"count":5,"href":"https:\/\/chroniclesofarcadia.com\/pl\/wp-json\/wp\/v2\/pages\/4404\/revisions"}],"predecessor-version":[{"id":293469,"href":"https:\/\/chroniclesofarcadia.com\/pl\/wp-json\/wp\/v2\/pages\/4404\/revisions\/293469"}],"wp:featuredmedia":[{"embeddable":true,"href":"https:\/\/chroniclesofarcadia.com\/pl\/wp-json\/wp\/v2\/media\/3543"}],"wp:attachment":[{"href":"https:\/\/chroniclesofarcadia.com\/pl\/wp-json\/wp\/v2\/media?parent=4404"}],"curies":[{"name":"wp","href":"https:\/\/api.w.org\/{rel}","templated":true}]}}