{"id":8050,"date":"2020-09-19T20:44:11","date_gmt":"2020-09-19T18:44:11","guid":{"rendered":"https:\/\/chroniclesofarcadia.com\/boost-your-character\/"},"modified":"2023-03-31T13:26:42","modified_gmt":"2023-03-31T11:26:42","slug":"boost-your-character","status":"publish","type":"page","link":"https:\/\/chroniclesofarcadia.com\/pl\/boost-your-character\/","title":{"rendered":"Wzmocnij swoj\u0105 posta\u0107"},"content":{"rendered":"<body><div class=\"wp-block-image\">\n<figure class=\"alignright size-large is-resized\"><img class=\"image-png lazyload\" decoding=\"async\" loading=\"lazy\" data-src=\"https:\/\/playernetgames.net\/games\/chroniclesofarcadia\/web\/img\/dualclass.png\" alt=\"\" width=\"300\" height=\"404\" src=\"data:image\/gif;base64,R0lGODlhAQABAAAAACH5BAEKAAEALAAAAAABAAEAAAICTAEAOw==\" style=\"--smush-placeholder-width: 300px; --smush-placeholder-aspect-ratio: 300\/404;\"><noscript><img class=\"image-png\" decoding=\"async\" loading=\"lazy\" src=\"https:\/\/playernetgames.net\/games\/chroniclesofarcadia\/web\/img\/dualclass.png\" alt=\"\" width=\"300\" height=\"404\"><\/noscript><\/figure><\/div>\n<strong>Natychmiastowy poziom 91<\/strong>: \n\n<p>Czy jeste\u015b nowicjuszem i nie chcesz zaczyna\u0107 od zera?\r\n\u017baden problem!\r\nZnajd\u017a Przewodnika Poszukiwacza Przyg\u00f3d, Johnny\u2019ego Dalkera, i uzyskaj natychmiastowy 91 poziom!<\/p>\n\n<strong>Nowa lokalizacja Johnny\u2019ego Dalkera<\/strong>: \n\n<p>Wcze\u015bniej mo\u017cna by\u0142o znale\u017a\u0107 Johnny\u2019ego Dalkera w ka\u017cdej strefie startowej, aby m\u00f3g\u0142 da\u0107 ci wzmocnienie, ale magowie z Oka M\u0105dro\u015bci potrzebowali jego pomocy w Varanas, dlatego teraz czeka tam na ciebie!<\/p>\n\n<strong>Warunki<\/strong>: \n\n<p>Spe\u0142niasz wymagania, gdy twoja posta\u0107 nie ma jeszcze \u017cadnej klasy na 91 poziomie. To wszystko!<\/p>\n\n<p>Porozmawiaj z Johnnym Dalkerem, a wzmocni ci\u0119 pewnym zestawem przedmiot\u00f3w i unikaln\u0105 broni\u0105 pasuj\u0105c\u0105 do twojej obecnej klasy.\r\nDodatkowo natychmiast podniesie tw\u00f3j poziom do 91 i da ci spor\u0105 ilo\u015b\u0107 PT, aby umo\u017cliwi\u0107 ulepszenie twoich umiej\u0119tno\u015bci.<\/p>\n\n<p>Nie znasz jeszcze Paradise? Skoro ju\u017c wiesz, jak przygotowa\u0107 si\u0119 do przygody, na co czekasz, aby zosta\u0107 bohaterem? To twoja szansa!<\/p>\n\n<figure class=\"wp-block-image size-large\"><img decoding=\"async\" data-src=\"https:\/\/chroniclesofarcadia.com\/wp-content\/uploads\/2022\/10\/Johnny_Dalker.jpg\" alt=\"\" src=\"data:image\/gif;base64,R0lGODlhAQABAAAAACH5BAEKAAEALAAAAAABAAEAAAICTAEAOw==\" class=\"lazyload\" style=\"--smush-placeholder-width: 1920px; --smush-placeholder-aspect-ratio: 1920\/1017;\"><noscript><img decoding=\"async\" src=\"https:\/\/chroniclesofarcadia.com\/wp-content\/uploads\/2022\/10\/Johnny_Dalker.jpg\" alt=\"\"><\/noscript><\/figure>\n<\/body>","protected":false},"excerpt":{"rendered":"<p>Natychmiastowy poziom 91: Czy jeste\u015b nowicjuszem i nie chcesz zaczyna\u0107 od zera? \u017baden problem! Znajd\u017a Przewodnika Poszukiwacza Przyg\u00f3d, Johnny\u2019ego Dalkera, i uzyskaj natychmiastowy 91 poziom! Nowa lokalizacja Johnny\u2019ego Dalkera: Wcze\u015bniej mo\u017cna by\u0142o znale\u017a\u0107 Johnny\u2019ego Dalkera w ka\u017cdej strefie startowej, aby m\u00f3g\u0142 da\u0107 ci wzmocnienie, ale magowie z Oka M\u0105dro\u015bci potrzebowali jego pomocy w Varanas, dlatego [&hellip;]<\/p>\n","protected":false},"author":1,"featured_media":0,"parent":0,"menu_order":0,"comment_status":"closed","ping_status":"closed","template":"","meta":{"disable_featured_image_zoom":false},"acf":[],"_links":{"self":[{"href":"https:\/\/chroniclesofarcadia.com\/pl\/wp-json\/wp\/v2\/pages\/8050"}],"collection":[{"href":"https:\/\/chroniclesofarcadia.com\/pl\/wp-json\/wp\/v2\/pages"}],"about":[{"href":"https:\/\/chroniclesofarcadia.com\/pl\/wp-json\/wp\/v2\/types\/page"}],"author":[{"embeddable":true,"href":"https:\/\/chroniclesofarcadia.com\/pl\/wp-json\/wp\/v2\/users\/1"}],"replies":[{"embeddable":true,"href":"https:\/\/chroniclesofarcadia.com\/pl\/wp-json\/wp\/v2\/comments?post=8050"}],"version-history":[{"count":0,"href":"https:\/\/chroniclesofarcadia.com\/pl\/wp-json\/wp\/v2\/pages\/8050\/revisions"}],"wp:attachment":[{"href":"https:\/\/chroniclesofarcadia.com\/pl\/wp-json\/wp\/v2\/media?parent=8050"}],"curies":[{"name":"wp","href":"https:\/\/api.w.org\/{rel}","templated":true}]}}