{"id":3655,"date":"2019-12-17T17:06:13","date_gmt":"2019-12-17T15:06:13","guid":{"rendered":"https:\/\/chroniclesofarcadia.com\/indirmeler\/"},"modified":"2024-08-26T01:05:38","modified_gmt":"2024-08-25T23:05:38","slug":"indirmeler","status":"publish","type":"page","link":"https:\/\/chroniclesofarcadia.com\/tr\/indirmeler\/","title":{"rendered":"\u0130ndirmeler"},"content":{"rendered":"<body>\n<p>Oyun istemcisi, manuel yamalar ve Chronicles of Arcadia i\u00e7in eklentileri bar\u0131nd\u0131ran sayfaya ilerle.<\/p>\n\n<!--more-->\n\n<div class=\"wp-block-group align-center downloads-margin-top is-layout-flow\"><div class=\"wp-block-group__inner-container\">\r\n<a class=\"btn  btn-lg btn-primary \" href=\"https:\/\/playernetgames.net\/download\" target=\"_blank\"><span class=\"fa fa-gamepad\"><\/span> Oyun \u0130stemcisi <\/a>\n\n\r\n<a class=\"btn  btn-lg btn-primary \" href=\"https:\/\/www.curseforge.com\/chronicles-of-arcadia\/addons\" target=\"_blank\"><span class=\"fa fa-puzzle-piece\"><\/span> Eklentiler <\/a>\n\n\r\n<a class=\"btn  btn-lg btn-primary \" href=\"https:\/\/playernetgames.net\/download\" target=\"_blank\"><span class=\"fa fa-cog\"><\/span> Manuel Yamalar <\/a><\/div><\/div>\n\n<strong>Sistem Gereksinimleri<\/strong>: \n\n<figure class=\"wp-block-table is-style-stripes downloads\"><table><thead><tr><th>Kategori<\/th><th>Minimum<\/th><th>\u00d6nerilen<\/th><\/tr><\/thead><tbody><tr><td>\u0130\u015flemci<\/td><td>Intel Core i3 2.5 Ghz<\/td><td>Intel Core i7 3.0 Ghz veya benzeri<\/td><\/tr><tr><td>Bellek<\/td><td>4 GB<\/td><td>8 GB<\/td><\/tr><tr><td>Grafik<\/td><td>DirectX 9.0c ve Pixel Shader 2.0 (ve \u00fcst\u00fc) uyumlu 512 MB belle\u011fe sahip<\/td><td>NVIDIA GTX 750 Ti, 2048 MB RAM<\/td><\/tr><tr><td>Sabit Disk<\/td><td>22 GB<\/td><td>22 GB<\/td><\/tr><tr><td>\u0130\u015fletim Sistemi<\/td><td>Windows 7 (64-bit)<\/td><td>Windows 10 (64-bit)<\/td><\/tr><tr><td>Di\u011fer<\/td><td>Geni\u015f bant internet ba\u011flant\u0131s\u0131, klavye ve fare<\/td><td>Geni\u015f bant internet ba\u011flant\u0131s\u0131, klavye ve fare<\/td><\/tr><\/tbody><\/table><\/figure>\n<\/body>","protected":false},"excerpt":{"rendered":"<p>Oyun istemcisi, manuel yamalar ve Chronicles of Arcadia i\u00e7in eklentileri bar\u0131nd\u0131ran sayfaya ilerle.<\/p>\n","protected":false},"author":1,"featured_media":0,"parent":0,"menu_order":0,"comment_status":"closed","ping_status":"closed","template":"","meta":{"disable_featured_image_zoom":false},"acf":[],"_links":{"self":[{"href":"https:\/\/chroniclesofarcadia.com\/tr\/wp-json\/wp\/v2\/pages\/3655"}],"collection":[{"href":"https:\/\/chroniclesofarcadia.com\/tr\/wp-json\/wp\/v2\/pages"}],"about":[{"href":"https:\/\/chroniclesofarcadia.com\/tr\/wp-json\/wp\/v2\/types\/page"}],"author":[{"embeddable":true,"href":"https:\/\/chroniclesofarcadia.com\/tr\/wp-json\/wp\/v2\/users\/1"}],"replies":[{"embeddable":true,"href":"https:\/\/chroniclesofarcadia.com\/tr\/wp-json\/wp\/v2\/comments?post=3655"}],"version-history":[{"count":2,"href":"https:\/\/chroniclesofarcadia.com\/tr\/wp-json\/wp\/v2\/pages\/3655\/revisions"}],"predecessor-version":[{"id":293235,"href":"https:\/\/chroniclesofarcadia.com\/tr\/wp-json\/wp\/v2\/pages\/3655\/revisions\/293235"}],"wp:attachment":[{"href":"https:\/\/chroniclesofarcadia.com\/tr\/wp-json\/wp\/v2\/media?parent=3655"}],"curies":[{"name":"wp","href":"https:\/\/api.w.org\/{rel}","templated":true}]}}