{"id":3725,"date":"2020-01-17T14:56:53","date_gmt":"2020-01-17T12:56:53","guid":{"rendered":"https:\/\/chroniclesofarcadia.com\/taborea-tarihi\/"},"modified":"2020-03-28T21:53:46","modified_gmt":"2020-03-28T21:53:46","slug":"taborea-tarihi","status":"publish","type":"page","link":"https:\/\/chroniclesofarcadia.com\/tr\/taborea-tarihi\/","title":{"rendered":"Taborea Tarihi"},"content":{"rendered":"<body>\n<strong>Hayali ve U\u011fursuz bir Kuruntu<\/strong>: \n\n<p>Taborea, Ayvenas ola\u011fan\u00fcst\u00fc d\u00fcnyan\u0131n g\u00f6r\u00fcnt\u00fclerini bir kitapta kaydetmeye ba\u015flad\u0131\u011f\u0131nda do\u011fdu. Yazd\u0131\u011f\u0131na g\u00f6re, tanr\u0131 bar\u0131\u015f\u00e7\u0131l \u0131rklar ve onlar\u0131n ya\u015famas\u0131 i\u00e7in cennet gibi topraklar yaratt\u0131. Ancak, hepimizin bildi\u011fi gibi, mutlu bir hikaye, s\u0131k\u0131c\u0131 bir hikayedir. Dolay\u0131s\u0131yla bir g\u00fcn \u00e7ok tehlikeli olabilecek bir d\u00fc\u015f\u00fcnceye kap\u0131ld\u0131:<\/p>\n\n<strong>\u201cYa hikaye bu kadar bar\u0131\u015f\u00e7\u0131l olmasayd\u0131?\u201d<\/strong>: \n\n<p>Onu t\u00fcketen bu sinsi d\u00fc\u015f\u00fcnce, onun Taborea\u2019y\u0131 daha karanl\u0131k renklerle boyamaya ba\u015flamas\u0131n\u0131 sa\u011flad\u0131: Bilge adam aptal oldu, uysal elfler ac\u0131mas\u0131z e\u011filimler geli\u015ftirdi, merhametli c\u00fcceler a\u00e7 g\u00f6zl\u00fcl\u00fckle bozuldu. Taborea\u2019n\u0131n yarat\u0131klar\u0131n\u0131 korumaya y\u00f6nelik kar\u015f\u0131l\u0131klar bile bozulmu\u015f ve \u00e7arp\u0131t\u0131lm\u0131\u015ft\u0131.<\/p>\n\n<p>Ayvenas, kontrol\u00fcnden \u00e7\u0131kan d\u00fcnyaya giri\u015fiminin ne kadar ciddi oldu\u011funu anlad\u0131, ve Taborea\u2019l\u0131lar\u0131n kendi hikayelerinin sonunu kendilerinin yazmalar\u0131na izin verdi. Yaz\u0131lmam\u0131\u015f sayfalar\u0131 y\u0131rt\u0131p d\u00fcnyan\u0131n d\u00f6rt bir yan\u0131na da\u011f\u0131tt\u0131 \u2013 b\u00f6ylece yeni bir \u00e7a\u011f ba\u015flam\u0131\u015f oldu.<\/p>\n\n<strong>Zafer, ve G\u00fc\u00e7 Tehlikesi<\/strong>: \n\n<div class=\"wp-block-image clearright zoomable\"><figure class=\"alignright size-large\"><img decoding=\"async\" loading=\"lazy\" width=\"384\" height=\"395\" data-src=\"https:\/\/chroniclesofarcadia.com\/wp-content\/uploads\/2020\/01\/fbb0a1b73c.png\" alt=\"\" class=\"image-png wp-image-1318 lazyload\" data-srcset=\"https:\/\/chroniclesofarcadia.com\/wp-content\/uploads\/2020\/01\/fbb0a1b73c.png 384w, https:\/\/chroniclesofarcadia.com\/wp-content\/uploads\/2020\/01\/fbb0a1b73c-292x300.png 292w\" data-sizes=\"(max-width: 384px) 100vw, 384px\" src=\"data:image\/gif;base64,R0lGODlhAQABAAAAACH5BAEKAAEALAAAAAABAAEAAAICTAEAOw==\" style=\"--smush-placeholder-width: 384px; --smush-placeholder-aspect-ratio: 384\/395;\"><noscript><img decoding=\"async\" loading=\"lazy\" width=\"384\" height=\"395\" src=\"https:\/\/chroniclesofarcadia.com\/wp-content\/uploads\/2020\/01\/fbb0a1b73c.png\" alt=\"\" class=\"image-png wp-image-1318\" srcset=\"https:\/\/chroniclesofarcadia.com\/wp-content\/uploads\/2020\/01\/fbb0a1b73c.png 384w, https:\/\/chroniclesofarcadia.com\/wp-content\/uploads\/2020\/01\/fbb0a1b73c-292x300.png 292w\" sizes=\"(max-width: 384px) 100vw, 384px\"><\/noscript><\/figure><\/div>\n\n<p> Ayvenas Taborea\u2019dan \u00e7ekildikten sonra, d\u00f6rt bir yan\u0131 sinsi Naga ku\u015fatt\u0131. \u0130nsanlar ve Elfler g\u00fc\u00e7lerini birle\u015ftirdi ve di\u011fer silahlar\u0131n aras\u0131ndan elf k\u0131l\u0131c\u0131 Arclight\u2019\u0131 kullanarak sald\u0131rgan y\u0131lanlar\u0131 b\u00fcy\u00fcl\u00fc bir bariyerin arkas\u0131na hapsettiler.<\/p>\n\n<p>Zaferlerinden ilham alan Taborea halk\u0131, bilgilerini di\u011ferlerine aktarmak i\u00e7in eski krall\u0131klar\u0131 kurdular. \u0130nsanlar r\u00fcnlere ve Ayvenas\u2019\u0131n da\u011f\u0131lan kitab\u0131n\u0131n par\u00e7alar\u0131na ilgiliydiler. \u00c7\u00fcnk\u00fc \u201ckehanetler\u201d, gelece\u011fi kontrol etmekte ve ge\u00e7mi\u015fi belirlemekte kullan\u0131labilirdi.<\/p>\n\n<p>Ancak, insanlar daha \u00e7ok \u00f6\u011frendik\u00e7e, bilgi ve g\u00fc\u00e7 a\u00e7l\u0131klar\u0131 tehlikeli oranda artt\u0131. A\u00e7 g\u00f6zl\u00fcl\u00fckle sarho\u015f olup, gizli sihirle kendilerini g\u00fc\u00e7lendirdiler, baz\u0131lar\u0131 korkun\u00e7 \u015feytanlara d\u00f6n\u00fc\u015f\u00fcp Taborea tarihinin en b\u00fcy\u00fck katliam\u0131 Balanzasar Sava\u015f\u0131\u2019n\u0131 ba\u015flatt\u0131. Bir kez daha, bu \u015feytanlar\u0131 Hi\u00e7li\u011fe kovup bar\u0131\u015f getirecek bir birlik gerekti.<\/p>\n\n<strong>Gardiyanlar\u0131n Y\u00fckseli\u015fi ve D\u00fc\u015f\u00fc\u015f\u00fc<\/strong>: \n\n<div class=\"wp-block-image clearright zoomable\"><figure class=\"alignright size-large\"><img decoding=\"async\" loading=\"lazy\" width=\"384\" height=\"320\" data-src=\"https:\/\/chroniclesofarcadia.com\/wp-content\/uploads\/2020\/01\/f9895e24e3.png\" alt=\"\" class=\"image-png wp-image-1317 lazyload\" data-srcset=\"https:\/\/chroniclesofarcadia.com\/wp-content\/uploads\/2020\/01\/f9895e24e3.png 384w, https:\/\/chroniclesofarcadia.com\/wp-content\/uploads\/2020\/01\/f9895e24e3-300x250.png 300w\" data-sizes=\"(max-width: 384px) 100vw, 384px\" src=\"data:image\/gif;base64,R0lGODlhAQABAAAAACH5BAEKAAEALAAAAAABAAEAAAICTAEAOw==\" style=\"--smush-placeholder-width: 384px; --smush-placeholder-aspect-ratio: 384\/320;\"><noscript><img decoding=\"async\" loading=\"lazy\" width=\"384\" height=\"320\" src=\"https:\/\/chroniclesofarcadia.com\/wp-content\/uploads\/2020\/01\/f9895e24e3.png\" alt=\"\" class=\"image-png wp-image-1317\" srcset=\"https:\/\/chroniclesofarcadia.com\/wp-content\/uploads\/2020\/01\/f9895e24e3.png 384w, https:\/\/chroniclesofarcadia.com\/wp-content\/uploads\/2020\/01\/f9895e24e3-300x250.png 300w\" sizes=\"(max-width: 384px) 100vw, 384px\"><\/noscript><\/figure><\/div>\n\n<p>Birlik galip geldi, ancak bunun a\u011f\u0131r bir bedeli vard\u0131: Bir\u00e7o\u011fu, bilgileriyle birlikte, \u00f6ld\u00fc. Belirli insanlar r\u00fcnler \u00fczerindeki \u00e7o\u011fu g\u00fcc\u00fcn\u00fc kaybetti. Ama geri kalan g\u00fc\u00e7leri, onlar\u0131 son \u015feytanlardan koruyacak kuvvetli gardiyanlar yaratmaya yeterliydi.<\/p>\n\n<p>K\u0131sa bir s\u00fcre sonra, Taborea\u2019n\u0131n bu koruyuculardan korunmaya ihtiyac\u0131 oldu. Gardiyanlar sadece \u015feytanlar\u0131 de\u011fil, b\u00fct\u00fcn d\u00fcnyay\u0131 tehdit alt\u0131na ald\u0131lar. Sadece ejderhalar onlara kar\u015f\u0131 koyabilecek g\u00fcce sahiptiler, ancak sava\u015flar\u0131 aniden, gardiyanlar sessiz kal\u0131nca sona erdi.<\/p>\n\n<p>\u201cCezaland\u0131rma \u00c7a\u011f\u0131\u201dnda, Taborea halk\u0131 s\u00fcrekli bir korku i\u00e7indeydi. Bilgilerini, k\u00fclt\u00fcrlerini kaybettiler\u2026 ama cesaretlerini de\u011fil. \u0130nsanlar her \u015feye Kolydia k\u0131tas\u0131nda yeniden ba\u015flamaya \u00e7al\u0131\u015ft\u0131lar, geride kalanlar ise bir barbar \u0131rk\u0131na d\u00f6n\u00fc\u015ft\u00fc. Elfler ise Candara k\u0131tas\u0131nda ka\u00e7t\u0131lar.<\/p>\n\n<strong>Antik Bir Lanetle B\u00f6l\u00fcnm\u00fc\u015f Irk<\/strong>: \n\n<div class=\"wp-block-image clearright zoomable\"><figure class=\"alignright size-large\"><img decoding=\"async\" loading=\"lazy\" width=\"384\" height=\"304\" data-src=\"https:\/\/chroniclesofarcadia.com\/wp-content\/uploads\/2020\/01\/16d4b11e58.png\" alt=\"\" class=\"image-png wp-image-1321 lazyload\" data-srcset=\"https:\/\/chroniclesofarcadia.com\/wp-content\/uploads\/2020\/01\/16d4b11e58.png 384w, https:\/\/chroniclesofarcadia.com\/wp-content\/uploads\/2020\/01\/16d4b11e58-300x238.png 300w\" data-sizes=\"(max-width: 384px) 100vw, 384px\" src=\"data:image\/gif;base64,R0lGODlhAQABAAAAACH5BAEKAAEALAAAAAABAAEAAAICTAEAOw==\" style=\"--smush-placeholder-width: 384px; --smush-placeholder-aspect-ratio: 384\/304;\"><noscript><img decoding=\"async\" loading=\"lazy\" width=\"384\" height=\"304\" src=\"https:\/\/chroniclesofarcadia.com\/wp-content\/uploads\/2020\/01\/16d4b11e58.png\" alt=\"\" class=\"image-png wp-image-1321\" srcset=\"https:\/\/chroniclesofarcadia.com\/wp-content\/uploads\/2020\/01\/16d4b11e58.png 384w, https:\/\/chroniclesofarcadia.com\/wp-content\/uploads\/2020\/01\/16d4b11e58-300x238.png 300w\" sizes=\"(max-width: 384px) 100vw, 384px\"><\/noscript><\/figure><\/div>\n\n<p>Candara\u2019da elfler gardiyanlardan ka\u00e7abiliyordu \u2013 ancak \u201cElf \u0130kizlerin Laneti\u201dnden ka\u00e7amad\u0131lar. Antik bir efsaneye g\u00f6re, ikizler elf halk\u0131n\u0131n b\u00f6l\u00fcnmesine sebep olacakt\u0131. Bu kehanet, elfler \u015feytanlarla sava\u015ft\u0131\u011f\u0131nda ger\u00e7ekle\u015fecekti.<\/p>\n\n<p>Ve tarih, kraliyet ailesine bir ikiz daha do\u011funca kendini tekrar edecekti. Sonunda bu laneti k\u0131rmak i\u00e7in, ikizlerden birisi, Kentailon, kendi halk\u0131 i\u00e7in evini terketmeye karar verdi. Ancak \u00e7atlak ka\u00e7\u0131n\u0131lmazd\u0131: Kralize Kentailon\u2019un yaln\u0131z gitmesine dayanamad\u0131, onu bilinmeyene do\u011fru takip etti.<\/p>\n\n<strong>Sig\u2019aylas\u2019\u0131n Maceralar\u0131<\/strong>: \n\n<p>Bunlar olurken ikizlerin b\u00fcy\u00fc\u011f\u00fc Yabis\u2019an, elf taht\u0131na ge\u00e7ti, Kentailon Naga\u2019y\u0131 saran b\u00fcy\u00fcl\u00fc bariyere varana kadar k\u0131tay\u0131 dola\u015ft\u0131. <\/p>\n\n<p>Elf ikiz gelmi\u015fti, art\u0131k kendini Sig\u2019aylas olarak isimlendiriyordu, a\u015f\u0131k olup ger\u00e7ek mutlulu\u011fu bulmu\u015ftu \u2013 ta ki Tepeg\u00f6z sald\u0131r\u0131s\u0131 topraklar\u0131 mahvedene kadar. Sig\u2019aylas, umutsuzluk i\u00e7inde b\u00fcy\u00fcl\u00fc bariyere g\u00fcc\u00fcn\u00fc veren \u201cArclight\u201d\u0131 yerinden al\u0131p Tepeg\u00f6zleri savu\u015fturdu.<\/p>\n\n<p>Bu \u015fekilde tek g\u00f6zl\u00fc hayvanlar yenilmi\u015fti, ama daha b\u00fcy\u00fck bir tehlike uyand\u0131: Sig\u2019aylas Naga\u2019y\u0131 serbest b\u0131rakm\u0131\u015ft\u0131. Elfler i\u00e7in art\u0131k tek umut vard\u0131: \u0130nsanlar. Bir kez daha bu iki \u0131rk, zorlu Naga s\u00fcr\u00fcs\u00fcne kar\u015f\u0131 bir sava\u015f verdiler.<\/p>\n\n<figure class=\"wp-block-gallery aligncenter columns-2  verticalcenter wp-block-gallery-1 is-layout-flex\"><ul class=\"blocks-gallery-grid\"><li class=\"blocks-gallery-item\"><figure><img decoding=\"async\" loading=\"lazy\" width=\"384\" height=\"281\" data-src=\"https:\/\/chroniclesofarcadia.com\/wp-content\/uploads\/2020\/01\/97b4ffea6c.png\" alt=\"\" data-id=\"1320\" data-full-url=\"https:\/\/chroniclesofarcadia.com\/wp-content\/uploads\/2020\/01\/97b4ffea6c.png\" data-link=\"https:\/\/chroniclesofarcadia.com\/97b4ffea6c\/\" class=\"image-png wp-image-1320 lazyload\" data-srcset=\"https:\/\/chroniclesofarcadia.com\/wp-content\/uploads\/2020\/01\/97b4ffea6c.png 384w, https:\/\/chroniclesofarcadia.com\/wp-content\/uploads\/2020\/01\/97b4ffea6c-300x220.png 300w\" data-sizes=\"(max-width: 384px) 100vw, 384px\" src=\"data:image\/gif;base64,R0lGODlhAQABAAAAACH5BAEKAAEALAAAAAABAAEAAAICTAEAOw==\" style=\"--smush-placeholder-width: 384px; --smush-placeholder-aspect-ratio: 384\/281;\"><noscript><img decoding=\"async\" loading=\"lazy\" width=\"384\" height=\"281\" src=\"https:\/\/chroniclesofarcadia.com\/wp-content\/uploads\/2020\/01\/97b4ffea6c.png\" alt=\"\" data-id=\"1320\" data-full-url=\"https:\/\/chroniclesofarcadia.com\/wp-content\/uploads\/2020\/01\/97b4ffea6c.png\" data-link=\"https:\/\/chroniclesofarcadia.com\/97b4ffea6c\/\" class=\"image-png wp-image-1320\" srcset=\"https:\/\/chroniclesofarcadia.com\/wp-content\/uploads\/2020\/01\/97b4ffea6c.png 384w, https:\/\/chroniclesofarcadia.com\/wp-content\/uploads\/2020\/01\/97b4ffea6c-300x220.png 300w\" sizes=\"(max-width: 384px) 100vw, 384px\"><\/noscript><\/figure><\/li><li class=\"blocks-gallery-item\"><figure><img decoding=\"async\" loading=\"lazy\" width=\"384\" height=\"342\" data-src=\"https:\/\/chroniclesofarcadia.com\/wp-content\/uploads\/2020\/01\/7278213b5e.png\" alt=\"\" data-id=\"1319\" data-full-url=\"https:\/\/chroniclesofarcadia.com\/wp-content\/uploads\/2020\/01\/7278213b5e.png\" data-link=\"https:\/\/chroniclesofarcadia.com\/7278213b5e\/\" class=\"image-png wp-image-1319 lazyload\" data-srcset=\"https:\/\/chroniclesofarcadia.com\/wp-content\/uploads\/2020\/01\/7278213b5e.png 384w, https:\/\/chroniclesofarcadia.com\/wp-content\/uploads\/2020\/01\/7278213b5e-300x267.png 300w\" data-sizes=\"(max-width: 384px) 100vw, 384px\" src=\"data:image\/gif;base64,R0lGODlhAQABAAAAACH5BAEKAAEALAAAAAABAAEAAAICTAEAOw==\" style=\"--smush-placeholder-width: 384px; --smush-placeholder-aspect-ratio: 384\/342;\"><noscript><img decoding=\"async\" loading=\"lazy\" width=\"384\" height=\"342\" src=\"https:\/\/chroniclesofarcadia.com\/wp-content\/uploads\/2020\/01\/7278213b5e.png\" alt=\"\" data-id=\"1319\" data-full-url=\"https:\/\/chroniclesofarcadia.com\/wp-content\/uploads\/2020\/01\/7278213b5e.png\" data-link=\"https:\/\/chroniclesofarcadia.com\/7278213b5e\/\" class=\"image-png wp-image-1319\" srcset=\"https:\/\/chroniclesofarcadia.com\/wp-content\/uploads\/2020\/01\/7278213b5e.png 384w, https:\/\/chroniclesofarcadia.com\/wp-content\/uploads\/2020\/01\/7278213b5e-300x267.png 300w\" sizes=\"(max-width: 384px) 100vw, 384px\"><\/noscript><\/figure><\/li><\/ul><\/figure>\n\n<strong>Ge\u00e7mi\u015fin Cazibesi<\/strong>: \n\n<p>Naga ile olan zorlu m\u00fccadele ve ard\u0131ndan ortaya \u00e7\u0131kan refah, insanlar\u0131n ge\u00e7mi\u015fi unutmas\u0131na neden oldu. Sadece \u201cBilgeli\u011fin G\u00f6z\u00fc\u201d gibi organizasyonlar Tabora\u2019n\u0131n tarihini derinlemesine ara\u015ft\u0131rmaya ilgi duyuyordu.<\/p>\n\n<p>\u201cBilgeli\u011fin G\u00f6z\u00fc\u201dn\u00fcn Kolydia\u2019daki soru\u015fturmalar\u0131, organizasyonu Candara\u2019daki elflere daha da yak\u0131nla\u015ft\u0131ran, ilgi \u00e7ekici s\u0131rlar\u0131n kan\u0131tlar\u0131n\u0131 a\u00e7\u0131\u011fa \u00e7\u0131kard\u0131. Bu bizi, zaman\u0131m\u0131z\u0131n ba\u015flang\u0131c\u0131na getiriyor \u2013 ke\u015fif \u00e7a\u011f\u0131\u2026<\/p>\n<\/body>","protected":false},"excerpt":{"rendered":"<p>Hayali ve U\u011fursuz bir Kuruntu: Taborea, Ayvenas ola\u011fan\u00fcst\u00fc d\u00fcnyan\u0131n g\u00f6r\u00fcnt\u00fclerini bir kitapta kaydetmeye ba\u015flad\u0131\u011f\u0131nda do\u011fdu. Yazd\u0131\u011f\u0131na g\u00f6re, tanr\u0131 bar\u0131\u015f\u00e7\u0131l \u0131rklar ve onlar\u0131n ya\u015famas\u0131 i\u00e7in cennet gibi topraklar yaratt\u0131. Ancak, hepimizin bildi\u011fi gibi, mutlu bir hikaye, s\u0131k\u0131c\u0131 bir hikayedir. Dolay\u0131s\u0131yla bir g\u00fcn \u00e7ok tehlikeli olabilecek bir d\u00fc\u015f\u00fcnceye kap\u0131ld\u0131: \u201cYa hikaye bu kadar bar\u0131\u015f\u00e7\u0131l olmasayd\u0131?\u201d: Onu t\u00fcketen [&hellip;]<\/p>\n","protected":false},"author":1,"featured_media":3490,"parent":0,"menu_order":0,"comment_status":"closed","ping_status":"closed","template":"","meta":{"disable_featured_image_zoom":false},"acf":[],"_links":{"self":[{"href":"https:\/\/chroniclesofarcadia.com\/tr\/wp-json\/wp\/v2\/pages\/3725"}],"collection":[{"href":"https:\/\/chroniclesofarcadia.com\/tr\/wp-json\/wp\/v2\/pages"}],"about":[{"href":"https:\/\/chroniclesofarcadia.com\/tr\/wp-json\/wp\/v2\/types\/page"}],"author":[{"embeddable":true,"href":"https:\/\/chroniclesofarcadia.com\/tr\/wp-json\/wp\/v2\/users\/1"}],"replies":[{"embeddable":true,"href":"https:\/\/chroniclesofarcadia.com\/tr\/wp-json\/wp\/v2\/comments?post=3725"}],"version-history":[{"count":0,"href":"https:\/\/chroniclesofarcadia.com\/tr\/wp-json\/wp\/v2\/pages\/3725\/revisions"}],"wp:featuredmedia":[{"embeddable":true,"href":"https:\/\/chroniclesofarcadia.com\/tr\/wp-json\/wp\/v2\/media\/3490"}],"wp:attachment":[{"href":"https:\/\/chroniclesofarcadia.com\/tr\/wp-json\/wp\/v2\/media?parent=3725"}],"curies":[{"name":"wp","href":"https:\/\/api.w.org\/{rel}","templated":true}]}}