{"id":3775,"date":"2020-01-17T15:17:00","date_gmt":"2020-01-17T13:17:00","guid":{"rendered":"https:\/\/chroniclesofarcadia.com\/oyuncu-vs-oyuncu\/"},"modified":"2020-03-30T20:29:18","modified_gmt":"2020-03-30T20:29:18","slug":"oyuncu-vs-oyuncu","status":"publish","type":"page","link":"https:\/\/chroniclesofarcadia.com\/tr\/oyuncu-vs-oyuncu\/","title":{"rendered":"Oyuncu vs. Oyuncu"},"content":{"rendered":"<body>\n<p>Heyecanl\u0131 bir PvP aksiyonu mu ar\u0131yorsun? O halde Chronicles of Arcadia\u2019n\u0131n kapsaml\u0131 PvP sistemini oku.<\/p>\n\n\n\n<!--more-->\n\n\n\n<p>Dostlar\u0131nla heyecan verici sava\u015f\u0131n i\u00e7ine dal, ve onur puanlar\u0131 kazan. Bu seni PvP s\u0131ralamas\u0131na sokup, senin \u00e7e\u015fitli e\u015fyalar sat\u0131n alman\u0131 sa\u011flayabilir. <\/p>\n\n\n\n<div class=\"wp-block-media-text alignwide has-media-on-the-right is-stacked-on-mobile width-60 zoomable\"><figure class=\"wp-block-media-text__media\"><img decoding=\"async\" loading=\"lazy\" width=\"384\" height=\"525\" data-src=\"https:\/\/chroniclesofarcadia.com\/wp-content\/uploads\/2020\/01\/rammer.png\" alt=\"\" class=\"image-png wp-image-1332 lazyload\" data-srcset=\"https:\/\/chroniclesofarcadia.com\/wp-content\/uploads\/2020\/01\/rammer.png 384w, https:\/\/chroniclesofarcadia.com\/wp-content\/uploads\/2020\/01\/rammer-219x300.png 219w\" data-sizes=\"(max-width: 384px) 100vw, 384px\" src=\"data:image\/gif;base64,R0lGODlhAQABAAAAACH5BAEKAAEALAAAAAABAAEAAAICTAEAOw==\" style=\"--smush-placeholder-width: 384px; --smush-placeholder-aspect-ratio: 384\/525;\"><noscript><img decoding=\"async\" loading=\"lazy\" width=\"384\" height=\"525\" src=\"https:\/\/chroniclesofarcadia.com\/wp-content\/uploads\/2020\/01\/rammer.png\" alt=\"\" class=\"image-png wp-image-1332\" srcset=\"https:\/\/chroniclesofarcadia.com\/wp-content\/uploads\/2020\/01\/rammer.png 384w, https:\/\/chroniclesofarcadia.com\/wp-content\/uploads\/2020\/01\/rammer-219x300.png 219w\" sizes=\"(max-width: 384px) 100vw, 384px\"><\/noscript><\/figure><div class=\"wp-block-media-text__content\">\n<strong>B\u00f6lge PvP\u2019si<\/strong>: \n\n\n\n<p>Tabora maceralar\u0131n s\u0131ras\u0131nda yeteneklerini test etme iste\u011fi mi geliyor? O halde di\u011fer oyuncularla sava\u015f!<\/p>\n\n\n\n<strong>Hayat Memat Meselesi<\/strong>: \n\n\n\n<p>PK (player kill) moduna girdi\u011finde, hayat\u0131n\u0131 riske at\u0131p di\u011fer oyunculara kar\u015f\u0131 sava\u015f haline ge\u00e7ersin. 15. seviyeye ula\u015ft\u0131\u011f\u0131nda Varanas S\u0131n\u0131f Evindeki Lehman\u2019\u0131 bulup PK yetene\u011fini elde et.<\/p>\n\n\n\n<strong>PK modu \u015funlar\u0131 sa\u011flar:<\/strong>: \n\n\n\n<ul><li>PK Modu a\u00e7m\u0131\u015f di\u011fer oyuncular sana sald\u0131rabilir<\/li><li>PK modundaki rakiplere sald\u0131rabilme<\/li><\/ul>\n\n\n\n<strong>Onurun i\u00e7in d\u00f6v\u00fc\u015f<\/strong>: \n\n\n\n<p>Ba\u015fka bir oyuncuya d\u00fcello teklif et! D\u00fcello \u00f6l\u00fcmc\u00fcl de\u011fildir, rakiplerden birinin can\u0131 1\u2019e d\u00fc\u015f\u00fcnce sona erer.<\/p>\n\n\n\n<strong>Klan Meydan Okumas\u0131<\/strong>: \n\n\n\n<p>Ba\u015fka bir klana sava\u015f a\u00e7. Belirli bir alt\u0131n \u00f6dersen, klan\u0131n herhangi bir zamanda ba\u015fka bir klana sava\u015f ilan edebilir.<\/p>\n<\/div><\/div>\n\n\n\n<div class=\"wp-block-media-text alignwide has-media-on-the-right is-stacked-on-mobile width-60\"><figure class=\"wp-block-media-text__media\"><a href=\"https:\/\/vimeo.com\/402301594\" target=\"_blank\" rel=\"noopener noreferrer\"><img decoding=\"async\" loading=\"lazy\" width=\"768\" height=\"432\" data-src=\"https:\/\/chroniclesofarcadia.com\/wp-content\/uploads\/2020\/03\/PVP-3.jpg\" alt=\"\" class=\"wp-image-4584 lazyload\" data-srcset=\"https:\/\/chroniclesofarcadia.com\/wp-content\/uploads\/2020\/03\/PVP-3.jpg 300w, https:\/\/chroniclesofarcadia.com\/wp-content\/uploads\/2020\/03\/PVP-3.jpg 500w, https:\/\/chroniclesofarcadia.com\/wp-content\/uploads\/2020\/03\/PVP-3.jpg 768w\" data-sizes=\"(max-width: 768px) 100vw, 768px\" src=\"data:image\/gif;base64,R0lGODlhAQABAAAAACH5BAEKAAEALAAAAAABAAEAAAICTAEAOw==\" style=\"--smush-placeholder-width: 768px; --smush-placeholder-aspect-ratio: 768\/432;\"><noscript><img decoding=\"async\" loading=\"lazy\" width=\"768\" height=\"432\" src=\"https:\/\/chroniclesofarcadia.com\/wp-content\/uploads\/2020\/03\/PVP-3.jpg\" alt=\"\" class=\"wp-image-4584\" srcset=\"https:\/\/chroniclesofarcadia.com\/wp-content\/uploads\/2020\/03\/PVP-3.jpg 300w, https:\/\/chroniclesofarcadia.com\/wp-content\/uploads\/2020\/03\/PVP-3.jpg 500w, https:\/\/chroniclesofarcadia.com\/wp-content\/uploads\/2020\/03\/PVP-3.jpg 768w\" sizes=\"(max-width: 768px) 100vw, 768px\"><\/noscript><\/a><\/figure><div class=\"wp-block-media-text__content\">\n<strong>Sunucu PvP\u2019si<\/strong>: \n\n\n\n<p>Arena ve sava\u015f alanlar\u0131nda, di\u011fer oyuncularla kar\u015f\u0131 kar\u015f\u0131ya gelebilirsin. Bunu yapmak i\u00e7in minimap\u2019\u0131n yak\u0131nlar\u0131ndaki \u00e7apraz k\u0131l\u0131\u00e7 i\u015faretine t\u0131kla. E\u015fsiz ku\u015fatma sava\u015f\u0131 \u00f6zelli\u011fi di\u011fer klanlar\u0131n kalelerine h\u00fccum etmeni sa\u011flar.<\/p>\n\n\n\n<p>Klan lideri, klan men\u00fcs\u00fc arac\u0131l\u0131\u011f\u0131 ile ku\u015fatma sava\u015f\u0131na kaydolabilir. [G]: \u201cSava\u015flar\u201d -&gt; \u201cKu\u015fatma Sava\u015f\u0131\u201d -&gt; \u201cKay\u0131t Ol\u201d<\/p>\n\n\n\n<strong>PvP Arenalar\u0131<\/strong>: \n\n\n\n<p>PvP arenalar\u0131nda 3 \u00e7e\u015fit sava\u015fa kat\u0131labilirsin:<\/p>\n\n\n\n<ul><li>1 vs. 1<\/li><li>3 vs. 3<\/li><li>6 vs. 6<\/li><\/ul>\n\n\n\n<p>Kat\u0131l\u0131mc\u0131lar d\u00fc\u015f\u00fck orta ve y\u00fcksek seviye olarak kar\u015f\u0131la\u015ft\u0131r\u0131l\u0131r, ve adil bir e\u015fle\u015fme yap\u0131l\u0131r.<\/p>\n<\/div><\/div>\n\n\n\n<div class=\"wp-block-media-text alignwide has-media-on-the-right is-stacked-on-mobile width-60\"><figure class=\"wp-block-media-text__media\"><a href=\"https:\/\/vimeo.com\/402330126\" target=\"_blank\" rel=\"noopener noreferrer\"><img decoding=\"async\" loading=\"lazy\" width=\"768\" height=\"432\" data-src=\"https:\/\/chroniclesofarcadia.com\/wp-content\/uploads\/2020\/03\/Battlefield.jpg\" alt=\"\" class=\"wp-image-4578 lazyload\" data-srcset=\"https:\/\/chroniclesofarcadia.com\/wp-content\/uploads\/2020\/03\/Battlefield.jpg 300w, https:\/\/chroniclesofarcadia.com\/wp-content\/uploads\/2020\/03\/Battlefield.jpg 500w, https:\/\/chroniclesofarcadia.com\/wp-content\/uploads\/2020\/03\/Battlefield.jpg 768w\" data-sizes=\"(max-width: 768px) 100vw, 768px\" src=\"data:image\/gif;base64,R0lGODlhAQABAAAAACH5BAEKAAEALAAAAAABAAEAAAICTAEAOw==\" style=\"--smush-placeholder-width: 768px; --smush-placeholder-aspect-ratio: 768\/432;\"><noscript><img decoding=\"async\" loading=\"lazy\" width=\"768\" height=\"432\" src=\"https:\/\/chroniclesofarcadia.com\/wp-content\/uploads\/2020\/03\/Battlefield.jpg\" alt=\"\" class=\"wp-image-4578\" srcset=\"https:\/\/chroniclesofarcadia.com\/wp-content\/uploads\/2020\/03\/Battlefield.jpg 300w, https:\/\/chroniclesofarcadia.com\/wp-content\/uploads\/2020\/03\/Battlefield.jpg 500w, https:\/\/chroniclesofarcadia.com\/wp-content\/uploads\/2020\/03\/Battlefield.jpg 768w\" sizes=\"(max-width: 768px) 100vw, 768px\"><\/noscript><\/a><\/figure><div class=\"wp-block-media-text__content\">\n<strong>Sava\u015f Alanlar\u0131<\/strong>: \n\n\n\n<p>Belirlenmi\u015f bir sava\u015f alan\u0131nda, kendi ganimetini korumaya \u00e7al\u0131\u015f\u0131rken rakibin ganimetini ele ge\u00e7irmeye \u00e7al\u0131\u015f.<\/p>\n\n\n\n<strong>Visdun Kalesi (Kule Savunmas\u0131)<\/strong>: \n\n\n\n<p>Mod: 3 vs 3<br>Canavar s\u00fcr\u00fclerini serbest b\u0131raki rakibin kalesini yok et. D\u00fc\u015fmana kar\u015f\u0131 stratejik olarak \u00e7e\u015fitli \u015fekillerde ve boyutlarla kuleler yard\u0131m\u0131yla kar\u015f\u0131 koy.<\/p>\n\n\n\n<strong>Tyrefen Da\u011f Alan\u0131 (Bask\u0131n gelme)<\/strong>: \n\n\n\n<p>Mod: 8 vs 8<br>D\u00fc\u015fman\u0131n 5 kristalini fethed veya kendininkileri koru. 5.000 puana ilk ula\u015fan tak\u0131m 100 onur puan\u0131 elde eder.<\/p>\n\n\n\n<strong>Karros Kanyonu (Bayra\u011f\u0131 ele ge\u00e7ir)<\/strong>: \n\n\n\n<p>Mod: 6 vs 6\r\nD\u00fc\u015fman\u0131n r\u00fcnlerini kap. \u00c7al\u0131nan herbir r\u00fcn, tak\u0131m\u0131na 500 puan verir. 3.000 puan olan kazan\u0131r.<\/p>\n<\/div><\/div>\n\n\n\n<div class=\"wp-block-media-text alignwide has-media-on-the-right is-stacked-on-mobile width-60\"><figure class=\"wp-block-media-text__media\"><a href=\"https:\/\/vimeo.com\/402330159\" target=\"_blank\" rel=\"noopener noreferrer\"><img decoding=\"async\" loading=\"lazy\" width=\"768\" height=\"432\" data-src=\"https:\/\/chroniclesofarcadia.com\/wp-content\/uploads\/2020\/03\/SW.jpg\" alt=\"\" class=\"wp-image-4570 lazyload\" data-srcset=\"https:\/\/chroniclesofarcadia.com\/wp-content\/uploads\/2020\/03\/SW.jpg 300w, https:\/\/chroniclesofarcadia.com\/wp-content\/uploads\/2020\/03\/SW.jpg 500w, https:\/\/chroniclesofarcadia.com\/wp-content\/uploads\/2020\/03\/SW.jpg 768w\" data-sizes=\"(max-width: 768px) 100vw, 768px\" src=\"data:image\/gif;base64,R0lGODlhAQABAAAAACH5BAEKAAEALAAAAAABAAEAAAICTAEAOw==\" style=\"--smush-placeholder-width: 768px; --smush-placeholder-aspect-ratio: 768\/432;\"><noscript><img decoding=\"async\" loading=\"lazy\" width=\"768\" height=\"432\" src=\"https:\/\/chroniclesofarcadia.com\/wp-content\/uploads\/2020\/03\/SW.jpg\" alt=\"\" class=\"wp-image-4570\" srcset=\"https:\/\/chroniclesofarcadia.com\/wp-content\/uploads\/2020\/03\/SW.jpg 300w, https:\/\/chroniclesofarcadia.com\/wp-content\/uploads\/2020\/03\/SW.jpg 500w, https:\/\/chroniclesofarcadia.com\/wp-content\/uploads\/2020\/03\/SW.jpg 768w\" sizes=\"(max-width: 768px) 100vw, 768px\"><\/noscript><\/a><\/figure><div class=\"wp-block-media-text__content\">\n<strong>Ku\u015fatma Sava\u015flar\u0131<\/strong>: \n\n\n\n<p>E\u015fsiz ku\u015fatma sava\u015f\u0131 \u00f6zelli\u011fi di\u011fer klanlarla m\u00fccadele etmeni sa\u011flar. \u00d6zel bir sava\u015f alan\u0131nda, di\u011fer klan\u0131n kalesine sald\u0131r veya kendi kaleni koru.<\/p>\n\n\n\n<strong>Sald\u0131ran Klan\u0131n G\u00f6revleri<\/strong>: \n\n\n\n<ol><li>Onur Kristali Bek\u00e7isi Kulelerini fethedip elde etti\u011fin kaynaklarla manc\u0131n\u0131k, ko\u00e7ba\u015f\u0131 ve daha fazlas\u0131n\u0131 \u00fcret.<\/li><li>D\u00fc\u015fman klan kalesinin kap\u0131lar\u0131n\u0131 y\u0131k.<\/li><li>Taht odas\u0131na h\u00fccum et ve ar\u0131ndan kazanmak i\u00e7in Onur Kristalini ele ge\u00e7ir.<\/li><\/ol>\n<\/div><\/div>\n<\/body>","protected":false},"excerpt":{"rendered":"<p>Heyecanl\u0131 bir PvP aksiyonu mu ar\u0131yorsun? O halde Chronicles of Arcadia\u2019n\u0131n kapsaml\u0131 PvP sistemini oku.<\/p>\n","protected":false},"author":1,"featured_media":3539,"parent":0,"menu_order":0,"comment_status":"closed","ping_status":"closed","template":"","meta":{"disable_featured_image_zoom":false},"acf":[],"_links":{"self":[{"href":"https:\/\/chroniclesofarcadia.com\/tr\/wp-json\/wp\/v2\/pages\/3775"}],"collection":[{"href":"https:\/\/chroniclesofarcadia.com\/tr\/wp-json\/wp\/v2\/pages"}],"about":[{"href":"https:\/\/chroniclesofarcadia.com\/tr\/wp-json\/wp\/v2\/types\/page"}],"author":[{"embeddable":true,"href":"https:\/\/chroniclesofarcadia.com\/tr\/wp-json\/wp\/v2\/users\/1"}],"replies":[{"embeddable":true,"href":"https:\/\/chroniclesofarcadia.com\/tr\/wp-json\/wp\/v2\/comments?post=3775"}],"version-history":[{"count":0,"href":"https:\/\/chroniclesofarcadia.com\/tr\/wp-json\/wp\/v2\/pages\/3775\/revisions"}],"wp:featuredmedia":[{"embeddable":true,"href":"https:\/\/chroniclesofarcadia.com\/tr\/wp-json\/wp\/v2\/media\/3539"}],"wp:attachment":[{"href":"https:\/\/chroniclesofarcadia.com\/tr\/wp-json\/wp\/v2\/media?parent=3775"}],"curies":[{"name":"wp","href":"https:\/\/api.w.org\/{rel}","templated":true}]}}