{"id":3854,"date":"2015-06-25T07:49:41","date_gmt":"2015-06-25T05:49:41","guid":{"rendered":"https:\/\/chroniclesofarcadia.com\/?page_id=3854"},"modified":"2024-08-26T00:53:37","modified_gmt":"2024-08-25T22:53:37","slug":"home","status":"publish","type":"page","link":"https:\/\/chroniclesofarcadia.com\/tr\/","title":{"rendered":"Anasayfa"},"content":{"rendered":"<body><section class=\"wpb-content-wrapper\"><p>[vc_row awb_type=\u201dcolor\u201d awb_color=\u201d#000000\u2033 css=\u201d.vc_custom_1576690556170{margin-bottom: 0px !important;}\u201d][vc_column]<\/p><div class=\"youplay-carousel  youplay-carousel-size-3 \" data-autoplay=\"5000\" data-stage-padding=\"70\" data-item-padding=\"0\" data-loop=\"true\" data-dots=\"false\" data-arrows=\"true\"><\/div>[\/vc_column][\/vc_row][vc_row][vc_column][vc_column_text][\/vc_column_text][\/vc_column][\/vc_row][vc_row][vc_column]<div class=\"youplay-box flex-header container \">\n              <h2 class=\" h1 \" id=\"oyun-ozellikleri\">Oyun \u00f6zellikleri<\/h2>[vc_row_inner][vc_column_inner]<a class=\"btn pull-right \" href=\"https:\/\/chroniclesofarcadia.com\/game-features\/\" target=\"_self\"> Daha Fazla <\/a>[\/vc_column_inner][\/vc_row_inner]\n            <\/div><div class=\"youplay-box  container \">\n              [vc_row_inner][vc_column_inner width=\u201d1\/3\u2033]<div class=\"youplay-features  vc_custom_1584535440880 \"><a href=\"https:\/\/chroniclesofarcadia.com\/game-features\/\" target=\"_self\" class=\"feature angled-bg\">\n              <i class=\"\"><\/i>\n              <h3 id=\"cift-sinif-sistemi\">\u00c7ift s\u0131n\u0131f sistemi<\/h3>\n              <div>\u0130ki s\u0131n\u0131f\u0131n g\u00fcc\u00fcne kat\u0131l ve e\u015fsiz yetenekler kazan!<\/div>\n            <\/a><\/div>[\/vc_column_inner][vc_column_inner width=\u201d1\/3\u2033]<div class=\"youplay-features  vc_custom_1584535446840 \"><a href=\"https:\/\/chroniclesofarcadia.com\/game-features\/\" target=\"_self\" class=\"feature angled-bg\">\n              <i class=\"\"><\/i>\n              <h3 id=\"pve-pvp\">PvE &amp; PvP<\/h3>\n              <div>Sonsuz b\u00f6lgeleri ke\u015ffer ve sava\u015f alanlar\u0131nda di\u011fer oyunculara kar\u015f\u0131 sava\u015f!<\/div>\n            <\/a><\/div>[\/vc_column_inner][vc_column_inner width=\u201d1\/3\u2033]<div class=\"youplay-features  vc_custom_1584535457561 \"><a href=\"https:\/\/chroniclesofarcadia.com\/game-features\/\" target=\"_self\" class=\"feature angled-bg\">\n              <i class=\"\"><\/i>\n              <h3 id=\"basarimlar-ve-aktiviteler\">Ba\u015far\u0131mlar ve Aktiviteler<\/h3>\n              <div>Evcil hayvan\u0131n\u0131 b\u00fcy\u00fct, kartlar\u0131 topla, minioyunlara kat\u0131l, ve \u00e7ok daha fazlas\u0131!<\/div>\n            <\/a><\/div>[\/vc_column_inner][\/vc_row_inner]\n            <\/div>[\/vc_column][\/vc_row][vc_row][vc_column]<div class=\"youplay-box flex-header container \">\n              <h2 class=\" h1 \" id=\"son-haberler\">Son Haberler<\/h2>[vc_row_inner][vc_column_inner]<a class=\"btn  \" href=\"https:\/\/chroniclesofarcadia.com\/news\/\" target=\"_self\"> Daha Fazla <\/a>[\/vc_column_inner][\/vc_row_inner]\n            <\/div> <div class=\"youplay-news  container \"> \n<div id=\"post-294703\" class=\"news-one post-294703 post type-post status-publish format-standard has-post-thumbnail hentry category-patchnotes\" lang=\"en-US\">\n    <div class=\"row vertical-gutter\">\n        <div class=\"col-md-4\">\n            <a href=\"https:\/\/chroniclesofarcadia.com\/tr\/patch-12-1-0-5000-spring-rain-festival\/\" class=\"angled-img\">\n\t\t\t<div class=\"img\">\n\t\t\t\t<img width=\"500\" height=\"281\" data-src=\"https:\/\/chroniclesofarcadia.com\/wp-content\/uploads\/2024\/02\/Spring_1-500x281.jpg\" class=\"attachment-500x375 size-500x375 wp-post-image lazyload\" alt=\"\" decoding=\"async\" loading=\"lazy\" data-srcset=\"https:\/\/chroniclesofarcadia.com\/wp-content\/uploads\/2024\/02\/Spring_1-500x281.jpg 500w, https:\/\/chroniclesofarcadia.com\/wp-content\/uploads\/2024\/02\/Spring_1-300x169.jpg 300w, https:\/\/chroniclesofarcadia.com\/wp-content\/uploads\/2024\/02\/Spring_1-1024x576.jpg 1024w, https:\/\/chroniclesofarcadia.com\/wp-content\/uploads\/2024\/02\/Spring_1-768x432.jpg 768w, https:\/\/chroniclesofarcadia.com\/wp-content\/uploads\/2024\/02\/Spring_1-1536x864.jpg 1536w, https:\/\/chroniclesofarcadia.com\/wp-content\/uploads\/2024\/02\/Spring_1-1440x810.jpg 1440w, https:\/\/chroniclesofarcadia.com\/wp-content\/uploads\/2024\/02\/Spring_1.jpg 1920w\" data-sizes=\"(max-width: 500px) 100vw, 500px\" src=\"data:image\/gif;base64,R0lGODlhAQABAAAAACH5BAEKAAEALAAAAAABAAEAAAICTAEAOw==\" style=\"--smush-placeholder-width: 500px; --smush-placeholder-aspect-ratio: 500\/281;\"><noscript><img width=\"500\" height=\"281\" src=\"https:\/\/chroniclesofarcadia.com\/wp-content\/uploads\/2024\/02\/Spring_1-500x281.jpg\" class=\"attachment-500x375 size-500x375 wp-post-image\" alt=\"\" decoding=\"async\" loading=\"lazy\" srcset=\"https:\/\/chroniclesofarcadia.com\/wp-content\/uploads\/2024\/02\/Spring_1-500x281.jpg 500w, https:\/\/chroniclesofarcadia.com\/wp-content\/uploads\/2024\/02\/Spring_1-300x169.jpg 300w, https:\/\/chroniclesofarcadia.com\/wp-content\/uploads\/2024\/02\/Spring_1-1024x576.jpg 1024w, https:\/\/chroniclesofarcadia.com\/wp-content\/uploads\/2024\/02\/Spring_1-768x432.jpg 768w, https:\/\/chroniclesofarcadia.com\/wp-content\/uploads\/2024\/02\/Spring_1-1536x864.jpg 1536w, https:\/\/chroniclesofarcadia.com\/wp-content\/uploads\/2024\/02\/Spring_1-1440x810.jpg 1440w, https:\/\/chroniclesofarcadia.com\/wp-content\/uploads\/2024\/02\/Spring_1.jpg 1920w\" sizes=\"(max-width: 500px) 100vw, 500px\"><\/noscript>\n\t\t\t<\/div>\n\t\t\t\n\t\t<\/a>        <\/div>\n        <div class=\"col-md-8\">\n            <div class=\"entry-header clearfix\">\n                <h2 class=\"entry-title m-0\" id=\"patch-12-1-0-5000-5550spring-rain-festival\"><a href=\"https:\/\/chroniclesofarcadia.com\/tr\/patch-12-1-0-5000-spring-rain-festival\/\" rel=\"bookmark\">Patch 12.1.0.5000-5550<span>Spring Rain Festival<\/span><\/a><\/h2>\n                                    <span class=\"date\">\n                        <span class=\"posted-on\"><i class=\"fa fa-calendar\"><\/i> <time class=\"entry-date published updated\" datetime=\"2026-03-25T16:04:52+02:00\">March 25, 2026<\/time><\/span>                    <\/span>\n                \n                            <\/div>\n\n            \n            <div class=\"entry-content description\">\n                \n<p>Check out patch notes 12.1.0.5000-5550.<\/p>\n\n\n\n\n                            <\/div>\n\n            <a href=\"https:\/\/chroniclesofarcadia.com\/tr\/patch-12-1-0-5000-spring-rain-festival\/\" class=\"btn read-more pull-left\">Read More<\/a>        <\/div>\n    <\/div>\n<\/div>\n\n<div id=\"post-294679\" class=\"news-one post-294679 post type-post status-publish format-standard has-post-thumbnail hentry category-patchnotes\" lang=\"en-US\">\n    <div class=\"row vertical-gutter\">\n        <div class=\"col-md-4\">\n            <a href=\"https:\/\/chroniclesofarcadia.com\/tr\/patch-12-1-0-4000-flower-festival\/\" class=\"angled-img\">\n\t\t\t<div class=\"img\">\n\t\t\t\t<img width=\"500\" height=\"281\" data-src=\"https:\/\/chroniclesofarcadia.com\/wp-content\/uploads\/2024\/02\/Flower_1-500x281.jpg\" class=\"attachment-500x375 size-500x375 wp-post-image lazyload\" alt=\"\" decoding=\"async\" loading=\"lazy\" data-srcset=\"https:\/\/chroniclesofarcadia.com\/wp-content\/uploads\/2024\/02\/Flower_1-500x281.jpg 500w, https:\/\/chroniclesofarcadia.com\/wp-content\/uploads\/2024\/02\/Flower_1-300x169.jpg 300w, https:\/\/chroniclesofarcadia.com\/wp-content\/uploads\/2024\/02\/Flower_1-1024x576.jpg 1024w, https:\/\/chroniclesofarcadia.com\/wp-content\/uploads\/2024\/02\/Flower_1-768x432.jpg 768w, https:\/\/chroniclesofarcadia.com\/wp-content\/uploads\/2024\/02\/Flower_1-1536x864.jpg 1536w, https:\/\/chroniclesofarcadia.com\/wp-content\/uploads\/2024\/02\/Flower_1-1440x810.jpg 1440w, https:\/\/chroniclesofarcadia.com\/wp-content\/uploads\/2024\/02\/Flower_1.jpg 1920w\" data-sizes=\"(max-width: 500px) 100vw, 500px\" src=\"data:image\/gif;base64,R0lGODlhAQABAAAAACH5BAEKAAEALAAAAAABAAEAAAICTAEAOw==\" style=\"--smush-placeholder-width: 500px; --smush-placeholder-aspect-ratio: 500\/281;\"><noscript><img width=\"500\" height=\"281\" src=\"https:\/\/chroniclesofarcadia.com\/wp-content\/uploads\/2024\/02\/Flower_1-500x281.jpg\" class=\"attachment-500x375 size-500x375 wp-post-image\" alt=\"\" decoding=\"async\" loading=\"lazy\" srcset=\"https:\/\/chroniclesofarcadia.com\/wp-content\/uploads\/2024\/02\/Flower_1-500x281.jpg 500w, https:\/\/chroniclesofarcadia.com\/wp-content\/uploads\/2024\/02\/Flower_1-300x169.jpg 300w, https:\/\/chroniclesofarcadia.com\/wp-content\/uploads\/2024\/02\/Flower_1-1024x576.jpg 1024w, https:\/\/chroniclesofarcadia.com\/wp-content\/uploads\/2024\/02\/Flower_1-768x432.jpg 768w, https:\/\/chroniclesofarcadia.com\/wp-content\/uploads\/2024\/02\/Flower_1-1536x864.jpg 1536w, https:\/\/chroniclesofarcadia.com\/wp-content\/uploads\/2024\/02\/Flower_1-1440x810.jpg 1440w, https:\/\/chroniclesofarcadia.com\/wp-content\/uploads\/2024\/02\/Flower_1.jpg 1920w\" sizes=\"(max-width: 500px) 100vw, 500px\"><\/noscript>\n\t\t\t<\/div>\n\t\t\t\n\t\t<\/a>        <\/div>\n        <div class=\"col-md-8\">\n            <div class=\"entry-header clearfix\">\n                <h2 class=\"entry-title m-0\" id=\"patch-12-1-0-4000-4202flower-festival\"><a href=\"https:\/\/chroniclesofarcadia.com\/tr\/patch-12-1-0-4000-flower-festival\/\" rel=\"bookmark\">Patch 12.1.0.4000-4202<span>Flower Festival<\/span><\/a><\/h2>\n                                    <span class=\"date\">\n                        <span class=\"posted-on\"><i class=\"fa fa-calendar\"><\/i> <time class=\"entry-date published updated\" datetime=\"2026-02-13T14:01:30+02:00\">February 13, 2026<\/time><\/span>                    <\/span>\n                \n                            <\/div>\n\n            \n            <div class=\"entry-content description\">\n                \n<p>Check out patch notes 12.1.0.4000-4202.<\/p>\n\n\n\n\n                            <\/div>\n\n            <a href=\"https:\/\/chroniclesofarcadia.com\/tr\/patch-12-1-0-4000-flower-festival\/\" class=\"btn read-more pull-left\">Read More<\/a>        <\/div>\n    <\/div>\n<\/div>\n\n<div id=\"post-294660\" class=\"news-one post-294660 post type-post status-publish format-standard has-post-thumbnail hentry category-patchnotes\" lang=\"en-US\">\n    <div class=\"row vertical-gutter\">\n        <div class=\"col-md-4\">\n            <a href=\"https:\/\/chroniclesofarcadia.com\/tr\/patch-12-1-0-3000-festival-of-fire\/\" class=\"angled-img\">\n\t\t\t<div class=\"img\">\n\t\t\t\t<img width=\"500\" height=\"281\" data-src=\"https:\/\/chroniclesofarcadia.com\/wp-content\/uploads\/2024\/02\/Fire_3-500x281.jpg\" class=\"attachment-500x375 size-500x375 wp-post-image lazyload\" alt=\"\" decoding=\"async\" loading=\"lazy\" data-srcset=\"https:\/\/chroniclesofarcadia.com\/wp-content\/uploads\/2024\/02\/Fire_3-500x281.jpg 500w, https:\/\/chroniclesofarcadia.com\/wp-content\/uploads\/2024\/02\/Fire_3-300x169.jpg 300w, https:\/\/chroniclesofarcadia.com\/wp-content\/uploads\/2024\/02\/Fire_3-1024x576.jpg 1024w, https:\/\/chroniclesofarcadia.com\/wp-content\/uploads\/2024\/02\/Fire_3-768x432.jpg 768w, https:\/\/chroniclesofarcadia.com\/wp-content\/uploads\/2024\/02\/Fire_3-1536x864.jpg 1536w, https:\/\/chroniclesofarcadia.com\/wp-content\/uploads\/2024\/02\/Fire_3-1440x810.jpg 1440w, https:\/\/chroniclesofarcadia.com\/wp-content\/uploads\/2024\/02\/Fire_3.jpg 1920w\" data-sizes=\"(max-width: 500px) 100vw, 500px\" src=\"data:image\/gif;base64,R0lGODlhAQABAAAAACH5BAEKAAEALAAAAAABAAEAAAICTAEAOw==\" style=\"--smush-placeholder-width: 500px; --smush-placeholder-aspect-ratio: 500\/281;\"><noscript><img width=\"500\" height=\"281\" src=\"https:\/\/chroniclesofarcadia.com\/wp-content\/uploads\/2024\/02\/Fire_3-500x281.jpg\" class=\"attachment-500x375 size-500x375 wp-post-image\" alt=\"\" decoding=\"async\" loading=\"lazy\" srcset=\"https:\/\/chroniclesofarcadia.com\/wp-content\/uploads\/2024\/02\/Fire_3-500x281.jpg 500w, https:\/\/chroniclesofarcadia.com\/wp-content\/uploads\/2024\/02\/Fire_3-300x169.jpg 300w, https:\/\/chroniclesofarcadia.com\/wp-content\/uploads\/2024\/02\/Fire_3-1024x576.jpg 1024w, https:\/\/chroniclesofarcadia.com\/wp-content\/uploads\/2024\/02\/Fire_3-768x432.jpg 768w, https:\/\/chroniclesofarcadia.com\/wp-content\/uploads\/2024\/02\/Fire_3-1536x864.jpg 1536w, https:\/\/chroniclesofarcadia.com\/wp-content\/uploads\/2024\/02\/Fire_3-1440x810.jpg 1440w, https:\/\/chroniclesofarcadia.com\/wp-content\/uploads\/2024\/02\/Fire_3.jpg 1920w\" sizes=\"(max-width: 500px) 100vw, 500px\"><\/noscript>\n\t\t\t<\/div>\n\t\t\t\n\t\t<\/a>        <\/div>\n        <div class=\"col-md-8\">\n            <div class=\"entry-header clearfix\">\n                <h2 class=\"entry-title m-0\" id=\"patch-12-1-0-3000-3101festival-of-fire\"><a href=\"https:\/\/chroniclesofarcadia.com\/tr\/patch-12-1-0-3000-festival-of-fire\/\" rel=\"bookmark\">Patch 12.1.0.3000-3101<span>Festival of Fire<\/span><\/a><\/h2>\n                                    <span class=\"date\">\n                        <span class=\"posted-on\"><i class=\"fa fa-calendar\"><\/i> <time class=\"entry-date published updated\" datetime=\"2026-01-16T14:27:28+02:00\">January 16, 2026<\/time><\/span>                    <\/span>\n                \n                            <\/div>\n\n            \n            <div class=\"entry-content description\">\n                \n<p>Check out patch notes 12.1.0.3000-3101.<\/p>\n\n\n\n\n                            <\/div>\n\n            <a href=\"https:\/\/chroniclesofarcadia.com\/tr\/patch-12-1-0-3000-festival-of-fire\/\" class=\"btn read-more pull-left\">Read More<\/a>        <\/div>\n    <\/div>\n<\/div>\n    <\/div>\n\n    <div class=\"clearfix\"><\/div>\n    \n    \n    [\/vc_column][\/vc_row]\n<\/section><\/body>","protected":false},"excerpt":{"rendered":"<p>[vc_row awb_type=\u201dcolor\u201d awb_color=\u201d#000000\u2033 css=\u201d.vc_custom_1576690556170{margin-bottom: 0px !important;}\u201d][vc_column][\/vc_column][\/vc_row][vc_row][vc_column][vc_column_text][\/vc_column_text][\/vc_column][\/vc_row][vc_row][vc_column][\/vc_column][\/vc_row][vc_row][vc_column][\/vc_column][\/vc_row]<\/p>\n","protected":false},"author":1,"featured_media":291729,"parent":0,"menu_order":0,"comment_status":"closed","ping_status":"closed","template":"","meta":{"disable_featured_image_zoom":false},"acf":[],"_links":{"self":[{"href":"https:\/\/chroniclesofarcadia.com\/tr\/wp-json\/wp\/v2\/pages\/3854"}],"collection":[{"href":"https:\/\/chroniclesofarcadia.com\/tr\/wp-json\/wp\/v2\/pages"}],"about":[{"href":"https:\/\/chroniclesofarcadia.com\/tr\/wp-json\/wp\/v2\/types\/page"}],"author":[{"embeddable":true,"href":"https:\/\/chroniclesofarcadia.com\/tr\/wp-json\/wp\/v2\/users\/1"}],"replies":[{"embeddable":true,"href":"https:\/\/chroniclesofarcadia.com\/tr\/wp-json\/wp\/v2\/comments?post=3854"}],"version-history":[{"count":1,"href":"https:\/\/chroniclesofarcadia.com\/tr\/wp-json\/wp\/v2\/pages\/3854\/revisions"}],"predecessor-version":[{"id":293189,"href":"https:\/\/chroniclesofarcadia.com\/tr\/wp-json\/wp\/v2\/pages\/3854\/revisions\/293189"}],"wp:featuredmedia":[{"embeddable":true,"href":"https:\/\/chroniclesofarcadia.com\/tr\/wp-json\/wp\/v2\/media\/291729"}],"wp:attachment":[{"href":"https:\/\/chroniclesofarcadia.com\/tr\/wp-json\/wp\/v2\/media?parent=3854"}],"curies":[{"name":"wp","href":"https:\/\/api.w.org\/{rel}","templated":true}]}}