{"id":4335,"date":"2020-01-17T12:47:55","date_gmt":"2020-01-17T10:47:55","guid":{"rendered":"https:\/\/chroniclesofarcadia.com\/uretim\/"},"modified":"2020-03-27T17:40:47","modified_gmt":"2020-03-27T17:40:47","slug":"uretim","status":"publish","type":"page","link":"https:\/\/chroniclesofarcadia.com\/tr\/uretim\/","title":{"rendered":"\u00dcretim"},"content":{"rendered":"<body>\n<strong>Mesle\u011fini se\u00e7<\/strong>: \n\n\n\n<p>Kahraman olmaktan farkl\u0131 bir \u015feylermi ar\u0131yorsun? Her \u015feye m\u00fcdahale etmeyi seven biri misin? O halde mesleklere bir \u015fans ver.<\/p>\n\n\n\n<!--more-->\n\n\n\n<p>\u0130htiyac\u0131n olan tek \u015fey, malzemeleri toplay\u0131p onlarla g\u00fc\u00e7l\u00fc e\u015fyalar yapmak, b\u00f6ylece kahramanl\u0131k sana \u00e7ok kolay gelecek!<\/p>\n\n\n\n<p>Zanaatleri \u00f6\u011frenmeye ve prati\u011fe ne kadar \u00f6nem verirsen, bunun kar\u015f\u0131l\u0131\u011f\u0131n\u0131 o kadar iyi alacaks\u0131n!<\/p>\n\n\n\n<div class=\"wp-block-columns image-align-bottom is-layout-flex wp-container-5\">\n<div class=\"wp-block-column is-layout-flow\">\n<strong>Simya<\/strong>: \n\n\n\n<div class=\"wp-block-group\"><div class=\"wp-block-group__inner-container is-layout-flow\">\n<div class=\"wp-block-image zoomable\"><figure class=\"alignleft size-large\"><img decoding=\"async\" loading=\"lazy\" width=\"64\" height=\"64\" data-src=\"https:\/\/chroniclesofarcadia.com\/wp-content\/uploads\/2020\/01\/alchemy4.png\" alt=\"\" class=\"image-png wp-image-1286 lazyload\" src=\"data:image\/gif;base64,R0lGODlhAQABAAAAACH5BAEKAAEALAAAAAABAAEAAAICTAEAOw==\" style=\"--smush-placeholder-width: 64px; --smush-placeholder-aspect-ratio: 64\/64;\"><noscript><img decoding=\"async\" loading=\"lazy\" width=\"64\" height=\"64\" src=\"https:\/\/chroniclesofarcadia.com\/wp-content\/uploads\/2020\/01\/alchemy4.png\" alt=\"\" class=\"image-png wp-image-1286\"><\/noscript><\/figure><\/div>\n\n\n\n<p>\u0130yi simyac\u0131, bitkileri ve madenleri tan\u0131yand\u0131r. Bunlar\u0131, uygun r\u00fcnlerle birle\u015ftirip karakterini g\u00fc\u00e7lendiren iksirler \u00fcretir. Sen de simyac\u0131 olup susuzlu\u011funu giderirken, ayn\u0131 zamanda g\u00fcc\u00fcne g\u00fc\u00e7 katabilirsin!<\/p>\n<\/div><\/div>\n\n\n\n<div class=\"wp-block-image\"><figure class=\"aligncenter size-large\"><img decoding=\"async\" loading=\"lazy\" width=\"523\" height=\"571\" data-src=\"https:\/\/chroniclesofarcadia.com\/wp-content\/uploads\/2020\/01\/alchemy.png\" alt=\"\" class=\"image-png wp-image-1282 lazyload\" data-srcset=\"https:\/\/chroniclesofarcadia.com\/wp-content\/uploads\/2020\/01\/alchemy.png 523w, https:\/\/chroniclesofarcadia.com\/wp-content\/uploads\/2020\/01\/alchemy-275x300.png 275w, https:\/\/chroniclesofarcadia.com\/wp-content\/uploads\/2020\/01\/alchemy-500x546.png 500w\" data-sizes=\"(max-width: 523px) 100vw, 523px\" src=\"data:image\/gif;base64,R0lGODlhAQABAAAAACH5BAEKAAEALAAAAAABAAEAAAICTAEAOw==\" style=\"--smush-placeholder-width: 523px; --smush-placeholder-aspect-ratio: 523\/571;\"><noscript><img decoding=\"async\" loading=\"lazy\" width=\"523\" height=\"571\" src=\"https:\/\/chroniclesofarcadia.com\/wp-content\/uploads\/2020\/01\/alchemy.png\" alt=\"\" class=\"image-png wp-image-1282\" srcset=\"https:\/\/chroniclesofarcadia.com\/wp-content\/uploads\/2020\/01\/alchemy.png 523w, https:\/\/chroniclesofarcadia.com\/wp-content\/uploads\/2020\/01\/alchemy-275x300.png 275w, https:\/\/chroniclesofarcadia.com\/wp-content\/uploads\/2020\/01\/alchemy-500x546.png 500w\" sizes=\"(max-width: 523px) 100vw, 523px\"><\/noscript><\/figure><\/div>\n<\/div>\n\n\n\n<div class=\"wp-block-column is-layout-flow\">\n<strong>Z\u0131rh Yap\u0131m\u0131<\/strong>: \n\n\n\n<div class=\"wp-block-group\"><div class=\"wp-block-group__inner-container is-layout-flow\">\n<div class=\"wp-block-image zoomable\"><figure class=\"alignleft size-large\"><img decoding=\"async\" loading=\"lazy\" width=\"64\" height=\"64\" data-src=\"https:\/\/chroniclesofarcadia.com\/wp-content\/uploads\/2020\/01\/armorsmith1.png\" alt=\"\" class=\"image-png wp-image-1288 lazyload\" src=\"data:image\/gif;base64,R0lGODlhAQABAAAAACH5BAEKAAEALAAAAAABAAEAAAICTAEAOw==\" style=\"--smush-placeholder-width: 64px; --smush-placeholder-aspect-ratio: 64\/64;\"><noscript><img decoding=\"async\" loading=\"lazy\" width=\"64\" height=\"64\" src=\"https:\/\/chroniclesofarcadia.com\/wp-content\/uploads\/2020\/01\/armorsmith1.png\" alt=\"\" class=\"image-png wp-image-1288\"><\/noscript><\/figure><\/div>\n\n\n\n<p>Kendi z\u0131rh\u0131n\u0131 tasarlamay\u0131 seviyorsan, z\u0131rh yap\u0131m\u0131n\u0131 \u00f6\u011frenmekten \u00e7ekinme! Bitki ve madenleri kullanarak z\u0131rh\u0131n\u0131 yarat, ve onlar\u0131 sat\u0131n almak i\u00e7in olu\u015facak olan insan kuyru\u011funu bekle!<\/p>\n<\/div><\/div>\n\n\n\n<div class=\"wp-block-image\"><figure class=\"aligncenter size-large\"><img decoding=\"async\" loading=\"lazy\" width=\"523\" height=\"571\" data-src=\"https:\/\/chroniclesofarcadia.com\/wp-content\/uploads\/2020\/01\/armorsmith.png\" alt=\"\" class=\"image-png wp-image-1287 lazyload\" data-srcset=\"https:\/\/chroniclesofarcadia.com\/wp-content\/uploads\/2020\/01\/armorsmith.png 523w, https:\/\/chroniclesofarcadia.com\/wp-content\/uploads\/2020\/01\/armorsmith-275x300.png 275w, https:\/\/chroniclesofarcadia.com\/wp-content\/uploads\/2020\/01\/armorsmith-500x546.png 500w\" data-sizes=\"(max-width: 523px) 100vw, 523px\" src=\"data:image\/gif;base64,R0lGODlhAQABAAAAACH5BAEKAAEALAAAAAABAAEAAAICTAEAOw==\" style=\"--smush-placeholder-width: 523px; --smush-placeholder-aspect-ratio: 523\/571;\"><noscript><img decoding=\"async\" loading=\"lazy\" width=\"523\" height=\"571\" src=\"https:\/\/chroniclesofarcadia.com\/wp-content\/uploads\/2020\/01\/armorsmith.png\" alt=\"\" class=\"image-png wp-image-1287\" srcset=\"https:\/\/chroniclesofarcadia.com\/wp-content\/uploads\/2020\/01\/armorsmith.png 523w, https:\/\/chroniclesofarcadia.com\/wp-content\/uploads\/2020\/01\/armorsmith-275x300.png 275w, https:\/\/chroniclesofarcadia.com\/wp-content\/uploads\/2020\/01\/armorsmith-500x546.png 500w\" sizes=\"(max-width: 523px) 100vw, 523px\"><\/noscript><\/figure><\/div>\n<\/div>\n<\/div>\n\n\n\n<div class=\"wp-block-columns image-align-bottom is-layout-flex wp-container-10\">\n<div class=\"wp-block-column is-layout-flow\">\n<strong>Demircilik<\/strong>: \n\n\n\n<div class=\"wp-block-group\"><div class=\"wp-block-group__inner-container is-layout-flow\">\n<div class=\"wp-block-image zoomable\"><figure class=\"alignleft size-large\"><img decoding=\"async\" loading=\"lazy\" width=\"64\" height=\"64\" data-src=\"https:\/\/chroniclesofarcadia.com\/wp-content\/uploads\/2020\/01\/weaponsmith1.png\" alt=\"\" class=\"image-png wp-image-1278 lazyload\" src=\"data:image\/gif;base64,R0lGODlhAQABAAAAACH5BAEKAAEALAAAAAABAAEAAAICTAEAOw==\" style=\"--smush-placeholder-width: 64px; --smush-placeholder-aspect-ratio: 64\/64;\"><noscript><img decoding=\"async\" loading=\"lazy\" width=\"64\" height=\"64\" src=\"https:\/\/chroniclesofarcadia.com\/wp-content\/uploads\/2020\/01\/weaponsmith1.png\" alt=\"\" class=\"image-png wp-image-1278\"><\/noscript><\/figure><\/div>\n\n\n\n<p>Kendine sayg\u0131s\u0131 olan bir kahraman\u0131n, buna g\u00f6re bir silah\u0131 olmal\u0131d\u0131r! Odun ve madenlerin m\u00fckemmel birle\u015fimi ile yap\u0131lan \u00f6l\u00fcmc\u00fcl silahlar, herhangi bir sava\u015f\u00e7\u0131y\u0131 i\u00e7 \u00e7ektirebilir. Sende hayallerini ger\u00e7ekle\u015ftirmek i\u00e7in bir demirci ol ve Taborea\u2019n\u0131n en iyileri aras\u0131nda yerini al!<\/p>\n<\/div><\/div>\n\n\n\n<div class=\"wp-block-image\"><figure class=\"aligncenter size-large\"><img decoding=\"async\" loading=\"lazy\" width=\"523\" height=\"571\" data-src=\"https:\/\/chroniclesofarcadia.com\/wp-content\/uploads\/2020\/01\/weaponsmith.png\" alt=\"\" class=\"image-png wp-image-1277 lazyload\" data-srcset=\"https:\/\/chroniclesofarcadia.com\/wp-content\/uploads\/2020\/01\/weaponsmith.png 523w, https:\/\/chroniclesofarcadia.com\/wp-content\/uploads\/2020\/01\/weaponsmith-275x300.png 275w, https:\/\/chroniclesofarcadia.com\/wp-content\/uploads\/2020\/01\/weaponsmith-500x546.png 500w\" data-sizes=\"(max-width: 523px) 100vw, 523px\" src=\"data:image\/gif;base64,R0lGODlhAQABAAAAACH5BAEKAAEALAAAAAABAAEAAAICTAEAOw==\" style=\"--smush-placeholder-width: 523px; --smush-placeholder-aspect-ratio: 523\/571;\"><noscript><img decoding=\"async\" loading=\"lazy\" width=\"523\" height=\"571\" src=\"https:\/\/chroniclesofarcadia.com\/wp-content\/uploads\/2020\/01\/weaponsmith.png\" alt=\"\" class=\"image-png wp-image-1277\" srcset=\"https:\/\/chroniclesofarcadia.com\/wp-content\/uploads\/2020\/01\/weaponsmith.png 523w, https:\/\/chroniclesofarcadia.com\/wp-content\/uploads\/2020\/01\/weaponsmith-275x300.png 275w, https:\/\/chroniclesofarcadia.com\/wp-content\/uploads\/2020\/01\/weaponsmith-500x546.png 500w\" sizes=\"(max-width: 523px) 100vw, 523px\"><\/noscript><\/figure><\/div>\n<\/div>\n\n\n\n<div class=\"wp-block-column is-layout-flow\">\n<strong>A\u015f\u00e7\u0131l\u0131k<\/strong>: \n\n\n\n<div class=\"wp-block-group\"><div class=\"wp-block-group__inner-container is-layout-flow\">\n<div class=\"wp-block-image zoomable\"><figure class=\"alignleft size-large\"><img decoding=\"async\" loading=\"lazy\" width=\"64\" height=\"64\" data-src=\"https:\/\/chroniclesofarcadia.com\/wp-content\/uploads\/2020\/01\/cooking1.png\" alt=\"\" class=\"image-png wp-image-1268 lazyload\" src=\"data:image\/gif;base64,R0lGODlhAQABAAAAACH5BAEKAAEALAAAAAABAAEAAAICTAEAOw==\" style=\"--smush-placeholder-width: 64px; --smush-placeholder-aspect-ratio: 64\/64;\"><noscript><img decoding=\"async\" loading=\"lazy\" width=\"64\" height=\"64\" src=\"https:\/\/chroniclesofarcadia.com\/wp-content\/uploads\/2020\/01\/cooking1.png\" alt=\"\" class=\"image-png wp-image-1268\"><\/noscript><\/figure><\/div>\n\n\n\n<p>Hayat\u0131na bir tat kat ve b\u00fcy\u00fck bir \u015fef ol. Odun ve bitkiyi kar\u0131\u015ft\u0131rarak, senin ve m\u00fc\u015fterilerinin a\u00e7l\u0131\u011f\u0131n\u0131 giderirken g\u00fc\u00e7lendiren lezzetli yemek ve tatl\u0131lar \u00fcret!<\/p>\n<\/div><\/div>\n\n\n\n<div class=\"wp-block-image\"><figure class=\"aligncenter size-large\"><img decoding=\"async\" loading=\"lazy\" width=\"523\" height=\"571\" data-src=\"https:\/\/chroniclesofarcadia.com\/wp-content\/uploads\/2020\/01\/cooking.png\" alt=\"\" class=\"image-png wp-image-1267 lazyload\" data-srcset=\"https:\/\/chroniclesofarcadia.com\/wp-content\/uploads\/2020\/01\/cooking.png 523w, https:\/\/chroniclesofarcadia.com\/wp-content\/uploads\/2020\/01\/cooking-275x300.png 275w, https:\/\/chroniclesofarcadia.com\/wp-content\/uploads\/2020\/01\/cooking-500x546.png 500w\" data-sizes=\"(max-width: 523px) 100vw, 523px\" src=\"data:image\/gif;base64,R0lGODlhAQABAAAAACH5BAEKAAEALAAAAAABAAEAAAICTAEAOw==\" style=\"--smush-placeholder-width: 523px; --smush-placeholder-aspect-ratio: 523\/571;\"><noscript><img decoding=\"async\" loading=\"lazy\" width=\"523\" height=\"571\" src=\"https:\/\/chroniclesofarcadia.com\/wp-content\/uploads\/2020\/01\/cooking.png\" alt=\"\" class=\"image-png wp-image-1267\" srcset=\"https:\/\/chroniclesofarcadia.com\/wp-content\/uploads\/2020\/01\/cooking.png 523w, https:\/\/chroniclesofarcadia.com\/wp-content\/uploads\/2020\/01\/cooking-275x300.png 275w, https:\/\/chroniclesofarcadia.com\/wp-content\/uploads\/2020\/01\/cooking-500x546.png 500w\" sizes=\"(max-width: 523px) 100vw, 523px\"><\/noscript><\/figure><\/div>\n<\/div>\n<\/div>\n\n\n\n<div class=\"wp-block-columns image-align-bottom is-layout-flex wp-container-15\">\n<div class=\"wp-block-column is-layout-flow\">\n<strong>Terzilik<\/strong>: \n\n\n\n<div class=\"wp-block-group\"><div class=\"wp-block-group__inner-container is-layout-flow\">\n<div class=\"wp-block-image zoomable\"><figure class=\"alignleft size-large\"><img decoding=\"async\" loading=\"lazy\" width=\"64\" height=\"64\" data-src=\"https:\/\/chroniclesofarcadia.com\/wp-content\/uploads\/2020\/01\/tailoring3.png\" alt=\"\" class=\"image-png wp-image-1276 lazyload\" src=\"data:image\/gif;base64,R0lGODlhAQABAAAAACH5BAEKAAEALAAAAAABAAEAAAICTAEAOw==\" style=\"--smush-placeholder-width: 64px; --smush-placeholder-aspect-ratio: 64\/64;\"><noscript><img decoding=\"async\" loading=\"lazy\" width=\"64\" height=\"64\" src=\"https:\/\/chroniclesofarcadia.com\/wp-content\/uploads\/2020\/01\/tailoring3.png\" alt=\"\" class=\"image-png wp-image-1276\"><\/noscript><\/figure><\/div>\n\n\n\n<p>Bir par\u00e7a kuma\u015f al ve dik! Odun ve bitkileri kar\u0131\u015ft\u0131rarak \u00fcretti\u011fin giysiler \u00f6zellikleriyle m\u00fc\u015fterilerini tatminkarl\u0131\u011f\u0131n \u00f6tesine ta\u015f\u0131yacakt\u0131r!<\/p>\n<\/div><\/div>\n\n\n\n<div class=\"wp-block-image\"><figure class=\"aligncenter size-large\"><img decoding=\"async\" loading=\"lazy\" width=\"523\" height=\"571\" data-src=\"https:\/\/chroniclesofarcadia.com\/wp-content\/uploads\/2020\/01\/tailoring.png\" alt=\"\" class=\"image-png wp-image-1273 lazyload\" data-srcset=\"https:\/\/chroniclesofarcadia.com\/wp-content\/uploads\/2020\/01\/tailoring.png 523w, https:\/\/chroniclesofarcadia.com\/wp-content\/uploads\/2020\/01\/tailoring-275x300.png 275w, https:\/\/chroniclesofarcadia.com\/wp-content\/uploads\/2020\/01\/tailoring-500x546.png 500w\" data-sizes=\"(max-width: 523px) 100vw, 523px\" src=\"data:image\/gif;base64,R0lGODlhAQABAAAAACH5BAEKAAEALAAAAAABAAEAAAICTAEAOw==\" style=\"--smush-placeholder-width: 523px; --smush-placeholder-aspect-ratio: 523\/571;\"><noscript><img decoding=\"async\" loading=\"lazy\" width=\"523\" height=\"571\" src=\"https:\/\/chroniclesofarcadia.com\/wp-content\/uploads\/2020\/01\/tailoring.png\" alt=\"\" class=\"image-png wp-image-1273\" srcset=\"https:\/\/chroniclesofarcadia.com\/wp-content\/uploads\/2020\/01\/tailoring.png 523w, https:\/\/chroniclesofarcadia.com\/wp-content\/uploads\/2020\/01\/tailoring-275x300.png 275w, https:\/\/chroniclesofarcadia.com\/wp-content\/uploads\/2020\/01\/tailoring-500x546.png 500w\" sizes=\"(max-width: 523px) 100vw, 523px\"><\/noscript><\/figure><\/div>\n<\/div>\n\n\n\n<div class=\"wp-block-column is-layout-flow\">\n<strong>Marangozluk<\/strong>: \n\n\n\n<div class=\"wp-block-group\"><div class=\"wp-block-group__inner-container is-layout-flow\">\n<div class=\"wp-block-image zoomable\"><figure class=\"alignleft size-large\"><img decoding=\"async\" loading=\"lazy\" width=\"64\" height=\"64\" data-src=\"https:\/\/chroniclesofarcadia.com\/wp-content\/uploads\/2020\/01\/carpenter1.png\" alt=\"\" class=\"image-png wp-image-1292 lazyload\" src=\"data:image\/gif;base64,R0lGODlhAQABAAAAACH5BAEKAAEALAAAAAABAAEAAAICTAEAOw==\" style=\"--smush-placeholder-width: 64px; --smush-placeholder-aspect-ratio: 64\/64;\"><noscript><img decoding=\"async\" loading=\"lazy\" width=\"64\" height=\"64\" src=\"https:\/\/chroniclesofarcadia.com\/wp-content\/uploads\/2020\/01\/carpenter1.png\" alt=\"\" class=\"image-png wp-image-1292\"><\/noscript><\/figure><\/div>\n\n\n\n<p>B\u00fcy\u00fcl\u00fc veya menzilli silahlar \u00fcretmek i\u00e7in oduna \u015fekil ver! G\u00fczel ve \u00f6l\u00fcmc\u00fcl tasar\u0131mlar\u0131nla m\u00fc\u015fterilerini mutlu et!<\/p>\n<\/div><\/div>\n\n\n\n<div class=\"wp-block-image\"><figure class=\"aligncenter size-large\"><img decoding=\"async\" loading=\"lazy\" width=\"523\" height=\"571\" data-src=\"https:\/\/chroniclesofarcadia.com\/wp-content\/uploads\/2020\/01\/carpenter.png\" alt=\"\" class=\"image-png wp-image-1291 lazyload\" data-srcset=\"https:\/\/chroniclesofarcadia.com\/wp-content\/uploads\/2020\/01\/carpenter.png 523w, https:\/\/chroniclesofarcadia.com\/wp-content\/uploads\/2020\/01\/carpenter-275x300.png 275w, https:\/\/chroniclesofarcadia.com\/wp-content\/uploads\/2020\/01\/carpenter-500x546.png 500w\" data-sizes=\"(max-width: 523px) 100vw, 523px\" src=\"data:image\/gif;base64,R0lGODlhAQABAAAAACH5BAEKAAEALAAAAAABAAEAAAICTAEAOw==\" style=\"--smush-placeholder-width: 523px; --smush-placeholder-aspect-ratio: 523\/571;\"><noscript><img decoding=\"async\" loading=\"lazy\" width=\"523\" height=\"571\" src=\"https:\/\/chroniclesofarcadia.com\/wp-content\/uploads\/2020\/01\/carpenter.png\" alt=\"\" class=\"image-png wp-image-1291\" srcset=\"https:\/\/chroniclesofarcadia.com\/wp-content\/uploads\/2020\/01\/carpenter.png 523w, https:\/\/chroniclesofarcadia.com\/wp-content\/uploads\/2020\/01\/carpenter-275x300.png 275w, https:\/\/chroniclesofarcadia.com\/wp-content\/uploads\/2020\/01\/carpenter-500x546.png 500w\" sizes=\"(max-width: 523px) 100vw, 523px\"><\/noscript><\/figure><\/div>\n<\/div>\n<\/div>\n\n\n\n<div class=\"wp-block-columns image-align-bottom is-layout-flex wp-container-19\">\n<div class=\"wp-block-column is-layout-flow\">\n<strong>Odunculuk<\/strong>: \n\n\n\n<p>Bir\u00e7ok macerac\u0131 d\u00fcnyay\u0131 dola\u015f\u0131rken do\u011fal kaynaklar\u0131 arar. Ancak sadece i\u015finin ehli olanlar do\u011fru malzemeyi tan\u0131yabilir. Odunculu\u011fu \u00f6\u011fren ve d\u00fcnyay\u0131 gezerken yeteneklerini geli\u015ftir!<\/p>\n\n\n\n<div class=\"wp-block-image\"><figure class=\"aligncenter size-large\"><img decoding=\"async\" loading=\"lazy\" width=\"523\" height=\"571\" data-src=\"https:\/\/chroniclesofarcadia.com\/wp-content\/uploads\/2020\/01\/woodcutter.png\" alt=\"\" class=\"image-png wp-image-1281 lazyload\" data-srcset=\"https:\/\/chroniclesofarcadia.com\/wp-content\/uploads\/2020\/01\/woodcutter.png 523w, https:\/\/chroniclesofarcadia.com\/wp-content\/uploads\/2020\/01\/woodcutter-275x300.png 275w, https:\/\/chroniclesofarcadia.com\/wp-content\/uploads\/2020\/01\/woodcutter-500x546.png 500w\" data-sizes=\"(max-width: 523px) 100vw, 523px\" src=\"data:image\/gif;base64,R0lGODlhAQABAAAAACH5BAEKAAEALAAAAAABAAEAAAICTAEAOw==\" style=\"--smush-placeholder-width: 523px; --smush-placeholder-aspect-ratio: 523\/571;\"><noscript><img decoding=\"async\" loading=\"lazy\" width=\"523\" height=\"571\" src=\"https:\/\/chroniclesofarcadia.com\/wp-content\/uploads\/2020\/01\/woodcutter.png\" alt=\"\" class=\"image-png wp-image-1281\" srcset=\"https:\/\/chroniclesofarcadia.com\/wp-content\/uploads\/2020\/01\/woodcutter.png 523w, https:\/\/chroniclesofarcadia.com\/wp-content\/uploads\/2020\/01\/woodcutter-275x300.png 275w, https:\/\/chroniclesofarcadia.com\/wp-content\/uploads\/2020\/01\/woodcutter-500x546.png 500w\" sizes=\"(max-width: 523px) 100vw, 523px\"><\/noscript><\/figure><\/div>\n<\/div>\n\n\n\n<div class=\"wp-block-column is-layout-flow\">\n<strong>Madencilik<\/strong>: \n\n\n\n<p>Da\u011fdan \u00e7\u0131kar\u0131lan madenler imrenilen bir kaynakt\u0131r ve Taborea\u2019daki en iyi uzmanlar ve zanaatkarlar taraf\u0131ndan kullan\u0131l\u0131rlar.  Ancak sadece madencilikte usta olanlar kaliteli madeni kire\u00e7 ta\u015f\u0131ndan ay\u0131rabilirler. \u0130yi bir madenci ol ve de\u011ferli madenleri topla!<\/p>\n\n\n\n<div class=\"wp-block-image\"><figure class=\"aligncenter size-large\"><img decoding=\"async\" loading=\"lazy\" width=\"523\" height=\"571\" data-src=\"https:\/\/chroniclesofarcadia.com\/wp-content\/uploads\/2020\/01\/miner.png\" alt=\"\" class=\"image-png wp-image-1272 lazyload\" data-srcset=\"https:\/\/chroniclesofarcadia.com\/wp-content\/uploads\/2020\/01\/miner.png 523w, https:\/\/chroniclesofarcadia.com\/wp-content\/uploads\/2020\/01\/miner-275x300.png 275w, https:\/\/chroniclesofarcadia.com\/wp-content\/uploads\/2020\/01\/miner-500x546.png 500w\" data-sizes=\"(max-width: 523px) 100vw, 523px\" src=\"data:image\/gif;base64,R0lGODlhAQABAAAAACH5BAEKAAEALAAAAAABAAEAAAICTAEAOw==\" style=\"--smush-placeholder-width: 523px; --smush-placeholder-aspect-ratio: 523\/571;\"><noscript><img decoding=\"async\" loading=\"lazy\" width=\"523\" height=\"571\" src=\"https:\/\/chroniclesofarcadia.com\/wp-content\/uploads\/2020\/01\/miner.png\" alt=\"\" class=\"image-png wp-image-1272\" srcset=\"https:\/\/chroniclesofarcadia.com\/wp-content\/uploads\/2020\/01\/miner.png 523w, https:\/\/chroniclesofarcadia.com\/wp-content\/uploads\/2020\/01\/miner-275x300.png 275w, https:\/\/chroniclesofarcadia.com\/wp-content\/uploads\/2020\/01\/miner-500x546.png 500w\" sizes=\"(max-width: 523px) 100vw, 523px\"><\/noscript><\/figure><\/div>\n<\/div>\n\n\n\n<div class=\"wp-block-column is-layout-flow\">\n<strong>Bitkicilik<\/strong>: \n\n\n\n<p>Bitkicilerin \u00e7ok iyi koku alma yetenekleri vard\u0131r. Bitkileri koklarlar ve \u00e7e\u015fitli iksirler, yiyecekler ve z\u0131rh yap\u0131m\u0131 i\u00e7in en iyilerini toplarlar. Seninde burnun iyi koku al\u0131yorsa bu mesle\u011fi \u00f6\u011frenmelisin!<\/p>\n\n\n\n<div class=\"wp-block-image\"><figure class=\"aligncenter size-large\"><img decoding=\"async\" loading=\"lazy\" width=\"523\" height=\"571\" data-src=\"https:\/\/chroniclesofarcadia.com\/wp-content\/uploads\/2020\/01\/herbalism.png\" alt=\"\" class=\"image-png wp-image-1271 lazyload\" data-srcset=\"https:\/\/chroniclesofarcadia.com\/wp-content\/uploads\/2020\/01\/herbalism.png 523w, https:\/\/chroniclesofarcadia.com\/wp-content\/uploads\/2020\/01\/herbalism-275x300.png 275w, https:\/\/chroniclesofarcadia.com\/wp-content\/uploads\/2020\/01\/herbalism-500x546.png 500w\" data-sizes=\"(max-width: 523px) 100vw, 523px\" src=\"data:image\/gif;base64,R0lGODlhAQABAAAAACH5BAEKAAEALAAAAAABAAEAAAICTAEAOw==\" style=\"--smush-placeholder-width: 523px; --smush-placeholder-aspect-ratio: 523\/571;\"><noscript><img decoding=\"async\" loading=\"lazy\" width=\"523\" height=\"571\" src=\"https:\/\/chroniclesofarcadia.com\/wp-content\/uploads\/2020\/01\/herbalism.png\" alt=\"\" class=\"image-png wp-image-1271\" srcset=\"https:\/\/chroniclesofarcadia.com\/wp-content\/uploads\/2020\/01\/herbalism.png 523w, https:\/\/chroniclesofarcadia.com\/wp-content\/uploads\/2020\/01\/herbalism-275x300.png 275w, https:\/\/chroniclesofarcadia.com\/wp-content\/uploads\/2020\/01\/herbalism-500x546.png 500w\" sizes=\"(max-width: 523px) 100vw, 523px\"><\/noscript><\/figure><\/div>\n<\/div>\n<\/div>\n<\/body>","protected":false},"excerpt":{"rendered":"<p>Mesle\u011fini se\u00e7: Kahraman olmaktan farkl\u0131 bir \u015feylermi ar\u0131yorsun? Her \u015feye m\u00fcdahale etmeyi seven biri misin? O halde mesleklere bir \u015fans ver.<\/p>\n","protected":false},"author":1,"featured_media":3483,"parent":0,"menu_order":0,"comment_status":"closed","ping_status":"closed","template":"","meta":{"disable_featured_image_zoom":false},"acf":[],"_links":{"self":[{"href":"https:\/\/chroniclesofarcadia.com\/tr\/wp-json\/wp\/v2\/pages\/4335"}],"collection":[{"href":"https:\/\/chroniclesofarcadia.com\/tr\/wp-json\/wp\/v2\/pages"}],"about":[{"href":"https:\/\/chroniclesofarcadia.com\/tr\/wp-json\/wp\/v2\/types\/page"}],"author":[{"embeddable":true,"href":"https:\/\/chroniclesofarcadia.com\/tr\/wp-json\/wp\/v2\/users\/1"}],"replies":[{"embeddable":true,"href":"https:\/\/chroniclesofarcadia.com\/tr\/wp-json\/wp\/v2\/comments?post=4335"}],"version-history":[{"count":0,"href":"https:\/\/chroniclesofarcadia.com\/tr\/wp-json\/wp\/v2\/pages\/4335\/revisions"}],"wp:featuredmedia":[{"embeddable":true,"href":"https:\/\/chroniclesofarcadia.com\/tr\/wp-json\/wp\/v2\/media\/3483"}],"wp:attachment":[{"href":"https:\/\/chroniclesofarcadia.com\/tr\/wp-json\/wp\/v2\/media?parent=4335"}],"curies":[{"name":"wp","href":"https:\/\/api.w.org\/{rel}","templated":true}]}}