{"id":4484,"date":"2020-01-17T16:37:18","date_gmt":"2020-01-17T14:37:18","guid":{"rendered":"https:\/\/chroniclesofarcadia.com\/oyun-kisimlari\/"},"modified":"2024-08-26T01:04:28","modified_gmt":"2024-08-25T23:04:28","slug":"oyun-kisimlari","status":"publish","type":"page","link":"https:\/\/chroniclesofarcadia.com\/tr\/oyun-kisimlari\/","title":{"rendered":"Oyun K\u0131s\u0131mlar\u0131"},"content":{"rendered":"<body>\n<p>Chronicles of Arcadia\u2019n\u0131n ge\u00e7mi\u015fi ile ilgili bilmen gereken her \u015feyi \u00f6\u011fren.<\/p>\n\n<!--more-->\n\n<div class=\"wp-block-group flex-columns is-layout-flow\"><div class=\"wp-block-group__inner-container\">\n<div class=\"wp-block-group is-layout-flow\"><div class=\"wp-block-group__inner-container\">\n<strong>B\u00f6l\u00fcm I \u2013 \u015eeytan Lordu\u2019nun Y\u00fckseli\u015fi<\/strong>: \n\n\n\n<p>Bir zamanlar bar\u0131\u015f\u00e7\u0131l olan, alevlerle y\u00fckselme tehlikesi alt\u0131nda. Chronicles of Arcadia\u2019n\u0131n hikayesinin nas\u0131l ba\u015flad\u0131\u011f\u0131n\u0131 bul.<\/p>\n<\/div><\/div>\n\n\n\n<div class=\"wp-block-group is-layout-flow\"><div class=\"wp-block-group__inner-container\">\n<strong>B\u00f6l\u00fcm II \u2013 Elf Kehaneti<\/strong>: \n\n\n\n<p>Eski bir tehdit Elfleri tekrar Taborea\u2019ya getirdi. \u0130mparatorluklar\u0131n\u0131 korumak i\u00e7in neyle y\u00fczle\u015fmeleri gerekti\u011fini bul.<\/p>\n<\/div><\/div>\n\n\n\n<div class=\"wp-block-group is-layout-flow\"><div class=\"wp-block-group__inner-container\">\n<strong>B\u00f6l\u00fcm III \u2013 B\u00fcy\u00fck Krall\u0131klar<\/strong>: \n\n\n\n<p>Zalim tiranlar Kral Callaway\u2019\u0131 ve ona ba\u011fl\u0131 olanlar\u0131 tehdit etti. Kar\u0131\u015f\u0131kl\u0131\u011f\u0131 \u00e7\u00f6z ve entrikan\u0131n derinliklerine ilerle.<\/p>\n<\/div><\/div>\n\n\n\n<div class=\"wp-block-group is-layout-flow\"><div class=\"wp-block-group__inner-container\">\n<strong>B\u00f6l\u00fcm IV \u2013 Umutsuz Diyarlar<\/strong>: \n\n\n\n<p>Karanl\u0131k bir g\u00f6lge topraklara veba gibi yay\u0131l\u0131yor. Bunun arkas\u0131nda kim oldu\u011funu \u00f6\u011fren ve \u015feytani planlar\u0131n\u0131 durdur.<\/p>\n<\/div><\/div>\n\n\n\n<div class=\"wp-block-group is-layout-flow\"><div class=\"wp-block-group__inner-container\">\n<strong>B\u00f6l\u00fcm V \u2013 G\u00f6lgeoca\u011f\u0131n Alevleri<\/strong>: \n\n\n\n<p>G\u00f6lgeocak C\u00fcceleri Taborea\u2019ya ula\u015ft\u0131. Derin uyuklamalar\u0131ndan uyand\u0131lar ve \u015fimdi Kral\u2019\u0131 ar\u0131yorlar.<\/p>\n<\/div><\/div>\n\n\n\n<div class=\"wp-block-group is-layout-flow\"><div class=\"wp-block-group__inner-container\">\n<strong>B\u00f6l\u00fcm 6 \u2013 Paradise\u2019\u0131n I\u015f\u0131klar\u0131<\/strong>: \n\n\n\n<p>Bar\u0131\u015f dolu Paradise, karanl\u0131\u011f\u0131n en siyah taraf\u0131yla ac\u0131 \u00e7ekiyor. Karanl\u0131\u011f\u0131 yok et, ve Paradise\u2019\u0131n \u0131\u015f\u0131\u011f\u0131n\u0131 bul.<\/p>\n<\/div><\/div>\n\n\n\n<div class=\"wp-block-group is-layout-flow\"><div class=\"wp-block-group__inner-container\">\n<strong>B\u00f6l\u00fcn VII \u2013 Tepeg\u00f6z\u00fcn Y\u0131k\u0131m\u0131<\/strong>: \n\n\n\n<p>Bundan be\u015f y\u0131l \u00f6nce, Taborea kahramanlar\u0131 Tepeg\u00f6z b\u00f6lgesini yerle bir edip liderleri Uguda\u2019y\u0131 a\u015fa\u011f\u0131lad\u0131lar. Kahramanlar yeni b\u00f6lgeleri ke\u015ffederken, tepeg\u00f6zler d\u00fcnyay\u0131 yoketmeye haz\u0131rlan\u0131yordu.<\/p>\n<\/div><\/div>\n\n\n\n<div class=\"wp-block-group is-layout-flow\"><div class=\"wp-block-group__inner-container\">\n<strong>B\u00f6l\u00fcm VIII \u2013 Tanr\u0131\u00e7an\u0131n Sava\u015f Arabas\u0131<\/strong>: \n\n\n\n<p>\u00c7ok eski zamanlarda, insan dev gardiyan golemleri yaratt\u0131, golemler insanlara d\u00fc\u015fman olup topraklar\u0131n\u0131 yokettiler. Bu zor zamanlarda Taborea\u2019l\u0131lar birlik olup, bu tiranlara kar\u015f\u0131 gelip, onlar\u0131n salonlar\u0131n\u0131 lav ak\u0131nt\u0131lar\u0131yla \u00e7evrili harabelere d\u00f6n\u00fc\u015ft\u00fcrd\u00fcler.<\/p>\n<\/div><\/div>\n\n\n\n<div class=\"wp-block-group is-layout-flow\"><div class=\"wp-block-group__inner-container\">\n<strong>B\u00f6l\u00fcm IX \u2013 Pakal\u2019\u0131n D\u00f6n\u00fc\u015f\u00fc<\/strong>: \n\n\n\n<p>Bir zamanlar Taborea topraklar\u0131nda <i>Tikal<\/i> ad\u0131nda g\u00f6rkemli bir \u015fehir vard\u0131. Karanl\u0131k bir g\u00fcnde k\u00f6t\u00fcl\u00fc\u011f\u00fcn askerleri Tikal\u2019e sald\u0131r\u0131p ele ge\u00e7irdiler. Pakal\u2019a kapal\u0131 portal\u0131 a\u00e7acak anahtar\u0131 bulmas\u0131na ve prensesi kurtarmas\u0131na yard\u0131m edecek misin?<\/p>\n<\/div><\/div>\n\n\n\n<div class=\"wp-block-group is-layout-flow\"><div class=\"wp-block-group__inner-container\">\n<strong>B\u00f6l\u00fcm X \u2013 Elementler Odas\u0131<\/strong>: \n\n\n\n<p>Wrakal\u2019\u0131n \u00e7\u00f6k\u00fc\u015f\u00fcnden sonra Taborea\u2019daki ya\u015fam kendine geldi. 500 y\u0131l i\u00e7inde ilk kez, Krall\u0131klar huzura kavu\u015ftu. Ve sonra\u2026 Loki Krall\u0131klar\u0131 k\u00fcle \u00e7evirmeye yemin etti. Glacis, Buzdan d\u00f6v\u00fclm\u00fc\u015f taht\u0131na otururken ve d\u00fcnyan\u0131n en b\u00fcy\u00fck ordusunu in\u015fa ederken daha da g\u00fc\u00e7lendi. Dahas\u0131, Kara Kodeks, Astaroth ve \u015feytanlar\u0131n\u0131n y\u00f6netti\u011fi bir alanla d\u00fcnyam\u0131z\u0131 birle\u015ftiren bir ge\u00e7it a\u00e7t\u0131.<\/p>\n<\/div><\/div>\n\n\n\n<div class=\"wp-block-group is-layout-flow\"><div class=\"wp-block-group__inner-container\">\n<strong>Chapter XI \u2013 Stories from Talaghan<\/strong>: \n\n\n\n<p>Atlantis felt the urge to expand, settlers stranded on the unexplored lands of Talaghan. While preparing the construction of their just founded land, strange unexplainable events happened. Recently the lands of Talaghan were shrinking. A dark core keeps expanding its darkness, consuming everything to darkness. The expanding of darkness must be stopped to save not just Talaghan, but also the rest of Taborea.<\/p>\n<\/div><\/div>\n<\/div><\/div>\n<\/body>","protected":false},"excerpt":{"rendered":"<p>Chronicles of Arcadia\u2019n\u0131n ge\u00e7mi\u015fi ile ilgili bilmen gereken her \u015feyi \u00f6\u011fren.<\/p>\n","protected":false},"author":1,"featured_media":0,"parent":0,"menu_order":0,"comment_status":"closed","ping_status":"closed","template":"","meta":{"disable_featured_image_zoom":false},"acf":[],"_links":{"self":[{"href":"https:\/\/chroniclesofarcadia.com\/tr\/wp-json\/wp\/v2\/pages\/4484"}],"collection":[{"href":"https:\/\/chroniclesofarcadia.com\/tr\/wp-json\/wp\/v2\/pages"}],"about":[{"href":"https:\/\/chroniclesofarcadia.com\/tr\/wp-json\/wp\/v2\/types\/page"}],"author":[{"embeddable":true,"href":"https:\/\/chroniclesofarcadia.com\/tr\/wp-json\/wp\/v2\/users\/1"}],"replies":[{"embeddable":true,"href":"https:\/\/chroniclesofarcadia.com\/tr\/wp-json\/wp\/v2\/comments?post=4484"}],"version-history":[{"count":2,"href":"https:\/\/chroniclesofarcadia.com\/tr\/wp-json\/wp\/v2\/pages\/4484\/revisions"}],"predecessor-version":[{"id":293225,"href":"https:\/\/chroniclesofarcadia.com\/tr\/wp-json\/wp\/v2\/pages\/4484\/revisions\/293225"}],"wp:attachment":[{"href":"https:\/\/chroniclesofarcadia.com\/tr\/wp-json\/wp\/v2\/media?parent=4484"}],"curies":[{"name":"wp","href":"https:\/\/api.w.org\/{rel}","templated":true}]}}