{"id":4548,"date":"2019-12-18T13:19:21","date_gmt":"2019-12-18T11:19:21","guid":{"rendered":"https:\/\/chroniclesofarcadia.com\/oyun-ozellikleri\/"},"modified":"2024-09-18T17:07:17","modified_gmt":"2024-09-18T15:07:17","slug":"oyun-ozellikleri","status":"publish","type":"page","link":"https:\/\/chroniclesofarcadia.com\/tr\/oyun-ozellikleri\/","title":{"rendered":"Oyun \u00d6zellikleri"},"content":{"rendered":"<body>\n<strong>Yeni oyuncular i\u00e7in<\/strong>: \n\n<p class=\"has-text-align-center\">Chronicles of Arcadia\u2019n\u0131n size neler sunabilece\u011fini ke\u015ffedin ve b\u00fcy\u00fcyen bir oyuncu toplulu\u011fuyla birlikte heyecan verici maceralar\u0131n tad\u0131n\u0131 \u00e7\u0131karabilece\u011finiz benzeri olmayan bir d\u00fcnyaya kat\u0131l\u0131n<\/p>\n\n<div class=\"wp-block-media-text alignwide is-stacked-on-mobile is-vertically-aligned-center zoomable\"><figure class=\"wp-block-media-text__media\"><img decoding=\"async\" loading=\"lazy\" width=\"500\" height=\"154\" data-src=\"https:\/\/chroniclesofarcadia.com\/wp-content\/uploads\/2020\/09\/arcadia_logo_2018-tiny.png\" alt=\"\" class=\"image-png wp-image-6638 size-full lazyload\" data-srcset=\"https:\/\/chroniclesofarcadia.com\/wp-content\/uploads\/2020\/09\/arcadia_logo_2018-tiny.png 500w, https:\/\/chroniclesofarcadia.com\/wp-content\/uploads\/2020\/09\/arcadia_logo_2018-tiny-300x92.png 300w\" data-sizes=\"(max-width: 500px) 100vw, 500px\" src=\"data:image\/gif;base64,R0lGODlhAQABAAAAACH5BAEKAAEALAAAAAABAAEAAAICTAEAOw==\" style=\"--smush-placeholder-width: 500px; --smush-placeholder-aspect-ratio: 500\/154;\"><noscript><img decoding=\"async\" loading=\"lazy\" width=\"500\" height=\"154\" src=\"https:\/\/chroniclesofarcadia.com\/wp-content\/uploads\/2020\/09\/arcadia_logo_2018-tiny.png\" alt=\"\" class=\"image-png wp-image-6638 size-full\" srcset=\"https:\/\/chroniclesofarcadia.com\/wp-content\/uploads\/2020\/09\/arcadia_logo_2018-tiny.png 500w, https:\/\/chroniclesofarcadia.com\/wp-content\/uploads\/2020\/09\/arcadia_logo_2018-tiny-300x92.png 300w\" sizes=\"(max-width: 500px) 100vw, 500px\"><\/noscript><\/figure><div class=\"wp-block-media-text__content\">\n<strong>Chronicles of Arcadia<\/strong>: \n\n\n\n<ul>\n<li><a href=\"https:\/\/playernetgames.net\/register\" target=\"_blank\" rel=\"noreferrer noopener\">Kay\u0131t Ol <\/a>, <a href=\"https:\/\/playernetgames.net\/download\" target=\"_blank\" rel=\"noreferrer noopener\">\u0130ndir<\/a> ve \u00fccretsiz oynamaya ba\u015fla.<\/li>\n\n\n\n<li>H\u0131zl\u0131 ve etkili destek ekibi.<\/li>\n\n\n\n<li>Oyun i\u00e7inde sorunlar\u0131n\u0131z\u0131 \u00e7\u00f6zmeye yard\u0131mc\u0131 olacak gayretli GM ekibi.<\/li>\n\n\n\n<li>9.000\u2019den fazla heyecan verici g\u00f6revler ve maceralar.<\/li>\n\n\n\n<li>\u00dccretsiz i\u00e7erik g\u00fcncellemeleri ve d\u00fczenli bak\u0131m.<\/li>\n\n\n\n<li>Etkile\u015fim ve e\u011flence i\u00e7in geni\u015fletilmi\u015f topluluk.<\/li>\n\n\n\n<li>Ba\u015f\u0131ndan itibaren sizi s\u00fcr\u00fckleyecek heyecan verici bir hikaye.<\/li>\n<\/ul>\n<\/div><\/div>\n\n<div class=\"wp-block-media-text alignwide has-media-on-the-right is-stacked-on-mobile is-vertically-aligned-center\"><div class=\"wp-block-media-text__content\">\n<strong>Dahili bonuslara sahip z\u0131rh setleri<\/strong>: \n\n\n\n<ul>\n<li>Three races to choose from.<\/li>\n\n\n\n<li>Dahili bonuslara sahip z\u0131rh setleri<\/li>\n\n\n\n<li>Aralar\u0131ndan se\u00e7im yapabilece\u011finiz on bir farkl\u0131 s\u0131n\u0131f.<\/li>\n\n\n\n<li>Bah\u00e7e merakl\u0131lar\u0131 i\u00e7in geli\u015fmi\u015f ekim sistemi.<\/li>\n\n\n\n<li>Ki\u015fiselle\u015ftirme i\u00e7in geli\u015fmi\u015f gard\u0131rop se\u00e7ene\u011fi ve \u00e7ok say\u0131da g\u00f6r\u00fcn\u00fcm.<\/li>\n\n\n\n<li>\u00d6zelle\u015ftirilebilir becerilere ve elit becerilere sahip \u00e7ift s\u0131n\u0131f sistemi.<\/li>\n\n\n\n<li>\u00d6zelle\u015ftirilebilir ev ve \u00f6zel yeteneklere sahip hizmet\u00e7iler.<\/li>\n\n\n\n<li>Evlilik ve \u0130li\u015fki sistemini daha h\u0131zl\u0131 seviyesini ilerletmek i\u00e7in \u00f6zel b\u00f6lge<\/li>\n<\/ul>\n<\/div><figure class=\"wp-block-media-text__media\"><img decoding=\"async\" loading=\"lazy\" width=\"500\" height=\"258\" data-src=\"https:\/\/chroniclesofarcadia.com\/wp-content\/uploads\/2020\/09\/Dual_class.jpg\" alt=\"\" class=\"wp-image-6647 size-full lazyload\" data-srcset=\"https:\/\/chroniclesofarcadia.com\/wp-content\/uploads\/2020\/09\/Dual_class.jpg 500w, https:\/\/chroniclesofarcadia.com\/wp-content\/uploads\/2020\/09\/Dual_class-300x155.jpg 300w\" data-sizes=\"(max-width: 500px) 100vw, 500px\" src=\"data:image\/gif;base64,R0lGODlhAQABAAAAACH5BAEKAAEALAAAAAABAAEAAAICTAEAOw==\" style=\"--smush-placeholder-width: 500px; --smush-placeholder-aspect-ratio: 500\/258;\"><noscript><img decoding=\"async\" loading=\"lazy\" width=\"500\" height=\"258\" src=\"https:\/\/chroniclesofarcadia.com\/wp-content\/uploads\/2020\/09\/Dual_class.jpg\" alt=\"\" class=\"wp-image-6647 size-full\" srcset=\"https:\/\/chroniclesofarcadia.com\/wp-content\/uploads\/2020\/09\/Dual_class.jpg 500w, https:\/\/chroniclesofarcadia.com\/wp-content\/uploads\/2020\/09\/Dual_class-300x155.jpg 300w\" sizes=\"(max-width: 500px) 100vw, 500px\"><\/noscript><\/figure><\/div>\n\n<div class=\"wp-block-media-text alignwide is-stacked-on-mobile is-vertically-aligned-center zoomable\"><figure class=\"wp-block-media-text__media\"><img decoding=\"async\" loading=\"lazy\" width=\"500\" height=\"258\" data-src=\"https:\/\/chroniclesofarcadia.com\/wp-content\/uploads\/2023\/07\/Easy-Start-e1690285249441.png\" alt=\"\" class=\"image-png wp-image-291021 size-full lazyload\" data-srcset=\"https:\/\/chroniclesofarcadia.com\/wp-content\/uploads\/2023\/07\/Easy-Start-e1690285249441.png 500w, https:\/\/chroniclesofarcadia.com\/wp-content\/uploads\/2023\/07\/Easy-Start-e1690285249441-300x155.png 300w\" data-sizes=\"(max-width: 500px) 100vw, 500px\" src=\"data:image\/gif;base64,R0lGODlhAQABAAAAACH5BAEKAAEALAAAAAABAAEAAAICTAEAOw==\" style=\"--smush-placeholder-width: 500px; --smush-placeholder-aspect-ratio: 500\/258;\"><noscript><img decoding=\"async\" loading=\"lazy\" width=\"500\" height=\"258\" src=\"https:\/\/chroniclesofarcadia.com\/wp-content\/uploads\/2023\/07\/Easy-Start-e1690285249441.png\" alt=\"\" class=\"image-png wp-image-291021 size-full\" srcset=\"https:\/\/chroniclesofarcadia.com\/wp-content\/uploads\/2023\/07\/Easy-Start-e1690285249441.png 500w, https:\/\/chroniclesofarcadia.com\/wp-content\/uploads\/2023\/07\/Easy-Start-e1690285249441-300x155.png 300w\" sizes=\"(max-width: 500px) 100vw, 500px\"><\/noscript><\/figure><div class=\"wp-block-media-text__content\">\n<strong>Kolay ba\u015flang\u0131\u00e7<\/strong>: \n\n\n\n<ul>\n<li>Yeni \u00f6\u011fretici a\u00e7\u0131l\u0131r pencereler<\/li>\n\n\n\n<li>Seviye 100\u2019e kadar yeni ba\u015flayanlar i\u00e7in evcil hayvan<\/li>\n\n\n\n<li>\u0130lk ad\u0131mlar ve g\u00f6revler i\u00e7in e\u011fitici bilgiler<\/li>\n\n\n\n<li>Her Irk i\u00e7in cazip ba\u015flang\u0131\u00e7 b\u00f6lgeleri.<\/li>\n\n\n\n<li><a href=\"https:\/\/chroniclesofarcadia.com\/tr\/karakterinizi-guclendirin\/\" data-type=\"URL\" data-id=\"https:\/\/chroniclesofarcadia.com\/boost-your-character\/\">Donan\u0131ml\u0131 bir s\u0131n\u0131f i\u00e7in iste\u011fe ba\u011fl\u0131 91 seviye art\u0131\u015f\u0131.<\/a><\/li>\n\n\n\n<li>Fare ve\/veya tu\u015flarla \u00f6zelle\u015ftirilebilir karakter kontrol\u00fc<\/li>\n\n\n\n<li>Kaynaklar\u0131 ve NPC\u2019leri bulmak i\u00e7in oyun haritas\u0131 ve radar sistemi.<\/li>\n\n\n\n<li>\u00d6zel eklentiler ve yap\u0131land\u0131rma i\u00e7in \u00f6zelle\u015ftirilebilir kullan\u0131c\u0131 aray\u00fcz\u00fc.<\/li>\n<\/ul>\n<\/div><\/div>\n\n<div class=\"wp-block-media-text alignwide has-media-on-the-right is-stacked-on-mobile is-vertically-aligned-center zoomable\"><div class=\"wp-block-media-text__content\">\n<strong>Ba\u015far\u0131mlar ve aktiviteler<\/strong>: \n\n\n\n<ul>\n<li>Kapsaml\u0131 canavarlar\u0131n bilgi \u00f6zeti.<\/li>\n\n\n\n<li>Oyun i\u00e7in\u2019deki s\u0131ralamaya ve web s\u0131ralamalar\u0131na h\u00fckmedebilirsiniz.<\/li>\n\n\n\n<li>B\u00f6lgelerde ve Lonca(Klan) kalesinde g\u00fcnl\u00fck g\u00f6revler ve mini oyunlar.<\/li>\n\n\n\n<li>Aralar\u0131ndan se\u00e7im yapabilece\u011finiz farkl\u0131 stillere sahip \u00f6zelle\u015ftirilebilir, y\u00fckseltilebilir Lonca(Klan) kaleleri<\/li>\n\n\n\n<li>Oyun i\u00e7inde ve forum etkinliklerinin yan\u0131 s\u0131ra e\u011flenmek ve \u00f6zel \u00f6d\u00fcller kazanmak i\u00e7in festivaller.<\/li>\n\n\n\n<li>Hayat\u0131n\u0131z\u0131 kolayla\u015ft\u0131racak ve maceralar\u0131n\u0131zda sizi takip edecek kapsaml\u0131 evcil hayvan sistemleri.<\/li>\n<\/ul>\n<\/div><figure class=\"wp-block-media-text__media\"><img decoding=\"async\" loading=\"lazy\" width=\"500\" height=\"258\" data-src=\"https:\/\/chroniclesofarcadia.com\/wp-content\/uploads\/2020\/09\/Game-Features-light-2.jpg\" alt=\"\" class=\"wp-image-6671 size-full lazyload\" data-srcset=\"https:\/\/chroniclesofarcadia.com\/wp-content\/uploads\/2020\/09\/Game-Features-light-2.jpg 500w, https:\/\/chroniclesofarcadia.com\/wp-content\/uploads\/2020\/09\/Game-Features-light-2-300x155.jpg 300w\" data-sizes=\"(max-width: 500px) 100vw, 500px\" src=\"data:image\/gif;base64,R0lGODlhAQABAAAAACH5BAEKAAEALAAAAAABAAEAAAICTAEAOw==\" style=\"--smush-placeholder-width: 500px; --smush-placeholder-aspect-ratio: 500\/258;\"><noscript><img decoding=\"async\" loading=\"lazy\" width=\"500\" height=\"258\" src=\"https:\/\/chroniclesofarcadia.com\/wp-content\/uploads\/2020\/09\/Game-Features-light-2.jpg\" alt=\"\" class=\"wp-image-6671 size-full\" srcset=\"https:\/\/chroniclesofarcadia.com\/wp-content\/uploads\/2020\/09\/Game-Features-light-2.jpg 500w, https:\/\/chroniclesofarcadia.com\/wp-content\/uploads\/2020\/09\/Game-Features-light-2-300x155.jpg 300w\" sizes=\"(max-width: 500px) 100vw, 500px\"><\/noscript><\/figure><\/div>\n\n<div class=\"wp-block-media-text alignwide is-stacked-on-mobile is-vertically-aligned-center zoomable\"><figure class=\"wp-block-media-text__media\"><img decoding=\"async\" loading=\"lazy\" width=\"500\" height=\"258\" data-src=\"https:\/\/chroniclesofarcadia.com\/wp-content\/uploads\/2023\/07\/A-world-without-comparison-e1690285273278.png\" alt=\"\" class=\"image-png wp-image-291013 size-full lazyload\" data-srcset=\"https:\/\/chroniclesofarcadia.com\/wp-content\/uploads\/2023\/07\/A-world-without-comparison-e1690285273278.png 500w, https:\/\/chroniclesofarcadia.com\/wp-content\/uploads\/2023\/07\/A-world-without-comparison-e1690285273278-300x155.png 300w\" data-sizes=\"(max-width: 500px) 100vw, 500px\" src=\"data:image\/gif;base64,R0lGODlhAQABAAAAACH5BAEKAAEALAAAAAABAAEAAAICTAEAOw==\" style=\"--smush-placeholder-width: 500px; --smush-placeholder-aspect-ratio: 500\/258;\"><noscript><img decoding=\"async\" loading=\"lazy\" width=\"500\" height=\"258\" src=\"https:\/\/chroniclesofarcadia.com\/wp-content\/uploads\/2023\/07\/A-world-without-comparison-e1690285273278.png\" alt=\"\" class=\"image-png wp-image-291013 size-full\" srcset=\"https:\/\/chroniclesofarcadia.com\/wp-content\/uploads\/2023\/07\/A-world-without-comparison-e1690285273278.png 500w, https:\/\/chroniclesofarcadia.com\/wp-content\/uploads\/2023\/07\/A-world-without-comparison-e1690285273278-300x155.png 300w\" sizes=\"(max-width: 500px) 100vw, 500px\"><\/noscript><\/figure><div class=\"wp-block-media-text__content\">\n<strong>K\u0131yaslama Yap\u0131lmayan D\u00fcnya<\/strong>: \n\n\n\n<ul>\n<li>Ticaret i\u00e7in M\u00fczayede Evi<\/li>\n\n\n\n<li>\u0130leti\u015fim i\u00e7in oyun i\u00e7i posta sistemi.<\/li>\n\n\n\n<li>G\u00fcc\u00fcn\u00fcz\u00fc olu\u015fturmak i\u00e7in Gizemli D\u00f6n\u00fc\u015ft\u00fcr\u00fcc\u00fc<\/li>\n\n\n\n<li>Portallar ve \u0131\u015f\u0131nlanma rehperini kullan\u0131larak h\u0131zl\u0131 \u0131\u015f\u0131nlanma.<\/li>\n\n\n\n<li>Farkl\u0131 zorluk seviyelerine sahip etkileyici grup zindanlar\u0131, halka a\u00e7\u0131k kar\u015f\u0131la\u015fmalar i\u00e7in geli\u015fmi\u015f grup se\u00e7enekleri.<\/li>\n<\/ul>\n<\/div><\/div>\n\n<div class=\"wp-block-media-text alignwide has-media-on-the-right is-stacked-on-mobile is-vertically-aligned-center\"><div class=\"wp-block-media-text__content\">\n<strong>Heyecan verici PvP Sava\u015flar\u0131 <\/strong>: \n\n\n\n<ul>\n<li>D\u00fcellolar, PK modu ve PvP Etkinlikleri.<\/li>\n\n\n\n<li>\u201cBayra\u011f\u0131 Ele Ge\u00e7ir\u201d gibi \u00e7e\u015fitli etkinlikler.<\/li>\n\n\n\n<li>E\u011flenmek i\u00e7in di\u011fer oyunculara kar\u015f\u0131 PvP sava\u015flar\u0131!<\/li>\n\n\n\n<li>Farkl\u0131 kat\u0131l\u0131mc\u0131 say\u0131lar\u0131na sahip sava\u015f alanlar\u0131.<\/li>\n\n\n\n<li>Ku\u015fatma sava\u015f\u0131nda g\u00fc\u00e7l\u00fc silahlar\u0131 kullan ve \u00f6d\u00fclleri kazan<\/li>\n<\/ul>\n<\/div><figure class=\"wp-block-media-text__media\"><img decoding=\"async\" loading=\"lazy\" width=\"500\" height=\"258\" data-src=\"https:\/\/chroniclesofarcadia.com\/wp-content\/uploads\/2020\/09\/PVP-2.jpg\" alt=\"\" class=\"wp-image-6687 size-full lazyload\" data-srcset=\"https:\/\/chroniclesofarcadia.com\/wp-content\/uploads\/2020\/09\/PVP-2.jpg 500w, https:\/\/chroniclesofarcadia.com\/wp-content\/uploads\/2020\/09\/PVP-2-300x155.jpg 300w\" data-sizes=\"(max-width: 500px) 100vw, 500px\" src=\"data:image\/gif;base64,R0lGODlhAQABAAAAACH5BAEKAAEALAAAAAABAAEAAAICTAEAOw==\" style=\"--smush-placeholder-width: 500px; --smush-placeholder-aspect-ratio: 500\/258;\"><noscript><img decoding=\"async\" loading=\"lazy\" width=\"500\" height=\"258\" src=\"https:\/\/chroniclesofarcadia.com\/wp-content\/uploads\/2020\/09\/PVP-2.jpg\" alt=\"\" class=\"wp-image-6687 size-full\" srcset=\"https:\/\/chroniclesofarcadia.com\/wp-content\/uploads\/2020\/09\/PVP-2.jpg 500w, https:\/\/chroniclesofarcadia.com\/wp-content\/uploads\/2020\/09\/PVP-2-300x155.jpg 300w\" sizes=\"(max-width: 500px) 100vw, 500px\"><\/noscript><\/figure><\/div>\n\n<p class=\"has-text-align-center\">Chronicles of Arcadia\u2019ya kat\u0131l ve bu fantastik d\u00fcnyada e\u015fsiz maceray\u0131 dene!<\/p>\n\n<hr class=\"wp-block-separator has-alpha-channel-opacity\">\n\n<strong>Geri d\u00f6nen oyuncular i\u00e7in<\/strong>: \n<style type=\"text\/css\">\r\n       .errordiv { padding:10px; margin:10px; border: 1px solid #555555;color: #000000;background-color: #f8f8f8; width:500px; }#advanced_iframe {visibility:visible;opacity:1;vertical-align:top;}.ai-info-bottom-iframe { position: fixed; z-index: 10000; bottom:0; left: 0; margin: 0px; text-align: center; width: 100%; background-color: #ff9999; padding-left: 5px;padding-bottom: 5px; border-top: 1px solid #aaa } a.ai-bold {font-weight: bold;}#ai-layer-div-advanced_iframe p {height:100%;margin:0;padding:0}<\/style><script type=\"text\/javascript\">var ai_iframe_width_advanced_iframe = 0;var ai_iframe_height_advanced_iframe = 0;function aiReceiveMessageadvanced_iframe(event) {  aiProcessMessage(event,\"advanced_iframe\", \"true\");}if (window.addEventListener) {  window.addEventListener(\"message\", aiReceiveMessageadvanced_iframe);} else if (el.attachEvent)  {  el.attachEvent(\"message\", aiReceiveMessageadvanced_iframe);}var aiIsIe8=false;var aiOnloadScrollTop=\"true\";var aiShowDebug=false;\r\n\t\tif (typeof aiReadyCallbacks === 'undefined') {\r\n\t\t\tvar aiReadyCallbacks = [];  \r\n\t\t} else if (!(aiReadyCallbacks instanceof Array)) {\r\n\t\t\tvar aiReadyCallbacks = [];\r\n\t\t}    function aiShowIframeId(id_iframe) { jQuery(\"#\"+id_iframe).css(\"visibility\", \"visible\");    }    function aiResizeIframeHeight(height) { aiResizeIframeHeight(height,advanced_iframe); }    function aiResizeIframeHeightId(height,width,id) {aiResizeIframeHeightById(id,height);}<\/script><iframe id=\"advanced_iframe\" name=\"advanced_iframe\" src=\"https:\/\/open.codecks.io\/chroniclesofarcadia\" width=\"100%\" height=\"600\" frameborder=\"0\" allowtransparency=\"true\" loading=\"lazy\" style=\";width:100%;height:600px;\"><\/iframe><script type=\"text\/javascript\">var ifrm_advanced_iframe = document.getElementById(\"advanced_iframe\");var hiddenTabsDoneadvanced_iframe = false;\r\nfunction resizeCallbackadvanced_iframe() {}<\/script><script type=\"text\/javascript\"><\/script><\/body>","protected":false},"excerpt":{"rendered":"<p>Chronicles of Arcadia is a fantasy MMORPG with Taborea world full of unique content never met anywhere else.<\/p>\n","protected":false},"author":1,"featured_media":3545,"parent":0,"menu_order":0,"comment_status":"closed","ping_status":"closed","template":"","meta":{"disable_featured_image_zoom":false},"acf":[],"_links":{"self":[{"href":"https:\/\/chroniclesofarcadia.com\/tr\/wp-json\/wp\/v2\/pages\/4548"}],"collection":[{"href":"https:\/\/chroniclesofarcadia.com\/tr\/wp-json\/wp\/v2\/pages"}],"about":[{"href":"https:\/\/chroniclesofarcadia.com\/tr\/wp-json\/wp\/v2\/types\/page"}],"author":[{"embeddable":true,"href":"https:\/\/chroniclesofarcadia.com\/tr\/wp-json\/wp\/v2\/users\/1"}],"replies":[{"embeddable":true,"href":"https:\/\/chroniclesofarcadia.com\/tr\/wp-json\/wp\/v2\/comments?post=4548"}],"version-history":[{"count":5,"href":"https:\/\/chroniclesofarcadia.com\/tr\/wp-json\/wp\/v2\/pages\/4548\/revisions"}],"predecessor-version":[{"id":293474,"href":"https:\/\/chroniclesofarcadia.com\/tr\/wp-json\/wp\/v2\/pages\/4548\/revisions\/293474"}],"wp:featuredmedia":[{"embeddable":true,"href":"https:\/\/chroniclesofarcadia.com\/tr\/wp-json\/wp\/v2\/media\/3545"}],"wp:attachment":[{"href":"https:\/\/chroniclesofarcadia.com\/tr\/wp-json\/wp\/v2\/media?parent=4548"}],"curies":[{"name":"wp","href":"https:\/\/api.w.org\/{rel}","templated":true}]}}