{"id":8043,"date":"2020-09-19T20:44:11","date_gmt":"2020-09-19T18:44:11","guid":{"rendered":"https:\/\/chroniclesofarcadia.com\/karakterinizi-guclendirin\/"},"modified":"2023-03-31T13:23:07","modified_gmt":"2023-03-31T11:23:07","slug":"karakterinizi-guclendirin","status":"publish","type":"page","link":"https:\/\/chroniclesofarcadia.com\/tr\/karakterinizi-guclendirin\/","title":{"rendered":"Karakterinizi g\u00fc\u00e7lendirin"},"content":{"rendered":"<body><div class=\"wp-block-image\">\n<figure class=\"alignright size-large is-resized\"><img class=\"image-png lazyload\" decoding=\"async\" loading=\"lazy\" data-src=\"https:\/\/playernetgames.net\/games\/chroniclesofarcadia\/web\/img\/dualclass.png\" alt=\"\" width=\"300\" height=\"404\" src=\"data:image\/gif;base64,R0lGODlhAQABAAAAACH5BAEKAAEALAAAAAABAAEAAAICTAEAOw==\" style=\"--smush-placeholder-width: 300px; --smush-placeholder-aspect-ratio: 300\/404;\"><noscript><img class=\"image-png\" decoding=\"async\" loading=\"lazy\" src=\"https:\/\/playernetgames.net\/games\/chroniclesofarcadia\/web\/img\/dualclass.png\" alt=\"\" width=\"300\" height=\"404\"><\/noscript><\/figure><\/div>\n<strong>Direkt Seviye 91<\/strong>: \n\n<p>Oyuna yeni ba\u015flayan biri olarak s\u0131f\u0131rdan ba\u015flamak istemiyor musun?\r\nHi\u00e7 sorun de\u011fil!\r\nMacerac\u0131\u2019n\u0131n rehberi Johnny Dalker\u2019i bul ve kolayca, direkt olarak seviye 91\u2019e ula\u015f!<\/p>\n\n<strong>Johnny Dalker\u2019\u0131n Yeni Yeri<\/strong>: \n\n<p>Johhny Dalker sana yard\u0131m etmek i\u00e7in ba\u015flang\u0131\u00e7 noktalar\u0131nda beklerken, Bilgeli\u011fin G\u00f6z\u00fc b\u00fcy\u00fcc\u00fclerinin yard\u0131m\u0131na ko\u015fmak zorunda kald\u0131. Onu Varanas\u2019ta bulacaks\u0131n!<\/p>\n\n<strong>\u015eartlar<\/strong>: \n\n<p>Hi\u00e7bir s\u0131n\u0131f\u0131n 91 seviye ve \u00fczeri olmamal\u0131, tek \u015fart bu!\r\n<\/p>\n\n<p>Johnny Dalker ile konu\u015ftu\u011funda seni baz\u0131 e\u015fyalarla ve s\u0131n\u0131f\u0131na uygun e\u015fsiz silahlarla g\u00fc\u00e7lendirecektir.\r\nAyr\u0131ca seviyeni 91\u2019e \u00e7\u0131kar\u0131p sana yeteneklerin i\u00e7in yeterince YP puan\u0131 sa\u011flayacakt\u0131r.<\/p>\n\n<p>Paradise hakk\u0131nda bilgi sahibi de\u011fil misin? \u015eimdi maceraya nas\u0131l haz\u0131rlanaca\u011f\u0131n\u0131 biliyorsun, bir kahraman olmak i\u00e7in ne bekliyorsun? Bu bir f\u0131rsat!<\/p>\n\n<figure class=\"wp-block-image size-large\"><img decoding=\"async\" data-src=\"https:\/\/chroniclesofarcadia.com\/wp-content\/uploads\/2022\/10\/Johnny_Dalker.jpg\" alt=\"\" src=\"data:image\/gif;base64,R0lGODlhAQABAAAAACH5BAEKAAEALAAAAAABAAEAAAICTAEAOw==\" class=\"lazyload\" style=\"--smush-placeholder-width: 1920px; --smush-placeholder-aspect-ratio: 1920\/1017;\"><noscript><img decoding=\"async\" src=\"https:\/\/chroniclesofarcadia.com\/wp-content\/uploads\/2022\/10\/Johnny_Dalker.jpg\" alt=\"\"><\/noscript><\/figure>\n<\/body>","protected":false},"excerpt":{"rendered":"<p>Direkt Seviye 91: Oyuna yeni ba\u015flayan biri olarak s\u0131f\u0131rdan ba\u015flamak istemiyor musun? Hi\u00e7 sorun de\u011fil! Macerac\u0131\u2019n\u0131n rehberi Johnny Dalker\u2019i bul ve kolayca, direkt olarak seviye 91\u2019e ula\u015f! Johnny Dalker\u2019\u0131n Yeni Yeri: Johhny Dalker sana yard\u0131m etmek i\u00e7in ba\u015flang\u0131\u00e7 noktalar\u0131nda beklerken, Bilgeli\u011fin G\u00f6z\u00fc b\u00fcy\u00fcc\u00fclerinin yard\u0131m\u0131na ko\u015fmak zorunda kald\u0131. Onu Varanas\u2019ta bulacaks\u0131n! \u015eartlar: Hi\u00e7bir s\u0131n\u0131f\u0131n 91 seviye [&hellip;]<\/p>\n","protected":false},"author":1,"featured_media":0,"parent":0,"menu_order":0,"comment_status":"closed","ping_status":"closed","template":"","meta":{"disable_featured_image_zoom":false},"acf":[],"_links":{"self":[{"href":"https:\/\/chroniclesofarcadia.com\/tr\/wp-json\/wp\/v2\/pages\/8043"}],"collection":[{"href":"https:\/\/chroniclesofarcadia.com\/tr\/wp-json\/wp\/v2\/pages"}],"about":[{"href":"https:\/\/chroniclesofarcadia.com\/tr\/wp-json\/wp\/v2\/types\/page"}],"author":[{"embeddable":true,"href":"https:\/\/chroniclesofarcadia.com\/tr\/wp-json\/wp\/v2\/users\/1"}],"replies":[{"embeddable":true,"href":"https:\/\/chroniclesofarcadia.com\/tr\/wp-json\/wp\/v2\/comments?post=8043"}],"version-history":[{"count":0,"href":"https:\/\/chroniclesofarcadia.com\/tr\/wp-json\/wp\/v2\/pages\/8043\/revisions"}],"wp:attachment":[{"href":"https:\/\/chroniclesofarcadia.com\/tr\/wp-json\/wp\/v2\/media?parent=8043"}],"curies":[{"name":"wp","href":"https:\/\/api.w.org\/{rel}","templated":true}]}}